{"id":1045,"date":"2026-02-22T18:00:08","date_gmt":"2026-02-22T18:00:08","guid":{"rendered":"https:\/\/shatranj.art\/?page_id=1045"},"modified":"2026-02-23T06:54:44","modified_gmt":"2026-02-23T06:54:44","slug":"poster-27","status":"publish","type":"page","link":"https:\/\/shatranj.art\/ar\/exhibit\/poster-27\/","title":{"rendered":"\u0627\u0644\u0645\u0644\u0635\u0642 27"},"content":{"rendered":"<div data-elementor-type=\"wp-page\" data-elementor-id=\"1045\" class=\"elementor elementor-1045\" data-elementor-post-type=\"page\">\n\t\t\t\t<div class=\"elementor-element elementor-element-cb9e80e e-flex e-con-boxed e-con e-parent\" data-id=\"cb9e80e\" data-element_type=\"container\" data-e-type=\"container\" data-settings=\"{&quot;background_background&quot;:&quot;classic&quot;}\">\n\t\t\t\t\t<div class=\"e-con-inner\">\n\t\t<div class=\"elementor-element elementor-element-c0024d0 e-con-full e-flex e-con e-child\" data-id=\"c0024d0\" data-element_type=\"container\" data-e-type=\"container\">\n\t\t\t\t<div class=\"elementor-element elementor-element-99752bb elementor-widget elementor-widget-image\" data-id=\"99752bb\" data-element_type=\"widget\" data-e-type=\"widget\" data-widget_type=\"image.default\">\n\t\t\t\t<div class=\"elementor-widget-container\">\n\t\t\t\t\t\t\t\t\t\t\t\t\t\t\t<img fetchpriority=\"high\" decoding=\"async\" width=\"800\" height=\"720\" src=\"https:\/\/shatranj.art\/wp-content\/uploads\/2026\/02\/dede-takimi-kale-top-subotica.jpg\" class=\"attachment-large size-large wp-image-1047\" alt=\"\" srcset=\"https:\/\/shatranj.art\/wp-content\/uploads\/2026\/02\/dede-takimi-kale-top-subotica.jpg 1024w, https:\/\/shatranj.art\/wp-content\/uploads\/2026\/02\/dede-takimi-kale-top-subotica-300x270.jpg 300w, https:\/\/shatranj.art\/wp-content\/uploads\/2026\/02\/dede-takimi-kale-top-subotica-768x692.jpg 768w\" sizes=\"(max-width: 800px) 100vw, 800px\" \/>\t\t\t\t\t\t\t\t\t\t\t\t\t\t\t<\/div>\n\t\t\t\t<\/div>\n\t\t\t\t<div class=\"elementor-element elementor-element-d61bb1f elementor-widget elementor-widget-text-editor\" data-id=\"d61bb1f\" data-element_type=\"widget\" data-e-type=\"widget\" data-widget_type=\"text-editor.default\">\n\t\t\t\t<div class=\"elementor-widget-container\">\n\t\t\t\t\t\t\t\t\t<h3><b>\u0645\u062f\u0641\u0639 \u0627\u0644\u0628\u0644\u0642\u0627\u0646<\/b><\/h3><p><b>\u062a\u0635\u0645\u064a\u0645 \u201c\u062a\u0648\u0628\u201d (\u0627\u0644\u0645\u062f\u0641\u0639) \u0627\u0644\u0633\u0644\u0627\u0641\u064a \u0627\u0644\u062c\u0646\u0648\u0628\u064a (\u0627\u0644\u0645\u062f\u0641\u0639)<\/b><\/p><p>\u0641\u064a \u0627\u0644\u062a\u0642\u0644\u064a\u062f \u0627\u0644\u0633\u0644\u0627\u0641\u064a \u0627\u0644\u062c\u0646\u0648\u0628\u064a\u060c \u062a\u062a\u062d\u0648\u0644 \u0623\u064a\u0642\u0648\u0646\u064a\u0629 \u0627\u0644\u0631\u062e \u0645\u0646 \u0627\u0644\u0647\u0646\u062f\u0633\u0629 \u0627\u0644\u0645\u0639\u0645\u0627\u0631\u064a\u0629 \u0625\u0644\u0649 \u0627\u0644\u0645\u062f\u0641\u0639\u064a\u0629. \u0648\u0644\u0623\u0646 \u0627\u0644\u0642\u0637\u0639\u0629 \u062a\u062d\u0645\u0644 \u0627\u0633\u0645 \u201c\u062a\u0648\u0628\u201d (\u0648\u062a\u0639\u0646\u064a \"\u0627\u0644\u0645\u062f\u0641\u0639\")\u060c \u0641\u0625\u0646 \u0627\u0644\u0639\u062f\u064a\u062f \u0645\u0646 \u0627\u0644\u062a\u0635\u0627\u0645\u064a\u0645 \u0627\u0644\u0625\u0642\u0644\u064a\u0645\u064a\u0629 \u0645\u062b\u0644 \u0645\u062c\u0645\u0648\u0639\u0629 \u0633\u0648\u0628\u0648\u062a\u064a\u0643\u0627 \u0627\u0644\u0634\u0647\u064a\u0631\u0629 \u062a\u062a\u062e\u0644\u0649 \u0639\u0646 \u0627\u0644\u0623\u0633\u0648\u0627\u0631 \u0627\u0644\u062a\u0642\u0644\u064a\u062f\u064a\u0629 \u0644\u0628\u0631\u062c \u0627\u0644\u0642\u0644\u0639\u0629. \u0648\u0628\u062f\u0644\u0627\u064b \u0645\u0646 \u0630\u0644\u0643\u060c \u062a\u0623\u062e\u0630 \u0627\u0644\u0642\u0637\u0639\u0629 \u0634\u0643\u0644\u0627\u064b \u0623\u0633\u0637\u0648\u0627\u0646\u064a\u0627\u064b \u0623\u0648 \u0645\u062f\u0628\u0628\u0627\u064b \u0645\u0639 \u0642\u0645\u0629 \u0645\u0642\u0639\u0631\u0629 \u062a\u0634\u0628\u0647 \u0627\u0644\u0643\u0648\u0628 \u062a\u0634\u0628\u0647 \u0641\u0648\u0647\u0629 \u0627\u0644\u0645\u062f\u0641\u0639. \u0648\u064a\u0639\u0643\u0633 \u0647\u0630\u0627 \u0627\u0644\u062a\u0637\u0648\u0631 \u0627\u0644\u0637\u0628\u0642\u0627\u062a \u0627\u0644\u0644\u063a\u0648\u064a\u0629 \u0648\u0627\u0644\u062b\u0642\u0627\u0641\u064a\u0629 \u0627\u0644\u0641\u0631\u064a\u062f\u0629 \u0645\u0646 \u0646\u0648\u0639\u0647\u0627 \u0641\u064a \u0627\u0644\u0628\u0644\u0642\u0627\u0646\u060c \u062d\u064a\u062b \u063a\u0627\u0644\u0628\u0627\u064b \u0645\u0627 \u062a\u0639\u0637\u064a \u0627\u0644\u062a\u0623\u062b\u064a\u0631\u0627\u062a \u0627\u0644\u062a\u0631\u0643\u064a\u0629 \u0648\u0627\u0644\u0633\u0644\u0627\u0641\u064a\u0629 \u0648\u0627\u0644\u0646\u0645\u0633\u0627\u0648\u064a\u0629 \u0627\u0644\u0645\u062c\u0631\u064a\u0629 \u0644\u0644\u0642\u0637\u0639 \u0623\u0633\u0645\u0627\u0621 \u0645\u0632\u062f\u0648\u062c\u0629\u060c \u0645\u062b\u0644 \u062a\u0648\u0628 \u0648\u0643\u0648\u0644\u0627 (\u0628\u0631\u062c). \u064a\u0633\u0644\u0637 \u0647\u0630\u0627 \u0627\u0644\u062a\u0642\u0627\u0637\u0639 \u0627\u0644\u062b\u0642\u0627\u0641\u064a \u0627\u0644\u0636\u0648\u0621 \u0639\u0644\u0649 \u0643\u064a\u0641\u064a\u0629 \u0639\u0645\u0644 \u0627\u0644\u0634\u0637\u0631\u0646\u062c \u0643\u062c\u0633\u0631 \u0628\u064a\u0646 \u0627\u0644\u0639\u0635\u0648\u0631 \u0648\u0627\u0644\u0645\u062c\u062a\u0645\u0639\u0627\u062a \u0627\u0644\u062a\u0627\u0631\u064a\u062e\u064a\u0629 \u0627\u0644\u0645\u062e\u062a\u0644\u0641\u0629.<\/p>\t\t\t\t\t\t\t\t<\/div>\n\t\t\t\t<\/div>\n\t\t\t\t<\/div>\n\t\t<div class=\"elementor-element elementor-element-d9490d4 e-con-full e-flex e-con e-child\" data-id=\"d9490d4\" data-element_type=\"container\" data-e-type=\"container\">\n\t\t\t\t<div class=\"elementor-element elementor-element-53c002b elementor-widget elementor-widget-image\" data-id=\"53c002b\" data-element_type=\"widget\" data-e-type=\"widget\" data-widget_type=\"image.default\">\n\t\t\t\t<div class=\"elementor-widget-container\">\n\t\t\t\t\t\t\t\t\t\t\t\t\t\t\t<img decoding=\"async\" width=\"800\" height=\"921\" src=\"https:\/\/shatranj.art\/wp-content\/uploads\/2026\/02\/rook-nishapur-889x1024.jpeg\" class=\"attachment-large size-large wp-image-1048\" alt=\"\" srcset=\"https:\/\/shatranj.art\/wp-content\/uploads\/2026\/02\/rook-nishapur-889x1024.jpeg 889w, https:\/\/shatranj.art\/wp-content\/uploads\/2026\/02\/rook-nishapur-261x300.jpeg 261w, https:\/\/shatranj.art\/wp-content\/uploads\/2026\/02\/rook-nishapur-768x884.jpeg 768w, https:\/\/shatranj.art\/wp-content\/uploads\/2026\/02\/rook-nishapur.jpeg 1042w\" sizes=\"(max-width: 800px) 100vw, 800px\" \/>\t\t\t\t\t\t\t\t\t\t\t\t\t\t\t<\/div>\n\t\t\t\t<\/div>\n\t\t\t\t<div class=\"elementor-element elementor-element-7b2ef7f elementor-widget elementor-widget-text-editor\" data-id=\"7b2ef7f\" data-element_type=\"widget\" data-e-type=\"widget\" data-widget_type=\"text-editor.default\">\n\t\t\t\t<div class=\"elementor-widget-container\">\n\t\t\t\t\t\t\t\t\t<p><b>\u0646\u064a\u0634\u0627\u0628\u0648\u0631 \u0627\u0644\u0631\u062e (\u0627\u0644\u0631\u062e)<\/b> <span style=\"font-weight: 400;\"><br \/><\/span><span style=\"font-weight: 400;\"><br \/><\/span>\u0647\u0630\u0647 \u0627\u0644\u0642\u0637\u0639\u0629 \u0627\u0644\u062d\u062c\u0631\u064a\u0629 \u0645\u0646 \u0646\u064a\u0633\u0627\u0628\u0648\u0631 \u0647\u064a \u0631\u062e \u0642\u062f\u064a\u0645\u060c \u0643\u0627\u0646 \u064a\u064f\u0639\u0631\u0641 \u0641\u064a \u0627\u0644\u0623\u0635\u0644 \u0628\u0627\u0633\u0645 \u0627\u0644\u0631\u062e. \u0641\u064a \u062d\u064a\u0646 \u0623\u0646 \u0627\u0644\u062c\u0632\u0621 \u0627\u0644\u0639\u0644\u0648\u064a \u0627\u0644\u0645\u0646\u0642\u0633\u0645 \u0644\u0644\u0623\u0633\u0642\u0641 \u0627\u0644\u062d\u062f\u064a\u062b\u0629 \u063a\u0627\u0644\u0628\u0627\u064b \u0645\u0627 \u064a\u064f\u0646\u0633\u0628 \u062e\u0637\u0623\u064b \u0625\u0644\u0649 \u0623\u0646\u064a\u0627\u0628 \u0642\u0637\u0639 \u0627\u0644\u0641\u064a\u0644\u0629 \u0627\u0644\u0642\u062f\u064a\u0645\u0629\u060c \u0625\u0644\u0627 \u0623\u0646 \u0627\u0644\u0631\u062e \u0627\u0644\u062a\u0642\u0644\u064a\u062f\u064a \u0647\u0648 \u0641\u064a \u0627\u0644\u0648\u0627\u0642\u0639 \u0627\u0644\u0631\u062e \u0627\u0644\u062a\u0642\u0644\u064a\u062f\u064a \u0627\u0644\u0630\u064a \u0643\u0627\u0646 \u064a\u062a\u0645\u064a\u0632 \u0628\u0647\u0630\u0647 \u0627\u0644\u0641\u062c\u0648\u0629 \u0627\u0644\u0628\u0627\u0631\u0632\u0629 \u0628\u064a\u0646 \u062d\u0627\u0641\u062a\u064a\u0646 \u0637\u0648\u064a\u0644\u062a\u064a\u0646. \u0643\u0627\u0646\u062a \u0647\u0630\u0647 \u0627\u0644\u0635\u0648\u0631\u0629 \u0627\u0644\u0638\u0644\u064a\u0629 \u0639\u0644\u0649 \u0634\u0643\u0644 \u062d\u0631\u0641 V \u062a\u0645\u062b\u064a\u0644\u0627\u064b \u062a\u062c\u0631\u064a\u062f\u064a\u0627\u064b \u0644\u0645\u0631\u0643\u0628\u0629\u060c \u0645\u0645\u0627 \u064a\u0633\u0644\u0637 \u0627\u0644\u0636\u0648\u0621 \u0639\u0644\u0649 \u0644\u063a\u0629 \u0627\u0644\u062a\u0635\u0645\u064a\u0645 \u0627\u0644\u0647\u0646\u062f\u0633\u064a \u0627\u0644\u062a\u064a \u0645\u064a\u0632\u062a \u0645\u062c\u0645\u0648\u0639\u0627\u062a \u0627\u0644\u0634\u0637\u0631\u0646\u062c \u0627\u0644\u0641\u0627\u0631\u0633\u064a\u0629 \u0648\u0627\u0644\u0645\u062a\u0648\u0633\u0637\u064a\u0629 \u0627\u0644\u0642\u062f\u064a\u0645\u0629.<\/p>\t\t\t\t\t\t\t\t<\/div>\n\t\t\t\t<\/div>\n\t\t\t\t<\/div>\n\t\t<div class=\"elementor-element elementor-element-03fdcd4 e-con-full e-flex e-con e-child\" data-id=\"03fdcd4\" data-element_type=\"container\" data-e-type=\"container\">\n\t\t\t\t<div class=\"elementor-element elementor-element-05ec882 elementor-widget elementor-widget-image\" data-id=\"05ec882\" data-element_type=\"widget\" data-e-type=\"widget\" data-widget_type=\"image.default\">\n\t\t\t\t<div class=\"elementor-widget-container\">\n\t\t\t\t\t\t\t\t\t\t\t\t\t\t\t<img decoding=\"async\" width=\"800\" height=\"800\" src=\"https:\/\/shatranj.art\/wp-content\/uploads\/2026\/02\/shahi-rook-shahkrukh-piece-1024x1024.png\" class=\"attachment-large size-large wp-image-1049\" alt=\"\" srcset=\"https:\/\/shatranj.art\/wp-content\/uploads\/2026\/02\/shahi-rook-shahkrukh-piece-1024x1024.png 1024w, https:\/\/shatranj.art\/wp-content\/uploads\/2026\/02\/shahi-rook-shahkrukh-piece-300x300.png 300w, https:\/\/shatranj.art\/wp-content\/uploads\/2026\/02\/shahi-rook-shahkrukh-piece-150x150.png 150w, https:\/\/shatranj.art\/wp-content\/uploads\/2026\/02\/shahi-rook-shahkrukh-piece-768x768.png 768w, https:\/\/shatranj.art\/wp-content\/uploads\/2026\/02\/shahi-rook-shahkrukh-piece-1536x1536.png 1536w, https:\/\/shatranj.art\/wp-content\/uploads\/2026\/02\/shahi-rook-shahkrukh-piece-2048x2048.png 2048w\" sizes=\"(max-width: 800px) 100vw, 800px\" \/>\t\t\t\t\t\t\t\t\t\t\t\t\t\t\t<\/div>\n\t\t\t\t<\/div>\n\t\t\t\t<div class=\"elementor-element elementor-element-cb65d08 elementor-widget elementor-widget-text-editor\" data-id=\"cb65d08\" data-element_type=\"widget\" data-e-type=\"widget\" data-widget_type=\"text-editor.default\">\n\t\t\t\t<div class=\"elementor-widget-container\">\n\t\t\t\t\t\t\t\t\t<p><b>\u015eAH\u00ceH\u00ce \u0645\u062c\u0645\u0648\u0639\u0629 \u0627\u0644\u0631\u062e: \u0634\u0627\u0631\u0648\u062e\u0627\u0646<\/b><span style=\"font-weight: 400;\"><br \/><\/span><span style=\"font-weight: 400;\"><br \/><\/span>\u0633\u064f\u0645\u064a \u0634\u0627\u0631\u0648\u062e \u0639\u0644\u0649 \u0627\u0633\u0645 \u0627\u0644\u0642\u0627\u0626\u062f \u0648\u0623\u0633\u062a\u0627\u0630 \u0627\u0644\u0634\u0637\u0631\u0646\u062c \u062a\u064a\u0645\u0648\u0631 \u0627\u0628\u0646 \u062a\u064a\u0645\u0648\u0631 \u0648\u062a\u0639\u0646\u064a \u201d\u062d\u0627\u0643\u0645 \u0648\u0623\u0633\u062a\u0627\u0630 \u0648\u0639\u0638\u064a\u0645 \u0627\u0644\u0631\u062e\u0627\u0645\u201d. \u0623\u0635\u0628\u062d \u0634\u0627\u0631\u0648\u062e \u0631\u0627\u0639\u064a\u064b\u0627 \u0645\u0647\u0645\u064b\u0627 \u0644\u0644\u0639\u0644\u0645 \u0648\u0627\u0644\u062b\u0642\u0627\u0641\u0629 \u0648\u0627\u0644\u0641\u0646. \u062a\u0639\u0646\u064a \u0643\u0644\u0645\u0629 \u201c\u0631\u0648\u062e\u201d \u0639\u0631\u0628\u0629 \u062d\u0631\u0628\u064a\u0629 \u0648\u062a\u0637\u0648\u0631\u062a \u0625\u0644\u0649 \u201c\u0631\u0648\u0643\u0627\u201d\u060c \u0648\u062a\u0639\u0646\u064a \u0627\u0644\u0628\u0631\u062c \u0628\u0627\u0644\u0625\u0633\u0628\u0627\u0646\u064a\u0629 \u0648\u0627\u0644\u0625\u064a\u0637\u0627\u0644\u064a\u0629\u060c \u0648\u0627\u0644\u062a\u064a \u0623\u062b\u0631\u062a \u0639\u0644\u0649 \u062a\u0635\u0627\u0645\u064a\u0645 \u0642\u0637\u0639 \u0627\u0644\u0634\u0637\u0631\u0646\u062c\u060c \u0648\u0642\u062f \u0633\u064f\u0645\u064a\u062a \u0647\u0630\u0647 \u0627\u0644\u0642\u0637\u0639\u0629 \u062a\u0627\u0631\u064a\u062e\u064a\u0627\u064b \u0628\u0627\u0644\u0639\u0631\u0628\u0629 \u0627\u0644\u062d\u0631\u0628\u064a\u0629 \u0648\u0627\u0644\u0628\u0631\u062c \u0648\u0627\u0644\u0633\u0641\u064a\u0646\u0629 \u0648\u0627\u0644\u0645\u062f\u0641\u0639. \u062a\u0634\u062a\u0645\u0644 \u0642\u0637\u0639\u0629 \u0627\u0644\u0634\u0637\u0631\u0646\u062c \"\u0634\u0627\u0647\u0631\u0648\u0647\" \u0639\u0644\u0649 \u0639\u062c\u0644\u0627\u062a \u0639\u0631\u0628\u0629 \u062d\u0631\u0628\u064a\u0629\u060c \u0648\u0637\u0648\u0628 \u0627\u0644\u0628\u0631\u062c\u060c \u0648\u0645\u0627\u0633\u0648\u0631\u0629 \u0627\u0644\u0645\u062f\u0641\u0639\u060c \u0648\u0645\u0631\u0633\u0627\u0629 \u0627\u0644\u0633\u0641\u064a\u0646\u0629.<\/p>\t\t\t\t\t\t\t\t<\/div>\n\t\t\t\t<\/div>\n\t\t\t\t<\/div>\n\t\t\t\t\t<\/div>\n\t\t\t\t<\/div>\n\t\t\t\t<\/div>","protected":false},"excerpt":{"rendered":"<p>The Cannon of the Balkans South Slavic &#8220;Top&#8221; (Cannon) Design In the South Slavic tradition, the iconography of the rook shifts from architecture to artillery. Because the piece is named Top (meaning &#8220;Cannon&#8221;), many regional designs such as the famous Subotica set abandon the traditional battlements of a castle tower. Instead, the piece takes on [&hellip;]<\/p>\n","protected":false},"author":1,"featured_media":0,"parent":743,"menu_order":0,"comment_status":"closed","ping_status":"closed","template":"","meta":{"footnotes":""},"class_list":["post-1045","page","type-page","status-publish","hentry"],"_links":{"self":[{"href":"https:\/\/shatranj.art\/ar\/wp-json\/wp\/v2\/pages\/1045","targetHints":{"allow":["GET"]}}],"collection":[{"href":"https:\/\/shatranj.art\/ar\/wp-json\/wp\/v2\/pages"}],"about":[{"href":"https:\/\/shatranj.art\/ar\/wp-json\/wp\/v2\/types\/page"}],"author":[{"embeddable":true,"href":"https:\/\/shatranj.art\/ar\/wp-json\/wp\/v2\/users\/1"}],"replies":[{"embeddable":true,"href":"https:\/\/shatranj.art\/ar\/wp-json\/wp\/v2\/comments?post=1045"}],"version-history":[{"count":10,"href":"https:\/\/shatranj.art\/ar\/wp-json\/wp\/v2\/pages\/1045\/revisions"}],"predecessor-version":[{"id":1292,"href":"https:\/\/shatranj.art\/ar\/wp-json\/wp\/v2\/pages\/1045\/revisions\/1292"}],"up":[{"embeddable":true,"href":"https:\/\/shatranj.art\/ar\/wp-json\/wp\/v2\/pages\/743"}],"wp:attachment":[{"href":"https:\/\/shatranj.art\/ar\/wp-json\/wp\/v2\/media?parent=1045"}],"curies":[{"name":"wp","href":"https:\/\/api.w.org\/{rel}","templated":true}]}}