{"id":1068,"date":"2026-02-22T18:39:42","date_gmt":"2026-02-22T18:39:42","guid":{"rendered":"https:\/\/shatranj.art\/?page_id=1068"},"modified":"2026-02-24T09:00:42","modified_gmt":"2026-02-24T09:00:42","slug":"poster-29","status":"publish","type":"page","link":"https:\/\/shatranj.art\/ar\/exhibit\/poster-29\/","title":{"rendered":"\u0627\u0644\u0645\u0644\u0635\u0642 29"},"content":{"rendered":"<div data-elementor-type=\"wp-page\" data-elementor-id=\"1068\" class=\"elementor elementor-1068\" data-elementor-post-type=\"page\">\n\t\t\t\t<div class=\"elementor-element elementor-element-cfd54a0 e-flex e-con-boxed e-con e-parent\" data-id=\"cfd54a0\" data-element_type=\"container\" data-e-type=\"container\" data-settings=\"{&quot;background_background&quot;:&quot;classic&quot;}\">\n\t\t\t\t\t<div class=\"e-con-inner\">\n\t\t<div class=\"elementor-element elementor-element-00cae2a e-con-full e-flex e-con e-child\" data-id=\"00cae2a\" data-element_type=\"container\" data-e-type=\"container\">\n\t\t<div class=\"elementor-element elementor-element-edcf7ea e-con-full e-flex e-con e-child\" data-id=\"edcf7ea\" data-element_type=\"container\" data-e-type=\"container\">\n\t\t\t\t<div class=\"elementor-element elementor-element-411efec elementor-widget elementor-widget-image\" data-id=\"411efec\" data-element_type=\"widget\" data-e-type=\"widget\" data-widget_type=\"image.default\">\n\t\t\t\t<div class=\"elementor-widget-container\">\n\t\t\t\t\t\t\t\t\t\t\t\t\t\t\t<img fetchpriority=\"high\" decoding=\"async\" width=\"800\" height=\"384\" src=\"https:\/\/shatranj.art\/wp-content\/uploads\/2026\/02\/regence-cafe-chess-set-1780-1820-1-1024x491.png\" class=\"attachment-large size-large wp-image-1073\" alt=\"\" srcset=\"https:\/\/shatranj.art\/wp-content\/uploads\/2026\/02\/regence-cafe-chess-set-1780-1820-1-1024x491.png 1024w, https:\/\/shatranj.art\/wp-content\/uploads\/2026\/02\/regence-cafe-chess-set-1780-1820-1-300x144.png 300w, https:\/\/shatranj.art\/wp-content\/uploads\/2026\/02\/regence-cafe-chess-set-1780-1820-1-768x369.png 768w, https:\/\/shatranj.art\/wp-content\/uploads\/2026\/02\/regence-cafe-chess-set-1780-1820-1-1536x737.png 1536w, https:\/\/shatranj.art\/wp-content\/uploads\/2026\/02\/regence-cafe-chess-set-1780-1820-1.png 1886w\" sizes=\"(max-width: 800px) 100vw, 800px\" \/>\t\t\t\t\t\t\t\t\t\t\t\t\t\t\t<\/div>\n\t\t\t\t<\/div>\n\t\t\t\t<div class=\"elementor-element elementor-element-6e231da elementor-widget-tablet__width-inherit elementor-widget elementor-widget-text-editor\" data-id=\"6e231da\" data-element_type=\"widget\" data-e-type=\"widget\" data-widget_type=\"text-editor.default\">\n\t\t\t\t<div class=\"elementor-widget-container\">\n\t\t\t\t\t\t\t\t\t<p><strong>\u015eAH\u00ce \u0637\u0642\u0645 \u015eAH\u00ce \u0642\u0637\u0639\u0629 \u0645\u0644\u0643\/\u0645\u0644\u0643\/\u0634\u0627\u0647 \u062c\u0648\u0644\u0634\u0627\u0647<\/strong><\/p><p>\u064a\u0645\u062b\u0644 \u063a\u0648\u0644\u0634\u0627\u0647 \u062d\u0643\u0645\u0629 \u063a\u0637\u0627\u0621 \u0627\u0644\u0631\u0623\u0633\u060c \u0648\u0642\u062f\u0633\u064a\u0629 \u0627\u0644\u0642\u0628\u0629 \u0648\u0633\u0644\u0637\u062a\u0647\u0627\u060c \u0648\u0627\u0644\u0648\u0631\u062f\u0629 \u0643\u0631\u0645\u0632 \u0644\u0644\u062d\u064a\u0627\u0629 \u0648\u0627\u0644\u062c\u0645\u0627\u0644 \u0627\u0644\u0630\u064a \u064a\u062c\u0628 \u062d\u0645\u0627\u064a\u062a\u0647 \u0645\u0646 \u0627\u0644\u0634\u0627\u0647. \u0627\u0644\u0642\u0628\u0629 \u0645\u0633\u062a\u0648\u062d\u0627\u0629 \u0645\u0646 \u0627\u0644\u0645\u0628\u0627\u0646\u064a \u0627\u0644\u0634\u0647\u064a\u0631\u0629 \u0645\u062b\u0644 \u0622\u064a\u0627 \u0635\u0648\u0641\u064a\u0627 \u0648\u0627\u0644\u0628\u0627\u0646\u062b\u064a\u0648\u0646 \u0648\u0645\u0639\u0647\u062f \u0645\u0627\u0633\u0627\u062a\u0634\u0648\u0633\u062a\u0633 \u0644\u0644\u062a\u0643\u0646\u0648\u0644\u0648\u062c\u064a\u0627. \u0648\u064a\u0639\u0643\u0633 \u063a\u0644\u0627\u0641 \u0627\u0644\u0631\u0623\u0633 \u0627\u0644\u0625\u0631\u062b \u0627\u0644\u0641\u0643\u0631\u064a \u0644\u0645\u0624\u0644\u0641\u064a \u0627\u0644\u0634\u0637\u0631\u0646\u062c \u0627\u0644\u0623\u0648\u0627\u0626\u0644\u060c \u0645\u062b\u0644 \u0627\u0644\u0633\u0648\u0644\u064a \u0648\u0633\u062a\u0627\u0645\u0627\u060c \u0628\u064a\u0646\u0645\u0627 \u064a\u0634\u0628\u0647 \u0627\u0644\u062a\u0627\u062c \u0623\u0643\u0627\u0644\u064a\u0644 \u0627\u0644\u0632\u064a\u062a\u0648\u0646 \u0641\u064a \u0627\u0644\u0623\u0644\u0639\u0627\u0628 \u0627\u0644\u0623\u0648\u0644\u0645\u0628\u064a\u0629 \u0627\u0644\u0642\u062f\u064a\u0645\u0629. \u062a\u0627\u0631\u064a\u062e\u064a\u0627\u064b\u060c \u0623\u064f\u0637\u0644\u0642 \u0639\u0644\u0649 \u0647\u0630\u0647 \u0627\u0644\u0642\u0637\u0639\u0629 \u062a\u0627\u0631\u064a\u062e\u064a\u0627\u064b \u0627\u0633\u0645 \u0631\u0627\u062c\u0627 \u0623\u0648 \u0634\u0627\u0647 \u0623\u0648 \u0645\u0644\u0643 \u0623\u0648 \u0642\u0627\u0626\u062f. \u201c\u063a\u0648\u0644\u201d \u062a\u0639\u0646\u064a \u0627\u0644\u0648\u0631\u062f\u0629 \u0641\u064a \u0644\u063a\u0627\u062a \u0622\u0633\u064a\u0627 \u0627\u0644\u0648\u0633\u0637\u0649. \u201c\u0634\u0627\u0647\u201d\u060c \u0648\u062a\u0644\u0641\u0638 \u2018\u0634\u0627\u0647\u2019\u060c \u0648\u062a\u0646\u0637\u0642 \"\u0634\u0627\u0647\"\u060c \u0648\u0647\u0648 \u0627\u0633\u0645 \u0627\u0644\u0634\u0637\u0631\u0646\u062c \u0641\u064a \u0627\u0644\u0639\u062f\u064a\u062f \u0645\u0646 \u0627\u0644\u0644\u063a\u0627\u062a. \u0648\u0628\u064a\u0646\u0645\u0627 \u0643\u0627\u0646 \u0627\u0644\u0634\u0627\u0647 \u0641\u064a \u0627\u0644\u0623\u0635\u0644 \u064a\u0634\u064a\u0631 \u0625\u0644\u0649 \u0642\u0648\u0627\u0639\u062f \u0627\u0644\u0630\u0643\u0648\u0631\u060c \u0625\u0644\u0627 \u0623\u0646 \u0627\u0633\u062a\u062e\u062f\u0627\u0645\u0647 \u0627\u0644\u0645\u062c\u0627\u0632\u064a \u0623\u0648 \u0627\u0644\u062d\u062f\u064a\u062b \u0623\u0635\u0628\u062d \u0645\u062d\u0627\u064a\u062f\u064b\u0627 \u0645\u0646 \u062d\u064a\u062b \u0627\u0644\u062c\u0646\u0633.<\/p>\t\t\t\t\t\t\t\t<\/div>\n\t\t\t\t<\/div>\n\t\t\t\t<div class=\"elementor-element elementor-element-10b021d elementor-widget elementor-widget-image\" data-id=\"10b021d\" data-element_type=\"widget\" data-e-type=\"widget\" data-widget_type=\"image.default\">\n\t\t\t\t<div class=\"elementor-widget-container\">\n\t\t\t\t\t\t\t\t\t\t\t\t\t\t\t<img decoding=\"async\" width=\"188\" height=\"237\" src=\"https:\/\/shatranj.art\/wp-content\/uploads\/2026\/02\/Philipp-Stamma-Public-Domain.jpg\" class=\"attachment-large size-large wp-image-1071\" alt=\"\" \/>\t\t\t\t\t\t\t\t\t\t\t\t\t\t\t<\/div>\n\t\t\t\t<\/div>\n\t\t\t\t<\/div>\n\t\t<div class=\"elementor-element elementor-element-538608d e-con-full e-flex e-con e-child\" data-id=\"538608d\" data-element_type=\"container\" data-e-type=\"container\">\n\t\t\t\t<div class=\"elementor-element elementor-element-60ca9fa elementor-widget elementor-widget-image\" data-id=\"60ca9fa\" data-element_type=\"widget\" data-e-type=\"widget\" data-widget_type=\"image.default\">\n\t\t\t\t<div class=\"elementor-widget-container\">\n\t\t\t\t\t\t\t\t\t\t\t\t\t\t\t<img decoding=\"async\" width=\"800\" height=\"800\" src=\"https:\/\/shatranj.art\/wp-content\/uploads\/2026\/02\/shahi-gulsah-king-piece-1-1024x1024.png\" class=\"attachment-large size-large wp-image-1074\" alt=\"\" srcset=\"https:\/\/shatranj.art\/wp-content\/uploads\/2026\/02\/shahi-gulsah-king-piece-1-1024x1024.png 1024w, https:\/\/shatranj.art\/wp-content\/uploads\/2026\/02\/shahi-gulsah-king-piece-1-300x300.png 300w, https:\/\/shatranj.art\/wp-content\/uploads\/2026\/02\/shahi-gulsah-king-piece-1-150x150.png 150w, https:\/\/shatranj.art\/wp-content\/uploads\/2026\/02\/shahi-gulsah-king-piece-1-768x768.png 768w, https:\/\/shatranj.art\/wp-content\/uploads\/2026\/02\/shahi-gulsah-king-piece-1-1536x1536.png 1536w, https:\/\/shatranj.art\/wp-content\/uploads\/2026\/02\/shahi-gulsah-king-piece-1-2048x2048.png 2048w\" sizes=\"(max-width: 800px) 100vw, 800px\" \/>\t\t\t\t\t\t\t\t\t\t\t\t\t\t\t<\/div>\n\t\t\t\t<\/div>\n\t\t\t\t<div class=\"elementor-element elementor-element-aa06c95 elementor-widget-tablet__width-inherit elementor-widget elementor-widget-text-editor\" data-id=\"aa06c95\" data-element_type=\"widget\" data-e-type=\"widget\" data-widget_type=\"text-editor.default\">\n\t\t\t\t<div class=\"elementor-widget-container\">\n\t\t\t\t\t\t\t\t\t<p><strong>\u0627\u0644\u0648\u0635\u0641 \u0648\u0627\u0644\u062a\u0631\u0627\u062b<\/strong><\/p><p>\u062a\u062a\u0645\u064a\u0632 \u0642\u0637\u0639\u0629 G\u00fcl\u015fah \u0628\u062a\u0635\u0645\u064a\u0645 \u0645\u0645\u064a\u0632 \u0644\u063a\u0637\u0627\u0621 \u0627\u0644\u0631\u0623\u0633 \u064a\u0643\u0631\u0651\u0645 \u0639\u0645\u0627\u0644\u0642\u0629 \u0627\u0644\u0641\u0643\u0631 \u0641\u064a \u062a\u0627\u0631\u064a\u062e \u0627\u0644\u0634\u0637\u0631\u0646\u062c. \u0648\u0642\u062f \u0635\u064f\u0645\u0645 \u063a\u0637\u0627\u0621 \u0627\u0644\u0631\u0623\u0633 \u0639\u0644\u0649 \u063a\u0631\u0627\u0631 \u0627\u0644\u0639\u0645\u0627\u0626\u0645 \u0627\u0644\u062a\u0642\u0644\u064a\u062f\u064a\u0629 \u0627\u0644\u062a\u064a \u0643\u0627\u0646\u062a \u062a\u0631\u062a\u062f\u064a\u0647\u0627 \u0634\u062e\u0635\u064a\u0627\u062a \u0645\u062b\u0644 \u0627\u0644\u0645\u0639\u0644\u0645 \u0627\u0644\u0635\u0648\u0644\u064a \u0641\u064a \u0627\u0644\u0642\u0631\u0648\u0646 \u0627\u0644\u0648\u0633\u0637\u0649 \u0648\u0641\u064a\u0644\u064a\u0628 \u0633\u062a\u0627\u0645\u0627\u060c \u0627\u0644\u0645\u0639\u0644\u0645 \u0648\u0627\u0644\u0645\u062a\u0631\u062c\u0645 \u0627\u0644\u0645\u0644\u0643\u064a \u0641\u064a \u0627\u0644\u0642\u0631\u0646 \u0627\u0644\u062b\u0627\u0645\u0646 \u0639\u0634\u0631. \u0648\u064f\u0644\u062f \u0633\u062a\u0627\u0645\u0627 \u0641\u064a \u062d\u0644\u0628 \u0648\u0646\u0634\u0637 \u0641\u064a \u0627\u0644\u0645\u0631\u0627\u0643\u0632 \u0627\u0644\u0641\u0643\u0631\u064a\u0629 \u0627\u0644\u0631\u0626\u064a\u0633\u064a\u0629 \u0641\u064a \u0644\u0646\u062f\u0646 \u0648\u0628\u0627\u0631\u064a\u0633\u060c \u0648\u0643\u0627\u0646 \u0634\u062e\u0635\u064a\u0629 \u0645\u062a\u0639\u062f\u062f\u0629 \u0627\u0644\u062b\u0642\u0627\u0641\u0627\u062a \u062d\u0642\u064b\u0627 \u062d\u064a\u062b \u0643\u0627\u0646 \u0639\u0645\u0644\u0647 \u0643\u0645\u062a\u0631\u062c\u0645 \u0644\u0644\u062f\u0648\u0644\u0629 \u0627\u0644\u0628\u0631\u064a\u0637\u0627\u0646\u064a\u0629 \u0648\u0623\u0646\u0638\u0645\u0629 \u062a\u062f\u0648\u064a\u0646 \u0627\u0644\u0634\u0637\u0631\u0646\u062c \u0627\u0644\u0631\u0627\u0626\u062f\u0629 \u0627\u0644\u062a\u064a \u0642\u0627\u0645 \u0628\u0647\u0627 \u062c\u0633\u0631\u0627\u064b \u0628\u064a\u0646 \u0627\u0644\u062a\u0642\u0627\u0644\u064a\u062f \u0627\u0644\u0634\u0631\u0642\u064a\u0629 \u0648\u0627\u0644\u063a\u0631\u0628\u064a\u0629. \u064a\u0636\u0641\u064a \u0647\u0630\u0627 \u0627\u0644\u062a\u0635\u0645\u064a\u0645 \u0639\u0644\u0649 \u0627\u0644\u0642\u0637\u0639\u0629 \u0625\u062d\u0633\u0627\u0633\u0627\u064b \u0628\u0627\u0644\u062d\u0643\u0645\u0629 \u0627\u0644\u0639\u0645\u064a\u0642\u0629 \u0648\u0627\u0644\u0633\u0644\u0637\u0629 \u0627\u0644\u0639\u0644\u0645\u064a\u0629.<\/p>\t\t\t\t\t\t\t\t<\/div>\n\t\t\t\t<\/div>\n\t\t\t\t<div class=\"elementor-element elementor-element-117e242 elementor-widget elementor-widget-image\" data-id=\"117e242\" data-element_type=\"widget\" data-e-type=\"widget\" data-widget_type=\"image.default\">\n\t\t\t\t<div class=\"elementor-widget-container\">\n\t\t\t\t\t\t\t\t\t\t\t\t\t\t\t<img loading=\"lazy\" decoding=\"async\" width=\"800\" height=\"592\" src=\"https:\/\/shatranj.art\/wp-content\/uploads\/2026\/02\/olive-crown-olympos-1024x758.jpg\" class=\"attachment-large size-large wp-image-1558\" alt=\"\" srcset=\"https:\/\/shatranj.art\/wp-content\/uploads\/2026\/02\/olive-crown-olympos-1024x758.jpg 1024w, https:\/\/shatranj.art\/wp-content\/uploads\/2026\/02\/olive-crown-olympos-300x222.jpg 300w, https:\/\/shatranj.art\/wp-content\/uploads\/2026\/02\/olive-crown-olympos-768x568.jpg 768w, https:\/\/shatranj.art\/wp-content\/uploads\/2026\/02\/olive-crown-olympos-16x12.jpg 16w, https:\/\/shatranj.art\/wp-content\/uploads\/2026\/02\/olive-crown-olympos.jpg 1280w\" sizes=\"(max-width: 800px) 100vw, 800px\" \/>\t\t\t\t\t\t\t\t\t\t\t\t\t\t\t<\/div>\n\t\t\t\t<\/div>\n\t\t\t\t<div class=\"elementor-element elementor-element-07417e4 elementor-widget-tablet__width-inherit elementor-widget elementor-widget-text-editor\" data-id=\"07417e4\" data-element_type=\"widget\" data-e-type=\"widget\" data-widget_type=\"text-editor.default\">\n\t\t\t\t<div class=\"elementor-widget-container\">\n\t\t\t\t\t\t\t\t\t<p><strong>\u0628\u062a\u0644\u0627\u062a \u0627\u0644\u0648\u0631\u062f \u0648\u062a\u0627\u062c \u0627\u0644\u0632\u064a\u062a\u0648\u0646 \u0641\u064a \u0623\u0648\u0644\u064a\u0645\u0628\u0648\u0633<\/strong><\/p><p>\u064a\u062a\u0645\u064a\u0632 \u062a\u0627\u062c \u0627\u0644\u0642\u0637\u0639\u0629 \u0627\u0644\u0645\u0644\u0643\u064a\u0629 \u015eAH\u00ce \u0628\u062a\u0644\u0627\u062a \u0627\u0644\u0648\u0631\u0648\u062f \u0627\u0644\u062a\u064a \u062a\u0631\u0645\u0632 \u0625\u0644\u0649 \u062c\u0645\u0627\u0644 \u0627\u0644\u062d\u064a\u0627\u0629 \u0648\u0647\u0634\u0627\u0634\u062a\u0647\u0627\u060c \u0648\u0647\u064a \u062d\u0627\u0644\u0629 \u062b\u0645\u064a\u0646\u0629 \u064a\u062c\u0628 \u062d\u0645\u0627\u064a\u062a\u0647\u0627 \u0628\u0634\u0631\u0627\u0633\u0629\u060c \u062a\u0645\u0627\u0645\u0627\u064b \u0643\u0645\u0627 \u062a\u062a\u0645 \u062d\u0631\u0627\u0633\u0629 \u0627\u0644\u0645\u0644\u0643 \u0639\u0644\u0649 \u0631\u0642\u0639\u0629 \u0627\u0644\u0634\u0637\u0631\u0646\u062c \u0644\u0645\u0646\u0639 \u0627\u0644\u0634\u0637\u0631\u0646\u062c. \u0647\u0630\u0627 \u0627\u0644\u062a\u0635\u0645\u064a\u0645 \u0645\u0633\u062a\u0648\u062d\u0649 \u0643\u0630\u0644\u0643 \u0645\u0646 \u062a\u0627\u062c \u0627\u0644\u0632\u064a\u062a\u0648\u0646 \u0641\u064a \u0623\u0648\u0644\u064a\u0645\u0628\u0648\u0633\u060c \u0648\u064a\u0631\u0628\u0637 \u0628\u064a\u0646 \u0627\u0644\u0633\u0639\u064a \u0627\u0644\u062a\u0627\u0631\u064a\u062e\u064a \u0644\u062a\u062d\u0642\u064a\u0642 \u0627\u0644\u0646\u0635\u0631 \u0648\u0627\u0644\u062d\u0641\u0627\u0638 \u0639\u0644\u0649 \u0637\u0628\u064a\u0639\u0629 \u0627\u0644\u062d\u064a\u0627\u0629 \u0627\u0644\u0631\u0642\u064a\u0642\u0629.<\/p>\t\t\t\t\t\t\t\t<\/div>\n\t\t\t\t<\/div>\n\t\t\t\t<\/div>\n\t\t<div class=\"elementor-element elementor-element-2d81034 e-con-full e-flex e-con e-child\" data-id=\"2d81034\" data-element_type=\"container\" data-e-type=\"container\">\n\t\t\t\t<div class=\"elementor-element elementor-element-71345be elementor-widget elementor-widget-image\" data-id=\"71345be\" data-element_type=\"widget\" data-e-type=\"widget\" data-widget_type=\"image.default\">\n\t\t\t\t<div class=\"elementor-widget-container\">\n\t\t\t\t\t\t\t\t\t\t\t\t\t\t\t<img loading=\"lazy\" decoding=\"async\" width=\"600\" height=\"800\" src=\"https:\/\/shatranj.art\/wp-content\/uploads\/2026\/02\/suli-statue.jpg\" class=\"attachment-large size-large wp-image-1075\" alt=\"\" srcset=\"https:\/\/shatranj.art\/wp-content\/uploads\/2026\/02\/suli-statue.jpg 600w, https:\/\/shatranj.art\/wp-content\/uploads\/2026\/02\/suli-statue-225x300.jpg 225w\" sizes=\"(max-width: 600px) 100vw, 600px\" \/>\t\t\t\t\t\t\t\t\t\t\t\t\t\t\t<\/div>\n\t\t\t\t<\/div>\n\t\t\t\t<div class=\"elementor-element elementor-element-1f7e824 elementor-widget-tablet__width-inherit elementor-widget elementor-widget-text-editor\" data-id=\"1f7e824\" data-element_type=\"widget\" data-e-type=\"widget\" data-widget_type=\"text-editor.default\">\n\t\t\t\t<div class=\"elementor-widget-container\">\n\t\t\t\t\t\t\t\t\t<p><strong>\u0627\u0644\u062a\u0631\u0627\u062b \u0627\u0644\u062a\u0646\u0648\u064a\u0631\u064a<\/strong><br \/><strong>\u0625\u0631\u062b \u0631\u064a\u062c\u0646\u0633 \u0641\u064a \u0645\u062c\u0645\u0648\u0639\u0629 \u015eah\u00ee<\/strong><\/p><p>\u00a0<\/p><p>\u062a\u0631\u0645\u0632 \u0645\u062c\u0645\u0648\u0639\u0629 R\u00e9gence \u0627\u0644\u0641\u0631\u0646\u0633\u064a\u0629 \u0625\u0644\u0649 \u0639\u0635\u0631 \u0627\u0644\u062a\u0646\u0648\u064a\u0631\u060c \u0648\u0647\u0648 \u0639\u0635\u0631 \u064a\u062a\u0645\u064a\u0632 \u0628\u0627\u0644\u0639\u0642\u0644 \u0648\u0627\u0644\u0633\u0639\u064a \u0648\u0631\u0627\u0621 \u0627\u0644\u0645\u0639\u0631\u0641\u0629. \u0644\u0639\u0628\u0647\u0627 \u0639\u0645\u0627\u0644\u0642\u0629 \u062a\u0627\u0631\u064a\u062e\u064a\u0648\u0646 \u0645\u062b\u0644 \u0628\u0646\u062c\u0627\u0645\u064a\u0646 \u0641\u0631\u0627\u0646\u0643\u0644\u064a\u0646 \u0648\u0646\u0627\u0628\u0644\u064a\u0648\u0646 \u0628\u0648\u0646\u0627\u0628\u0631\u062a \u0648\u0627\u0644\u0633\u064a\u062f \u0641\u064a\u0644\u064a\u062f\u0648\u0631 \u0641\u064a \u0645\u0642\u0647\u0649 \u0631\u064a\u062c\u0646\u0633 \u0627\u0644\u0634\u0647\u064a\u0631\u060c \u0648\u0623\u0635\u0628\u062d\u062a \u0647\u0630\u0647 \u0627\u0644\u0645\u062c\u0645\u0648\u0639\u0629 \u0645\u0639\u064a\u0627\u0631\u064b\u0627 \u0644\u0644\u0645\u0646\u0627\u0641\u0633\u0629 \u0627\u0644\u0641\u0643\u0631\u064a\u0629. \u062a\u062d\u0627\u0641\u0638 \u0645\u062c\u0645\u0648\u0639\u0629 \u0627\u0644\u0634\u0637\u0631\u0646\u062c \u015eah\u00ee \u0639\u0645\u062f\u0627\u064b \u0639\u0644\u0649 \u0647\u0630\u0627 \u0627\u0644\u062a\u0631\u0627\u062b. \u0648\u0645\u0646 \u062e\u0644\u0627\u0644 \u0627\u0644\u0627\u0633\u062a\u0644\u0647\u0627\u0645 \u0645\u0646 \u0627\u0644\u0632\u062e\u0627\u0631\u0641 \u0627\u0644\u0632\u0647\u0631\u064a\u0629 \u0644\u0645\u0644\u0643 \u0631\u064a\u062c\u0646\u0633 \u0644\u0642\u0637\u0639\u0629 \u063a\u0648\u0644\u0634\u0627\u0647\u060c \u0641\u0625\u0646 \u0637\u0642\u0645 \u015eah\u00ee \u064a\u0631\u0628\u0637 \u0628\u064a\u0646 \u0627\u0644\u0623\u0646\u0627\u0642\u0629 \u0627\u0644\u0623\u0648\u0631\u0648\u0628\u064a\u0629 \u0641\u064a \u0627\u0644\u0642\u0631\u0646 \u0627\u0644\u062b\u0627\u0645\u0646 \u0639\u0634\u0631 \u0648\u0627\u0644\u062a\u0642\u0627\u0644\u064a\u062f \u0627\u0644\u0639\u0644\u0645\u064a\u0629 \u0627\u0644\u0639\u0645\u064a\u0642\u0629 \u0644\u0644\u0634\u0631\u0642\u060c \u062a\u0643\u0631\u064a\u0645\u064b\u0627 \u0644\u0644\u0623\u0633\u0627\u062a\u0630\u0629 \u0627\u0644\u0630\u064a\u0646 \u062d\u062f\u062f\u0648\u0627 \u0627\u0644\u0639\u0635\u0631 \u0627\u0644\u0630\u0647\u0628\u064a \u0644\u0644\u0639\u0628\u0629.<\/p>\t\t\t\t\t\t\t\t<\/div>\n\t\t\t\t<\/div>\n\t\t\t\t<\/div>\n\t\t\t\t<\/div>\n\t\t\t\t\t<\/div>\n\t\t\t\t<\/div>\n\t\t\t\t<\/div>","protected":false},"excerpt":{"rendered":"<p>\u015eAH\u00ce set monarch\/king\/shah piece: G\u00fcl\u015fah G\u00fcl\u015fah represents the wisdom of the headwrap, the sanctity and authority of the dome, and rose as a symbol of life and beauty, which must be protected from checkmate. The dome draws inspiration from iconic structures like the Hagia Sophia, the Pantheon, and MIT. The headwrap reflects the intellectual legacy [&hellip;]<\/p>\n","protected":false},"author":1,"featured_media":0,"parent":743,"menu_order":0,"comment_status":"closed","ping_status":"closed","template":"","meta":{"footnotes":""},"class_list":["post-1068","page","type-page","status-publish","hentry"],"_links":{"self":[{"href":"https:\/\/shatranj.art\/ar\/wp-json\/wp\/v2\/pages\/1068","targetHints":{"allow":["GET"]}}],"collection":[{"href":"https:\/\/shatranj.art\/ar\/wp-json\/wp\/v2\/pages"}],"about":[{"href":"https:\/\/shatranj.art\/ar\/wp-json\/wp\/v2\/types\/page"}],"author":[{"embeddable":true,"href":"https:\/\/shatranj.art\/ar\/wp-json\/wp\/v2\/users\/1"}],"replies":[{"embeddable":true,"href":"https:\/\/shatranj.art\/ar\/wp-json\/wp\/v2\/comments?post=1068"}],"version-history":[{"count":10,"href":"https:\/\/shatranj.art\/ar\/wp-json\/wp\/v2\/pages\/1068\/revisions"}],"predecessor-version":[{"id":1561,"href":"https:\/\/shatranj.art\/ar\/wp-json\/wp\/v2\/pages\/1068\/revisions\/1561"}],"up":[{"embeddable":true,"href":"https:\/\/shatranj.art\/ar\/wp-json\/wp\/v2\/pages\/743"}],"wp:attachment":[{"href":"https:\/\/shatranj.art\/ar\/wp-json\/wp\/v2\/media?parent=1068"}],"curies":[{"name":"wp","href":"https:\/\/api.w.org\/{rel}","templated":true}]}}