{"id":1053,"date":"2026-02-22T18:09:29","date_gmt":"2026-02-22T18:09:29","guid":{"rendered":"https:\/\/shatranj.art\/?page_id=1053"},"modified":"2026-02-23T05:20:05","modified_gmt":"2026-02-23T05:20:05","slug":"poster-28","status":"publish","type":"page","link":"https:\/\/shatranj.art\/bn\/exhibit\/poster-28\/","title":{"rendered":"\u09aa\u09cb\u09b8\u09cd\u099f\u09be\u09b0 \u09e8\u09ee"},"content":{"rendered":"<div data-elementor-type=\"wp-page\" data-elementor-id=\"1053\" class=\"elementor elementor-1053\" data-elementor-post-type=\"page\">\n\t\t\t\t<div class=\"elementor-element elementor-element-0bbd3b8 e-flex e-con-boxed e-con e-parent\" data-id=\"0bbd3b8\" data-element_type=\"container\" data-e-type=\"container\" data-settings=\"{&quot;background_background&quot;:&quot;classic&quot;}\">\n\t\t\t\t\t<div class=\"e-con-inner\">\n\t\t<div class=\"elementor-element elementor-element-c1f4b02 e-con-full e-flex e-con e-child\" data-id=\"c1f4b02\" data-element_type=\"container\" data-e-type=\"container\">\n\t\t\t\t<div class=\"elementor-element elementor-element-be9a805 elementor-widget__width-initial elementor-widget elementor-widget-image\" data-id=\"be9a805\" data-element_type=\"widget\" data-e-type=\"widget\" data-widget_type=\"image.default\">\n\t\t\t\t<div class=\"elementor-widget-container\">\n\t\t\t\t\t\t\t\t\t\t\t\t\t\t\t<img fetchpriority=\"high\" decoding=\"async\" width=\"683\" height=\"1024\" src=\"https:\/\/shatranj.art\/wp-content\/uploads\/2026\/02\/28-683x1024.jpg\" class=\"attachment-large size-large wp-image-1059\" alt=\"\" srcset=\"https:\/\/shatranj.art\/wp-content\/uploads\/2026\/02\/28-683x1024.jpg 683w, https:\/\/shatranj.art\/wp-content\/uploads\/2026\/02\/28-200x300.jpg 200w, https:\/\/shatranj.art\/wp-content\/uploads\/2026\/02\/28-768x1152.jpg 768w, https:\/\/shatranj.art\/wp-content\/uploads\/2026\/02\/28-1024x1536.jpg 1024w, https:\/\/shatranj.art\/wp-content\/uploads\/2026\/02\/28.jpg 1249w\" sizes=\"(max-width: 683px) 100vw, 683px\" \/>\t\t\t\t\t\t\t\t\t\t\t\t\t\t\t<\/div>\n\t\t\t\t<\/div>\n\t\t\t\t<div class=\"elementor-element elementor-element-b42301a elementor-widget__width-initial elementor-widget-tablet__width-inherit elementor-widget elementor-widget-text-editor\" data-id=\"b42301a\" data-element_type=\"widget\" data-e-type=\"widget\" data-widget_type=\"text-editor.default\">\n\t\t\t\t<div class=\"elementor-widget-container\">\n\t\t\t\t\t\t\t\t\t<p><b>\u015eah\u00ee \u09b8\u09c7\u099f: \u09b0\u09c7\u099c\u09c7\u09a8\u09cd\u09b8\u09bf \u09ab\u09bf\u09b2\u09bf\u09a1\u09b0 \u09aa\u09be\u0981\u0993<\/b><\/p><p>\u00a0<\/p><p>\u0995\u09ab\u09bf \u0993 \u0995\u09cd\u09af\u09be\u09ab\u09c7\u09b0 \u09ac\u09bf\u09b8\u09cd\u09a4\u09be\u09b0 \u09a6\u09be\u09ac\u09be \u0996\u09c7\u09b2\u09be\u099f\u09bf\u09b0 \u09ac\u09bf\u09ac\u09b0\u09cd\u09a4\u09a8\u09c7\u09b0 \u09b8\u0999\u09cd\u0997\u09c7 \u0985\u09ac\u09bf\u099a\u09cd\u099b\u09c7\u09a6\u09cd\u09af\u09ad\u09be\u09ac\u09c7 \u099c\u09a1\u09bc\u09bf\u09a4\u0964   \u09b0\u09c7\u099c\u09c7\u09a8\u09cd\u09b8 \u09ab\u09bf\u09b2\u09bf\u09a1\u09b0 \u09aa\u09be\u0993\u09a8 \u0985\u09a8\u09c1\u09aa\u09cd\u09b0\u09be\u09a3\u09bf\u09a4 \u09b9\u09af\u09bc\u09c7\u099b\u09c7 \u0986\u09b2\u09cb\u0995\u09be\u09af\u09bc\u09a8 \u09af\u09c1\u0997\u09c7\u09b0 \u09aa\u09cd\u09af\u09be\u09b0\u09bf\u09b8-\u09b0\u09c7\u099c\u09c7\u09a8\u09cd\u09b8 \u0995\u09cd\u09af\u09be\u09ab\u09c7\u09b0 \u0986\u09b8\u09b2 \u09a6\u09be\u09ac\u09be \u09b8\u09c7\u099f \u098f\u09ac\u0982 \u09b8\u09c7\u0987 \u09af\u09c1\u0997\u09c7\u09b0 \u09b8\u09b0\u09cd\u09ac\u09b6\u09cd\u09b0\u09c7\u09b7\u09cd\u09a0 \u0996\u09c7\u09b2\u09cb\u09af\u09bc\u09be\u09a1\u09bc \u09ab\u09bf\u09b2\u09bf\u09a1\u09b0\u09c7\u09b0 \u09ac\u09bf\u0996\u09cd\u09af\u09be\u09a4 \u0989\u0995\u09cd\u09a4\u09bf \u201c\u09aa\u09be\u0993\u09a8\u0997\u09c1\u09b2\u09cb\u0987 \u09a6\u09be\u09ac\u09be \u0996\u09c7\u09b2\u09be\u09b0 \u0986\u09a4\u09cd\u09ae\u09be\" \u09a5\u09c7\u0995\u09c7\u0964.<\/p><p>\u00a0<\/p><p>\u09aa\u09be\u0981\u0987\u09a8\u09c7\u09b0 \u09ac\u09bf\u09a8\u09cd\u09af\u09be\u09b8 \u098f\u0995\u099f\u09bf \u09a6\u09be\u09ac\u09be \u0996\u09c7\u09b2\u09be\u09af\u09bc \u0997\u09a4\u09bf\u09aa\u09cd\u09b0\u09ac\u09be\u09b9 \u09a8\u09bf\u09b0\u09cd\u09a7\u09be\u09b0\u09a3\u09c7\u09b0 \u0985\u09a8\u09cd\u09af\u09a4\u09ae \u0997\u09c1\u09b0\u09c1\u09a4\u09cd\u09ac\u09aa\u09c2\u09b0\u09cd\u09a3 \u09ae\u09be\u09a8\u09a6\u09a3\u09cd\u09a1, \u098f\u09ac\u0982 \u0985\u09a8\u09c7\u0995 \u0985\u09ac\u09b8\u09cd\u09a5\u09be\u09a8 \u09aa\u09be\u0981\u0987\u09a8\u09c7\u09b0 \u09ac\u09bf\u09a8\u09cd\u09af\u09be\u09b8\u09c7\u09b0 \u09ad\u09bf\u09a4\u09cd\u09a4\u09bf\u09a4\u09c7 \u09b6\u09cd\u09b0\u09c7\u09a3\u09c0\u09ac\u09a6\u09cd\u09a7 \u0995\u09b0\u09be \u09b9\u09af\u09bc\u0964 \u09ab\u09bf\u09b2\u09bf\u09a1\u09cb\u09b0, \u098f\u0995\u099c\u09a8 \u0985\u09aa\u09c7\u09b0\u09be \u09b8\u09c1\u09b0\u0995\u09be\u09b0 \u098f\u09ac\u0982 \u0995\u09af\u09bc\u09c7\u0995\u099c\u09a8 \u0996\u09c7\u09b2\u09cb\u09af\u09bc\u09be\u09a1\u09bc\u09c7\u09b0 \u098f\u0995\u099c\u09a8 \u09af\u09bf\u09a8\u09bf \u09ac\u09bf\u0996\u09cd\u09af\u09be\u09a4 \u09a6\u09be\u09ac\u09be \u09b8\u09cd\u09ac\u09af\u09bc\u0982\u0995\u09cd\u09b0\u09bf\u09af\u09bc \u09af\u09a8\u09cd\u09a4\u09cd\u09b0 '\u09a6\u09cd\u09af \u099f\u09be\u09b0\u09cd\u0995'-\u0995\u09c7 \u09aa\u09b0\u09be\u099c\u09bf\u09a4 \u0995\u09b0\u09c7\u099b\u09bf\u09b2\u09c7\u09a8, \u09b8\u09be\u09a7\u09be\u09b0\u09a3 \u09a8\u09be\u0997\u09b0\u09bf\u0995\u09a6\u09c7\u09b0 \u09b8\u09ae\u09be\u099c\u09c7\u09b0 \u09ad\u09bf\u09a4\u09cd\u09a4\u09bf \u0993 \u0986\u09a4\u09cd\u09ae\u09be \u09b9\u09bf\u09b8\u09c7\u09ac\u09c7 \u0997\u09c1\u09b0\u09c1\u09a4\u09cd\u09ac \u09a6\u09bf\u09af\u09bc\u09c7\u099b\u09bf\u09b2\u09c7\u09a8\u0964.<\/p>\t\t\t\t\t\t\t\t<\/div>\n\t\t\t\t<\/div>\n\t\t\t\t<div class=\"elementor-element elementor-element-080136b elementor-widget__width-initial elementor-widget elementor-widget-image\" data-id=\"080136b\" data-element_type=\"widget\" data-e-type=\"widget\" data-widget_type=\"image.default\">\n\t\t\t\t<div class=\"elementor-widget-container\">\n\t\t\t\t\t\t\t\t\t\t\t\t\t\t\t<img decoding=\"async\" width=\"683\" height=\"1024\" src=\"https:\/\/shatranj.art\/wp-content\/uploads\/2026\/02\/28-1-683x1024.jpg\" class=\"attachment-large size-large wp-image-1060\" alt=\"\" srcset=\"https:\/\/shatranj.art\/wp-content\/uploads\/2026\/02\/28-1-683x1024.jpg 683w, https:\/\/shatranj.art\/wp-content\/uploads\/2026\/02\/28-1-200x300.jpg 200w, https:\/\/shatranj.art\/wp-content\/uploads\/2026\/02\/28-1-768x1152.jpg 768w, https:\/\/shatranj.art\/wp-content\/uploads\/2026\/02\/28-1-1024x1536.jpg 1024w, https:\/\/shatranj.art\/wp-content\/uploads\/2026\/02\/28-1.jpg 1262w\" sizes=\"(max-width: 683px) 100vw, 683px\" \/>\t\t\t\t\t\t\t\t\t\t\t\t\t\t\t<\/div>\n\t\t\t\t<\/div>\n\t\t\t\t<\/div>\n\t\t<div class=\"elementor-element elementor-element-94f3877 e-con-full e-flex e-con e-child\" data-id=\"94f3877\" data-element_type=\"container\" data-e-type=\"container\">\n\t\t<div class=\"elementor-element elementor-element-da14b56 e-con-full e-flex e-con e-child\" data-id=\"da14b56\" data-element_type=\"container\" data-e-type=\"container\">\n\t\t\t\t<div class=\"elementor-element elementor-element-3478291 elementor-widget elementor-widget-image\" data-id=\"3478291\" data-element_type=\"widget\" data-e-type=\"widget\" data-widget_type=\"image.default\">\n\t\t\t\t<div class=\"elementor-widget-container\">\n\t\t\t\t\t\t\t\t\t\t\t\t\t\t\t<img decoding=\"async\" width=\"800\" height=\"648\" src=\"https:\/\/shatranj.art\/wp-content\/uploads\/2026\/02\/28-2-1024x829.jpg\" class=\"attachment-large size-large wp-image-1064\" alt=\"\" srcset=\"https:\/\/shatranj.art\/wp-content\/uploads\/2026\/02\/28-2-1024x829.jpg 1024w, https:\/\/shatranj.art\/wp-content\/uploads\/2026\/02\/28-2-300x243.jpg 300w, https:\/\/shatranj.art\/wp-content\/uploads\/2026\/02\/28-2-768x622.jpg 768w, https:\/\/shatranj.art\/wp-content\/uploads\/2026\/02\/28-2-1536x1244.jpg 1536w, https:\/\/shatranj.art\/wp-content\/uploads\/2026\/02\/28-2.jpg 1973w\" sizes=\"(max-width: 800px) 100vw, 800px\" \/>\t\t\t\t\t\t\t\t\t\t\t\t\t\t\t<\/div>\n\t\t\t\t<\/div>\n\t\t\t\t<div class=\"elementor-element elementor-element-3621f13 elementor-widget-tablet__width-inherit elementor-widget elementor-widget-text-editor\" data-id=\"3621f13\" data-element_type=\"widget\" data-e-type=\"widget\" data-widget_type=\"text-editor.default\">\n\t\t\t\t<div class=\"elementor-widget-container\">\n\t\t\t\t\t\t\t\t\t<p><span style=\"font-weight: 400;\">\u09ac\u09be\u0997\u09a6\u09be\u09a6\u09c7\u09b0 \u0986\u09ac\u09cd\u09ac\u09be\u09b8\u09c0\u09af\u09bc \u09af\u09c1\u0997\u09c7\u09b0 \u098f\u0995\u099f\u09bf \u09a6\u09be\u09ac\u09be \u09aa\u09be\u09af\u09bc\u09a8, \u09af\u09be\u09b0 \u09b8\u09cd\u09ac\u09a4\u09a8\u09cd\u09a4\u09cd\u09b0 \u099c\u09cd\u09af\u09be\u09ae\u09bf\u09a4\u09bf\u0995 \u0986\u0995\u09c3\u09a4\u09bf \u098f\u09ac\u0982 \u09b8\u09c2\u0995\u09cd\u09b7\u09cd\u09ae \u09aa\u09c3\u09b7\u09cd\u09a0 \u0996\u09cb\u09a6\u09be\u0987 \u09b0\u09af\u09bc\u09c7\u099b\u09c7\u0964 \u098f\u0987 \u099f\u09c1\u0995\u09b0\u09be\u099f\u09bf \u0990 \u09af\u09c1\u0997\u09c7\u09b0 \u09aa\u09b0\u09bf\u09b6\u09c0\u09b2\u09bf\u09a4 \u0995\u09be\u09b0\u09c1\u09b6\u09bf\u09b2\u09cd\u09aa\u0995\u09c7 \u09aa\u09cd\u09b0\u09a4\u09bf\u09ab\u09b2\u09bf\u09a4 \u0995\u09b0\u09c7 \u098f\u09ac\u0982 \u098f\u09b0 \u0985\u09a8\u09a8\u09cd\u09af \u0993 \u09ac\u09bf\u09b8\u09cd\u09a4\u09be\u09b0\u09bf\u09a4 \u09a8\u0995\u09b6\u09be\u09b0 \u09ae\u09be\u09a7\u09cd\u09af\u09ae\u09c7 \u09aa\u09be\u09af\u09bc\u09a8\u09c7\u09b0 \u0995\u09cc\u09b6\u09b2\u0997\u09a4 \u0997\u09c1\u09b0\u09c1\u09a4\u09cd\u09ac\u0995\u09c7 \u09a4\u09c1\u09b2\u09c7 \u09a7\u09b0\u09c7\u0964.<\/span><\/p>\t\t\t\t\t\t\t\t<\/div>\n\t\t\t\t<\/div>\n\t\t\t\t<\/div>\n\t\t<div class=\"elementor-element elementor-element-3a10b69 e-con-full e-flex e-con e-child\" data-id=\"3a10b69\" data-element_type=\"container\" data-e-type=\"container\">\n\t\t\t\t<div class=\"elementor-element elementor-element-9fad6d9 elementor-widget elementor-widget-image\" data-id=\"9fad6d9\" data-element_type=\"widget\" data-e-type=\"widget\" data-widget_type=\"image.default\">\n\t\t\t\t<div class=\"elementor-widget-container\">\n\t\t\t\t\t\t\t\t\t\t\t\t\t\t\t<img loading=\"lazy\" decoding=\"async\" width=\"768\" height=\"1024\" src=\"https:\/\/shatranj.art\/wp-content\/uploads\/2026\/02\/28-3-768x1024.jpg\" class=\"attachment-large size-large wp-image-1061\" alt=\"\" srcset=\"https:\/\/shatranj.art\/wp-content\/uploads\/2026\/02\/28-3-768x1024.jpg 768w, https:\/\/shatranj.art\/wp-content\/uploads\/2026\/02\/28-3-225x300.jpg 225w, https:\/\/shatranj.art\/wp-content\/uploads\/2026\/02\/28-3-1152x1536.jpg 1152w, https:\/\/shatranj.art\/wp-content\/uploads\/2026\/02\/28-3.jpg 1195w\" sizes=\"(max-width: 768px) 100vw, 768px\" \/>\t\t\t\t\t\t\t\t\t\t\t\t\t\t\t<\/div>\n\t\t\t\t<\/div>\n\t\t\t\t<div class=\"elementor-element elementor-element-7ad603d elementor-widget-tablet__width-inherit elementor-widget elementor-widget-text-editor\" data-id=\"7ad603d\" data-element_type=\"widget\" data-e-type=\"widget\" data-widget_type=\"text-editor.default\">\n\t\t\t\t<div class=\"elementor-widget-container\">\n\t\t\t\t\t\t\t\t\t<p><b>\u09e7\u09ee\u09e8\u09e6 \u09ad\u09be\u09b0\u09a4\u09c0\u09af\u09bc \u09aa\u09bf\u0993\u09a8 \u09aa\u09be\u09a5\u09b0<\/b> <span style=\"font-weight: 400;\"><br \/><\/span><span style=\"font-weight: 400;\"><br \/><\/span><span style=\"font-weight: 400;\">\u0990\u09a4\u09bf\u09b9\u09cd\u09af\u09ac\u09be\u09b9\u09c0 \u09ad\u09be\u09b0\u09a4\u09c0\u09af\u09bc \u09aa\u09cb\u09b6\u09be\u0995 \u0993 \u0986\u09a8\u09c1\u09b7\u09be\u0999\u09cd\u0997\u09bf\u0995 \u09b8\u09be\u09ae\u0997\u09cd\u09b0\u09c0\u09a4\u09c7 \u09b8\u099c\u09cd\u099c\u09bf\u09a4 \u09e7\u09ee\u09e8\u09e6 \u09b8\u09be\u09b2\u09c7\u09b0 \u098f\u0995\u099f\u09bf \u099a\u09bf\u09a4\u09cd\u09b0\u09ad\u09bf\u09a4\u09cd\u09a4\u09bf\u0995 \u09a6\u09be\u09ac\u09be \u09aa\u09be\u09af\u09bc\u09cb\u09a8\u0964 \u098f\u0987 \u099f\u09c1\u0995\u09b0\u09be\u099f\u09bf \u09e7\u09ef\u09b6 \u09b6\u09a4\u09be\u09ac\u09cd\u09a6\u09c0\u09b0 \u09ad\u09be\u09b0\u09a4\u09c7\u09b0 \u09b8\u09be\u0982\u09b8\u09cd\u0995\u09c3\u09a4\u09bf\u0995 \u0989\u09aa\u09be\u09a6\u09be\u09a8\u09b8\u09ae\u09c2\u09b9 \u098f\u09ac\u0982 \u09b8\u09c7\u0987 \u09b8\u09ae\u09af\u09bc\u09c7\u09b0 \u09a6\u09be\u09ac\u09be \u09b8\u09c7\u099f\u0997\u09c1\u09b2\u09bf\u09a4\u09c7 \u09aa\u09cd\u09b0\u099a\u09b2\u09bf\u09a4 \u09ac\u09be\u09b8\u09cd\u09a4\u09ac\u09b8\u09ae\u09cd\u09ae\u09a4 \u09a8\u0995\u09b6\u09be \u09a7\u09be\u09b0\u09a3\u09be\u0995\u09c7 \u09aa\u09cd\u09b0\u09a4\u09bf\u09ab\u09b2\u09bf\u09a4 \u0995\u09b0\u09c7\u0964.<\/span><\/p>\t\t\t\t\t\t\t\t<\/div>\n\t\t\t\t<\/div>\n\t\t\t\t<\/div>\n\t\t<div class=\"elementor-element elementor-element-926e3bd e-con-full e-flex e-con e-child\" data-id=\"926e3bd\" data-element_type=\"container\" data-e-type=\"container\">\n\t\t\t\t<div class=\"elementor-element elementor-element-8fc6637 elementor-widget elementor-widget-image\" data-id=\"8fc6637\" data-element_type=\"widget\" data-e-type=\"widget\" data-widget_type=\"image.default\">\n\t\t\t\t<div class=\"elementor-widget-container\">\n\t\t\t\t\t\t\t\t\t\t\t\t\t\t\t<img loading=\"lazy\" decoding=\"async\" width=\"800\" height=\"498\" src=\"https:\/\/shatranj.art\/wp-content\/uploads\/2026\/02\/28-5-1024x637.jpg\" class=\"attachment-large size-large wp-image-1062\" alt=\"\" srcset=\"https:\/\/shatranj.art\/wp-content\/uploads\/2026\/02\/28-5-1024x637.jpg 1024w, https:\/\/shatranj.art\/wp-content\/uploads\/2026\/02\/28-5-300x187.jpg 300w, https:\/\/shatranj.art\/wp-content\/uploads\/2026\/02\/28-5-768x478.jpg 768w, https:\/\/shatranj.art\/wp-content\/uploads\/2026\/02\/28-5-1536x955.jpg 1536w, https:\/\/shatranj.art\/wp-content\/uploads\/2026\/02\/28-5.jpg 1835w\" sizes=\"(max-width: 800px) 100vw, 800px\" \/>\t\t\t\t\t\t\t\t\t\t\t\t\t\t\t<\/div>\n\t\t\t\t<\/div>\n\t\t\t\t<div class=\"elementor-element elementor-element-ea860c4 elementor-widget-tablet__width-inherit elementor-widget elementor-widget-text-editor\" data-id=\"ea860c4\" data-element_type=\"widget\" data-e-type=\"widget\" data-widget_type=\"text-editor.default\">\n\t\t\t\t<div class=\"elementor-widget-container\">\n\t\t\t\t\t\t\t\t\t<p><b>\u09ab\u09b0\u09be\u09b8\u09bf \u09b0\u09bf\u099c\u09c7\u09a8\u09cd\u09b8\u09bf \u09aa\u09a3<\/b> <span style=\"font-weight: 400;\"><br \/><\/span><span style=\"font-weight: 400;\"><br \/><\/span><span style=\"font-weight: 400;\">\u09e7\u09ee\u09b6 \u09b6\u09a4\u09be\u09ac\u09cd\u09a6\u09c0\u09b0 \u09ae\u09be\u09b0\u09cd\u099c\u09bf\u09a4 \u09a8\u09be\u09a8\u09cd\u09a6\u09a8\u09bf\u0995\u09a4\u09be\u0995\u09c7 \u09aa\u09cd\u09b0\u09a4\u09bf\u09ab\u09b2\u09bf\u09a4 \u0995\u09b0\u09c7, \u09ab\u09b0\u09be\u09b8\u09bf \u09b0\u09bf\u099c\u09c7\u09a8\u09cd\u09b8\u09bf \u09aa\u09be\u0981 \u09ab\u09bf\u09b2\u09bf\u09a1\u09b0\u09c7\u09b0 \u09ac\u09bf\u0996\u09cd\u09af\u09be\u09a4 \u09a8\u09c0\u09a4\u09bf \u201c\u09aa\u09be\u0981\u0987 \u09b9\u09b2 \u09a6\u09be\u09ac\u09be-\u09b0 \u0986\u09a4\u09cd\u09ae\u09be\u201d\u0995\u09c7 \u09ae\u09c2\u09b0\u09cd\u09a4 \u0995\u09b0\u09c7 \u09a4\u09cb\u09b2\u09c7\u0964 \u098f\u0987 \u09b6\u09c8\u09b2\u09c0 \u099c\u09a8\u09aa\u09cd\u09b0\u09bf\u09af\u09bc \u0995\u09b0\u09a4\u09c7 \u09b8\u09b9\u09be\u09af\u09bc\u09a4\u09be \u0995\u09b0\u09be \u09ab\u09bf\u09b2\u09bf\u09a1\u09b0\u0995\u09c7 \u201c\u09ae\u09c7\u0995\u09be\u09a8\u09bf\u0995\u09cd\u09af\u09be\u09b2 \u099f\u09be\u09b0\u09cd\u0995\u201d \u09a8\u09be\u09ae\u09c7\u09b0 \u09a6\u09be\u09ac\u09be\u09b0 \u09b8\u09cd\u09ac\u09af\u09bc\u0982\u0995\u09cd\u09b0\u09bf\u09af\u09bc \u09af\u09a8\u09cd\u09a4\u09cd\u09b0\u0995\u09c7 \u09aa\u09b0\u09be\u099c\u09bf\u09a4 \u0995\u09b0\u09be\u09b0 \u099c\u09a8\u09cd\u09af\u0993 \u09b8\u09cd\u09ae\u09b0\u09a3 \u0995\u09b0\u09be \u09b9\u09af\u09bc, \u09af\u09be \u09a4\u09be\u0981\u09b0 \u0996\u09c7\u09b2\u09be \u0993 \u09af\u09c1\u0997\u09c7\u09b0 \u09ac\u09bf\u0996\u09cd\u09af\u09be\u09a4 \u09ad\u09cd\u09b0\u09be\u09a8\u09cd\u09a4\u09bf\u0997\u09c1\u09b2\u09cb\u09b0 \u0993\u09aa\u09b0 \u09a4\u09be\u0981\u09b0 \u09a6\u0995\u09cd\u09b7\u09a4\u09be \u09aa\u09cd\u09b0\u09ae\u09be\u09a3 \u0995\u09b0\u09c7\u099b\u09bf\u09b2\u0964.<\/span><\/p>\t\t\t\t\t\t\t\t<\/div>\n\t\t\t\t<\/div>\n\t\t\t\t<\/div>\n\t\t\t\t<\/div>\n\t\t\t\t\t<\/div>\n\t\t\t\t<\/div>\n\t\t\t\t<\/div>","protected":false},"excerpt":{"rendered":"<p>The \u015eah\u00ee Set: Regency Philidor Pawn \u00a0 The spread of coffee and caf\u00e9s intertwines with the evolution of chess. The R\u00e9gence Philidor pawn is inspired by the authentic chess set from Paris-R\u00e9gence caf\u00e9 during the Age of Enlightenment and the famous phrase by the era&#8217;s strongest player, Philidor: &#8220;Pawns are the soul of chess. \u00a0 [&hellip;]<\/p>\n","protected":false},"author":1,"featured_media":0,"parent":743,"menu_order":0,"comment_status":"closed","ping_status":"closed","template":"","meta":{"footnotes":""},"class_list":["post-1053","page","type-page","status-publish","hentry"],"_links":{"self":[{"href":"https:\/\/shatranj.art\/bn\/wp-json\/wp\/v2\/pages\/1053","targetHints":{"allow":["GET"]}}],"collection":[{"href":"https:\/\/shatranj.art\/bn\/wp-json\/wp\/v2\/pages"}],"about":[{"href":"https:\/\/shatranj.art\/bn\/wp-json\/wp\/v2\/types\/page"}],"author":[{"embeddable":true,"href":"https:\/\/shatranj.art\/bn\/wp-json\/wp\/v2\/users\/1"}],"replies":[{"embeddable":true,"href":"https:\/\/shatranj.art\/bn\/wp-json\/wp\/v2\/comments?post=1053"}],"version-history":[{"count":10,"href":"https:\/\/shatranj.art\/bn\/wp-json\/wp\/v2\/pages\/1053\/revisions"}],"predecessor-version":[{"id":1252,"href":"https:\/\/shatranj.art\/bn\/wp-json\/wp\/v2\/pages\/1053\/revisions\/1252"}],"up":[{"embeddable":true,"href":"https:\/\/shatranj.art\/bn\/wp-json\/wp\/v2\/pages\/743"}],"wp:attachment":[{"href":"https:\/\/shatranj.art\/bn\/wp-json\/wp\/v2\/media?parent=1053"}],"curies":[{"name":"wp","href":"https:\/\/api.w.org\/{rel}","templated":true}]}}