{"id":1068,"date":"2026-02-22T18:39:42","date_gmt":"2026-02-22T18:39:42","guid":{"rendered":"https:\/\/shatranj.art\/?page_id=1068"},"modified":"2026-02-24T09:00:42","modified_gmt":"2026-02-24T09:00:42","slug":"poster-29","status":"publish","type":"page","link":"https:\/\/shatranj.art\/bn\/exhibit\/poster-29\/","title":{"rendered":"\u09aa\u09cb\u09b8\u09cd\u099f\u09be\u09b0 \u09e8\u09ef"},"content":{"rendered":"<div data-elementor-type=\"wp-page\" data-elementor-id=\"1068\" class=\"elementor elementor-1068\" data-elementor-post-type=\"page\">\n\t\t\t\t<div class=\"elementor-element elementor-element-cfd54a0 e-flex e-con-boxed e-con e-parent\" data-id=\"cfd54a0\" data-element_type=\"container\" data-e-type=\"container\" data-settings=\"{&quot;background_background&quot;:&quot;classic&quot;}\">\n\t\t\t\t\t<div class=\"e-con-inner\">\n\t\t<div class=\"elementor-element elementor-element-00cae2a e-con-full e-flex e-con e-child\" data-id=\"00cae2a\" data-element_type=\"container\" data-e-type=\"container\">\n\t\t<div class=\"elementor-element elementor-element-edcf7ea e-con-full e-flex e-con e-child\" data-id=\"edcf7ea\" data-element_type=\"container\" data-e-type=\"container\">\n\t\t\t\t<div class=\"elementor-element elementor-element-411efec elementor-widget elementor-widget-image\" data-id=\"411efec\" data-element_type=\"widget\" data-e-type=\"widget\" data-widget_type=\"image.default\">\n\t\t\t\t<div class=\"elementor-widget-container\">\n\t\t\t\t\t\t\t\t\t\t\t\t\t\t\t<img fetchpriority=\"high\" decoding=\"async\" width=\"800\" height=\"384\" src=\"https:\/\/shatranj.art\/wp-content\/uploads\/2026\/02\/regence-cafe-chess-set-1780-1820-1-1024x491.png\" class=\"attachment-large size-large wp-image-1073\" alt=\"\" srcset=\"https:\/\/shatranj.art\/wp-content\/uploads\/2026\/02\/regence-cafe-chess-set-1780-1820-1-1024x491.png 1024w, https:\/\/shatranj.art\/wp-content\/uploads\/2026\/02\/regence-cafe-chess-set-1780-1820-1-300x144.png 300w, https:\/\/shatranj.art\/wp-content\/uploads\/2026\/02\/regence-cafe-chess-set-1780-1820-1-768x369.png 768w, https:\/\/shatranj.art\/wp-content\/uploads\/2026\/02\/regence-cafe-chess-set-1780-1820-1-1536x737.png 1536w, https:\/\/shatranj.art\/wp-content\/uploads\/2026\/02\/regence-cafe-chess-set-1780-1820-1.png 1886w\" sizes=\"(max-width: 800px) 100vw, 800px\" \/>\t\t\t\t\t\t\t\t\t\t\t\t\t\t\t<\/div>\n\t\t\t\t<\/div>\n\t\t\t\t<div class=\"elementor-element elementor-element-6e231da elementor-widget-tablet__width-inherit elementor-widget elementor-widget-text-editor\" data-id=\"6e231da\" data-element_type=\"widget\" data-e-type=\"widget\" data-widget_type=\"text-editor.default\">\n\t\t\t\t<div class=\"elementor-widget-container\">\n\t\t\t\t\t\t\t\t\t<p><strong>\u015eAH\u00ce \u09b8\u09c7\u099f \u09ae\u09a8\u09be\u09b0\u09cd\u099a\/\u0995\u09bf\u0982\/\u09b6\u09be\u09b9 \u09aa\u09bf\u09b8: \u0997\u09c1\u09b2\u09b6\u09be\u09b9<\/strong><\/p><p>\u0997\u09c1\u09b2\u09b6\u09be\u09b9 \u09ae\u09be\u09a5\u09be\u09b0 \u0995\u09be\u09aa\u09a1\u09bc\u09c7\u09b0 \u09aa\u09cd\u09b0\u099c\u09cd\u099e\u09be, \u0997\u09ae\u09cd\u09ac\u09c1\u099c\u09c7\u09b0 \u09aa\u09ac\u09bf\u09a4\u09cd\u09b0\u09a4\u09be \u0993 \u0995\u09b0\u09cd\u09a4\u09c3\u09a4\u09cd\u09ac \u098f\u09ac\u0982 \u099c\u09c0\u09ac\u09a8 \u0993 \u09b8\u09cc\u09a8\u09cd\u09a6\u09b0\u09cd\u09af\u09c7\u09b0 \u09aa\u09cd\u09b0\u09a4\u09c0\u0995 \u09b9\u09bf\u09b8\u09c7\u09ac\u09c7 \u0997\u09cb\u09b2\u09be\u09aa\u0995\u09c7 \u09aa\u09cd\u09b0\u09a4\u09bf\u09a8\u09bf\u09a7\u09bf\u09a4\u09cd\u09ac \u0995\u09b0\u09c7, \u09af\u09be \u099a\u09c7\u0995\u09ae\u09cd\u09af\u09be\u099f \u09a5\u09c7\u0995\u09c7 \u09b0\u0995\u09cd\u09b7\u09be \u0995\u09b0\u09a4\u09c7 \u09b9\u09ac\u09c7\u0964 \u0997\u09ae\u09cd\u09ac\u09c1\u099c\u099f\u09bf \u09b9\u09be\u0997\u09bf\u09af\u09bc\u09be \u09b8\u09cb\u09ab\u09bf\u09af\u09bc\u09be, \u09aa\u09cd\u09af\u09be\u09a8\u09cd\u09a5\u09bf\u09af\u09bc\u09a8 \u098f\u09ac\u0982 \u098f\u09ae\u0986\u0987\u099f\u09bf-\u098f\u09b0 \u09ae\u09a4\u09cb \u0986\u0987\u0995\u09a8\u09bf\u0995 \u09b8\u09cd\u09a5\u09be\u09aa\u09a4\u09cd\u09af \u09a5\u09c7\u0995\u09c7 \u0985\u09a8\u09c1\u09aa\u09cd\u09b0\u09c7\u09b0\u09a3\u09be \u09a8\u09c7\u09af\u09bc\u0964 \u09ae\u09be\u09a5\u09be\u09b0 \u0995\u09be\u09aa\u09a1\u09bc\u099f\u09bf \u0986\u09b8-\u09b8\u09c1\u09b2\u09bf \u0993 \u09b8\u09cd\u099f\u09be\u09ae\u09cd\u09ae\u09be\u09b0 \u09ae\u09a4\u09cb \u09aa\u09cd\u09b0\u09be\u09a5\u09ae\u09bf\u0995 \u09a6\u09be\u09ac\u09be \u09b2\u09c7\u0996\u0995\u09a6\u09c7\u09b0 \u09ac\u09cc\u09a6\u09cd\u09a7\u09bf\u0995 \u0990\u09a4\u09bf\u09b9\u09cd\u09af\u0995\u09c7 \u09aa\u09cd\u09b0\u09a4\u09bf\u09ab\u09b2\u09bf\u09a4 \u0995\u09b0\u09c7, \u0986\u09b0 \u09ae\u09c1\u0995\u09c1\u099f\u099f\u09bf \u09aa\u09cd\u09b0\u09be\u099a\u09c0\u09a8 \u0985\u09b2\u09bf\u09ae\u09cd\u09aa\u09bf\u0995\u09c7\u09b0 \u099c\u09b2\u09aa\u09be\u0987\u09af\u09bc\u09c7\u09b0 \u09ae\u09be\u09b2\u09be\u0995\u09c7 \u09b8\u09cd\u09ae\u09b0\u09a3 \u0995\u09b0\u09bf\u09af\u09bc\u09c7 \u09a6\u09c7\u09af\u09bc\u0964 \u0990\u09a4\u09bf\u09b9\u09be\u09b8\u09bf\u0995\u09ad\u09be\u09ac\u09c7, \u098f\u0987 \u099f\u09c1\u0995\u09b0\u09cb\u099f\u09bf\u0995\u09c7 \u09b0\u09be\u099c\u09be, \u09b6\u09be\u09b9, \u0995\u09bf\u0982 \u09ac\u09be \u0995\u09ae\u09be\u09a8\u09cd\u09a1\u09be\u09b0 \u09ac\u09b2\u09be \u09b9\u09af\u09bc\u09c7\u099b\u09c7\u0964 \u201c\u0997\u09c1\u09b2\u201d \u09ae\u09a7\u09cd\u09af \u098f\u09b6\u09c0\u09af\u09bc \u09ad\u09be\u09b7\u09be\u09af\u09bc \u0997\u09cb\u09b2\u09be\u09aa \u09ac\u09cb\u099d\u09be\u09af\u09bc\u0964 \u201c\u09b6\u09be\u09b9\u201d, \u0989\u099a\u09cd\u099a\u09be\u09b0\u09bf\u09a4 \u2018\u09b6\u09be\u09b9\u2019, \u0985\u09a8\u09c7\u0995 \u09ad\u09be\u09b7\u09be\u09af\u09bc \u09a6\u09be\u09ac\u09be \u0996\u09c7\u09b2\u09be\u099f\u09bf\u09b0 \u09a8\u09be\u09ae\u0964 \u09af\u09a6\u09bf\u0993 \u09b6\u09be\u09b9 \u09ae\u09c2\u09b2\u09a4 \u09aa\u09c1\u09b0\u09c1\u09b7 \u09b6\u09be\u09b8\u0995\u0995\u09c7 \u09ac\u09cb\u099d\u09be\u09a4, \u098f\u09b0 \u09b0\u09c2\u09aa\u0995 \u09ac\u09be \u0986\u09a7\u09c1\u09a8\u09bf\u0995 \u09ac\u09cd\u09af\u09ac\u09b9\u09be\u09b0 \u09b2\u09bf\u0999\u09cd\u0997-\u09a8\u09bf\u09b0\u09aa\u09c7\u0995\u09cd\u09b7 \u09b9\u09af\u09bc\u09c7 \u0989\u09a0\u09c7\u099b\u09c7\u0964.<\/p>\t\t\t\t\t\t\t\t<\/div>\n\t\t\t\t<\/div>\n\t\t\t\t<div class=\"elementor-element elementor-element-10b021d elementor-widget elementor-widget-image\" data-id=\"10b021d\" data-element_type=\"widget\" data-e-type=\"widget\" data-widget_type=\"image.default\">\n\t\t\t\t<div class=\"elementor-widget-container\">\n\t\t\t\t\t\t\t\t\t\t\t\t\t\t\t<img decoding=\"async\" width=\"188\" height=\"237\" src=\"https:\/\/shatranj.art\/wp-content\/uploads\/2026\/02\/Philipp-Stamma-Public-Domain.jpg\" class=\"attachment-large size-large wp-image-1071\" alt=\"\" \/>\t\t\t\t\t\t\t\t\t\t\t\t\t\t\t<\/div>\n\t\t\t\t<\/div>\n\t\t\t\t<\/div>\n\t\t<div class=\"elementor-element elementor-element-538608d e-con-full e-flex e-con e-child\" data-id=\"538608d\" data-element_type=\"container\" data-e-type=\"container\">\n\t\t\t\t<div class=\"elementor-element elementor-element-60ca9fa elementor-widget elementor-widget-image\" data-id=\"60ca9fa\" data-element_type=\"widget\" data-e-type=\"widget\" data-widget_type=\"image.default\">\n\t\t\t\t<div class=\"elementor-widget-container\">\n\t\t\t\t\t\t\t\t\t\t\t\t\t\t\t<img decoding=\"async\" width=\"800\" height=\"800\" src=\"https:\/\/shatranj.art\/wp-content\/uploads\/2026\/02\/shahi-gulsah-king-piece-1-1024x1024.png\" class=\"attachment-large size-large wp-image-1074\" alt=\"\" srcset=\"https:\/\/shatranj.art\/wp-content\/uploads\/2026\/02\/shahi-gulsah-king-piece-1-1024x1024.png 1024w, https:\/\/shatranj.art\/wp-content\/uploads\/2026\/02\/shahi-gulsah-king-piece-1-300x300.png 300w, https:\/\/shatranj.art\/wp-content\/uploads\/2026\/02\/shahi-gulsah-king-piece-1-150x150.png 150w, https:\/\/shatranj.art\/wp-content\/uploads\/2026\/02\/shahi-gulsah-king-piece-1-768x768.png 768w, https:\/\/shatranj.art\/wp-content\/uploads\/2026\/02\/shahi-gulsah-king-piece-1-1536x1536.png 1536w, https:\/\/shatranj.art\/wp-content\/uploads\/2026\/02\/shahi-gulsah-king-piece-1-2048x2048.png 2048w\" sizes=\"(max-width: 800px) 100vw, 800px\" \/>\t\t\t\t\t\t\t\t\t\t\t\t\t\t\t<\/div>\n\t\t\t\t<\/div>\n\t\t\t\t<div class=\"elementor-element elementor-element-aa06c95 elementor-widget-tablet__width-inherit elementor-widget elementor-widget-text-editor\" data-id=\"aa06c95\" data-element_type=\"widget\" data-e-type=\"widget\" data-widget_type=\"text-editor.default\">\n\t\t\t\t<div class=\"elementor-widget-container\">\n\t\t\t\t\t\t\t\t\t<p><strong>\u09ac\u09bf\u09ac\u09b0\u09a3 \u0993 \u0990\u09a4\u09bf\u09b9\u09cd\u09af<\/strong><\/p><p>\u0997\u09c1\u09b2\u09b6\u09be\u09b9 \u09aa\u09bf\u09b8\u09c7 \u098f\u0995\u099f\u09bf \u09b8\u09cd\u09ac\u09a4\u09a8\u09cd\u09a4\u09cd\u09b0 \u09ae\u09be\u09a5\u09be\u09b0 \u0986\u09ac\u09b0\u09a3 \u09a8\u0995\u09b6\u09be \u09b0\u09af\u09bc\u09c7\u099b\u09c7 \u09af\u09be \u09a6\u09be\u09ac\u09be \u0987\u09a4\u09bf\u09b9\u09be\u09b8\u09c7\u09b0 \u09ac\u09cc\u09a6\u09cd\u09a7\u09bf\u0995 \u09a6\u09c8\u09a4\u09cd\u09af\u09a6\u09c7\u09b0 \u09b8\u09ae\u09cd\u09ae\u09be\u09a8 \u099c\u09be\u09a8\u09be\u09af\u09bc\u0964 \u098f\u0987 \u09ae\u09be\u09a5\u09be\u09b0 \u0986\u09ac\u09b0\u09a3\u099f\u09bf \u09ae\u09a7\u09cd\u09af\u09af\u09c1\u0997\u09c0\u09af\u09bc \u09ae\u09be\u09b8\u09cd\u099f\u09be\u09b0 \u0986\u09b8-\u09b8\u09c1\u09b2\u09bf \u098f\u09ac\u0982 \u0985\u09b7\u09cd\u099f\u09be\u09a6\u09b6 \u09b6\u09a4\u09be\u09ac\u09cd\u09a6\u09c0\u09b0 \u09ae\u09be\u09b8\u09cd\u099f\u09be\u09b0 \u0993 \u09b0\u09be\u099c\u0995\u09c0\u09af\u09bc \u0985\u09a8\u09c1\u09ac\u09be\u09a6\u0995 \u09ab\u09bf\u09b2\u09bf\u09aa \u09b8\u09cd\u099f\u09be\u09ae\u09cd\u09ae\u09be\u09b0 \u09ae\u09a4\u09cb \u09ac\u09cd\u09af\u0995\u09cd\u09a4\u09bf\u09a4\u09cd\u09ac\u09a6\u09c7\u09b0 \u09aa\u09b0\u09bf\u09b9\u09bf\u09a4 \u0990\u09a4\u09bf\u09b9\u09cd\u09af\u09ac\u09be\u09b9\u09c0 \u099f\u09c1\u09aa\u09bf\u09b0 \u0985\u09a8\u09c1\u0995\u09b0\u09a3\u09c7 \u09a4\u09c8\u09b0\u09bf\u0964 \u0986\u09b2\u09c7\u09aa\u09cd\u09aa\u09cb\u09a4\u09c7 \u099c\u09a8\u09cd\u09ae\u0997\u09cd\u09b0\u09b9\u09a3 \u0995\u09b0\u09c7 \u09b2\u09a8\u09cd\u09a1\u09a8 \u0993 \u09aa\u09cd\u09af\u09be\u09b0\u09bf\u09b8\u09c7\u09b0 \u09aa\u09cd\u09b0\u09a7\u09be\u09a8 \u09ac\u09cc\u09a6\u09cd\u09a7\u09bf\u0995 \u0995\u09c7\u09a8\u09cd\u09a6\u09cd\u09b0\u0997\u09c1\u09b2\u09cb\u09a4\u09c7 \u09b8\u0995\u09cd\u09b0\u09bf\u09af\u09bc \u09a5\u09be\u0995\u09be \u09b8\u09cd\u099f\u09be\u09ae\u09cd\u09ae\u09be \u099b\u09bf\u09b2\u09c7\u09a8 \u098f\u0995\u099c\u09a8 \u09aa\u09cd\u09b0\u0995\u09c3\u09a4 \u09ac\u09b9\u09c1\u09b8\u09be\u0982\u09b8\u09cd\u0995\u09c3\u09a4\u09bf\u0995 \u09ac\u09cd\u09af\u0995\u09cd\u09a4\u09bf\u09a4\u09cd\u09ac, \u09af\u09bf\u09a8\u09bf \u09ac\u09cd\u09b0\u09bf\u099f\u09bf\u09b6 \u09b0\u09be\u09b7\u09cd\u099f\u09cd\u09b0\u09c7\u09b0 \u09a6\u09cb\u09ad\u09be\u09b7\u09c0 \u09b9\u09bf\u09b8\u09c7\u09ac\u09c7 \u0995\u09be\u099c \u098f\u09ac\u0982 \u09a4\u09be\u0981\u09b0 \u0989\u09a6\u09cd\u09ad\u09be\u09ac\u09a8\u09c0 \u09a6\u09be\u09ac\u09be \u09b2\u09bf\u09aa\u09bf\u09ac\u09a6\u09cd\u09a7\u0995\u09b0\u09a3 \u09aa\u09a6\u09cd\u09a7\u09a4\u09bf \u09a6\u09cd\u09ac\u09be\u09b0\u09be \u09aa\u09c2\u09b0\u09cd\u09ac \u0993 \u09aa\u09b6\u09cd\u099a\u09bf\u09ae\u09c7\u09b0 \u0990\u09a4\u09bf\u09b9\u09cd\u09af\u0995\u09c7 \u09b8\u0982\u09af\u09c1\u0995\u09cd\u09a4 \u0995\u09b0\u09c7\u099b\u09bf\u09b2\u09c7\u09a8\u0964 \u098f\u0987 \u09a8\u0995\u09b6\u09be\u099f\u09bf \u099f\u09c1\u0995\u09b0\u09cb\u099f\u09bf\u09a4\u09c7 \u0997\u09ad\u09c0\u09b0 \u09aa\u09cd\u09b0\u099c\u09cd\u099e\u09be \u0993 \u09aa\u09a3\u09cd\u09a1\u09bf\u09a4\u09b8\u09c1\u09b2\u09ad \u0995\u09b0\u09cd\u09a4\u09c3\u09a4\u09cd\u09ac\u09c7\u09b0 \u0985\u09a8\u09c1\u09ad\u09c2\u09a4\u09bf \u09af\u09cb\u0997 \u0995\u09b0\u09c7\u0964.<\/p>\t\t\t\t\t\t\t\t<\/div>\n\t\t\t\t<\/div>\n\t\t\t\t<div class=\"elementor-element elementor-element-117e242 elementor-widget elementor-widget-image\" data-id=\"117e242\" data-element_type=\"widget\" data-e-type=\"widget\" data-widget_type=\"image.default\">\n\t\t\t\t<div class=\"elementor-widget-container\">\n\t\t\t\t\t\t\t\t\t\t\t\t\t\t\t<img loading=\"lazy\" decoding=\"async\" width=\"800\" height=\"592\" src=\"https:\/\/shatranj.art\/wp-content\/uploads\/2026\/02\/olive-crown-olympos-1024x758.jpg\" class=\"attachment-large size-large wp-image-1558\" alt=\"\" srcset=\"https:\/\/shatranj.art\/wp-content\/uploads\/2026\/02\/olive-crown-olympos-1024x758.jpg 1024w, https:\/\/shatranj.art\/wp-content\/uploads\/2026\/02\/olive-crown-olympos-300x222.jpg 300w, https:\/\/shatranj.art\/wp-content\/uploads\/2026\/02\/olive-crown-olympos-768x568.jpg 768w, https:\/\/shatranj.art\/wp-content\/uploads\/2026\/02\/olive-crown-olympos-16x12.jpg 16w, https:\/\/shatranj.art\/wp-content\/uploads\/2026\/02\/olive-crown-olympos.jpg 1280w\" sizes=\"(max-width: 800px) 100vw, 800px\" \/>\t\t\t\t\t\t\t\t\t\t\t\t\t\t\t<\/div>\n\t\t\t\t<\/div>\n\t\t\t\t<div class=\"elementor-element elementor-element-07417e4 elementor-widget-tablet__width-inherit elementor-widget elementor-widget-text-editor\" data-id=\"07417e4\" data-element_type=\"widget\" data-e-type=\"widget\" data-widget_type=\"text-editor.default\">\n\t\t\t\t<div class=\"elementor-widget-container\">\n\t\t\t\t\t\t\t\t\t<p><strong>\u09b0\u09cb\u099c\u09c7\u09b0 \u09aa\u09be\u09aa\u09a1\u09bc\u09bf \u098f\u09ac\u0982 \u0985\u09b2\u09bf\u09ae\u09cd\u09aa\u09be\u09b8\u09c7\u09b0 \u099c\u09b2\u09aa\u09be\u0987 \u09ae\u09c1\u0995\u09c1\u099f<\/strong><\/p><p>\u015eAH\u00ce \u09ae\u09a8\u09be\u09b0\u09cd\u099a \u09aa\u09bf\u09b8\u09c7\u09b0 \u09ae\u09c1\u0995\u09c1\u099f\u099f\u09bf\u09a4\u09c7 \u0997\u09cb\u09b2\u09be\u09aa\u09c7\u09b0 \u09aa\u09be\u09aa\u09a1\u09bc\u09bf \u09b0\u09af\u09bc\u09c7\u099b\u09c7, \u09af\u09be \u099c\u09c0\u09ac\u09a8\u09c7\u09b0 \u09b8\u09cc\u09a8\u09cd\u09a6\u09b0\u09cd\u09af \u0993 \u09ad\u0999\u09cd\u0997\u09c1\u09b0\u09a4\u09be\u0995\u09c7 \u09aa\u09cd\u09b0\u09a4\u09c0\u0995\u09c0 \u0995\u09b0\u09c7\u2014\u098f\u0995\u099f\u09bf \u09ae\u09c2\u09b2\u09cd\u09af\u09ac\u09be\u09a8 \u0985\u09ac\u09b8\u09cd\u09a5\u09be, \u09af\u09be\u0995\u09c7 \u09a4\u09c0\u09ac\u09cd\u09b0\u09ad\u09be\u09ac\u09c7 \u09b0\u0995\u09cd\u09b7\u09be \u0995\u09b0\u09a4\u09c7 \u09b9\u09af\u09bc, \u09a0\u09bf\u0995 \u09af\u09c7\u09ae\u09a8 \u09a6\u09be\u09ac\u09be \u09ac\u09cb\u09b0\u09cd\u09a1\u09c7 \u09b0\u09be\u099c\u09be\u0995\u09c7 \u099a\u09c7\u0995\u09ae\u09cd\u09af\u09be\u099f \u09a5\u09c7\u0995\u09c7 \u09ac\u09be\u0981\u099a\u09be\u09a4\u09c7 \u09b8\u09c1\u09b0\u0995\u09cd\u09b7\u09bf\u09a4 \u09b0\u09be\u0996\u09be \u09b9\u09af\u09bc\u0964 \u098f\u0987 \u09a8\u0995\u09b6\u09be\u099f\u09bf \u0986\u09b0\u0993 \u0985\u09a8\u09c1\u09aa\u09cd\u09b0\u09be\u09a3\u09bf\u09a4 \u09b9\u09af\u09bc\u09c7\u099b\u09c7 \u0985\u09b2\u09bf\u09ae\u09cd\u09aa\u09be\u09b8\u09c7\u09b0 \u099c\u09b2\u09aa\u09be\u0987 \u09ae\u09c1\u0995\u09c1\u099f \u09a5\u09c7\u0995\u09c7, \u09af\u09be \u0990\u09a4\u09bf\u09b9\u09be\u09b8\u09bf\u0995 \u09ac\u09bf\u099c\u09af\u09bc\u09c7\u09b0 \u0986\u0995\u09be\u0999\u09cd\u0995\u09cd\u09b7\u09be\u0995\u09c7 \u099c\u09c0\u09ac\u09a8\u09c7\u09b0 \u09b8\u09c2\u0995\u09cd\u09b7\u09cd\u09ae \u09aa\u09cd\u09b0\u0995\u09c3\u09a4\u09bf \u09b8\u0982\u09b0\u0995\u09cd\u09b7\u09a3\u09c7\u09b0 \u09b8\u09be\u09a5\u09c7 \u09b8\u0982\u09af\u09c1\u0995\u09cd\u09a4 \u0995\u09b0\u09c7\u0964.<\/p>\t\t\t\t\t\t\t\t<\/div>\n\t\t\t\t<\/div>\n\t\t\t\t<\/div>\n\t\t<div class=\"elementor-element elementor-element-2d81034 e-con-full e-flex e-con e-child\" data-id=\"2d81034\" data-element_type=\"container\" data-e-type=\"container\">\n\t\t\t\t<div class=\"elementor-element elementor-element-71345be elementor-widget elementor-widget-image\" data-id=\"71345be\" data-element_type=\"widget\" data-e-type=\"widget\" data-widget_type=\"image.default\">\n\t\t\t\t<div class=\"elementor-widget-container\">\n\t\t\t\t\t\t\t\t\t\t\t\t\t\t\t<img loading=\"lazy\" decoding=\"async\" width=\"600\" height=\"800\" src=\"https:\/\/shatranj.art\/wp-content\/uploads\/2026\/02\/suli-statue.jpg\" class=\"attachment-large size-large wp-image-1075\" alt=\"\" srcset=\"https:\/\/shatranj.art\/wp-content\/uploads\/2026\/02\/suli-statue.jpg 600w, https:\/\/shatranj.art\/wp-content\/uploads\/2026\/02\/suli-statue-225x300.jpg 225w\" sizes=\"(max-width: 600px) 100vw, 600px\" \/>\t\t\t\t\t\t\t\t\t\t\t\t\t\t\t<\/div>\n\t\t\t\t<\/div>\n\t\t\t\t<div class=\"elementor-element elementor-element-1f7e824 elementor-widget-tablet__width-inherit elementor-widget elementor-widget-text-editor\" data-id=\"1f7e824\" data-element_type=\"widget\" data-e-type=\"widget\" data-widget_type=\"text-editor.default\">\n\t\t\t\t<div class=\"elementor-widget-container\">\n\t\t\t\t\t\t\t\t\t<p><strong>\u09aa\u09cd\u09b0\u09ac\u09cb\u09a7\u09c7\u09b0 \u0990\u09a4\u09bf\u09b9\u09cd\u09af<\/strong><br \/><strong>\u015eah\u00ee \u09b8\u09c7\u099f\u09c7 \u09b0\u09c7\u0981\u099c\u09be\u0981\u09b8\u09c7\u09b0 \u0989\u09a4\u09cd\u09a4\u09b0\u09be\u09a7\u09bf\u0995\u09be\u09b0<\/strong><\/p><p>\u00a0<\/p><p>\u09ab\u09b0\u09be\u09b8\u09bf \u09b0\u09c7\u0981\u099c\u09be\u0981 \u09b8\u09c7\u099f \u0986\u09b2\u09cb\u0995\u09be\u09af\u09bc\u09a8 \u09af\u09c1\u0997\u09c7\u09b0 \u09aa\u09cd\u09b0\u09a4\u09c0\u0995, \u098f\u0995\u099f\u09bf \u09b8\u09ae\u09af\u09bc \u09af\u09be \u09af\u09c1\u0995\u09cd\u09a4\u09bf \u0993 \u099c\u09cd\u099e\u09be\u09a8\u09c7\u09b0 \u0985\u09a8\u09c1\u09b8\u09a8\u09cd\u09a7\u09be\u09a8 \u09a6\u09cd\u09ac\u09be\u09b0\u09be \u09b8\u0982\u099c\u09cd\u099e\u09be\u09af\u09bc\u09bf\u09a4\u0964 \u09ac\u09c7\u09a8\u099c\u09be\u09ae\u09bf\u09a8 \u09ab\u09cd\u09b0\u09cd\u09af\u09be\u0999\u09cd\u0995\u09b2\u09bf\u09a8, \u09a8\u09c7\u09aa\u09cb\u09b2\u09bf\u09af\u09bc\u09a8 \u09ac\u09cb\u09a8\u09be\u09aa\u09be\u09b0\u09cd\u099f \u098f\u09ac\u0982 \u09ae\u09be\u09b8\u09cd\u099f\u09be\u09b0 \u09ab\u09bf\u09b2\u09bf\u09a1\u09cb\u09b0\u09c7\u09b0 \u09ae\u09a4\u09cb \u0990\u09a4\u09bf\u09b9\u09be\u09b8\u09bf\u0995 \u09ac\u09cd\u09af\u0995\u09cd\u09a4\u09bf\u09a4\u09cd\u09ac\u09b0\u09be \u09ac\u09bf\u0996\u09cd\u09af\u09be\u09a4 \u0995\u09cd\u09af\u09be\u09ab\u09c7 \u09a6\u09c7 \u09b2\u09be \u09b0\u09c7\u0981\u099c\u09be\u0981-\u09a4\u09c7 \u098f\u0987 \u09b8\u09c7\u099f\u09c7 \u0996\u09c7\u09b2\u09c7\u099b\u09bf\u09b2\u09c7\u09a8, \u09af\u09be \u09ac\u09cc\u09a6\u09cd\u09a7\u09bf\u0995 \u09aa\u09cd\u09b0\u09a4\u09bf\u09af\u09cb\u0997\u09bf\u09a4\u09be\u09b0 \u09ae\u09be\u09a8\u09a6\u09a3\u09cd\u09a1 \u09b9\u09af\u09bc\u09c7 \u0993\u09a0\u09c7\u0964 \u015eah\u00ee \u09a6\u09be\u09ac\u09be \u09b8\u09c7\u099f\u099f\u09bf \u0987\u099a\u09cd\u099b\u09be\u0995\u09c3\u09a4\u09ad\u09be\u09ac\u09c7 \u098f\u0987 \u0990\u09a4\u09bf\u09b9\u09cd\u09af \u09b8\u0982\u09b0\u0995\u09cd\u09b7\u09a3 \u0995\u09b0\u09c7\u0964 \u0997\u09c1\u09b2\u09b6\u09be\u09b9 \u099f\u09c1\u0995\u09b0\u09cb\u09b0 \u099c\u09a8\u09cd\u09af \u09b0\u09c7\u099c\u09c7\u0981\u09b8 \u0995\u09bf\u0982-\u098f\u09b0 \u09ab\u09c1\u09b2\u09c7\u09b0 \u09ae\u09cb\u099f\u09bf\u09ab \u09a5\u09c7\u0995\u09c7 \u0985\u09a8\u09c1\u09aa\u09cd\u09b0\u09c7\u09b0\u09a3\u09be \u09a8\u09bf\u09af\u09bc\u09c7, \u015eah\u00ee \u09b8\u09c7\u099f\u099f\u09bf \u09e7\u09ee\u09b6 \u09b6\u09a4\u09be\u09ac\u09cd\u09a6\u09c0\u09b0 \u0987\u0989\u09b0\u09cb\u09aa\u09c0\u09af\u09bc \u09ae\u09be\u09b0\u09cd\u099c\u09bf\u09a4\u09a4\u09be\u0995\u09c7 \u09aa\u09c2\u09b0\u09cd\u09ac\u09a6\u09c7\u09b6\u09c7\u09b0 \u0997\u09ad\u09c0\u09b0 \u09aa\u09a3\u09cd\u09a1\u09bf\u09a4 \u0990\u09a4\u09bf\u09b9\u09cd\u09af\u09c7\u09b0 \u09b8\u09be\u09a5\u09c7 \u09b8\u0982\u09af\u09c1\u0995\u09cd\u09a4 \u0995\u09b0\u09c7, \u09b8\u09c7\u0987 \u09b8\u09ac \u09ae\u09be\u09b8\u09cd\u099f\u09be\u09b0\u09a6\u09c7\u09b0 \u09b8\u09ae\u09cd\u09ae\u09be\u09a8 \u099c\u09be\u09a8\u09be\u09af\u09bc \u09af\u09be\u09b0\u09be \u0996\u09c7\u09b2\u09be\u099f\u09bf\u09b0 \u09b8\u09cd\u09ac\u09b0\u09cd\u09a3\u09af\u09c1\u0997 \u09a8\u09bf\u09b0\u09cd\u09a7\u09be\u09b0\u09a3 \u0995\u09b0\u09c7\u099b\u09bf\u09b2\u09c7\u09a8\u0964.<\/p>\t\t\t\t\t\t\t\t<\/div>\n\t\t\t\t<\/div>\n\t\t\t\t<\/div>\n\t\t\t\t<\/div>\n\t\t\t\t\t<\/div>\n\t\t\t\t<\/div>\n\t\t\t\t<\/div>","protected":false},"excerpt":{"rendered":"<p>\u015eAH\u00ce set monarch\/king\/shah piece: G\u00fcl\u015fah G\u00fcl\u015fah represents the wisdom of the headwrap, the sanctity and authority of the dome, and rose as a symbol of life and beauty, which must be protected from checkmate. The dome draws inspiration from iconic structures like the Hagia Sophia, the Pantheon, and MIT. The headwrap reflects the intellectual legacy [&hellip;]<\/p>\n","protected":false},"author":1,"featured_media":0,"parent":743,"menu_order":0,"comment_status":"closed","ping_status":"closed","template":"","meta":{"footnotes":""},"class_list":["post-1068","page","type-page","status-publish","hentry"],"_links":{"self":[{"href":"https:\/\/shatranj.art\/bn\/wp-json\/wp\/v2\/pages\/1068","targetHints":{"allow":["GET"]}}],"collection":[{"href":"https:\/\/shatranj.art\/bn\/wp-json\/wp\/v2\/pages"}],"about":[{"href":"https:\/\/shatranj.art\/bn\/wp-json\/wp\/v2\/types\/page"}],"author":[{"embeddable":true,"href":"https:\/\/shatranj.art\/bn\/wp-json\/wp\/v2\/users\/1"}],"replies":[{"embeddable":true,"href":"https:\/\/shatranj.art\/bn\/wp-json\/wp\/v2\/comments?post=1068"}],"version-history":[{"count":10,"href":"https:\/\/shatranj.art\/bn\/wp-json\/wp\/v2\/pages\/1068\/revisions"}],"predecessor-version":[{"id":1561,"href":"https:\/\/shatranj.art\/bn\/wp-json\/wp\/v2\/pages\/1068\/revisions\/1561"}],"up":[{"embeddable":true,"href":"https:\/\/shatranj.art\/bn\/wp-json\/wp\/v2\/pages\/743"}],"wp:attachment":[{"href":"https:\/\/shatranj.art\/bn\/wp-json\/wp\/v2\/media?parent=1068"}],"curies":[{"name":"wp","href":"https:\/\/api.w.org\/{rel}","templated":true}]}}