{"id":1355,"date":"2026-02-23T08:47:26","date_gmt":"2026-02-23T08:47:26","guid":{"rendered":"https:\/\/shatranj.art\/?page_id=1355"},"modified":"2026-02-24T06:17:29","modified_gmt":"2026-02-24T06:17:29","slug":"poster-33","status":"publish","type":"page","link":"https:\/\/shatranj.art\/bn\/exhibit\/poster-33\/","title":{"rendered":"\u09aa\u09cb\u09b8\u09cd\u099f\u09be\u09b0 \u09e9\u09e9"},"content":{"rendered":"<div data-elementor-type=\"wp-page\" data-elementor-id=\"1355\" class=\"elementor elementor-1355\" data-elementor-post-type=\"page\">\n\t\t\t\t<div class=\"elementor-element elementor-element-2851794 e-flex e-con-boxed e-con e-parent\" data-id=\"2851794\" data-element_type=\"container\" data-e-type=\"container\" data-settings=\"{&quot;background_background&quot;:&quot;classic&quot;}\">\n\t\t\t\t\t<div class=\"e-con-inner\">\n\t\t<div class=\"elementor-element elementor-element-ed4d108 e-con-full e-flex e-con e-child\" data-id=\"ed4d108\" data-element_type=\"container\" data-e-type=\"container\">\n\t\t\t\t<div class=\"elementor-element elementor-element-2753e94 elementor-widget elementor-widget-image\" data-id=\"2753e94\" data-element_type=\"widget\" data-e-type=\"widget\" data-widget_type=\"image.default\">\n\t\t\t\t<div class=\"elementor-widget-container\">\n\t\t\t\t\t\t\t\t\t\t\t\t\t\t\t<img fetchpriority=\"high\" decoding=\"async\" width=\"800\" height=\"534\" src=\"https:\/\/shatranj.art\/wp-content\/uploads\/2026\/02\/ulku-ve-dalkiran-kultur-un-1024x683.jpeg\" class=\"attachment-large size-large wp-image-1359\" alt=\"\" srcset=\"https:\/\/shatranj.art\/wp-content\/uploads\/2026\/02\/ulku-ve-dalkiran-kultur-un-1024x683.jpeg 1024w, https:\/\/shatranj.art\/wp-content\/uploads\/2026\/02\/ulku-ve-dalkiran-kultur-un-300x200.jpeg 300w, https:\/\/shatranj.art\/wp-content\/uploads\/2026\/02\/ulku-ve-dalkiran-kultur-un-768x512.jpeg 768w, https:\/\/shatranj.art\/wp-content\/uploads\/2026\/02\/ulku-ve-dalkiran-kultur-un-1536x1024.jpeg 1536w, https:\/\/shatranj.art\/wp-content\/uploads\/2026\/02\/ulku-ve-dalkiran-kultur-un-2048x1365.jpeg 2048w, https:\/\/shatranj.art\/wp-content\/uploads\/2026\/02\/ulku-ve-dalkiran-kultur-un-18x12.jpeg 18w\" sizes=\"(max-width: 800px) 100vw, 800px\" \/>\t\t\t\t\t\t\t\t\t\t\t\t\t\t\t<\/div>\n\t\t\t\t<\/div>\n\t\t\t\t<div class=\"elementor-element elementor-element-1b1dadb elementor-widget-tablet__width-inherit elementor-widget elementor-widget-text-editor\" data-id=\"1b1dadb\" data-element_type=\"widget\" data-e-type=\"widget\" data-widget_type=\"text-editor.default\">\n\t\t\t\t<div class=\"elementor-widget-container\">\n\t\t\t\t\t\t\t\t\t<h3><strong>\u09ae\u09c1\u09b8\u09cd\u09a4\u09ab\u09be \u0995\u09be\u09ae\u09be\u09b2 \u0986\u09a4\u09be\u09a4\u09c1\u09b0\u09cd\u0995\u09c7\u09b0 \u09a6\u09be\u09ac\u09be \u09b8\u09c7\u099f<\/strong><span style=\"font-weight: 400;\"><br \/><\/span><span style=\"font-weight: 400;\"><br \/><\/span><\/h3><p><span style=\"font-weight: 400;\">\u098f\u0987 \u09aa\u09cd\u09b0\u09a6\u09b0\u09cd\u09b6\u09a8\u09c0\u09b0 \u098f\u0987 \u0985\u0982\u09b6\u099f\u09bf \u09a4\u09c1\u09b0\u09cd\u0995\u09bf \u0987\u09a4\u09bf\u09b9\u09be\u09b8\u09c7\u09b0 \u098f\u0995\u099f\u09bf \u0985\u09a8\u09a8\u09cd\u09af \u09a8\u09bf\u09a6\u09b0\u09cd\u09b6\u09a8 \u09a4\u09c1\u09b2\u09c7 \u09a7\u09b0\u09c7: \u09a4\u09c1\u09b0\u09b8\u09cd\u0995 \u09aa\u09cd\u09b0\u099c\u09be\u09a4\u09a8\u09cd\u09a4\u09cd\u09b0\u09c7\u09b0 \u09aa\u09cd\u09b0\u09a4\u09bf\u09b7\u09cd\u09a0\u09be\u09a4\u09be \u09ae\u09c1\u09b8\u09cd\u09a4\u09ab\u09be \u0995\u09be\u09ae\u09be\u09b2 \u0986\u09a4\u09be\u09a4\u09c1\u09b0\u09cd\u0995\u09c7\u09b0 \u09ac\u09cd\u09af\u0995\u09cd\u09a4\u09bf\u0997\u09a4 \u09a6\u09be\u09ac\u09be \u09b8\u09c7\u099f\u0964 \u0997\u09cd\u09af\u09be\u09b2\u09be\u09b0\u09bf\u09b0 \u099b\u09ac\u09bf\u09a4\u09c7 \u098f\u0987\u099a. \u09b8\u09c7\u09b0\u09a4\u09be\u099a \u09a1\u09be\u09b2\u0995\u09bf\u09b0\u09be\u09a8\u0995\u09c7 \u0986\u09a4\u09be\u09a4\u09c1\u09b0\u09cd\u0995\u09c7\u09b0 \u09a6\u09a4\u09cd\u09a4\u0995 \u0995\u09a8\u09cd\u09af\u09be \u0989\u09b2\u0995\u09c1 \u0986\u09a6\u09be\u09a4\u09c7\u09aa\u09c7\u09b0 \u09aa\u09be\u09b6\u09c7 \u09a6\u09be\u0981\u09a1\u09bc\u09bf\u09af\u09bc\u09c7 \u0997\u09b0\u09cd\u09ac\u09c7\u09b0 \u09b8\u0999\u09cd\u0997\u09c7 \u09b8\u09c7\u099f\u099f\u09bf \u0989\u09aa\u09b8\u09cd\u09a5\u09be\u09aa\u09a8 \u0995\u09b0\u09a4\u09c7 \u09a6\u09c7\u0996\u09be \u09af\u09be\u099a\u09cd\u099b\u09c7\u0964.<\/span><span style=\"font-weight: 400;\"><br \/><\/span><span style=\"font-weight: 400;\"><br \/><\/span><span style=\"font-weight: 400;\">\u098f\u0987 \u09a6\u09be\u09ac\u09be \u09b8\u09c7\u099f\u099f\u09bf \u09ac\u0995\u09cd\u09b8\u0989\u09a1 \u09a5\u09c7\u0995\u09c7 \u0985\u09a8\u09a8\u09cd\u09af \u09a8\u0995\u09b6\u09be\u09af\u09bc \u0996\u09cb\u09a6\u09be\u0987 \u0995\u09b0\u09be \u09b9\u09af\u09bc\u09c7\u099b\u09bf\u09b2\u0964 \u098f\u099f\u09bf \u0997\u09cd\u09af\u09be\u09b2\u09bf\u09aa\u09cb\u09b2\u09bf \u09af\u09c1\u09a6\u09cd\u09a7 \u09a5\u09c7\u0995\u09c7 \u0985\u09a8\u09c1\u09aa\u09cd\u09b0\u09be\u09a3\u09bf\u09a4 \u098f\u09ac\u0982 \u09a4\u09c8\u09b0\u09bf \u0995\u09b0\u09c7\u099b\u09bf\u09b2\u09c7\u09a8 \u09a4\u09be\u09b9\u09b8\u09bf\u09a8 \u099a\u09c1\u0995\u09c1\u09b0\u09b2\u09c1\u0993\u0997\u09cd\u09b2\u09c1, \u09af\u09bf\u09a8\u09bf \u0986\u09a4\u09be\u09a4\u09c1\u09b0\u09cd\u0995 \u09ab\u09b0\u09c7\u09b8\u09cd\u099f \u09ab\u09be\u09b0\u09cd\u09ae\u09c7\u09b0 \u09b8\u09cd\u099f\u09c7\u09b6\u09a8 \u09aa\u09cd\u09b0\u09a7\u09be\u09a8, \u099c\u09c1\u09ac\u09be\u0987\u09a6\u09c7 \u09b9\u09be\u09a8\u09bf\u09ae\u09c7\u09b0 \u09a6\u09a4\u09cd\u09a4\u0995 \u0995\u09a8\u09cd\u09af\u09be \u09ad\u09be\u09b8\u09ab\u09bf\u09af\u09bc\u09c7 \u09b9\u09be\u09a8\u09bf\u09ae\u09c7\u09b0 \u09b8\u09cd\u09ac\u09be\u09ae\u09c0 \u098f\u09ac\u0982 \u0986\u09a4\u09be\u09a4\u09c1\u09b0\u09cd\u0995\u09c7\u09b0 \u09a6\u09a4\u09cd\u09a4\u0995 \u0995\u09a8\u09cd\u09af\u09be \u0989\u09b2\u0995\u09c1 \u0986\u09a6\u09be\u09a4\u09c7\u09aa\u09c7\u09b0 \u09aa\u09bf\u09a4\u09be\u0964 \u098f\u099f\u09bf \u0986\u09a4\u09be\u09a4\u09c1\u09b0\u09cd\u0995\u0995\u09c7 \u0989\u09aa\u09b9\u09be\u09b0 \u09b9\u09bf\u09b8\u09c7\u09ac\u09c7 \u09aa\u09cd\u09b0\u09a6\u09be\u09a8 \u0995\u09b0\u09be \u09b9\u09af\u09bc\u09c7\u099b\u09bf\u09b2\u0964 \u09b0\u09c1\u0995\u0997\u09c1\u09b2\u09cb\u0995\u09c7 \u0995\u09be\u09ae\u09be\u09a8 \u09b9\u09bf\u09b8\u09c7\u09ac\u09c7 \u099a\u09bf\u09a4\u09cd\u09b0\u09bf\u09a4 \u0995\u09b0\u09be \u09b9\u09af\u09bc\u09c7\u099b\u09c7, \u0995\u09be\u09b0\u09a3 \u09a6\u0995\u09cd\u09b7\u09bf\u09a3-\u09b8\u09cd\u09b2\u09be\u09ad\u09bf\u0995 \u0993 \u09ac\u09b2\u0995\u09be\u09a8 \u0985\u09a8\u09c7\u0995 \u09ad\u09be\u09b7\u09be\u09af\u09bc \u098f\u0987 \u099f\u09c1\u0995\u09b0\u09cb\u0995\u09c7 \u201c\u0995\u09be\u09ae\u09be\u09a8\u201d \u09ac\u09be \"\u099f\u09aa\" \u09ac\u09b2\u09be \u09b9\u09af\u09bc\u0964.\u00a0<\/span><\/p><p><span style=\"font-weight: 400;\">\u0986\u09a4\u09be\u09a4\u09c1\u09b0\u09cd\u0995\u09c7\u09b0 \u09aa\u09cd\u09b0\u09af\u09bc\u09be\u09a3\u09c7\u09b0 \u09aa\u09b0 \u098f\u0987 \u09aa\u09b0\u09bf\u09ac\u09be\u09b0 \u09b8\u09c7\u099f\u099f\u09bf \u09b8\u0982\u09b0\u0995\u09cd\u09b7\u09a3 \u0995\u09b0\u09c7\u099b\u09bf\u09b2\u0964 \u09a4\u09be\u09b9\u09b8\u09bf\u09a8 \u099a\u09c1\u0995\u09c1\u09b0\u09b2\u09c1\u0993\u0997\u09b2\u09c1\u09b0 \u09ae\u09c3\u09a4\u09cd\u09af\u09c1\u09b0 \u09aa\u09b0 \u09b8\u09c7\u099f\u099f\u09bf \u09b8\u09cd\u09ae\u09be\u09b0\u0995 \u09b9\u09bf\u09b8\u09c7\u09ac\u09c7 \u09a4\u09be\u0981\u09b0 \u0998\u09a8\u09bf\u09b7\u09cd\u09a0 \u09ac\u09a8\u09cd\u09a7\u09c1 \u09b8\u09c7\u09b2\u09be\u09b9\u09be\u09a4\u09cd\u09a4\u09bf\u09a8 \u0986\u09b6\u09cd\u200c\u0995\u09be\u09a8\u09c7\u09b0 \u0995\u09be\u099b\u09c7 \u09a6\u09c7\u0993\u09af\u09bc\u09be \u09b9\u09af\u09bc, \u09af\u09bf\u09a8\u09bf \u09a6\u09be\u09ac\u09be \u09b8\u09ae\u09cd\u09aa\u09cd\u09b0\u09a6\u09be\u09af\u09bc\u09c7\u09b0 \u098f\u0995\u099c\u09a8 \u09b8\u09ae\u09cd\u09ae\u09be\u09a8\u09bf\u09a4 \u09ac\u09cd\u09af\u0995\u09cd\u09a4\u09bf\u09a4\u09cd\u09ac, \u098f\u09ac\u0982 \u098f\u099f\u09bf \u0987\u09b8\u09cd\u09a4\u09be\u09a8\u09ac\u09c1\u09b2\u09c7\u09b0 \u099c\u09c7\u09ad\u09bf\u099c\u09b2\u09bf-\u09a4\u09c7 \u09a4\u09be\u0981\u09b0 \u09ac\u09be\u09a1\u09bc\u09bf\u09a4\u09c7 \u09b0\u09be\u0996\u09be \u09b9\u09af\u09bc\u0964.<\/span><\/p><p><span style=\"font-weight: 400;\">\u09aa\u09b0\u09ac\u09b0\u09cd\u09a4\u09c0\u09a4\u09c7 \u098f\u0987 \u09b8\u09c7\u099f\u099f\u09bf \u09a4\u09c1\u09b0\u09b8\u09cd\u0995\u09c7 \u09a6\u09be\u09ac\u09be\u09af\u09bc \u0985\u09b8\u09be\u09a7\u09be\u09b0\u09a3 \u09b8\u09c7\u09ac\u09be\u09b0 \u09b8\u09cd\u09ac\u09c0\u0995\u09c3\u09a4\u09bf\u09b8\u09cd\u09ac\u09b0\u09c2\u09aa \u0986\u09ae\u09be\u09a6\u09c7\u09b0 \u09a6\u09c7\u09b6\u09c7\u09b0 \u09aa\u09cd\u09b0\u09a5\u09ae \u09a6\u09be\u09ac\u09be \u09b8\u09cd\u0995\u09c1\u09b2 \u0993 \u099c\u09be\u09a6\u09c1\u0998\u09b0 \u09aa\u09cd\u09b0\u09a4\u09bf\u09b7\u09cd\u09a0\u09be \u0995\u09b0\u09be\u09b0 \u099c\u09a8\u09cd\u09af \u098f\u0987\u099a. \u09b8\u09c7\u09b0\u09a4\u09be\u099a \u09a1\u09be\u09b2\u0995\u09bf\u09b0\u09be\u09a8\u0995\u09c7 \u0989\u09aa\u09b9\u09be\u09b0 \u09b9\u09bf\u09b8\u09c7\u09ac\u09c7 \u09a6\u09c7\u0993\u09af\u09bc\u09be \u09b9\u09af\u09bc\u0964 \u099c\u09be\u09a8\u09be \u09af\u09be\u09af\u09bc \u09af\u09c7, \u0986\u09a4\u09be\u09a4\u09c1\u09b0\u09cd\u0995 \u098f\u0987 \u09b8\u09c7\u099f \u09a6\u09bf\u09af\u09bc\u09c7\u0987 \u0987\u09b8\u09ae\u09c7\u09a4 \u0987\u09a8\u09cb\u09a8\u09c1, \u09b8\u09c7\u09b2\u09be\u09b9\u09be\u09a4\u09cd\u09a4\u09bf\u09a8 \u0986\u09a6\u09bf\u09b2 \u09aa\u09be\u09b6\u09be \u098f\u09ac\u0982 \u0985\u09a8\u09cd\u09af\u09be\u09a8\u09cd\u09af \u09b8\u09b9\u09af\u09cb\u09a6\u09cd\u09a7\u09be\u09a6\u09c7\u09b0 \u09ac\u09bf\u09b0\u09c1\u09a6\u09cd\u09a7\u09c7 \u0996\u09c7\u09b2\u09c7\u099b\u09bf\u09b2\u09c7\u09a8\u0964.<\/span><\/p>\t\t\t\t\t\t\t\t<\/div>\n\t\t\t\t<\/div>\n\t\t\t\t<div class=\"elementor-element elementor-element-8077669 elementor-widget elementor-widget-image\" data-id=\"8077669\" data-element_type=\"widget\" data-e-type=\"widget\" data-widget_type=\"image.default\">\n\t\t\t\t<div class=\"elementor-widget-container\">\n\t\t\t\t\t\t\t\t\t\t\t\t\t\t\t<img decoding=\"async\" width=\"800\" height=\"576\" src=\"https:\/\/shatranj.art\/wp-content\/uploads\/2026\/02\/ataturkun-takimi-afis-calismasi-1-1024x737.jpg\" class=\"attachment-large size-large wp-image-1358\" alt=\"\" srcset=\"https:\/\/shatranj.art\/wp-content\/uploads\/2026\/02\/ataturkun-takimi-afis-calismasi-1-1024x737.jpg 1024w, https:\/\/shatranj.art\/wp-content\/uploads\/2026\/02\/ataturkun-takimi-afis-calismasi-1-300x216.jpg 300w, https:\/\/shatranj.art\/wp-content\/uploads\/2026\/02\/ataturkun-takimi-afis-calismasi-1-768x553.jpg 768w, https:\/\/shatranj.art\/wp-content\/uploads\/2026\/02\/ataturkun-takimi-afis-calismasi-1-1536x1106.jpg 1536w, https:\/\/shatranj.art\/wp-content\/uploads\/2026\/02\/ataturkun-takimi-afis-calismasi-1-2048x1475.jpg 2048w, https:\/\/shatranj.art\/wp-content\/uploads\/2026\/02\/ataturkun-takimi-afis-calismasi-1-18x12.jpg 18w\" sizes=\"(max-width: 800px) 100vw, 800px\" \/>\t\t\t\t\t\t\t\t\t\t\t\t\t\t\t<\/div>\n\t\t\t\t<\/div>\n\t\t\t\t<div class=\"elementor-element elementor-element-887b309 elementor-widget elementor-widget-image\" data-id=\"887b309\" data-element_type=\"widget\" data-e-type=\"widget\" data-widget_type=\"image.default\">\n\t\t\t\t<div class=\"elementor-widget-container\">\n\t\t\t\t\t\t\t\t\t\t\t\t\t\t\t<img decoding=\"async\" width=\"800\" height=\"504\" src=\"https:\/\/shatranj.art\/wp-content\/uploads\/2026\/02\/mustafa-kemal-ataturk-chess-set-reduced-size-1024x645.jpg\" class=\"attachment-large size-large wp-image-1446\" alt=\"\" srcset=\"https:\/\/shatranj.art\/wp-content\/uploads\/2026\/02\/mustafa-kemal-ataturk-chess-set-reduced-size-1024x645.jpg 1024w, https:\/\/shatranj.art\/wp-content\/uploads\/2026\/02\/mustafa-kemal-ataturk-chess-set-reduced-size-300x189.jpg 300w, https:\/\/shatranj.art\/wp-content\/uploads\/2026\/02\/mustafa-kemal-ataturk-chess-set-reduced-size-768x484.jpg 768w, https:\/\/shatranj.art\/wp-content\/uploads\/2026\/02\/mustafa-kemal-ataturk-chess-set-reduced-size-1536x968.jpg 1536w, https:\/\/shatranj.art\/wp-content\/uploads\/2026\/02\/mustafa-kemal-ataturk-chess-set-reduced-size-2048x1291.jpg 2048w, https:\/\/shatranj.art\/wp-content\/uploads\/2026\/02\/mustafa-kemal-ataturk-chess-set-reduced-size-18x12.jpg 18w\" sizes=\"(max-width: 800px) 100vw, 800px\" \/>\t\t\t\t\t\t\t\t\t\t\t\t\t\t\t<\/div>\n\t\t\t\t<\/div>\n\t\t\t\t<div class=\"elementor-element elementor-element-67db2a3 elementor-widget elementor-widget-image\" data-id=\"67db2a3\" data-element_type=\"widget\" data-e-type=\"widget\" data-widget_type=\"image.default\">\n\t\t\t\t<div class=\"elementor-widget-container\">\n\t\t\t\t\t\t\t\t\t\t\t\t\t\t\t<img loading=\"lazy\" decoding=\"async\" width=\"768\" height=\"1024\" src=\"https:\/\/shatranj.art\/wp-content\/uploads\/2026\/02\/ulku-adatepe-my-childhood-with-ataturk-768x1024.jpg\" class=\"attachment-large size-large wp-image-1451\" alt=\"\" srcset=\"https:\/\/shatranj.art\/wp-content\/uploads\/2026\/02\/ulku-adatepe-my-childhood-with-ataturk-768x1024.jpg 768w, https:\/\/shatranj.art\/wp-content\/uploads\/2026\/02\/ulku-adatepe-my-childhood-with-ataturk-225x300.jpg 225w, https:\/\/shatranj.art\/wp-content\/uploads\/2026\/02\/ulku-adatepe-my-childhood-with-ataturk-1152x1536.jpg 1152w, https:\/\/shatranj.art\/wp-content\/uploads\/2026\/02\/ulku-adatepe-my-childhood-with-ataturk-1536x2048.jpg 1536w, https:\/\/shatranj.art\/wp-content\/uploads\/2026\/02\/ulku-adatepe-my-childhood-with-ataturk-9x12.jpg 9w, https:\/\/shatranj.art\/wp-content\/uploads\/2026\/02\/ulku-adatepe-my-childhood-with-ataturk-scaled.jpg 1920w\" sizes=\"(max-width: 768px) 100vw, 768px\" \/>\t\t\t\t\t\t\t\t\t\t\t\t\t\t\t<\/div>\n\t\t\t\t<\/div>\n\t\t\t\t<div class=\"elementor-element elementor-element-00467b4 elementor-widget elementor-widget-image\" data-id=\"00467b4\" data-element_type=\"widget\" data-e-type=\"widget\" data-widget_type=\"image.default\">\n\t\t\t\t<div class=\"elementor-widget-container\">\n\t\t\t\t\t\t\t\t\t\t\t\t\t\t\t<img loading=\"lazy\" decoding=\"async\" width=\"768\" height=\"1024\" src=\"https:\/\/shatranj.art\/wp-content\/uploads\/2026\/02\/ulku-adatepe-ataturk-memoirs-768x1024.jpg\" class=\"attachment-large size-large wp-image-1447\" alt=\"\" srcset=\"https:\/\/shatranj.art\/wp-content\/uploads\/2026\/02\/ulku-adatepe-ataturk-memoirs-768x1024.jpg 768w, https:\/\/shatranj.art\/wp-content\/uploads\/2026\/02\/ulku-adatepe-ataturk-memoirs-225x300.jpg 225w, https:\/\/shatranj.art\/wp-content\/uploads\/2026\/02\/ulku-adatepe-ataturk-memoirs-1152x1536.jpg 1152w, https:\/\/shatranj.art\/wp-content\/uploads\/2026\/02\/ulku-adatepe-ataturk-memoirs-1536x2048.jpg 1536w, https:\/\/shatranj.art\/wp-content\/uploads\/2026\/02\/ulku-adatepe-ataturk-memoirs-9x12.jpg 9w, https:\/\/shatranj.art\/wp-content\/uploads\/2026\/02\/ulku-adatepe-ataturk-memoirs-scaled.jpg 1920w\" sizes=\"(max-width: 768px) 100vw, 768px\" \/>\t\t\t\t\t\t\t\t\t\t\t\t\t\t\t<\/div>\n\t\t\t\t<\/div>\n\t\t\t\t<div class=\"elementor-element elementor-element-9bf6bee elementor-widget elementor-widget-image\" data-id=\"9bf6bee\" data-element_type=\"widget\" data-e-type=\"widget\" data-widget_type=\"image.default\">\n\t\t\t\t<div class=\"elementor-widget-container\">\n\t\t\t\t\t\t\t\t\t\t\t\t\t\t\t<img loading=\"lazy\" decoding=\"async\" width=\"530\" height=\"800\" src=\"https:\/\/shatranj.art\/wp-content\/uploads\/2026\/02\/mustafa-kemal-atatur-ulku-adatepe.jpg\" class=\"attachment-large size-large wp-image-1449\" alt=\"\" srcset=\"https:\/\/shatranj.art\/wp-content\/uploads\/2026\/02\/mustafa-kemal-atatur-ulku-adatepe.jpg 530w, https:\/\/shatranj.art\/wp-content\/uploads\/2026\/02\/mustafa-kemal-atatur-ulku-adatepe-199x300.jpg 199w, https:\/\/shatranj.art\/wp-content\/uploads\/2026\/02\/mustafa-kemal-atatur-ulku-adatepe-8x12.jpg 8w\" sizes=\"(max-width: 530px) 100vw, 530px\" \/>\t\t\t\t\t\t\t\t\t\t\t\t\t\t\t<\/div>\n\t\t\t\t<\/div>\n\t\t\t\t<div class=\"elementor-element elementor-element-c32a832 elementor-widget elementor-widget-image\" data-id=\"c32a832\" data-element_type=\"widget\" data-e-type=\"widget\" data-widget_type=\"image.default\">\n\t\t\t\t<div class=\"elementor-widget-container\">\n\t\t\t\t\t\t\t\t\t\t\t\t\t\t\t<img loading=\"lazy\" decoding=\"async\" width=\"640\" height=\"1024\" src=\"https:\/\/shatranj.art\/wp-content\/uploads\/2026\/02\/tahsin-cukurluoglu-ulku-adatepe-chesset-memory-640x1024.jpg\" class=\"attachment-large size-large wp-image-1450\" alt=\"\" srcset=\"https:\/\/shatranj.art\/wp-content\/uploads\/2026\/02\/tahsin-cukurluoglu-ulku-adatepe-chesset-memory-640x1024.jpg 640w, https:\/\/shatranj.art\/wp-content\/uploads\/2026\/02\/tahsin-cukurluoglu-ulku-adatepe-chesset-memory-187x300.jpg 187w, https:\/\/shatranj.art\/wp-content\/uploads\/2026\/02\/tahsin-cukurluoglu-ulku-adatepe-chesset-memory-7x12.jpg 7w, https:\/\/shatranj.art\/wp-content\/uploads\/2026\/02\/tahsin-cukurluoglu-ulku-adatepe-chesset-memory.jpg 652w\" sizes=\"(max-width: 640px) 100vw, 640px\" \/>\t\t\t\t\t\t\t\t\t\t\t\t\t\t\t<\/div>\n\t\t\t\t<\/div>\n\t\t\t\t<div class=\"elementor-element elementor-element-4fc3267 elementor-widget elementor-widget-image\" data-id=\"4fc3267\" data-element_type=\"widget\" data-e-type=\"widget\" data-widget_type=\"image.default\">\n\t\t\t\t<div class=\"elementor-widget-container\">\n\t\t\t\t\t\t\t\t\t\t\t\t\t\t\t<img loading=\"lazy\" decoding=\"async\" width=\"580\" height=\"984\" src=\"https:\/\/shatranj.art\/wp-content\/uploads\/2026\/02\/Tahsin-Cukurluoglu.jpg\" class=\"attachment-large size-large wp-image-1448\" alt=\"\" srcset=\"https:\/\/shatranj.art\/wp-content\/uploads\/2026\/02\/Tahsin-Cukurluoglu.jpg 580w, https:\/\/shatranj.art\/wp-content\/uploads\/2026\/02\/Tahsin-Cukurluoglu-177x300.jpg 177w, https:\/\/shatranj.art\/wp-content\/uploads\/2026\/02\/Tahsin-Cukurluoglu-7x12.jpg 7w\" sizes=\"(max-width: 580px) 100vw, 580px\" \/>\t\t\t\t\t\t\t\t\t\t\t\t\t\t\t<\/div>\n\t\t\t\t<\/div>\n\t\t\t\t<div class=\"elementor-element elementor-element-7c081ec elementor-widget-tablet__width-inherit elementor-widget elementor-widget-text-editor\" data-id=\"7c081ec\" data-element_type=\"widget\" data-e-type=\"widget\" data-widget_type=\"text-editor.default\">\n\t\t\t\t<div class=\"elementor-widget-container\">\n\t\t\t\t\t\t\t\t\t<h3><b>\u09ab\u09c7\u09a8\u09be\u09b0\u09ac\u09be\u09b9\u09cd\u099a\u09c7 \u09b8\u09cd\u099f\u09c7\u09a1\u09bf\u09af\u09bc\u09be\u09ae\u09c7 \u09b2\u09be\u0987\u09ad \u099c\u09be\u09af\u09bc\u09be\u09a8\u09cd\u099f \u09a6\u09be\u09ac\u09be \u09b6\u09cb (\u09e7\u09ef\u09ef\u09ed)<\/b><\/h3><p><b>\u09b8\u09cd\u099f\u09c7\u09a1\u09bf\u09af\u09bc\u09be\u09ae \u0995\u09cb\u09b2\u09be\u099c\u09c7\u09b0 \u0989\u09aa\u09b0 \u09ad\u09bf\u09a4\u09cd\u09a4\u09bf \u0995\u09b0\u09c7\u0964.<\/b><\/p><p><span style=\"font-weight: 400;\">\u098f\u0987 \u099a\u09ae\u0995\u09aa\u09cd\u09b0\u09a6 \u09ad\u09bf\u099c\u09cd\u09af\u09c1\u09af\u09bc\u09be\u09b2\u099f\u09bf \u09e7\u09ef\u09ef\u09ed \u09b8\u09be\u09b2\u09c7 \u09a4\u09c1\u09b0\u09b8\u09cd\u0995\u09c7\u09b0 \u0985\u09a8\u09cd\u09af\u09a4\u09ae \u09aa\u09cd\u09b0\u09a4\u09bf\u09b7\u09cd\u09a0\u09bf\u09a4 \u0995\u09cd\u09b0\u09c0\u09a1\u09bc\u09be \u0995\u09cd\u09b2\u09be\u09ac \u09ab\u09c7\u09a8\u09be\u09b0\u09ac\u09be\u09b9\u09cd\u099a\u09c7\u09b0 \u09b8\u09cd\u099f\u09c7\u09a1\u09bf\u09af\u09bc\u09be\u09ae\u09c7 \u0985\u09a8\u09c1\u09b7\u09cd\u09a0\u09bf\u09a4 \u098f\u0995\u099f\u09bf \u09ac\u09bf\u09b6\u09be\u09b2 \u201c\u09b2\u09be\u0987\u09ad \u099a\u09c7\u09b8\u201d \u0987\u09ad\u09c7\u09a8\u09cd\u099f\u0995\u09c7 \u09a4\u09c1\u09b2\u09c7 \u09a7\u09b0\u09c7\u0964.<\/span><\/p><p><span style=\"font-weight: 400;\">\u098f\u0987 \u0985\u09a8\u09c1\u09b7\u09cd\u09a0\u09be\u09a8\u09c7 \u09ab\u09c1\u099f\u09ac\u09b2 \u09ae\u09be\u09a0\u0995\u09c7 \u098f\u0995\u099f\u09bf \u09ac\u09bf\u09b6\u09be\u09b2 \u09a6\u09be\u09ac\u09be \u09ac\u09cb\u09b0\u09cd\u09a1\u09c7 \u09b0\u09c2\u09aa\u09be\u09a8\u09cd\u09a4\u09b0 \u0995\u09b0\u09be \u09b9\u09af\u09bc\u09c7\u099b\u09bf\u09b2, \u09af\u09c7\u0996\u09be\u09a8\u09c7 \u09ac\u09bf\u09b6\u09c7\u09b7 \u09aa\u09cb\u09b6\u09be\u0995\u09a7\u09be\u09b0\u09c0 \u09b6\u09bf\u09b2\u09cd\u09aa\u09c0\u09b0\u09be \u09a6\u09be\u09ac\u09be \u0997\u09c1\u099f\u09bf\u09b0 \u09ad\u09c2\u09ae\u09bf\u0995\u09be\u09af\u09bc \u0985\u09ad\u09bf\u09a8\u09af\u09bc \u0995\u09b0\u09c7 \u09b8\u09cd\u099f\u09c7\u09a1\u09bf\u09af\u09bc\u09be\u09ae\u09c7\u09b0 \u09a6\u09b0\u09cd\u09b6\u0995\u09a6\u09c7\u09b0 \u09b8\u09be\u09ae\u09a8\u09c7 \u098f\u0987 \u0995\u09cc\u09b6\u09b2\u0997\u09a4 \u0996\u09c7\u09b2\u09be\u0995\u09c7 \u099c\u09c0\u09ac\u09a8\u09cd\u09a4 \u0995\u09b0\u09c7 \u09a4\u09c1\u09b2\u09c7\u099b\u09bf\u09b2\u0964 \u09a6\u09c3\u09b6\u09cd\u09af\u099f\u09bf \u09a8\u09bf\u09b0\u09cd\u09ac\u09bf\u0998\u09cd\u09a8\u09c7 \u09a6\u09be\u09ac\u09be \u0996\u09c7\u09b2\u09be\u09b0 \u09ac\u09c1\u09a6\u09cd\u09a7\u09bf\u09ac\u09c3\u09a4\u09cd\u09a4\u09bf\u0995 \u0997\u09ad\u09c0\u09b0\u09a4\u09be\u0995\u09c7 \u09b6\u09be\u09b0\u09c0\u09b0\u09bf\u0995 \u09ad\u09bf\u099c\u09cd\u09af\u09c1\u09af\u09bc\u09be\u09b2 \u09ad\u09cb\u099c \u0993 \u0995\u09cd\u09b0\u09c0\u09a1\u09bc\u09be \u09b8\u0982\u09b8\u09cd\u0995\u09c3\u09a4\u09bf\u09b0 \u09b8\u0999\u09cd\u0997\u09c7 \u09ae\u09bf\u09b6\u09bf\u09af\u09bc\u09c7 \u09a6\u09c7\u09af\u09bc\u0964 \u09b8\u09cd\u099f\u09c7\u09a1\u09bf\u09af\u09bc\u09be\u09ae\u09c7 \u098f\u0995\u099f\u09bf \u09aa\u09a4\u09be\u0995\u09be\u09af\u09bc \u0986\u09a4\u09be\u09a4\u09c1\u09b0\u09cd\u0995\u09c7\u09b0 \u099b\u09ac\u09bf \u09a6\u09c7\u0996\u09be \u09af\u09be\u09af\u09bc\u0964.<\/span><\/p><p><b>\u0986\u09b0\u09cd\u0995\u09be\u0987\u09ad\u09be\u09b2 \u09a8\u09cb\u099f:<\/b><span style=\"font-weight: 400;\"> \u09ae\u09c2\u09b2 \u09ab\u099f\u09cb\u0997\u09cd\u09b0\u09be\u09ab\u09c7 \u09af\u09c7\u09ae\u09a8 \u0989\u09b2\u09cd\u09b2\u09c7\u0996 \u0986\u099b\u09c7, \u098f\u0987 \u09ac\u09bf\u09b6\u09c7\u09b7 \u09a6\u09be\u09ac\u09be \u0987\u09a4\u09bf\u09b9\u09be\u09b8\u09c7\u09b0 \u099f\u09c1\u0995\u09b0\u09cb\u099f\u09bf \u09aa\u09cd\u09b0\u09a6\u09b0\u09cd\u09b6\u09bf\u09a4 \u09b9\u099a\u09cd\u099b\u09c7 \u09ab\u09bf\u09a1 \u0986\u09a8\u09cd\u09a4\u09b0\u09cd\u099c\u09be\u09a4\u09bf\u0995 \u09a6\u09be\u09ac\u09be \u09b0\u09c7\u09ab\u09be\u09b0\u09bf \u0993 \u09b2\u09c7\u0996\u0995\u09c7\u09b0 \u09ac\u09cd\u09af\u0995\u09cd\u09a4\u09bf\u0997\u09a4 \u09b8\u0982\u09b0\u0995\u09cd\u09b7\u09a3\u09be\u0997\u09be\u09b0 \u0993 \u09b8\u0982\u0997\u09cd\u09b0\u09b9 \u09a5\u09c7\u0995\u09c7, <\/span><b>\u098f\u0987\u099a. \u09b8\u09c7\u09b0\u09a4\u09be\u099a \u09a1\u09be\u09b2\u0995\u09bf\u09b0\u09be\u09a8<\/b><span style=\"font-weight: 400;\">.<\/span><\/p>\t\t\t\t\t\t\t\t<\/div>\n\t\t\t\t<\/div>\n\t\t\t\t<div class=\"elementor-element elementor-element-2284ad2 elementor-widget elementor-widget-image\" data-id=\"2284ad2\" data-element_type=\"widget\" data-e-type=\"widget\" data-widget_type=\"image.default\">\n\t\t\t\t<div class=\"elementor-widget-container\">\n\t\t\t\t\t\t\t\t\t\t\t\t\t\t\t<img loading=\"lazy\" decoding=\"async\" width=\"800\" height=\"557\" src=\"https:\/\/shatranj.art\/wp-content\/uploads\/2026\/02\/Fenerbahce-stadi-bale-1997-1024x713.jpg\" class=\"attachment-large size-large wp-image-1360\" alt=\"\" srcset=\"https:\/\/shatranj.art\/wp-content\/uploads\/2026\/02\/Fenerbahce-stadi-bale-1997-1024x713.jpg 1024w, https:\/\/shatranj.art\/wp-content\/uploads\/2026\/02\/Fenerbahce-stadi-bale-1997-300x209.jpg 300w, https:\/\/shatranj.art\/wp-content\/uploads\/2026\/02\/Fenerbahce-stadi-bale-1997-768x535.jpg 768w, https:\/\/shatranj.art\/wp-content\/uploads\/2026\/02\/Fenerbahce-stadi-bale-1997-1536x1070.jpg 1536w, https:\/\/shatranj.art\/wp-content\/uploads\/2026\/02\/Fenerbahce-stadi-bale-1997-2048x1426.jpg 2048w, https:\/\/shatranj.art\/wp-content\/uploads\/2026\/02\/Fenerbahce-stadi-bale-1997-18x12.jpg 18w\" sizes=\"(max-width: 800px) 100vw, 800px\" \/>\t\t\t\t\t\t\t\t\t\t\t\t\t\t\t<\/div>\n\t\t\t\t<\/div>\n\t\t\t\t<\/div>\n\t\t\t\t\t<\/div>\n\t\t\t\t<\/div>\n\t\t\t\t<\/div>","protected":false},"excerpt":{"rendered":"<p>The chess set of Mustafa Kemal Atat\u00fcrk This section of the exhibit highlights a unique piece of Turkish history: the personal chess set of Mustafa Kemal Atat\u00fcrk, the founder of the Republic of Turkey. The gallery photo shows H. Serta\u00e7 Dalk\u0131ran alongside Atat\u00fcrk&#8217;s adopted daughter, \u00dclk\u00fc Adatepe, proudly presenting the set. This chess set was [&hellip;]<\/p>\n","protected":false},"author":1,"featured_media":0,"parent":743,"menu_order":0,"comment_status":"closed","ping_status":"closed","template":"","meta":{"footnotes":""},"class_list":["post-1355","page","type-page","status-publish","hentry"],"_links":{"self":[{"href":"https:\/\/shatranj.art\/bn\/wp-json\/wp\/v2\/pages\/1355","targetHints":{"allow":["GET"]}}],"collection":[{"href":"https:\/\/shatranj.art\/bn\/wp-json\/wp\/v2\/pages"}],"about":[{"href":"https:\/\/shatranj.art\/bn\/wp-json\/wp\/v2\/types\/page"}],"author":[{"embeddable":true,"href":"https:\/\/shatranj.art\/bn\/wp-json\/wp\/v2\/users\/1"}],"replies":[{"embeddable":true,"href":"https:\/\/shatranj.art\/bn\/wp-json\/wp\/v2\/comments?post=1355"}],"version-history":[{"count":16,"href":"https:\/\/shatranj.art\/bn\/wp-json\/wp\/v2\/pages\/1355\/revisions"}],"predecessor-version":[{"id":1457,"href":"https:\/\/shatranj.art\/bn\/wp-json\/wp\/v2\/pages\/1355\/revisions\/1457"}],"up":[{"embeddable":true,"href":"https:\/\/shatranj.art\/bn\/wp-json\/wp\/v2\/pages\/743"}],"wp:attachment":[{"href":"https:\/\/shatranj.art\/bn\/wp-json\/wp\/v2\/media?parent=1355"}],"curies":[{"name":"wp","href":"https:\/\/api.w.org\/{rel}","templated":true}]}}