{"id":809,"date":"2026-02-21T19:53:54","date_gmt":"2026-02-21T19:53:54","guid":{"rendered":"https:\/\/shatranj.art\/?page_id=809"},"modified":"2026-03-18T00:05:44","modified_gmt":"2026-03-18T00:05:44","slug":"poster-7","status":"publish","type":"page","link":"https:\/\/shatranj.art\/bn\/exhibit\/poster-7\/","title":{"rendered":"\u09aa\u09cb\u09b8\u09cd\u099f\u09be\u09b0 \u09ed"},"content":{"rendered":"<div data-elementor-type=\"wp-page\" data-elementor-id=\"809\" class=\"elementor elementor-809\" data-elementor-post-type=\"page\">\n\t\t\t\t<div class=\"elementor-element elementor-element-fa6cd04 e-flex e-con-boxed e-con e-parent\" data-id=\"fa6cd04\" data-element_type=\"container\" data-e-type=\"container\" data-settings=\"{&quot;background_background&quot;:&quot;classic&quot;}\">\n\t\t\t\t\t<div class=\"e-con-inner\">\n\t\t\t\t<div class=\"elementor-element elementor-element-5c7bc28 elementor-widget elementor-widget-image\" data-id=\"5c7bc28\" data-element_type=\"widget\" data-e-type=\"widget\" data-widget_type=\"image.default\">\n\t\t\t\t<div class=\"elementor-widget-container\">\n\t\t\t\t\t\t\t\t\t\t\t\t\t\t\t<img fetchpriority=\"high\" decoding=\"async\" width=\"1968\" height=\"1288\" src=\"https:\/\/shatranj.art\/wp-content\/uploads\/2026\/02\/7.jpg\" class=\"attachment-full size-full wp-image-812\" alt=\"\" srcset=\"https:\/\/shatranj.art\/wp-content\/uploads\/2026\/02\/7.jpg 1968w, https:\/\/shatranj.art\/wp-content\/uploads\/2026\/02\/7-300x196.jpg 300w, https:\/\/shatranj.art\/wp-content\/uploads\/2026\/02\/7-1024x670.jpg 1024w, https:\/\/shatranj.art\/wp-content\/uploads\/2026\/02\/7-768x503.jpg 768w, https:\/\/shatranj.art\/wp-content\/uploads\/2026\/02\/7-1536x1005.jpg 1536w\" sizes=\"(max-width: 1968px) 100vw, 1968px\" \/>\t\t\t\t\t\t\t\t\t\t\t\t\t\t\t<\/div>\n\t\t\t\t<\/div>\n\t\t\t\t<div class=\"elementor-element elementor-element-a06796b elementor-widget elementor-widget-text-editor\" data-id=\"a06796b\" data-element_type=\"widget\" data-e-type=\"widget\" data-widget_type=\"text-editor.default\">\n\t\t\t\t<div class=\"elementor-widget-container\">\n\t\t\t\t\t\t\t\t\t<h3><b>\u09aa\u09cd\u09b0\u099c\u09cd\u099e\u09be\u09b0 \u0986\u09b2\u09cb\u09b0 \u09a8\u09be\u09a8\u09cd\u09a6\u09a8\u09bf\u0995\u09a4\u09be: \u09ab\u09bf\u09b2\u09bf\u09a1\u09b0 \u0993 \u09a8\u09c7\u09aa\u09cb\u09b2\u09bf\u09af\u09bc\u09a8\u09c7\u09b0 \u09b0\u09c7\u0981\u09b8\u09be\u0981\u09b8 \u0989\u09a4\u09cd\u09a4\u09b0\u09be\u09a7\u09bf\u0995\u09be\u09b0<\/b><\/h3><p>\u09a6\u09be\u09ac\u09be\u09b0 \u0987\u09a4\u09bf\u09b9\u09be\u09b8\u09c7\u09b0 \u0985\u09a8\u09cd\u09af\u09a4\u09ae \u09ae\u09b0\u09cd\u09af\u09be\u09a6\u09be\u09aa\u09c2\u09b0\u09cd\u09a3 \u0993 \u09aa\u09cd\u09b0\u09a4\u09c0\u0995\u09c0 \u09a8\u0995\u09b6\u09be\u09b0 \u09ae\u09a7\u09cd\u09af\u09c7 \u098f\u0995\u099f\u09bf \u09b9\u09bf\u09b8\u09c7\u09ac\u09c7, \u09b0\u09bf\u099c\u09c7\u09a8\u09cd\u09b8 \u09b8\u09cd\u099f\u09be\u0987\u09b2 \u09a4\u09be\u09b0 \u09a8\u09be\u09ae \u09aa\u09c7\u09af\u09bc\u09c7\u099b\u09c7 \u09aa\u09cd\u09af\u09be\u09b0\u09bf\u09b8\u09c7\u09b0 \u0995\u09bf\u0982\u09ac\u09a6\u09a8\u09cd\u09a4\u09bf \u0995\u09cd\u09af\u09be\u09ab\u09c7 \u09a6\u09c7 \u09b2\u09be \u09b0\u09bf\u099c\u09c7\u09a8\u09cd\u09b8 \u09a5\u09c7\u0995\u09c7\u0964 \u098f\u0987 \u09b8\u09c7\u099f\u0997\u09c1\u09b2\u09cb \u09b8\u09c7\u0987 \u09af\u09c1\u0997\u09c7\u09b0 \u09aa\u09cd\u09b0\u09a4\u09bf\u09a8\u09bf\u09a7\u09bf\u09a4\u09cd\u09ac \u0995\u09b0\u09c7 \u09af\u0996\u09a8 \u09a6\u09be\u09ac\u09be \u09b0\u09be\u099c\u0995\u09c0\u09af\u09bc \u09a6\u09b0\u09ac\u09be\u09b0 \u09a5\u09c7\u0995\u09c7 \u0987\u0989\u09b0\u09cb\u09aa\u09c7\u09b0 \u09ac\u09cc\u09a6\u09cd\u09a7\u09bf\u0995 \u0995\u09c7\u09a8\u09cd\u09a6\u09cd\u09b0\u09c7 \u09b8\u09cd\u09a5\u09be\u09a8\u09be\u09a8\u09cd\u09a4\u09b0\u09bf\u09a4 \u09b9\u09af\u09bc\u09c7\u099b\u09bf\u09b2, \u09a6\u09be\u09b0\u09cd\u09b6\u09a8\u09bf\u0995, \u09ac\u09bf\u099c\u09cd\u099e\u09be\u09a8\u09c0 \u0993 \u09ac\u09bf\u09aa\u09cd\u09b2\u09ac\u09c0\u09a6\u09c7\u09b0 \u099f\u09c7\u09ac\u09bf\u09b2\u0995\u09c7 \u0985\u09b2\u0982\u0995\u09c3\u09a4 \u0995\u09b0\u09c7\u099b\u09bf\u09b2\u0964 \u09e7\u09ee\u09b6 \u09b6\u09a4\u09be\u09ac\u09cd\u09a6\u09c0 \u099c\u09c1\u09a1\u09bc\u09c7 \u098f\u09ac\u0982 \u09e7\u09ef\u09b6 \u09b6\u09a4\u09be\u09ac\u09cd\u09a6\u09c0\u09b0 \u0985\u09a7\u09bf\u0995\u09be\u0982\u09b6 \u09b8\u09ae\u09af\u09bc, \u098f\u0987 \u09a8\u0995\u09b6\u09be\u099f\u09bf \u0996\u09c7\u09b2\u09be\u099f\u09bf\u09b0 \u09b8\u09be\u09b0\u09cd\u09ac\u099c\u09a8\u09c0\u09a8 \u09ad\u09be\u09b7\u09be \u09b9\u09bf\u09b8\u09c7\u09ac\u09c7 \u0995\u09be\u099c \u0995\u09b0\u09c7\u099b\u09c7, \u0987\u09a4\u09bf\u09b9\u09be\u09b8\u09c7\u09b0 \u0997\u09a4\u09bf\u09aa\u09a5 \u09aa\u09b0\u09bf\u09ac\u09b0\u09cd\u09a4\u09a8\u0995\u09be\u09b0\u09c0 \u09ae\u09a8\u09a8\u09b6\u09c0\u09b2\u09a6\u09c7\u09b0 \u0995\u09cc\u09b6\u09b2\u0997\u09a4 \u099a\u09be\u09b2\u0997\u09c1\u09b2\u09bf \u09aa\u09cd\u09b0\u09a4\u09cd\u09af\u0995\u09cd\u09b7 \u0995\u09b0\u09c7\u099b\u09c7, \u09af\u09c7\u09ae\u09a8 \u09a8\u09c7\u09aa\u09cb\u09b2\u09bf\u09af\u09bc\u09a8 \u09ac\u09cb\u09a8\u09be\u09aa\u09be\u09b0\u09cd\u099f, \u09ac\u09c7\u09a8\u099c\u09be\u09ae\u09bf\u09a8 \u09ab\u09cd\u09b0\u09cd\u09af\u09be\u0999\u09cd\u0995\u09b2\u09bf\u09a8 \u098f\u09ac\u0982 \u09ad\u09b2\u099f\u09c7\u09af\u09bc\u09be\u09b0\u0964.<\/p><p><span style=\"font-weight: 400;\">\u098f\u0987 \u09af\u09c1\u0997\u09c7, \u09af\u0996\u09a8 \u09ae\u09b9\u09be\u09a8 \u09ae\u09be\u09b8\u09cd\u099f\u09be\u09b0 \u09ab\u09cd\u09b0\u09be\u0981\u09b8\u09cb\u09af\u09bc\u09be-\u0986\u0981\u09a6\u09cd\u09b0\u09c7 \u09a1\u09cd\u09af\u09be\u09a8\u09bf\u0995\u09be\u09a8 \u09ab\u09bf\u09b2\u09bf\u09a1\u09b0 \u0996\u09c7\u09b2\u09be\u099f\u09bf\u0995\u09c7 \u098f\u0995\u099f\u09bf \u0986\u09a7\u09c1\u09a8\u09bf\u0995 \u09a4\u09be\u09a4\u09cd\u09a4\u09cd\u09ac\u09bf\u0995 \u09ad\u09bf\u09a4\u09cd\u09a4\u09bf \u09aa\u09cd\u09b0\u09a6\u09be\u09a8 \u0995\u09b0\u09c7\u099b\u09bf\u09b2\u09c7\u09a8 \u0998\u09cb\u09b7\u09a3\u09be \u0995\u09b0\u09c7 \u09af\u09c7 <\/span><b>\u201c\u09aa\u09bf\u09af\u09bc\u09be\u09a6\u0997\u09c1\u09b2\u09cb\u0987 \u09a6\u09be\u09ac\u09be \u0996\u09c7\u09b2\u09be\u09b0 \u09aa\u09cd\u09b0\u09be\u09a3\u0964\u201d<\/b> \u09b0\u09c7\u0981\u099c\u09be\u0981\u09b8\u09c7\u09b0 \u09b8\u09c2\u0995\u09cd\u09b7\u09cd\u09ae, \u09b8\u09cd\u09a4\u09b0\u09ac\u09bf\u09a8\u09cd\u09af\u09b8\u09cd\u09a4 \u0993 \u09b8\u09cd\u09a5\u09be\u09aa\u09a4\u09cd\u09af\u0997\u09a4 \u09b0\u09c7\u0996\u09be\u0997\u09c1\u09b2\u09cb \u098f\u0987 \u09ac\u09cc\u09a6\u09cd\u09a7\u09bf\u0995 \u09ac\u09bf\u09aa\u09cd\u09b2\u09ac\u09c7\u09b0 \u09a6\u09c3\u09b6\u09cd\u09af\u09ae\u09be\u09a8 \u09b8\u09cd\u09ac\u09be\u0995\u09cd\u09b7\u09b0 \u09b9\u09af\u09bc\u09c7 \u0993\u09a0\u09c7\u0964 \u098f\u0987 \u09b8\u09c7\u099f\u099f\u09bf \u098f\u0995\u099f\u09bf \u099c\u09c0\u09ac\u09a8\u09cd\u09a4 \u09b8\u09cd\u09ae\u09c3\u09a4\u09bf \u09b9\u09bf\u09b8\u09c7\u09ac\u09c7 \u09a6\u09be\u0981\u09a1\u09bc\u09bf\u09af\u09bc\u09c7 \u0986\u099b\u09c7, \u09af\u09be \u09ae\u09c1\u0995\u09cd\u09a4, \u09ae\u09be\u09b0\u09cd\u099c\u09bf\u09a4 \u0993 \u0995\u09cc\u09b6\u09b2\u0997\u09a4 \u0986\u09b2\u09cb\u0995\u09be\u09af\u09bc\u09a8\u09c7\u09b0 \u0990\u09a4\u09bf\u09b9\u09cd\u09af\u0995\u09c7 \u0986\u099c\u0995\u09c7\u09b0 \u09a6\u09bf\u09a8\u09c7 \u09ac\u09b9\u09a8 \u0995\u09b0\u09c7\u0964.<\/p>\t\t\t\t\t\t\t\t<\/div>\n\t\t\t\t<\/div>\n\t\t\t\t<div class=\"elementor-element elementor-element-9452bb3 elementor-widget elementor-widget-image\" data-id=\"9452bb3\" data-element_type=\"widget\" data-e-type=\"widget\" data-widget_type=\"image.default\">\n\t\t\t\t<div class=\"elementor-widget-container\">\n\t\t\t\t\t\t\t\t\t\t\t\t\t\t\t<img decoding=\"async\" width=\"1873\" height=\"1232\" src=\"https:\/\/shatranj.art\/wp-content\/uploads\/2026\/02\/7-1.jpg\" class=\"attachment-full size-full wp-image-813\" alt=\"\" srcset=\"https:\/\/shatranj.art\/wp-content\/uploads\/2026\/02\/7-1.jpg 1873w, https:\/\/shatranj.art\/wp-content\/uploads\/2026\/02\/7-1-300x197.jpg 300w, https:\/\/shatranj.art\/wp-content\/uploads\/2026\/02\/7-1-1024x674.jpg 1024w, https:\/\/shatranj.art\/wp-content\/uploads\/2026\/02\/7-1-768x505.jpg 768w, https:\/\/shatranj.art\/wp-content\/uploads\/2026\/02\/7-1-1536x1010.jpg 1536w\" sizes=\"(max-width: 1873px) 100vw, 1873px\" \/>\t\t\t\t\t\t\t\t\t\t\t\t\t\t\t<\/div>\n\t\t\t\t<\/div>\n\t\t\t\t<div class=\"elementor-element elementor-element-cae2144 elementor-widget elementor-widget-text-editor\" data-id=\"cae2144\" data-element_type=\"widget\" data-e-type=\"widget\" data-widget_type=\"text-editor.default\">\n\t\t\t\t<div class=\"elementor-widget-container\">\n\t\t\t\t\t\t\t\t\t<h3><b>\u0987\u09b8\u09cd\u09a4\u09be\u09a8\u09ac\u09c1\u09b2 \u09a6\u09be\u09ac\u09be \u09b8\u09ae\u09bf\u09a4\u09bf\u09b0 \u09aa\u09cd\u09b0\u09a4\u09bf\u09b7\u09cd\u09a0\u09be\u09a4\u09be \u09b8\u09a6\u09b8\u09cd\u09af \u09aa\u09cd\u09b0\u09ab\u09c7\u09b8\u09b0 \u09a1. \u0986\u09b9\u09ae\u09c7\u09a4 \u09a4\u09c7\u09ad\u09ab\u09bf\u0995 \u0987\u0989\u099a\u09c7\u09b8\u09af\u09bc-\u098f\u09b0 \u09b0\u09c7\u099e\u09cd\u099c\u09c7\u099e\u09cd\u099a \u09ae\u09a1\u09c7\u09b2 \u09a6\u09be\u09ac\u09be \u09b8\u09c7\u099f (\u09ac\u0995\u09cd\u09b8\u0989\u09a1 \u09a6\u09bf\u09af\u09bc\u09c7 \u09a4\u09c8\u09b0\u09bf)<\/b><\/h3><p>\u0986\u09aa\u09a8\u09bf \u09a8\u09bf\u099a\u09c7 \u098f. \u09a1\u09cb\u0997\u09be\u09a8 \u0997\u09c1\u09a8\u09cd\u09b8\u09be\u09ad \u0995\u09b0\u09cd\u09a4\u09c3\u0995 \u09b8\u09c7\u09b0\u09a4\u09be\u099a \u09a1\u09be\u09b2\u0995\u09bf\u09b0\u09be\u09a8\u09c7\u09b0 \u0989\u09a6\u09cd\u09a6\u09c7\u09b6\u09cd\u09af\u09c7 \u09b2\u09c7\u0996\u09be \u099a\u09bf\u09a0\u09bf\u09b8\u09b9 \u09a6\u09be\u09ac\u09be \u09b8\u09c7\u099f\u09c7\u09b0 \u099b\u09ac\u09bf \u09a6\u09c7\u0996\u09a4\u09c7 \u09aa\u09be\u09ac\u09c7\u09a8\u0964 \u0997\u09c1\u09a8\u09cd\u09b8\u09be\u09ad \u099c\u09be\u09a8\u09be\u09a8 \u09af\u09c7 \u09aa\u09cd\u09b0\u09ab\u09c7\u09b8\u09b0 \u0987\u0989\u099a\u09c7\u09b8\u09af\u09bc\u09c7\u09b0 \u09ae\u09c3\u09a4\u09cd\u09af\u09c1\u09b0 \u09aa\u09b0 \u0987\u0989\u099a\u09c7\u09b8\u09af\u09bc\u09c7\u09b0 \u09aa\u09b0\u09bf\u09ac\u09be\u09b0 \u09a4\u09be\u0995\u09c7 \u098f\u0987 \u09a6\u09be\u09ac\u09be \u09b8\u09c7\u099f \u0989\u09aa\u09b9\u09be\u09b0 \u09a6\u09bf\u09af\u09bc\u09c7\u099b\u09bf\u09b2\u0964.<\/p>\t\t\t\t\t\t\t\t<\/div>\n\t\t\t\t<\/div>\n\t\t\t\t<div class=\"elementor-element elementor-element-60a889e elementor-widget elementor-widget-image\" data-id=\"60a889e\" data-element_type=\"widget\" data-e-type=\"widget\" data-widget_type=\"image.default\">\n\t\t\t\t<div class=\"elementor-widget-container\">\n\t\t\t\t\t\t\t\t\t\t\t\t\t\t\t<img decoding=\"async\" width=\"2560\" height=\"1920\" src=\"https:\/\/shatranj.art\/wp-content\/uploads\/2026\/03\/ISD-Kurucu-uyesi-Prof.-Dr.-Ahmet-Tevfik-Yucesoyun-asirlik-simsir-agacindan-yapilmis-Rejans-Modeli-satranc-takimi-scaled.jpg\" class=\"attachment-full size-full wp-image-1885\" alt=\"\" srcset=\"https:\/\/shatranj.art\/wp-content\/uploads\/2026\/03\/ISD-Kurucu-uyesi-Prof.-Dr.-Ahmet-Tevfik-Yucesoyun-asirlik-simsir-agacindan-yapilmis-Rejans-Modeli-satranc-takimi-scaled.jpg 2560w, https:\/\/shatranj.art\/wp-content\/uploads\/2026\/03\/ISD-Kurucu-uyesi-Prof.-Dr.-Ahmet-Tevfik-Yucesoyun-asirlik-simsir-agacindan-yapilmis-Rejans-Modeli-satranc-takimi-300x225.jpg 300w, https:\/\/shatranj.art\/wp-content\/uploads\/2026\/03\/ISD-Kurucu-uyesi-Prof.-Dr.-Ahmet-Tevfik-Yucesoyun-asirlik-simsir-agacindan-yapilmis-Rejans-Modeli-satranc-takimi-1024x768.jpg 1024w, https:\/\/shatranj.art\/wp-content\/uploads\/2026\/03\/ISD-Kurucu-uyesi-Prof.-Dr.-Ahmet-Tevfik-Yucesoyun-asirlik-simsir-agacindan-yapilmis-Rejans-Modeli-satranc-takimi-768x576.jpg 768w, https:\/\/shatranj.art\/wp-content\/uploads\/2026\/03\/ISD-Kurucu-uyesi-Prof.-Dr.-Ahmet-Tevfik-Yucesoyun-asirlik-simsir-agacindan-yapilmis-Rejans-Modeli-satranc-takimi-1536x1152.jpg 1536w, https:\/\/shatranj.art\/wp-content\/uploads\/2026\/03\/ISD-Kurucu-uyesi-Prof.-Dr.-Ahmet-Tevfik-Yucesoyun-asirlik-simsir-agacindan-yapilmis-Rejans-Modeli-satranc-takimi-2048x1536.jpg 2048w, https:\/\/shatranj.art\/wp-content\/uploads\/2026\/03\/ISD-Kurucu-uyesi-Prof.-Dr.-Ahmet-Tevfik-Yucesoyun-asirlik-simsir-agacindan-yapilmis-Rejans-Modeli-satranc-takimi-16x12.jpg 16w\" sizes=\"(max-width: 2560px) 100vw, 2560px\" \/>\t\t\t\t\t\t\t\t\t\t\t\t\t\t\t<\/div>\n\t\t\t\t<\/div>\n\t\t\t\t<div class=\"elementor-element elementor-element-0b39a21 elementor-widget elementor-widget-image\" data-id=\"0b39a21\" data-element_type=\"widget\" data-e-type=\"widget\" data-widget_type=\"image.default\">\n\t\t\t\t<div class=\"elementor-widget-container\">\n\t\t\t\t\t\t\t\t\t\t\t\t\t\t\t<img loading=\"lazy\" decoding=\"async\" width=\"1700\" height=\"2338\" src=\"https:\/\/shatranj.art\/wp-content\/uploads\/2026\/03\/dogan-gunsav-in-ahmet-tevfik-yucesoy-takimi-hk-001.jpg\" class=\"attachment-full size-full wp-image-1886\" alt=\"\" srcset=\"https:\/\/shatranj.art\/wp-content\/uploads\/2026\/03\/dogan-gunsav-in-ahmet-tevfik-yucesoy-takimi-hk-001.jpg 1700w, https:\/\/shatranj.art\/wp-content\/uploads\/2026\/03\/dogan-gunsav-in-ahmet-tevfik-yucesoy-takimi-hk-001-218x300.jpg 218w, https:\/\/shatranj.art\/wp-content\/uploads\/2026\/03\/dogan-gunsav-in-ahmet-tevfik-yucesoy-takimi-hk-001-745x1024.jpg 745w, https:\/\/shatranj.art\/wp-content\/uploads\/2026\/03\/dogan-gunsav-in-ahmet-tevfik-yucesoy-takimi-hk-001-768x1056.jpg 768w, https:\/\/shatranj.art\/wp-content\/uploads\/2026\/03\/dogan-gunsav-in-ahmet-tevfik-yucesoy-takimi-hk-001-1117x1536.jpg 1117w, https:\/\/shatranj.art\/wp-content\/uploads\/2026\/03\/dogan-gunsav-in-ahmet-tevfik-yucesoy-takimi-hk-001-1489x2048.jpg 1489w, https:\/\/shatranj.art\/wp-content\/uploads\/2026\/03\/dogan-gunsav-in-ahmet-tevfik-yucesoy-takimi-hk-001-9x12.jpg 9w\" sizes=\"(max-width: 1700px) 100vw, 1700px\" \/>\t\t\t\t\t\t\t\t\t\t\t\t\t\t\t<\/div>\n\t\t\t\t<\/div>\n\t\t\t\t\t<\/div>\n\t\t\t\t<\/div>\n\t\t\t\t<\/div>","protected":false},"excerpt":{"rendered":"<p>Aesthetics of the Enlightenment: The R\u00e9gence Legacy of Philidor and Napoleon As one of the most prestigious and iconic designs in chess history, the R\u00e9gence style takes its name from the legendary Caf\u00e9 de la R\u00e9gence in Paris. These sets embody the era when chess migrated from royal courts to the intellectual heart of Europe, [&hellip;]<\/p>\n","protected":false},"author":1,"featured_media":0,"parent":743,"menu_order":0,"comment_status":"closed","ping_status":"closed","template":"","meta":{"footnotes":""},"class_list":["post-809","page","type-page","status-publish","hentry"],"_links":{"self":[{"href":"https:\/\/shatranj.art\/bn\/wp-json\/wp\/v2\/pages\/809","targetHints":{"allow":["GET"]}}],"collection":[{"href":"https:\/\/shatranj.art\/bn\/wp-json\/wp\/v2\/pages"}],"about":[{"href":"https:\/\/shatranj.art\/bn\/wp-json\/wp\/v2\/types\/page"}],"author":[{"embeddable":true,"href":"https:\/\/shatranj.art\/bn\/wp-json\/wp\/v2\/users\/1"}],"replies":[{"embeddable":true,"href":"https:\/\/shatranj.art\/bn\/wp-json\/wp\/v2\/comments?post=809"}],"version-history":[{"count":16,"href":"https:\/\/shatranj.art\/bn\/wp-json\/wp\/v2\/pages\/809\/revisions"}],"predecessor-version":[{"id":1895,"href":"https:\/\/shatranj.art\/bn\/wp-json\/wp\/v2\/pages\/809\/revisions\/1895"}],"up":[{"embeddable":true,"href":"https:\/\/shatranj.art\/bn\/wp-json\/wp\/v2\/pages\/743"}],"wp:attachment":[{"href":"https:\/\/shatranj.art\/bn\/wp-json\/wp\/v2\/media?parent=809"}],"curies":[{"name":"wp","href":"https:\/\/api.w.org\/{rel}","templated":true}]}}