{"id":1494,"date":"2026-02-24T07:06:43","date_gmt":"2026-02-24T07:06:43","guid":{"rendered":"https:\/\/shatranj.art\/?page_id=1494"},"modified":"2026-02-24T07:15:55","modified_gmt":"2026-02-24T07:15:55","slug":"plakat-37","status":"publish","type":"page","link":"https:\/\/shatranj.art\/bs\/exhibit\/plakat-37\/","title":{"rendered":"plakat-37"},"content":{"rendered":"<div data-elementor-type=\"wp-page\" data-elementor-id=\"1494\" class=\"elementor elementor-1494\" data-elementor-post-type=\"page\">\n\t\t\t\t<div class=\"elementor-element elementor-element-c8ac59b e-flex e-con-boxed e-con e-parent\" data-id=\"c8ac59b\" data-element_type=\"container\" data-e-type=\"container\" data-settings=\"{&quot;background_background&quot;:&quot;classic&quot;}\">\n\t\t\t\t\t<div class=\"e-con-inner\">\n\t\t<div class=\"elementor-element elementor-element-cbd1932 e-con-full e-flex e-con e-child\" data-id=\"cbd1932\" data-element_type=\"container\" data-e-type=\"container\">\n\t\t\t\t<div class=\"elementor-element elementor-element-1845a72 elementor-widget elementor-widget-image\" data-id=\"1845a72\" data-element_type=\"widget\" data-e-type=\"widget\" data-widget_type=\"image.default\">\n\t\t\t\t<div class=\"elementor-widget-container\">\n\t\t\t\t\t\t\t\t\t\t\t\t\t\t\t<img fetchpriority=\"high\" decoding=\"async\" width=\"1914\" height=\"684\" src=\"https:\/\/shatranj.art\/wp-content\/uploads\/2026\/02\/biedermeier-chess-set-langer-collection.jpg\" class=\"attachment-full size-full wp-image-1497\" alt=\"\" srcset=\"https:\/\/shatranj.art\/wp-content\/uploads\/2026\/02\/biedermeier-chess-set-langer-collection.jpg 1914w, https:\/\/shatranj.art\/wp-content\/uploads\/2026\/02\/biedermeier-chess-set-langer-collection-300x107.jpg 300w, https:\/\/shatranj.art\/wp-content\/uploads\/2026\/02\/biedermeier-chess-set-langer-collection-1024x366.jpg 1024w, https:\/\/shatranj.art\/wp-content\/uploads\/2026\/02\/biedermeier-chess-set-langer-collection-768x274.jpg 768w, https:\/\/shatranj.art\/wp-content\/uploads\/2026\/02\/biedermeier-chess-set-langer-collection-1536x549.jpg 1536w, https:\/\/shatranj.art\/wp-content\/uploads\/2026\/02\/biedermeier-chess-set-langer-collection-18x6.jpg 18w\" sizes=\"(max-width: 1914px) 100vw, 1914px\" \/>\t\t\t\t\t\t\t\t\t\t\t\t\t\t\t<\/div>\n\t\t\t\t<\/div>\n\t\t\t\t<div class=\"elementor-element elementor-element-3c1fee1 elementor-widget elementor-widget-text-editor\" data-id=\"3c1fee1\" data-element_type=\"widget\" data-e-type=\"widget\" data-widget_type=\"text-editor.default\">\n\t\t\t\t<div class=\"elementor-widget-container\">\n\t\t\t\t\t\t\t\t\t<h3>Biedermeier \u0161ahovska garnitura<\/h3><p><br \/>Biedermeier \u0161ahovske figure, nazvane po centralnoevropskom pokretu u dizajnu iz 19. stolje\u0107a, poznate su po svojim elegantnim siluetama i ma\u0161tovitim detaljima. Karakteristi\u010dna osobina ovih kompleta je ma\u0161tovit dizajn figure lajtmotiva (L\u00e4ufer), koji \u010desto ima ukrasne zavr\u0161etke u obliku sfera ili \u0161tapova u suprotnim bojama kako bi do\u010darao \u201cpero u \u0161e\u0161iru\u201d. Vremenom su se ovi setovi razvili u doslovnije prikaze modnih kapa tog perioda, kao \u0161to su razigrane beretke, cilindri ili bowlers, odra\u017eavaju\u0107i umjetni\u010dki karakter tog doba. Ovaj set je dokumentovan u historijskoj kolekciji Holgera Langera (chess-collection.de).<\/p>\t\t\t\t\t\t\t\t<\/div>\n\t\t\t\t<\/div>\n\t\t\t\t<\/div>\n\t\t\t\t\t<\/div>\n\t\t\t\t<\/div>\n\t\t\t\t<\/div>","protected":false},"excerpt":{"rendered":"<p>Biedermeier chess set Biedermeier chessmen, named for the 19th-century Central European design movement, are celebrated for their elegant silhouettes and whimsical details. A defining feature of these sets is the imaginative design of the\u00a0L\u00e4ufer (runner) chess piece, which often feature finials in opposite-colored spheres or batons to evoke a &#8220;feather in a cap.&#8221; Over time, [&hellip;]<\/p>\n","protected":false},"author":1,"featured_media":0,"parent":743,"menu_order":0,"comment_status":"closed","ping_status":"closed","template":"","meta":{"footnotes":""},"class_list":["post-1494","page","type-page","status-publish","hentry"],"_links":{"self":[{"href":"https:\/\/shatranj.art\/bs\/wp-json\/wp\/v2\/pages\/1494","targetHints":{"allow":["GET"]}}],"collection":[{"href":"https:\/\/shatranj.art\/bs\/wp-json\/wp\/v2\/pages"}],"about":[{"href":"https:\/\/shatranj.art\/bs\/wp-json\/wp\/v2\/types\/page"}],"author":[{"embeddable":true,"href":"https:\/\/shatranj.art\/bs\/wp-json\/wp\/v2\/users\/1"}],"replies":[{"embeddable":true,"href":"https:\/\/shatranj.art\/bs\/wp-json\/wp\/v2\/comments?post=1494"}],"version-history":[{"count":5,"href":"https:\/\/shatranj.art\/bs\/wp-json\/wp\/v2\/pages\/1494\/revisions"}],"predecessor-version":[{"id":1502,"href":"https:\/\/shatranj.art\/bs\/wp-json\/wp\/v2\/pages\/1494\/revisions\/1502"}],"up":[{"embeddable":true,"href":"https:\/\/shatranj.art\/bs\/wp-json\/wp\/v2\/pages\/743"}],"wp:attachment":[{"href":"https:\/\/shatranj.art\/bs\/wp-json\/wp\/v2\/media?parent=1494"}],"curies":[{"name":"wp","href":"https:\/\/api.w.org\/{rel}","templated":true}]}}