{"id":1543,"date":"2026-02-24T08:36:27","date_gmt":"2026-02-24T08:36:27","guid":{"rendered":"https:\/\/shatranj.art\/?page_id=1543"},"modified":"2026-02-24T08:53:53","modified_gmt":"2026-02-24T08:53:53","slug":"plakat-41","status":"publish","type":"page","link":"https:\/\/shatranj.art\/bs\/exhibit\/plakat-41\/","title":{"rendered":"plakat-41"},"content":{"rendered":"<div data-elementor-type=\"wp-page\" data-elementor-id=\"1543\" class=\"elementor elementor-1543\" data-elementor-post-type=\"page\">\n\t\t\t\t<div class=\"elementor-element elementor-element-7a8daa7 e-flex e-con-boxed e-con e-parent\" data-id=\"7a8daa7\" data-element_type=\"container\" data-e-type=\"container\" data-settings=\"{&quot;background_background&quot;:&quot;classic&quot;}\">\n\t\t\t\t\t<div class=\"e-con-inner\">\n\t\t<div class=\"elementor-element elementor-element-26be55b e-con-full e-flex e-con e-child\" data-id=\"26be55b\" data-element_type=\"container\" data-e-type=\"container\">\n\t\t\t\t<div class=\"elementor-element elementor-element-3278af1 elementor-widget elementor-widget-image\" data-id=\"3278af1\" data-element_type=\"widget\" data-e-type=\"widget\" data-widget_type=\"image.default\">\n\t\t\t\t<div class=\"elementor-widget-container\">\n\t\t\t\t\t\t\t\t\t\t\t\t\t\t\t<img fetchpriority=\"high\" decoding=\"async\" width=\"1280\" height=\"960\" src=\"https:\/\/shatranj.art\/wp-content\/uploads\/2026\/02\/Sahi_Cannon_at_Fort_Nelson_UK.jpg\" class=\"attachment-full size-full wp-image-1545\" alt=\"\" srcset=\"https:\/\/shatranj.art\/wp-content\/uploads\/2026\/02\/Sahi_Cannon_at_Fort_Nelson_UK.jpg 1280w, https:\/\/shatranj.art\/wp-content\/uploads\/2026\/02\/Sahi_Cannon_at_Fort_Nelson_UK-300x225.jpg 300w, https:\/\/shatranj.art\/wp-content\/uploads\/2026\/02\/Sahi_Cannon_at_Fort_Nelson_UK-1024x768.jpg 1024w, https:\/\/shatranj.art\/wp-content\/uploads\/2026\/02\/Sahi_Cannon_at_Fort_Nelson_UK-768x576.jpg 768w, https:\/\/shatranj.art\/wp-content\/uploads\/2026\/02\/Sahi_Cannon_at_Fort_Nelson_UK-16x12.jpg 16w\" sizes=\"(max-width: 1280px) 100vw, 1280px\" \/>\t\t\t\t\t\t\t\t\t\t\t\t\t\t\t<\/div>\n\t\t\t\t<\/div>\n\t\t\t\t<div class=\"elementor-element elementor-element-6723efb elementor-widget elementor-widget-text-editor\" data-id=\"6723efb\" data-element_type=\"widget\" data-e-type=\"widget\" data-widget_type=\"text-editor.default\">\n\t\t\t\t<div class=\"elementor-widget-container\">\n\t\t\t\t\t\t\t\t\t<h3><b>Porijeklo rije\u010di \u015eAH\u00ce i njena veza s evolucijom \u0161aha\u00a0<\/b><\/h3><p>SHAH (\u015eAH) je termin koji se koristi u mnogim slovenskim jezicima za \u0161ah. Njema\u010dka rije\u010d \u201cschach\u201d, francuska \u201c\u00e9checs\u201d i engleska \u201cchess\u201d sve su fonetski izvedene iz rije\u010di \u201cshah\u201d. Termin \u201c\u015eAH\u00ce\u201d kao pridjev zna\u010di kraljevski ili specifi\u010dan za \u0161aha. Tako\u0111er se koristi u knji\u017eevnim tekstovima da ozna\u010di sna\u017ean i veli\u010danstven.<\/p><p>\u00a0<\/p><p>Top \u015eAH\u00ce, dizajniran od strane ma\u0111arskog in\u017eenjera Orbana, odigrao je klju\u010dnu ulogu u probijanju masivnih zidina i kula Konstantinopolja tokom opsade 1453. godine pod vodstvom Fatih Sultana Mehmeda, simboliziraju\u0107i revolucionarne promjene u opsadnom ratovanju.<\/p><p>\u00a0<\/p><p>Tri stolje\u0107a nakon osvajanja Istanbula, tokom operacije na Dardanelima 1807. godine, ispaljen je jo\u0161 jedan vi\u0161estoljetni top \u015eAH\u00ce na britanske brodove, uzrokuju\u0107i zna\u010dajne gubitke. Osmanski sultan Abd\u00fclaziz poklonio je ovaj top kraljici Viktoriji 1866. godine. Fotografija topa \u015eAH\u00ce iznad potje\u010de iz utvrde Nelson u Ujedinjenom Kraljevstvu.<\/p><p>\u00a0<\/p><p>Naziv \u015eAH\u00ce simbolizira evoluciju figure to\u010dka u razli\u010ditim jezicima, od ratnog kola do kule, od topa do broda, odra\u017eavaju\u0107i evoluciju \u0161aha.<\/p><p>\u00a0<\/p><p>\u0160ahovski set \u015eAH\u00ce dizajnirao je Tamer Karatekin, biv\u0161i igra\u010d na prvoj dasci \u0161ahovskog tima Tehnolo\u0161kog instituta u Massachusettsu i iskusan \u0161ahovski edukator. On elegantno predstavlja historiju i evoluciju \u0161aha i izra\u0111en je za obrazovnu i turnirsku upotrebu. Dizajniran je da bude kulturno i duhovno inkluzivan. Proizvodnju je podr\u017eao Massachusetts Cultural Council i program Erasmus+ za mlade Evropske unije.<\/p><p>\u00a0<\/p><p>Saznajte vi\u0161e o pri\u010di o dizajnu \u015eAH\u00ce na:\u00a0 \u00a0<a href=\"http:\/\/www.shahimasterset.com\/\">www.shahimasterset.com<\/a><\/p><p>Tako\u0111er, pogledajte na\u0161e povezane projekte:<br \/>Kurikulum za AI zasnovan na \u0161ahu: <a href=\"http:\/\/www.shatranj.ai\/\">shatranj.ai<\/a><\/p><p>Izlo\u017eba historijskih psiholo\u0161kih igara: <a href=\"https:\/\/shatranj.art\/bs\/\">shatranj.art<\/a><\/p>\t\t\t\t\t\t\t\t<\/div>\n\t\t\t\t<\/div>\n\t\t\t\t<div class=\"elementor-element elementor-element-7946825 elementor-widget elementor-widget-image\" data-id=\"7946825\" data-element_type=\"widget\" data-e-type=\"widget\" data-widget_type=\"image.default\">\n\t\t\t\t<div class=\"elementor-widget-container\">\n\t\t\t\t\t\t\t\t\t\t\t\t\t\t\t<img decoding=\"async\" width=\"559\" height=\"397\" src=\"https:\/\/shatranj.art\/wp-content\/uploads\/2026\/02\/shahi-engish-brochure-A6-page1.png\" class=\"attachment-full size-full wp-image-1548\" alt=\"\" srcset=\"https:\/\/shatranj.art\/wp-content\/uploads\/2026\/02\/shahi-engish-brochure-A6-page1.png 559w, https:\/\/shatranj.art\/wp-content\/uploads\/2026\/02\/shahi-engish-brochure-A6-page1-300x213.png 300w, https:\/\/shatranj.art\/wp-content\/uploads\/2026\/02\/shahi-engish-brochure-A6-page1-18x12.png 18w\" sizes=\"(max-width: 559px) 100vw, 559px\" \/>\t\t\t\t\t\t\t\t\t\t\t\t\t\t\t<\/div>\n\t\t\t\t<\/div>\n\t\t\t\t<\/div>\n\t\t\t\t\t<\/div>\n\t\t\t\t<\/div>\n\t\t\t\t<\/div>","protected":false},"excerpt":{"rendered":"<p>The origins of the \u015eAH\u00ce\u00a0 word and its connection to the evolution of chess\u00a0 SHAH (\u015eAH) is a term used in many Slavic languages for chess. The German word &#8220;schach,&#8221; French &#8220;\u00e9checs,&#8221; and English &#8220;chess&#8221; are all phonetically derived from the word &#8220;shah.&#8221; The term &#8220;\u015eAH\u00ce&#8221; as an adjective means royal or specific to the [&hellip;]<\/p>\n","protected":false},"author":1,"featured_media":0,"parent":743,"menu_order":0,"comment_status":"closed","ping_status":"closed","template":"","meta":{"footnotes":""},"class_list":["post-1543","page","type-page","status-publish","hentry"],"_links":{"self":[{"href":"https:\/\/shatranj.art\/bs\/wp-json\/wp\/v2\/pages\/1543","targetHints":{"allow":["GET"]}}],"collection":[{"href":"https:\/\/shatranj.art\/bs\/wp-json\/wp\/v2\/pages"}],"about":[{"href":"https:\/\/shatranj.art\/bs\/wp-json\/wp\/v2\/types\/page"}],"author":[{"embeddable":true,"href":"https:\/\/shatranj.art\/bs\/wp-json\/wp\/v2\/users\/1"}],"replies":[{"embeddable":true,"href":"https:\/\/shatranj.art\/bs\/wp-json\/wp\/v2\/comments?post=1543"}],"version-history":[{"count":10,"href":"https:\/\/shatranj.art\/bs\/wp-json\/wp\/v2\/pages\/1543\/revisions"}],"predecessor-version":[{"id":1557,"href":"https:\/\/shatranj.art\/bs\/wp-json\/wp\/v2\/pages\/1543\/revisions\/1557"}],"up":[{"embeddable":true,"href":"https:\/\/shatranj.art\/bs\/wp-json\/wp\/v2\/pages\/743"}],"wp:attachment":[{"href":"https:\/\/shatranj.art\/bs\/wp-json\/wp\/v2\/media?parent=1543"}],"curies":[{"name":"wp","href":"https:\/\/api.w.org\/{rel}","templated":true}]}}