{"id":756,"date":"2026-02-21T09:44:01","date_gmt":"2026-02-21T09:44:01","guid":{"rendered":"https:\/\/shatranj.art\/?page_id=756"},"modified":"2026-03-02T06:56:13","modified_gmt":"2026-03-02T06:56:13","slug":"poster-1","status":"publish","type":"page","link":"https:\/\/shatranj.art\/bs\/exhibit\/poster-1\/","title":{"rendered":"plakat 1"},"content":{"rendered":"<div data-elementor-type=\"wp-page\" data-elementor-id=\"756\" class=\"elementor elementor-756\" data-elementor-post-type=\"page\">\n\t\t\t\t<div class=\"elementor-element elementor-element-5b2de3e e-flex e-con-boxed e-con e-parent\" data-id=\"5b2de3e\" data-element_type=\"container\" data-e-type=\"container\" data-settings=\"{&quot;background_background&quot;:&quot;classic&quot;}\">\n\t\t\t\t\t<div class=\"e-con-inner\">\n\t\t\t\t<div class=\"elementor-element elementor-element-2eb0d79 elementor-widget__width-initial elementor-widget elementor-widget-heading\" data-id=\"2eb0d79\" data-element_type=\"widget\" data-e-type=\"widget\" data-widget_type=\"heading.default\">\n\t\t\t\t<div class=\"elementor-widget-container\">\n\t\t\t\t\t<h1 class=\"elementor-heading-title elementor-size-default\">Evolucija \u0161panskih \u0161ahovskih figura od historijskog \u0161aha (acedrex) prema modernom \u0161ahu (ajedrez)<\/h1>\t\t\t\t<\/div>\n\t\t\t\t<\/div>\n\t\t\t\t<div class=\"elementor-element elementor-element-c101d50 elementor-widget elementor-widget-image\" data-id=\"c101d50\" data-element_type=\"widget\" data-e-type=\"widget\" data-widget_type=\"image.default\">\n\t\t\t\t<div class=\"elementor-widget-container\">\n\t\t\t\t\t\t\t\t\t\t\t\t\t\t\t<img fetchpriority=\"high\" decoding=\"async\" width=\"543\" height=\"755\" src=\"https:\/\/shatranj.art\/wp-content\/uploads\/2026\/02\/f82v-Grant-Acedrex.jpg\" class=\"attachment-full size-full wp-image-840\" alt=\"\" srcset=\"https:\/\/shatranj.art\/wp-content\/uploads\/2026\/02\/f82v-Grant-Acedrex.jpg 543w, https:\/\/shatranj.art\/wp-content\/uploads\/2026\/02\/f82v-Grant-Acedrex-216x300.jpg 216w\" sizes=\"(max-width: 543px) 100vw, 543px\" \/>\t\t\t\t\t\t\t\t\t\t\t\t\t\t\t<\/div>\n\t\t\t\t<\/div>\n\t\t\t\t<div class=\"elementor-element elementor-element-51d15d1 elementor-widget elementor-widget-text-editor\" data-id=\"51d15d1\" data-element_type=\"widget\" data-e-type=\"widget\" data-widget_type=\"text-editor.default\">\n\t\t\t\t<div class=\"elementor-widget-container\">\n\t\t\t\t\t\t\t\t\t<h3 data-path-to-node=\"2\"><b data-path-to-node=\"2\" data-index-in-node=\"0\">1. Jezi\u010dka promjena: od X do J<\/b><\/h3><p data-path-to-node=\"3\">Razlika izme\u0111u Acedrex i Ajedrez ilustrira fonetsku evoluciju \u0161panskog jezika dok je nastojao prilagoditi izvorno arapsko ime igre:<\/p><ul data-path-to-node=\"4\"><li><p data-path-to-node=\"4,0,0\"><b data-path-to-node=\"4,0,0\" data-index-in-node=\"0\">A<\/b><strong>cedrex (13. vijek):\u00a0<\/strong>Ovo je primarno pisanje koje se koristi u traktatu kralja Alfonsa X iz 1283. godine, <i data-path-to-node=\"4,0,0\" data-index-in-node=\"97\">Knjiga o \u0161ahovskoj igri<\/i>. U to vrijeme su se \u201cc\u201d (prije \u201ce\u201d) i \u201cx\u201d koristili za fonetsko bilje\u017eenje zvuka \u201c\u0161\u201d naslije\u0111enog iz arapskog. <i data-path-to-node=\"4,0,0\" data-index-in-node=\"234\">\u0160ah<\/i>.<\/p><\/li><li><p data-path-to-node=\"4,1,0\"><b data-path-to-node=\"4,1,0\" data-index-in-node=\"0\">Ajedrez (15. vijek):<\/b> Kako se jezik razvijao, taj zvuk \u201csh\u201d pre\u0161ao je u moderni, grleni \u201cj\u201d (the <i data-path-to-node=\"4,1,0\" data-index-in-node=\"112\">jota<\/i>). Do trenutka kada je Luis Ram\u00edrez de Lucena objavio svoje zna\u010dajno djelo 1497. godine, pravopis se ve\u0107 pribli\u017eio modernom obliku.<\/p><\/li><\/ul>\t\t\t\t\t\t\t\t<\/div>\n\t\t\t\t<\/div>\n\t\t\t\t<div class=\"elementor-element elementor-element-868b6ed elementor-widget elementor-widget-image\" data-id=\"868b6ed\" data-element_type=\"widget\" data-e-type=\"widget\" data-widget_type=\"image.default\">\n\t\t\t\t<div class=\"elementor-widget-container\">\n\t\t\t\t\t\t\t\t\t\t\t\t\t\t\t<img decoding=\"async\" width=\"2560\" height=\"2560\" src=\"https:\/\/shatranj.art\/wp-content\/uploads\/2026\/02\/elephant-move-board-scaled.jpg\" class=\"attachment-full size-full wp-image-839\" alt=\"\" srcset=\"https:\/\/shatranj.art\/wp-content\/uploads\/2026\/02\/elephant-move-board-scaled.jpg 2560w, https:\/\/shatranj.art\/wp-content\/uploads\/2026\/02\/elephant-move-board-300x300.jpg 300w, https:\/\/shatranj.art\/wp-content\/uploads\/2026\/02\/elephant-move-board-1024x1024.jpg 1024w, https:\/\/shatranj.art\/wp-content\/uploads\/2026\/02\/elephant-move-board-150x150.jpg 150w, https:\/\/shatranj.art\/wp-content\/uploads\/2026\/02\/elephant-move-board-768x768.jpg 768w, https:\/\/shatranj.art\/wp-content\/uploads\/2026\/02\/elephant-move-board-1536x1536.jpg 1536w, https:\/\/shatranj.art\/wp-content\/uploads\/2026\/02\/elephant-move-board-2048x2048.jpg 2048w\" sizes=\"(max-width: 2560px) 100vw, 2560px\" \/>\t\t\t\t\t\t\t\t\t\t\t\t\t\t\t<\/div>\n\t\t\t\t<\/div>\n\t\t\t\t<div class=\"elementor-element elementor-element-0a642b0 elementor-widget elementor-widget-text-editor\" data-id=\"0a642b0\" data-element_type=\"widget\" data-e-type=\"widget\" data-widget_type=\"text-editor.default\">\n\t\t\t\t<div class=\"elementor-widget-container\">\n\t\t\t\t\t\t\t\t\t<br><h3 data-path-to-node=\"0\"><b data-path-to-node=\"0\" data-index-in-node=\"0\">2. Mehani\u010dki prijelaz: \u201cEl Viejo\u201d protiv \u201cDe la Dama\u201d<\/b><\/h3>\n<p data-path-to-node=\"1\">Dok se fonetsko ime mijenjalo, pravila su prolazila kroz revolucionarnu ekspanziju mo\u0107i koja je potpuno promijenila tempo igre. Ovaj prijelaz najbolje je definiran dvama sustavima opisanima u Luceninom djelu iz 1497. godine:<\/p>\n\n<ul data-path-to-node=\"2\">\n \t<li>\n<p data-path-to-node=\"2,0,0\"><b data-path-to-node=\"2,0,0\" data-index-in-node=\"0\">El Viejo (Stari put):<\/b> Ovo predstavlja tradicionalna srednjovjekovna pravila Acedrexa, gdje je igra bila spora, pozicijska borba. U ovom sistemu, figura koju danas nazivamo Dama bila je Alferza (kraljev savjetnik), ograni\u010dena na pomicanje samo jednog kvadrata dijagonalno. Istovremeno, tradicionalni Alfil bio je ograni\u010den na preskakanje ta\u010dno dva kvadrata dijagonalno, preska\u010du\u0107i ostale figure.<\/p>\n<\/li>\n \t<li>\n<p data-path-to-node=\"2,1,0\"><b data-path-to-node=\"2,1,0\" data-index-in-node=\"0\">De la Dama (Moderan na\u010din):<\/b> Ovaj \u201cnovi\u201d stil igre pretvorio je \u0161ah u \u201cbrzu, takti\u010dku i eksplozivnu\u201d borbu. Prema ovim pravilima, Alferza je zamijenjena \u201cDamom\u201d, koja je dobila neograni\u010den domet u svim smjerovima. Moderna Alfil tako\u0111er se razvila u neograni\u010deno dijagonalno kliza\u010de, usvajaju\u0107i sna\u017ean potez nekada rezerviran za eksperimentalne figure poput Krokodila.<\/p>\n<\/li>\n<\/ul>\t\t\t\t\t\t\t\t<\/div>\n\t\t\t\t<\/div>\n\t\t\t\t<div class=\"elementor-element elementor-element-b676e1c elementor-widget elementor-widget-text-editor\" data-id=\"b676e1c\" data-element_type=\"widget\" data-e-type=\"widget\" data-widget_type=\"text-editor.default\">\n\t\t\t\t<div class=\"elementor-widget-container\">\n\t\t\t\t\t\t\t\t\t<h3 data-path-to-node=\"0\"><b data-path-to-node=\"0\" data-index-in-node=\"0\">Prelazak od krokodila do slona<\/b><\/h3>\t\t\t\t\t\t\t\t<\/div>\n\t\t\t\t<\/div>\n\t\t\t\t<div class=\"elementor-element elementor-element-2320411 elementor-widget elementor-widget-image\" data-id=\"2320411\" data-element_type=\"widget\" data-e-type=\"widget\" data-widget_type=\"image.default\">\n\t\t\t\t<div class=\"elementor-widget-container\">\n\t\t\t\t\t\t\t\t\t\t\t\t\t\t\t<img decoding=\"async\" width=\"640\" height=\"640\" src=\"https:\/\/shatranj.art\/wp-content\/uploads\/2026\/02\/cathedral-crocodile.jpg\" class=\"attachment-full size-full wp-image-864\" alt=\"\" srcset=\"https:\/\/shatranj.art\/wp-content\/uploads\/2026\/02\/cathedral-crocodile.jpg 640w, https:\/\/shatranj.art\/wp-content\/uploads\/2026\/02\/cathedral-crocodile-300x300.jpg 300w, https:\/\/shatranj.art\/wp-content\/uploads\/2026\/02\/cathedral-crocodile-150x150.jpg 150w\" sizes=\"(max-width: 640px) 100vw, 640px\" \/>\t\t\t\t\t\t\t\t\t\t\t\t\t\t\t<\/div>\n\t\t\t\t<\/div>\n\t\t\t\t<div class=\"elementor-element elementor-element-9760248 elementor-widget elementor-widget-image\" data-id=\"9760248\" data-element_type=\"widget\" data-e-type=\"widget\" data-widget_type=\"image.default\">\n\t\t\t\t<div class=\"elementor-widget-container\">\n\t\t\t\t\t\t\t\t\t\t\t\t\t\t\t<img loading=\"lazy\" decoding=\"async\" width=\"426\" height=\"640\" src=\"https:\/\/shatranj.art\/wp-content\/uploads\/2026\/02\/wooden-crocodile-seville-with-elephant-tusk.jpg\" class=\"attachment-full size-full wp-image-860\" alt=\"\" srcset=\"https:\/\/shatranj.art\/wp-content\/uploads\/2026\/02\/wooden-crocodile-seville-with-elephant-tusk.jpg 426w, https:\/\/shatranj.art\/wp-content\/uploads\/2026\/02\/wooden-crocodile-seville-with-elephant-tusk-200x300.jpg 200w\" sizes=\"(max-width: 426px) 100vw, 426px\" \/>\t\t\t\t\t\t\t\t\t\t\t\t\t\t\t<\/div>\n\t\t\t\t<\/div>\n\t\t\t\t<div class=\"elementor-element elementor-element-12b9be7 elementor-widget elementor-widget-text-editor\" data-id=\"12b9be7\" data-element_type=\"widget\" data-e-type=\"widget\" data-widget_type=\"text-editor.default\">\n\t\t\t\t<div class=\"elementor-widget-container\">\n\t\t\t\t\t\t\t\t\t<br><p data-path-to-node=\"0\">Prelazak poteza \u201cneograni\u010dene dijagonale\u201d na naziv \u201cAlfil\u201d u \u0161panskoj literaturi ozna\u010dava presudan zaokret od srednjovjekovnog \u201cShatranja\u201d ka modernom \u0161ahu. Dok je \u201cLibro de los Juegos (1283)\u201d kralja Alfonsa X prvi put uveo potez neograni\u010dene dijagonale pomo\u0107u specifi\u010dne figure nazvane Krokodil (<i data-path-to-node=\"0\" data-index-in-node=\"298\">Krokodil<\/i>), naziv \u201cAlfil\u201d nije se ponovo primjenjivao na ovaj potez u standardnoj 8\u00d78 igri sve do kraja 15. stolje\u0107a.<\/p>\n\n<h3 data-path-to-node=\"1\"><b data-path-to-node=\"1\" data-index-in-node=\"0\">1. \u201cKrokodil\u201d u Alfonsoovoj knjizi (1283)<\/b><\/h3>\n<p data-path-to-node=\"2\">U Alfonzovom X. \u201cKnjizi igara\"<i data-path-to-node=\"2\" data-index-in-node=\"15\">\u201c<\/i>, standardni Alfil je i dalje bio tradicionalni srednjovjekovni komad koji je skakao ta\u010dno dva polja dijagonalno. Me\u0111utim, Alfonso je uklju\u010dio pro\u0161irenu 12\u00d712 varijantu nazvanu \u201cGrande Acedrex\"<b data-path-to-node=\"2\" data-index-in-node=\"199\">\u201c<\/b> (Veliki \u0161ah), u kojem je bio novi komad nazvan \u201cKrokodil\u201d (<i data-path-to-node=\"2\" data-index-in-node=\"278\">Krokodil<\/i>).<\/p>\n\n<ul data-path-to-node=\"3\">\n \t<li>\n<p data-path-to-node=\"3,0,0\"><b data-path-to-node=\"3,0,0\" data-index-in-node=\"0\">Pokret:<\/b> Krokodil se kretao potpuno kao moderni komad \u2014 klize\u0107i bilo koju udaljenost du\u017e neometanih dijagonala.<\/p>\n<\/li>\n \t<li>\n<p data-path-to-node=\"3,1,0\"><b data-path-to-node=\"3,1,0\" data-index-in-node=\"0\">Inspiracija:<\/b> Istorici povezuju ovo ime s poznatim diplomatskim poklonom: \u017eivim krokodilom poslanim od sultana Egipta Alfonsu X. 1260. godine, kao dio prijedloga za brak kraljeve k\u0107erke. Drveni model ovog krokodila u prirodnoj veli\u010dini, poznat kao \u201cLagarto\"<i data-path-to-node=\"3,1,0\" data-index-in-node=\"198\">\u201c<\/i>, i danas visi u katedrali u Sevilji.<\/p>\n<\/li>\n<\/ul>\n<h3 data-path-to-node=\"4\"><b data-path-to-node=\"4\" data-index-in-node=\"0\">2. Prelazak na \u201cAlfil\u201d u 15. stolje\u0107u<\/b><\/h3>\n<p data-path-to-node=\"5\">Naziv \u201cAlfil\u201d je slu\u017ebeno kori\u0161ten za neograni\u010deno dijagonalno kretanje u standardnoj 8\u00d78 igri nakon \u201cValencijske reforme\u201d oko 1475. godine.<\/p>\n\n<ul data-path-to-node=\"6\">\n \t<li>\n<p data-path-to-node=\"6,0,0\"><b data-path-to-node=\"6,0,0\" data-index-in-node=\"0\">Scachs d'amor (oko 1475):<\/b> Ova valensijska pjesma je prvi knji\u017eevni rad koji opisuje moderna pravila \u0161aha. Ona izri\u010dito daje ovoj figuri \u201cdinami\u010dniju ulogu\u201d, pomi\u010du\u0107i se na onoliko polja koliko je mogla dijagonalno. U pjesmi se ove figure ve\u0107 nazivaju \u201cAlfil\u201d (na valensijskom\/katalonskom), \u0161to ilustrira da je ime tokom tog perioda preneseno sa stare figure \u201cskaka\u010da\u201d na novu figuru \u201ckliza\u010da\u201d.<\/p>\n<\/li>\n \t<li>\n<p data-path-to-node=\"6,1,0\"><b data-path-to-node=\"6,1,0\" data-index-in-node=\"0\">Libre dels jochs partits dels schacs (1495):<\/b> Napisana od Francesca Vicenta, ova izgubljena knjiga smatra se prvim traktatom o modernom \u0161ahu. Vjeruje se da je standardizirala naziv \u201cAlfil\u201d za novi potez \u0161irom Iberijskog poluotoka.<\/p>\n<\/li>\n<\/ul>\n<h3 data-path-to-node=\"7\"><b data-path-to-node=\"7\" data-index-in-node=\"0\">3. Prvi nastup u kastilskoj (\u0161panskoj) knji\u017eevnosti<\/b><\/h3>\n<p data-path-to-node=\"8\">Ako tra\u017eite konkretno kastilijsku (\u0161panjolsku), a ne valencijsku knji\u017eevnost, prva definitivna upotreba \u201cAlfil\u201d za moderni potez je u:<\/p>\n\n<ul data-path-to-node=\"9\">\n \t<li>\n<p data-path-to-node=\"9,0,0\"><b data-path-to-node=\"9,0,0\" data-index-in-node=\"0\">Ponovljeni motivi ljubavi i umjetnost \u0161aha (1497):<\/b> Napisao Luis Ram\u00edrez de Lucena, ovo je najstarija sa\u010duvana \u0161tampana knjiga o modernom \u0161ahu na kastiljskom jeziku.<\/p>\n<\/li>\n \t<li>\n<p data-path-to-node=\"9,1,0\">Lucena naziva tu figuru Alfil (ili Arfil) i razlikuje \u201cnova\u201d pravila (de la dama) od \u201cstarih\u201d pravila (el viejo). Potvr\u0111uje da \u201cnovi Alfil\u201d sada ide dijagonalom, prakti\u010dno apsorbuju\u0107i kretanje koje je prvobitno bilo dodijeljeno Alfonsoovom \u201cKrokodilu\u201d.<\/p>\n<\/li>\n<\/ul>\t\t\t\t\t\t\t\t<\/div>\n\t\t\t\t<\/div>\n\t\t\t\t<div class=\"elementor-element elementor-element-ab774ba elementor-widget elementor-widget-text-editor\" data-id=\"ab774ba\" data-element_type=\"widget\" data-e-type=\"widget\" data-widget_type=\"text-editor.default\">\n\t\t\t\t<div class=\"elementor-widget-container\">\n\t\t\t\t\t\t\t\t\t<h3 data-path-to-node=\"0\"><b data-path-to-node=\"0\" data-index-in-node=\"0\">Od Alferze do Dame (gospo\u0111e) i Reine (kraljice)<\/b><\/h3>\t\t\t\t\t\t\t\t<\/div>\n\t\t\t\t<\/div>\n\t\t\t\t<div class=\"elementor-element elementor-element-d8494e7 elementor-widget elementor-widget-image\" data-id=\"d8494e7\" data-element_type=\"widget\" data-e-type=\"widget\" data-widget_type=\"image.default\">\n\t\t\t\t<div class=\"elementor-widget-container\">\n\t\t\t\t\t\t\t\t\t\t\t\t\t\t\t<img loading=\"lazy\" decoding=\"async\" width=\"960\" height=\"1109\" src=\"https:\/\/shatranj.art\/wp-content\/uploads\/2026\/02\/Spanish_-_Chess_Piece_of_a_Queen_-_Walters_71145_-_Three_Quarter.jpg\" class=\"attachment-full size-full wp-image-845\" alt=\"\" srcset=\"https:\/\/shatranj.art\/wp-content\/uploads\/2026\/02\/Spanish_-_Chess_Piece_of_a_Queen_-_Walters_71145_-_Three_Quarter.jpg 960w, https:\/\/shatranj.art\/wp-content\/uploads\/2026\/02\/Spanish_-_Chess_Piece_of_a_Queen_-_Walters_71145_-_Three_Quarter-260x300.jpg 260w, https:\/\/shatranj.art\/wp-content\/uploads\/2026\/02\/Spanish_-_Chess_Piece_of_a_Queen_-_Walters_71145_-_Three_Quarter-886x1024.jpg 886w, https:\/\/shatranj.art\/wp-content\/uploads\/2026\/02\/Spanish_-_Chess_Piece_of_a_Queen_-_Walters_71145_-_Three_Quarter-768x887.jpg 768w\" sizes=\"(max-width: 960px) 100vw, 960px\" \/>\t\t\t\t\t\t\t\t\t\t\t\t\t\t\t<\/div>\n\t\t\t\t<\/div>\n\t\t\t\t<div class=\"elementor-element elementor-element-1bedad7 elementor-widget elementor-widget-text-editor\" data-id=\"1bedad7\" data-element_type=\"widget\" data-e-type=\"widget\" data-widget_type=\"text-editor.default\">\n\t\t\t\t<div class=\"elementor-widget-container\">\n\t\t\t\t\t\t\t\t\t<br><p data-path-to-node=\"0\">Iako se oba termina danas koriste, izbor izme\u0111u \u201cdama\u201d i \u201creina\u201d u \u0161panskoj \u0161ahovskoj literaturi ozna\u010dava prijelaz od srednjovjekovne igre do modernog \u0161aha i odra\u017eava dugogodi\u0161nji napor da se izbjegne jezi\u010dka zabuna.<\/p>\n\n<h3 data-path-to-node=\"1\"><b data-path-to-node=\"1\" data-index-in-node=\"0\">1. Prvo knji\u017eevno pojavljivanje: srednjovjekovna \u201cReina\u201d<\/b><\/h3>\n<p data-path-to-node=\"2\">U op\u0107em knji\u017eevnom smislu, termin \u201creina\u201d (kraljica) pojavio se u \u0161panskoj \u0161ahovskoj poeziji mnogo prije nego \u0161to je postao standardizirano ime za tu figuru na \u0161ahovnici.<\/p>\n\n<ul data-path-to-node=\"3\">\n \t<li>\n<p data-path-to-node=\"3,0,0\"><b data-path-to-node=\"3,0,0\" data-index-in-node=\"0\"><span class=\"citation-89\">11. vijek (\u0160egal):<\/span><\/b><span class=\"citation-89\"> \u0160panski rabin\u201c<\/span><span class=\"citation-89\">Abraham ibn Ezra\u201d<\/span><span class=\"citation-89\"> napisao je pjesmu krajem 11. stolje\u0107a u kojoj je spomenuo djelo kao \u201c<\/span><span class=\"citation-89\">\u0160eegal\u201d<\/span><span class=\"citation-89 citation-end-89\"> (hebrejski pojam za kraljicu).<\/span><\/p>\n\n<div class=\"source-inline-chip-container ng-star-inserted\"><\/div><\/li>\n \t<li>\n<p data-path-to-node=\"3,1,0\"><b data-path-to-node=\"3,1,0\" data-index-in-node=\"0\">Srednjovjekovna romansa:<\/b><span class=\"citation-88\"> Pod utjecajem moralnih traktata Jacobusa de Cessolis, djelo se \u010desto nazivalo \u2019<\/span><span class=\"citation-88\">kraljica\u201d<\/span><span class=\"citation-88\"> na latinskom i \u201c<\/span><span class=\"citation-88\">kraljica<\/span><b data-path-to-node=\"3,1,0\" data-index-in-node=\"134\"><span class=\"citation-88\">\u201c<\/span><\/b><span class=\"citation-88\"> u ranim romanskim jezicima, iako se i dalje kretalo slabom, dijagonalom u jednom kvadratu kretanja \u201c<\/span><span class=\"citation-88\">Alferza<\/span><b data-path-to-node=\"3,1,0\" data-index-in-node=\"246\"><span class=\"citation-88\">\u201c<\/span><\/b><span class=\"citation-88 citation-end-88\">.<\/span><\/p>\n\n<div class=\"source-inline-chip-container ng-star-inserted\"><\/div><\/li>\n<\/ul>\n<h3 data-path-to-node=\"4\"><b data-path-to-node=\"4\" data-index-in-node=\"0\">2. Prvi moderni traktati: \u201cDama\u201d kao standard<\/b><\/h3>\n<p data-path-to-node=\"5\">Kada su se pravila promijenila krajem 15. stolje\u0107a kako bi se stvorio mo\u0107ni \u201cneograni\u010deni\u201d komad kakav danas poznajemo, u \u0161panskim traktatima je zapravo bio preferiran izraz \u201cDama\u201d, a ne \"Reina\".<\/p>\n\n<ul data-path-to-node=\"6\">\n \t<li>\n<p data-path-to-node=\"6,0,0\"><b data-path-to-node=\"6,0,0\" data-index-in-node=\"0\"><span class=\"citation-87 citation-end-87\">Libre dels jochs partits dels schacs (1495):<\/span><\/b><span class=\"citation-86 citation-end-86\"> Napisao ga je Francesc Vicent u Valenciji, a smatra se prvom \u0161tampanom knjigom o modernom \u0161ahu.<\/span> Bilo je usmjereno na \u201cDamu\"<b data-path-to-node=\"6,0,0\" data-index-in-node=\"162\">\u201c<\/b> (Dame) i pripisuje joj se zasluga za standardizaciju \u201cnovih\u201d pravila kretanja.<\/p>\n<p data-path-to-node=\"6,1,0\"><b data-path-to-node=\"6,1,0\" data-index-in-node=\"0\"><span class=\"citation-85 citation-end-85\">Ponovljeni motivi ljubavi i umjetnost \u0161aha (1497):<\/span><\/b><span class=\"citation-84\"> Luis Ram\u00edrez de Lucena je izri\u010dito koristio termin \u201cDama\u201c za definiranje moderne igre (de la dama). Rijetko je koristio \u201cReina\u201d jer se igra \u010desto nazivala \u201c\u0160ah dame\u201d (\u010desto povezan s kraljicom Izabelom I. od Kastilje).<\/span><\/p>\n<\/li>\n<\/ul>\n<h3 data-path-to-node=\"7\"><b data-path-to-node=\"7\" data-index-in-node=\"0\">3. Kada je \u201cReina\u201d postala \u010desta alternativa<\/b><\/h3>\n<p data-path-to-node=\"8\">Prelazak na \u201cReina\u201d u glavnoj \u0161panskoj \u0161ahovskoj literaturi po\u010deo se \u010de\u0161\u0107e pojavljivati u 16. stolje\u0107u kako je igra napu\u0161tala svoj po\u010detni \u201creformni\u201d period.<\/p>\n\n<ul data-path-to-node=\"9\">\n \t<li>\n<p data-path-to-node=\"9,0,0\"><b data-path-to-node=\"9,0,0\" data-index-in-node=\"0\">Ruy L\u00f3pez de Segura (1561):<\/b> U svom temeljnom djelu \u201cLibro de la Invenci\u00f3n Liberal y Arte del Juego del Axedrez\u201d, Ruy L\u00f3pez je koristio oba termina, iako \u201cDama<b data-path-to-node=\"9,0,0\" data-index-in-node=\"148\">\u201c<\/b> ostala je tehni\u010dki dominantna u strate\u0161kim opisima.<\/p>\n<\/li>\n \t<li>\n<p id=\"p-rc_22a1b7b1123caa87-52\" data-path-to-node=\"9,1,0\"><b data-path-to-node=\"9,1,0\" data-index-in-node=\"0\">\u201cR\u201d sukob:<\/b> Glavni razlog za\u0161to \u201cReina\u201d nikada nije u potpunosti zamijenila \u201cDama\u201d u tehni\u010dkoj \u0161ahovskoj literaturi je \u0161ahovska notacija. U \u0161panskoj notaciji \u201cRey\u201d (kralj) koristi slovo \u201cR\u201c. Da bi se izbjegla zabuna, kraljici je dodijeljeno slovo \u201cD\u201c za \u201cDama\u201d.<\/p>\n<\/li>\n<\/ul>\t\t\t\t\t\t\t\t<\/div>\n\t\t\t\t<\/div>\n\t\t\t\t\t<\/div>\n\t\t\t\t<\/div>\n\t\t\t\t<\/div>","protected":false},"excerpt":{"rendered":"<p>Spanish chess piece evolution from historical chess (acedrex) toward modern chess (ajedrez) 1. The Linguistic Shift: From X to J The difference between Acedrex and Ajedrez illustrates the phonetic evolution of the Spanish language as it sought to adapt the original Arabic name for the game: Acedrex (The 13th Century):\u00a0This is the primary spelling used [&hellip;]<\/p>\n","protected":false},"author":1,"featured_media":0,"parent":743,"menu_order":0,"comment_status":"closed","ping_status":"closed","template":"","meta":{"footnotes":""},"class_list":["post-756","page","type-page","status-publish","hentry"],"_links":{"self":[{"href":"https:\/\/shatranj.art\/bs\/wp-json\/wp\/v2\/pages\/756","targetHints":{"allow":["GET"]}}],"collection":[{"href":"https:\/\/shatranj.art\/bs\/wp-json\/wp\/v2\/pages"}],"about":[{"href":"https:\/\/shatranj.art\/bs\/wp-json\/wp\/v2\/types\/page"}],"author":[{"embeddable":true,"href":"https:\/\/shatranj.art\/bs\/wp-json\/wp\/v2\/users\/1"}],"replies":[{"embeddable":true,"href":"https:\/\/shatranj.art\/bs\/wp-json\/wp\/v2\/comments?post=756"}],"version-history":[{"count":53,"href":"https:\/\/shatranj.art\/bs\/wp-json\/wp\/v2\/pages\/756\/revisions"}],"predecessor-version":[{"id":1883,"href":"https:\/\/shatranj.art\/bs\/wp-json\/wp\/v2\/pages\/756\/revisions\/1883"}],"up":[{"embeddable":true,"href":"https:\/\/shatranj.art\/bs\/wp-json\/wp\/v2\/pages\/743"}],"wp:attachment":[{"href":"https:\/\/shatranj.art\/bs\/wp-json\/wp\/v2\/media?parent=756"}],"curies":[{"name":"wp","href":"https:\/\/api.w.org\/{rel}","templated":true}]}}