{"id":936,"date":"2026-02-22T10:03:32","date_gmt":"2026-02-22T10:03:32","guid":{"rendered":"https:\/\/shatranj.art\/?page_id=936"},"modified":"2026-02-23T08:46:38","modified_gmt":"2026-02-23T08:46:38","slug":"poster-14","status":"publish","type":"page","link":"https:\/\/shatranj.art\/bs\/exhibit\/poster-14\/","title":{"rendered":"plakat 14"},"content":{"rendered":"<div data-elementor-type=\"wp-page\" data-elementor-id=\"936\" class=\"elementor elementor-936\" data-elementor-post-type=\"page\">\n\t\t\t\t<div class=\"elementor-element elementor-element-c355192 e-flex e-con-boxed e-con e-parent\" data-id=\"c355192\" data-element_type=\"container\" data-e-type=\"container\" data-settings=\"{&quot;background_background&quot;:&quot;classic&quot;}\">\n\t\t\t\t\t<div class=\"e-con-inner\">\n\t\t<div class=\"elementor-element elementor-element-5bf7f96 e-con-full e-flex e-con e-child\" data-id=\"5bf7f96\" data-element_type=\"container\" data-e-type=\"container\">\n\t\t\t\t<div class=\"elementor-element elementor-element-82eab3c elementor-widget__width-initial elementor-widget-mobile__width-inherit elementor-widget elementor-widget-image\" data-id=\"82eab3c\" data-element_type=\"widget\" data-e-type=\"widget\" data-widget_type=\"image.default\">\n\t\t\t\t<div class=\"elementor-widget-container\">\n\t\t\t\t\t\t\t\t\t\t\t\t\t\t\t<img fetchpriority=\"high\" decoding=\"async\" width=\"768\" height=\"1024\" src=\"https:\/\/shatranj.art\/wp-content\/uploads\/2026\/02\/14-768x1024.jpg\" class=\"attachment-large size-large wp-image-939\" alt=\"\" srcset=\"https:\/\/shatranj.art\/wp-content\/uploads\/2026\/02\/14-768x1024.jpg 768w, https:\/\/shatranj.art\/wp-content\/uploads\/2026\/02\/14-225x300.jpg 225w, https:\/\/shatranj.art\/wp-content\/uploads\/2026\/02\/14-1152x1536.jpg 1152w, https:\/\/shatranj.art\/wp-content\/uploads\/2026\/02\/14-1536x2048.jpg 1536w, https:\/\/shatranj.art\/wp-content\/uploads\/2026\/02\/14-scaled.jpg 1920w\" sizes=\"(max-width: 768px) 100vw, 768px\" \/>\t\t\t\t\t\t\t\t\t\t\t\t\t\t\t<\/div>\n\t\t\t\t<\/div>\n\t\t\t\t<div class=\"elementor-element elementor-element-f30dc26 elementor-widget__width-initial elementor-widget elementor-widget-text-editor\" data-id=\"f30dc26\" data-element_type=\"widget\" data-e-type=\"widget\" data-widget_type=\"text-editor.default\">\n\t\t\t\t<div class=\"elementor-widget-container\">\n\t\t\t\t\t\t\t\t\t<p><strong>Intelektualno naslije\u0111e gorganitskog aristokrate<\/strong><\/p><p>\u00a0<\/p><p>Al-Suli nije bio samo najistaknutiji \u0161ahovski majstor svog doba; bio je \u201cnadim\u201d (dvorski saputnik) abasidskih kalifa, dvorski histori\u010dar i o\u0161trog uma pjesnik. Ro\u0111en u Gorganu oko 870. godine n.e., njegovo porijeklo se\u017ee do utvr\u0111enog utvr\u0111enja Sul u stepama Dehistan, gdje je njegov djed, turski princ Sul tekin, nekada vladao. Ovo plemenito naslije\u0111e danas je obilje\u017eeno spomenikom na Spomeniku nezavisnosti u A\u0161gabatu, Turkmenistanu.<\/p><p>\u00a0<\/p><p>Dr\u017ee\u0107i \u010din \u201cAl-Jad\u201d, najvi\u0161u ostvarivu titulu u \u0161ahu, Al-Suli je pretvorio igru u strukturiranu nau\u010dnu arhitekturu. U svom temeljnom djelu Kitab al-Shatranj bio je prvi koji je sistematski dokumentovao otvaraju\u0107e formacije (tabije) i strategije zavr\u0161nice (mansube). Teorijski okvir koji je uspostavio ostao je kona\u010dni mjerilo majstorstva i glavni izvor reference stolje\u0107ima, opstaju\u0107i sve do pojave modernih pravila \u0161aha.<\/p>\t\t\t\t\t\t\t\t<\/div>\n\t\t\t\t<\/div>\n\t\t<div class=\"elementor-element elementor-element-8f27e89 e-con-full e-flex e-con e-child\" data-id=\"8f27e89\" data-element_type=\"container\" data-e-type=\"container\">\n\t\t\t\t<div class=\"elementor-element elementor-element-374a727 elementor-widget-mobile__width-inherit elementor-widget elementor-widget-image\" data-id=\"374a727\" data-element_type=\"widget\" data-e-type=\"widget\" data-widget_type=\"image.default\">\n\t\t\t\t<div class=\"elementor-widget-container\">\n\t\t\t\t\t\t\t\t\t\t\t\t\t\t\t<img decoding=\"async\" width=\"800\" height=\"457\" src=\"https:\/\/shatranj.art\/wp-content\/uploads\/2026\/02\/14-1-1024x585.jpg\" class=\"attachment-large size-large wp-image-940\" alt=\"\" srcset=\"https:\/\/shatranj.art\/wp-content\/uploads\/2026\/02\/14-1-1024x585.jpg 1024w, https:\/\/shatranj.art\/wp-content\/uploads\/2026\/02\/14-1-300x171.jpg 300w, https:\/\/shatranj.art\/wp-content\/uploads\/2026\/02\/14-1-768x439.jpg 768w, https:\/\/shatranj.art\/wp-content\/uploads\/2026\/02\/14-1-1536x877.jpg 1536w, https:\/\/shatranj.art\/wp-content\/uploads\/2026\/02\/14-1-2048x1170.jpg 2048w\" sizes=\"(max-width: 800px) 100vw, 800px\" \/>\t\t\t\t\t\t\t\t\t\t\t\t\t\t\t<\/div>\n\t\t\t\t<\/div>\n\t\t\t\t<div class=\"elementor-element elementor-element-118c953 elementor-widget-mobile__width-inherit elementor-widget elementor-widget-image\" data-id=\"118c953\" data-element_type=\"widget\" data-e-type=\"widget\" data-widget_type=\"image.default\">\n\t\t\t\t<div class=\"elementor-widget-container\">\n\t\t\t\t\t\t\t\t\t\t\t\t\t\t\t<img decoding=\"async\" width=\"800\" height=\"488\" src=\"https:\/\/shatranj.art\/wp-content\/uploads\/2026\/02\/14-2-1024x624.jpg\" class=\"attachment-large size-large wp-image-941\" alt=\"\" srcset=\"https:\/\/shatranj.art\/wp-content\/uploads\/2026\/02\/14-2-1024x624.jpg 1024w, https:\/\/shatranj.art\/wp-content\/uploads\/2026\/02\/14-2-300x183.jpg 300w, https:\/\/shatranj.art\/wp-content\/uploads\/2026\/02\/14-2-768x468.jpg 768w, https:\/\/shatranj.art\/wp-content\/uploads\/2026\/02\/14-2-1536x936.jpg 1536w, https:\/\/shatranj.art\/wp-content\/uploads\/2026\/02\/14-2-2048x1249.jpg 2048w\" sizes=\"(max-width: 800px) 100vw, 800px\" \/>\t\t\t\t\t\t\t\t\t\t\t\t\t\t\t<\/div>\n\t\t\t\t<\/div>\n\t\t\t\t<\/div>\n\t\t\t\t<div class=\"elementor-element elementor-element-bbcc28f elementor-widget__width-initial elementor-widget elementor-widget-text-editor\" data-id=\"bbcc28f\" data-element_type=\"widget\" data-e-type=\"widget\" data-widget_type=\"text-editor.default\">\n\t\t\t\t<div class=\"elementor-widget-container\">\n\t\t\t\t\t\t\t\t\t<p><b>Suliov dijamant: Milenijumski \u201cnerje\u0161ivi\u201d vrhunac strategije<\/b><\/p><p>\u00a0<\/p><p>Komponovana u 10. stolje\u0107u od strane gorganitskog majstora Abu Bakra bin Yahye al-Sulija, \u201cDijamant\u201d je najlegendarnija i najraspravljanija zagonetka u historiji \u0161aha. Uprkos svojoj apsolutnoj vanjskoj jednostavnosti, zavr\u0161nica koja sadr\u017ei samo kralja i ferz (historijskog prethodnika dame) za svaku stranu, ova kompozicija je ostala \u201cnerje\u0161ivi\u201d Everest \u0161ahovskog svijeta punih hiljadu godina. Ovo briljantno djelo Al-Sulija vrhunac je umije\u0107a manevrisanja koje pomjera same granice historijskog \u0161aha.<\/p><p>\u00a0<\/p><p><strong>Tajna u rukopisu S\u00fcleymaniye<\/strong><\/p><p>\u00a0<\/p><p>Najva\u017eniji zapis ove enigme nalazi se u kopiji Kitab Ash-Shatranj \u010duvanoj u biblioteci S\u00fcleymaniye u Istanbulu. Iako su stranice ovog konkretnog rukopisa netaknute, o\u010digledno je da su odre\u0111ene pozicije i potezi pogre\u0161no ili nepotpuno prepisani iz izvornog izvora. Ipak, \u010dak i uz ove historijske prepisiva\u010dke gre\u0161ke, djelomi\u010dno rje\u0161enje pru\u017eeno u tekstu savr\u0161eno se podudara s dubinskim analiti\u010dkim radom koji je proveo velemajstor Jurij Averbahh u 20. stolje\u0107u. Al-Suli je ovjekovje\u010dio ekskluzivnost svog majstorstva ovim prkosnim tvrdnjom:<\/p><p>\u201cNiko ga ne\u0107e rije\u0161iti, osim onih koje sam uputio.\u201d<\/p><p>\u00a0<\/p><p><strong>Triumf algoritama:<\/strong> <strong>shatranj.ai<\/strong><\/p><p>\u00a0<\/p><p>\u201cDijamant\u201d, koji je tisu\u0107lje\u0107em ostavljao ljudski um u \u010dudu, sada je u potpunosti osvijetljen mo\u0107i digitalnog doba. U sklopu projekta shatranj.ai, koriste\u0107i metode dinami\u010dkog programiranja i moderne algoritme s omogu\u0107enim zna\u010dajkama \u201chasha\u201d (transpozicijske tablice), svaka varijacija ove genijalne kompozicije matemati\u010dki je rije\u0161ena. Ovo putovanje, koje se prote\u017ee od redova S\u00fcleymaniye rukopisa do modernog koda, predstavlja kona\u010dnu verifikaciju bezvremenskog strate\u0161kog genija Al-Sulija, dokazuju\u0107i da ono \u0161to je nekada bilo rezervisano za odabrane u\u010denike majstora sada mo\u017ee biti shva\u0107eno kroz jezik \u010diste logike.<\/p>\t\t\t\t\t\t\t\t<\/div>\n\t\t\t\t<\/div>\n\t\t\t\t<\/div>\n\t\t\t\t\t<\/div>\n\t\t\t\t<\/div>\n\t\t\t\t<\/div>","protected":false},"excerpt":{"rendered":"<p>The Intellectual Legacy of a Gorganite Aristocrat \u00a0 Al-Suli was not merely the preeminent chess master of his age; he was a &#8220;nadim&#8221; (court companion) to Abbasid Caliphs, a palace historian, and a sharp-witted poet. Born in Gorgan around 870 AD, his lineage traces back to the fortified Fortress of Sul in the Dehistan steppes, [&hellip;]<\/p>\n","protected":false},"author":1,"featured_media":0,"parent":743,"menu_order":0,"comment_status":"closed","ping_status":"closed","template":"","meta":{"footnotes":""},"class_list":["post-936","page","type-page","status-publish","hentry"],"_links":{"self":[{"href":"https:\/\/shatranj.art\/bs\/wp-json\/wp\/v2\/pages\/936","targetHints":{"allow":["GET"]}}],"collection":[{"href":"https:\/\/shatranj.art\/bs\/wp-json\/wp\/v2\/pages"}],"about":[{"href":"https:\/\/shatranj.art\/bs\/wp-json\/wp\/v2\/types\/page"}],"author":[{"embeddable":true,"href":"https:\/\/shatranj.art\/bs\/wp-json\/wp\/v2\/users\/1"}],"replies":[{"embeddable":true,"href":"https:\/\/shatranj.art\/bs\/wp-json\/wp\/v2\/comments?post=936"}],"version-history":[{"count":31,"href":"https:\/\/shatranj.art\/bs\/wp-json\/wp\/v2\/pages\/936\/revisions"}],"predecessor-version":[{"id":1351,"href":"https:\/\/shatranj.art\/bs\/wp-json\/wp\/v2\/pages\/936\/revisions\/1351"}],"up":[{"embeddable":true,"href":"https:\/\/shatranj.art\/bs\/wp-json\/wp\/v2\/pages\/743"}],"wp:attachment":[{"href":"https:\/\/shatranj.art\/bs\/wp-json\/wp\/v2\/media?parent=936"}],"curies":[{"name":"wp","href":"https:\/\/api.w.org\/{rel}","templated":true}]}}