{"id":945,"date":"2026-02-22T14:34:32","date_gmt":"2026-02-22T14:34:32","guid":{"rendered":"https:\/\/shatranj.art\/?page_id=945"},"modified":"2026-02-23T10:43:41","modified_gmt":"2026-02-23T10:43:41","slug":"poster-15","status":"publish","type":"page","link":"https:\/\/shatranj.art\/bs\/exhibit\/poster-15\/","title":{"rendered":"plakat 15"},"content":{"rendered":"<div data-elementor-type=\"wp-page\" data-elementor-id=\"945\" class=\"elementor elementor-945\" data-elementor-post-type=\"page\">\n\t\t\t\t<div class=\"elementor-element elementor-element-8fd0c1a e-flex e-con-boxed e-con e-parent\" data-id=\"8fd0c1a\" data-element_type=\"container\" data-e-type=\"container\" data-settings=\"{&quot;background_background&quot;:&quot;classic&quot;}\">\n\t\t\t\t\t<div class=\"e-con-inner\">\n\t\t<div class=\"elementor-element elementor-element-a491ef7 e-con-full e-flex e-con e-child\" data-id=\"a491ef7\" data-element_type=\"container\" data-e-type=\"container\">\n\t\t\t\t<div class=\"elementor-element elementor-element-25c1e59 elementor-widget elementor-widget-image\" data-id=\"25c1e59\" data-element_type=\"widget\" data-e-type=\"widget\" data-widget_type=\"image.default\">\n\t\t\t\t<div class=\"elementor-widget-container\">\n\t\t\t\t\t\t\t\t\t\t\t\t\t\t\t<img fetchpriority=\"high\" decoding=\"async\" width=\"2400\" height=\"1350\" src=\"https:\/\/shatranj.art\/wp-content\/uploads\/2026\/02\/17.jpg\" class=\"attachment-full size-full wp-image-965\" alt=\"\" srcset=\"https:\/\/shatranj.art\/wp-content\/uploads\/2026\/02\/17.jpg 2400w, https:\/\/shatranj.art\/wp-content\/uploads\/2026\/02\/17-300x169.jpg 300w, https:\/\/shatranj.art\/wp-content\/uploads\/2026\/02\/17-1024x576.jpg 1024w, https:\/\/shatranj.art\/wp-content\/uploads\/2026\/02\/17-768x432.jpg 768w, https:\/\/shatranj.art\/wp-content\/uploads\/2026\/02\/17-1536x864.jpg 1536w, https:\/\/shatranj.art\/wp-content\/uploads\/2026\/02\/17-2048x1152.jpg 2048w\" sizes=\"(max-width: 2400px) 100vw, 2400px\" \/>\t\t\t\t\t\t\t\t\t\t\t\t\t\t\t<\/div>\n\t\t\t\t<\/div>\n\t\t\t\t<div class=\"elementor-element elementor-element-ede708d elementor-widget elementor-widget-text-editor\" data-id=\"ede708d\" data-element_type=\"widget\" data-e-type=\"widget\" data-widget_type=\"text-editor.default\">\n\t\t\t\t<div class=\"elementor-widget-container\">\n\t\t\t\t\t\t\t\t\t<h3><b>Tradicionalne turske dame: strate\u0161ko naslije\u0111e Urfe<\/b><\/h3><p>Tihi duel turskih dama u kafanama je anatolijska intelektualna disciplina koja se svojim jedinstvenim pravilima izdvaja od svojih zapadnih pandana. U ovoj verziji, figure se kre\u0107u ortogonalno naprijed i bo\u010dno, umjesto dijagonalno, stvaraju\u0107i linearni i znatno agresivniji strate\u0161ki pejza\u017e. U drevnim gradovima poput \u015eanl\u0131urfe, dame nisu samo takmi\u010denje izme\u0111u dva igra\u010da; to je kolektivni dru\u0161tveni ritual pra\u0107en aromom skuhanog \u010daja, komentarima gledalaca i satima duboke analize.<\/p><p>Kultura majstorstva i predvi\u0111anja U damskoj kulturi Urfe, veli\u010dina igra\u010da mjeri se ne samo pobjedama, ve\u0107 i time koliko poteza unaprijed mogu \u201cvidjeti\u201d. Simetri\u010dna bitka \u0161esnaest figura dosti\u017ee vrhunac kada jedna figura stigne do posljednjeg reda i postane \u201cDama\u201d (Kralj), stje\u010du\u0107i mo\u0107 da dominira cijelom plo\u010dom. Odupiru\u0107i se digitalnom valu 21. stolje\u0107a, ova tradicija ostaje \u017eiva lekcija strpljenja i predvi\u0111anja, prenose\u0107i se s generacije na generaciju u historijskim bazarima Urfe.\u00a0<\/p>\t\t\t\t\t\t\t\t<\/div>\n\t\t\t\t<\/div>\n\t\t\t\t<\/div>\n\t\t\t\t\t<\/div>\n\t\t\t\t<\/div>\n\t\t\t\t<\/div>","protected":false},"excerpt":{"rendered":"<p>Traditional Turkish Draughts: The Strategic Heritage of Urfa The Silent Duel of the Coffeehouses Turkish Draughts (Dama) is an Anatolian intellectual discipline that stands apart from its Western counterparts through its unique rules. In this version, pieces move orthogonally forwards and sideways rather than diagonally, creating a linear and far more aggressive strategic landscape. In [&hellip;]<\/p>\n","protected":false},"author":1,"featured_media":0,"parent":743,"menu_order":0,"comment_status":"closed","ping_status":"closed","template":"","meta":{"footnotes":""},"class_list":["post-945","page","type-page","status-publish","hentry"],"_links":{"self":[{"href":"https:\/\/shatranj.art\/bs\/wp-json\/wp\/v2\/pages\/945","targetHints":{"allow":["GET"]}}],"collection":[{"href":"https:\/\/shatranj.art\/bs\/wp-json\/wp\/v2\/pages"}],"about":[{"href":"https:\/\/shatranj.art\/bs\/wp-json\/wp\/v2\/types\/page"}],"author":[{"embeddable":true,"href":"https:\/\/shatranj.art\/bs\/wp-json\/wp\/v2\/users\/1"}],"replies":[{"embeddable":true,"href":"https:\/\/shatranj.art\/bs\/wp-json\/wp\/v2\/comments?post=945"}],"version-history":[{"count":25,"href":"https:\/\/shatranj.art\/bs\/wp-json\/wp\/v2\/pages\/945\/revisions"}],"predecessor-version":[{"id":1429,"href":"https:\/\/shatranj.art\/bs\/wp-json\/wp\/v2\/pages\/945\/revisions\/1429"}],"up":[{"embeddable":true,"href":"https:\/\/shatranj.art\/bs\/wp-json\/wp\/v2\/pages\/743"}],"wp:attachment":[{"href":"https:\/\/shatranj.art\/bs\/wp-json\/wp\/v2\/media?parent=945"}],"curies":[{"name":"wp","href":"https:\/\/api.w.org\/{rel}","templated":true}]}}