{"id":963,"date":"2026-02-22T15:16:26","date_gmt":"2026-02-22T15:16:26","guid":{"rendered":"https:\/\/shatranj.art\/?page_id=963"},"modified":"2026-02-23T11:10:10","modified_gmt":"2026-02-23T11:10:10","slug":"poster-17","status":"publish","type":"page","link":"https:\/\/shatranj.art\/bs\/exhibit\/poster-17\/","title":{"rendered":"plakat 17"},"content":{"rendered":"<div data-elementor-type=\"wp-page\" data-elementor-id=\"963\" class=\"elementor elementor-963\" data-elementor-post-type=\"page\">\n\t\t\t\t<div class=\"elementor-element elementor-element-73ca0e2 e-flex e-con-boxed e-con e-parent\" data-id=\"73ca0e2\" data-element_type=\"container\" data-e-type=\"container\" data-settings=\"{&quot;background_background&quot;:&quot;classic&quot;}\">\n\t\t\t\t\t<div class=\"e-con-inner\">\n\t\t<div class=\"elementor-element elementor-element-4151d56 e-con-full e-flex e-con e-child\" data-id=\"4151d56\" data-element_type=\"container\" data-e-type=\"container\">\n\t\t\t\t<div class=\"elementor-element elementor-element-3b5a1d2 elementor-widget elementor-widget-image\" data-id=\"3b5a1d2\" data-element_type=\"widget\" data-e-type=\"widget\" data-widget_type=\"image.default\">\n\t\t\t\t<div class=\"elementor-widget-container\">\n\t\t\t\t\t\t\t\t\t\t\t\t\t\t\t<img fetchpriority=\"high\" decoding=\"async\" width=\"800\" height=\"378\" src=\"https:\/\/shatranj.art\/wp-content\/uploads\/2026\/02\/15-1-1024x484.jpg\" class=\"attachment-large size-large wp-image-948\" alt=\"\" srcset=\"https:\/\/shatranj.art\/wp-content\/uploads\/2026\/02\/15-1-1024x484.jpg 1024w, https:\/\/shatranj.art\/wp-content\/uploads\/2026\/02\/15-1-300x142.jpg 300w, https:\/\/shatranj.art\/wp-content\/uploads\/2026\/02\/15-1-768x363.jpg 768w, https:\/\/shatranj.art\/wp-content\/uploads\/2026\/02\/15-1-1536x726.jpg 1536w, https:\/\/shatranj.art\/wp-content\/uploads\/2026\/02\/15-1-2048x968.jpg 2048w\" sizes=\"(max-width: 800px) 100vw, 800px\" \/>\t\t\t\t\t\t\t\t\t\t\t\t\t\t\t<\/div>\n\t\t\t\t<\/div>\n\t\t\t\t<div class=\"elementor-element elementor-element-4e7af25 elementor-widget elementor-widget-text-editor\" data-id=\"4e7af25\" data-element_type=\"widget\" data-e-type=\"widget\" data-widget_type=\"text-editor.default\">\n\t\t\t\t<div class=\"elementor-widget-container\">\n\t\t\t\t\t\t\t\t\t<h2><b>Vitezov hod<\/b><\/h2><p><b>Historijska dubina:<\/b><span style=\"font-weight: 400;\"> Vitezova tura je matemati\u010dki niz u kojem vitez posjeti svaku \u0107eliju na \u0161ahovnici ta\u010dno jednom. To je istovremeno strate\u0161ki izazov i klasi\u010dan problem u rekreacijskoj matematici.<\/span><\/p><p>\u00a0<\/p><p><b>Porijeklo:<\/b><\/p><p>Ovaj problem je daleko od modernog otkri\u0107a. Najranija poznata rje\u0161enja datiraju iz 9. stolje\u0107a, a dali su ih majstori iz Bagdada poput Al-Adlija i As-Sulija. \u0160tavi\u0161e, u indijskoj literaturi iz 9. stolje\u0107a ka\u0161mirski pjesnik Rudrata pokazao je ovu matemati\u010dku estetiku u svom djelu Kavyalankara, gdje je sastavio pjesmu koja je slijedila niz vite\u0161kog hoda.<\/p><p>\u00a0<\/p><p><b>Zapadna knji\u017eevnost:<\/b><\/p><p>U 13. stolje\u0107u kralj Alfonso X od Kastilje u svom \u010duvenom Libro de los Juegos (Knjiga igara) prikazao je slo\u017eene manevre zasnovane na kretanju viteza. Me\u0111utim, moderni matemati\u010dki temelj problema postavio je 1759. godine Leonhard Euler, \u010dija se analiza danas smatra jednim od kamenova temeljaca teorije grafova.<\/p><p>\u00a0<\/p><p><b>Karakteristike:<\/b><\/p><p><b>Zatvoreni (ponovno ulaze\u0107i) obilazak:<\/b> Ako vitez zavr\u0161i na polju koje je ta\u010dno jedan potez viteza udaljeno od po\u010detnog polja, omogu\u0107ava mu da odmah ponovo zapo\u010dne turu.<\/p><p>\u00a0<\/p><p><b>Otvoreni obilazak:<\/b><\/p><p><span style=\"font-weight: 400;\">Ako vitez posjeti svaku \u0107eliju, ali zavr\u0161i na \u0107eliji s koje ne mo\u017ee dosegnuti po\u010detnu \u0107eliju jednim potezom.<\/span><\/p>\t\t\t\t\t\t\t\t<\/div>\n\t\t\t\t<\/div>\n\t\t\t\t<div class=\"elementor-element elementor-element-14fac00 elementor-widget elementor-widget-image\" data-id=\"14fac00\" data-element_type=\"widget\" data-e-type=\"widget\" data-widget_type=\"image.default\">\n\t\t\t\t<div class=\"elementor-widget-container\">\n\t\t\t\t\t\t\t\t\t\t\t\t\t\t\t<img decoding=\"async\" width=\"800\" height=\"342\" src=\"https:\/\/shatranj.art\/wp-content\/uploads\/2026\/02\/15-1024x438.jpg\" class=\"attachment-large size-large wp-image-950\" alt=\"\" srcset=\"https:\/\/shatranj.art\/wp-content\/uploads\/2026\/02\/15-1024x438.jpg 1024w, https:\/\/shatranj.art\/wp-content\/uploads\/2026\/02\/15-300x128.jpg 300w, https:\/\/shatranj.art\/wp-content\/uploads\/2026\/02\/15-768x328.jpg 768w, https:\/\/shatranj.art\/wp-content\/uploads\/2026\/02\/15-1536x657.jpg 1536w, https:\/\/shatranj.art\/wp-content\/uploads\/2026\/02\/15-2048x875.jpg 2048w\" sizes=\"(max-width: 800px) 100vw, 800px\" \/>\t\t\t\t\t\t\t\t\t\t\t\t\t\t\t<\/div>\n\t\t\t\t<\/div>\n\t\t\t\t<div class=\"elementor-element elementor-element-1e25ada elementor-widget elementor-widget-text-editor\" data-id=\"1e25ada\" data-element_type=\"widget\" data-e-type=\"widget\" data-widget_type=\"text-editor.default\">\n\t\t\t\t<div class=\"elementor-widget-container\">\n\t\t\t\t\t\t\t\t\t<h2><b>Problem osam kraljica: Dijkstra i ro\u0111enje strukturiranog programiranja<\/b><\/h2><p>Postavio ga je Max Bezzel 1848. godine i privukao pa\u017enju genija poput Carla Friedricha Gaussa, a ovaj je problem 1970-ih pretvoren u \u201cmanifest programiranja\u201d od strane jednog od o\u010deva moderne ra\u010dunarstva, Edsgara W. Dijkstre.<\/p><h3><b>Veza izme\u0111u Dijkstrine i DFS-a<\/b><\/h3><p><span style=\"font-weight: 400;\">U svom temeljnom djelu, <\/span><i><span style=\"font-weight: 400;\">Bilje\u0161ke o strukturiranom programiranju<\/span><\/i><span style=\"font-weight: 400;\"> (1972), Dijkstra je iskoristio Problem osam kraljica da poka\u017ee kako se algoritam mo\u017ee sistematski konstruirati kroz proces koji je nazvao \u201cpostupno usavr\u0161avanje\u201d.\u201d<\/span><\/p><ul><li style=\"font-weight: 400;\" aria-level=\"1\">DFS i Backtracking: Dijkstra je definisao metodu postavljanja dame u red i spu\u0161tanja na sljede\u0107i (Depth-First Search \u2013 DFS) te povratka na prethodni korak radi poku\u0161aja druge mogu\u0107nosti kada se nai\u0111e na \u0107orsokak (Backtracking) kao naj\u010di\u0161\u0107i primjer strukturiranog programiranja.<\/li><\/ul><p><b>Mo\u0107 unazadnog tra\u017eenja:<\/b><\/p><p>Prema Dijkstri, ovaj pristup predstavlja prvi veliki korak u usavr\u0161avanju procesa \u201cpoku\u0161aja i pogre\u0161ke\u201d u besprijekornu logi\u010dku sekvencu koju a co<\/p>\t\t\t\t\t\t\t\t<\/div>\n\t\t\t\t<\/div>\n\t\t\t\t<div class=\"elementor-element elementor-element-3aa137e elementor-widget elementor-widget-image\" data-id=\"3aa137e\" data-element_type=\"widget\" data-e-type=\"widget\" data-widget_type=\"image.default\">\n\t\t\t\t<div class=\"elementor-widget-container\">\n\t\t\t\t\t\t\t\t\t\t\t\t\t\t\t<img decoding=\"async\" width=\"800\" height=\"588\" src=\"https:\/\/shatranj.art\/wp-content\/uploads\/2026\/02\/15-2-1024x752.jpg\" class=\"attachment-large size-large wp-image-949\" alt=\"\" srcset=\"https:\/\/shatranj.art\/wp-content\/uploads\/2026\/02\/15-2-1024x752.jpg 1024w, https:\/\/shatranj.art\/wp-content\/uploads\/2026\/02\/15-2-300x220.jpg 300w, https:\/\/shatranj.art\/wp-content\/uploads\/2026\/02\/15-2-768x564.jpg 768w, https:\/\/shatranj.art\/wp-content\/uploads\/2026\/02\/15-2-1536x1128.jpg 1536w, https:\/\/shatranj.art\/wp-content\/uploads\/2026\/02\/15-2-2048x1504.jpg 2048w\" sizes=\"(max-width: 800px) 100vw, 800px\" \/>\t\t\t\t\t\t\t\t\t\t\t\t\t\t\t<\/div>\n\t\t\t\t<\/div>\n\t\t\t\t<div class=\"elementor-element elementor-element-be7cb02 elementor-widget elementor-widget-text-editor\" data-id=\"be7cb02\" data-element_type=\"widget\" data-e-type=\"widget\" data-widget_type=\"text-editor.default\">\n\t\t\t\t<div class=\"elementor-widget-container\">\n\t\t\t\t\t\t\t\t\t<h3><b>Problem p\u0161enice i \u0161ahovnice: eksponencijalni rast<\/b><\/h3><p><b>Legenda i porijeklo:<\/b><\/p><p>Prema pri\u010di, kada je pronalaza\u010d \u0161aha, Sissa bin Dahir, predstavio igru indijskom kralju, kralj ga je pitao koju nagradu \u017eeli. Sissa je uputio naizgled skroman zahtjev: \u201c\u017delim jedno zrno p\u0161enice za prvi kvadrat \u0161ahovnice, dva za drugi, \u010detiri za tre\u0107i, i za svaki sljede\u0107i kvadrat, dvostruko vi\u0161e od prethodnog.\u201d Kralj je u po\u010detku odbacio ovaj zahtjev, misle\u0107i da je to samo \u201c\u0161aka p\u0161enice\u201d; me\u0111utim, kada je zapo\u010delo izra\u010dunavanje, postalo je jasno da ni riznica ni cjelokupne svjetske zalihe p\u0161enice ne bi bile dovoljne da se ispuni ovaj zahtjev.<\/p><p><b>Historijski zapis: Ibn Halikan (1256)<\/b><\/p><p>Prvi poznati pisani zapis ove \u010duvene pri\u010de dokumentiran je 1256. godine od strane renomiranog biografa i histori\u010dara Ibn Halikana. Ibn Halikan je ovaj doga\u0111aj u svoje djelo uklju\u010dio ne samo kao pri\u010du, nego i kao dokaz kako matematika pomjera granice ma\u0161te.<\/p><p><b>Matematikana stvarnost:<\/b><\/p><p><span style=\"font-weight: 400;\">Ovaj zahtjev za 64 kvadrata na \u0161ahovnici je naj\u010di\u0161\u0107i primjer geometrijske progresije (eksponencijalnog rasta). Iznos na svakom kvadratu izra\u010dunava se pomo\u0107u formule <strong>2<sup>n-1<\/sup><\/strong> . Jednad\u017eba koja daje ukupnu koli\u010dinu p\u0161enice je sljede\u0107a:<\/span><\/p><p>\u00a0<\/p><div class=\"wheat-formula-box\"><div class=\"wheat-formula\" aria-label=\"S je zbir od i jednakog 0 do 63 od 2 na i, jednak je 2 na 64 minus 1.\"><div class=\"formula-wrap\"><span class=\"formula\">S =<\/span><p><span class=\"sigma-block\" aria-label=\"zbroj od i jednak je 0 do 63\"><br \/><span class=\"sigma-top\">63<\/span><br \/><span class=\"sigma\">\u2211<\/span><br \/><span class=\"sigma-bottom\"><i>i<\/i>=0<\/span><br \/><\/span><\/p><p><span class=\"formula\">2<sup><i>i<\/i><\/sup> = 2<sup>64<\/sup> \u2212 1<\/span><\/p><\/div><p>Masivna cifra koja proizlazi iz ovog izra\u010duna je:<\/p><p><b>18,446,744,073,709,551,615<\/b><\/p><p><b>Za\u0161to je to tako va\u017eno?<\/b><\/p><ul><li style=\"font-weight: 400;\" aria-level=\"1\"><b>Skala rasta:<\/b><span style=\"font-weight: 400;\"> Ovaj broj je ekvivalentan otprilike 2.000 puta trenutnoj ukupnoj godi\u0161njoj proizvodnji p\u0161enice u svijetu.\u00a0<\/span><\/li><\/ul><p><b>Strate\u0161ka lekcija:<\/b><span style=\"font-weight: 400;\"> Ovaj problem je drevna lekcija mudrosti koja podu\u010dava lidere i stratege kako male promjene (\u201cdvostruko pove\u0107anje\u201d) vremenom mogu prerasiti u nekontrolisane sile.<\/span><\/p><\/div><\/div>\t\t\t\t\t\t\t\t<\/div>\n\t\t\t\t<\/div>\n\t\t\t\t<\/div>\n\t\t\t\t\t<\/div>\n\t\t\t\t<\/div>\n\t\t\t\t<\/div>","protected":false},"excerpt":{"rendered":"<p>The Knight&#8217;s Tour Historical Depth: The Knight&#8217;s Tour is a mathematical sequence in which a knight visits every single square on a chessboard exactly once. It is both a strategic challenge and a classic problem in recreational mathematics. \u00a0 Origins: This problem is far from a modern discovery. The earliest known solutions date back to [&hellip;]<\/p>\n","protected":false},"author":1,"featured_media":0,"parent":743,"menu_order":0,"comment_status":"closed","ping_status":"closed","template":"","meta":{"footnotes":""},"class_list":["post-963","page","type-page","status-publish","hentry"],"_links":{"self":[{"href":"https:\/\/shatranj.art\/bs\/wp-json\/wp\/v2\/pages\/963","targetHints":{"allow":["GET"]}}],"collection":[{"href":"https:\/\/shatranj.art\/bs\/wp-json\/wp\/v2\/pages"}],"about":[{"href":"https:\/\/shatranj.art\/bs\/wp-json\/wp\/v2\/types\/page"}],"author":[{"embeddable":true,"href":"https:\/\/shatranj.art\/bs\/wp-json\/wp\/v2\/users\/1"}],"replies":[{"embeddable":true,"href":"https:\/\/shatranj.art\/bs\/wp-json\/wp\/v2\/comments?post=963"}],"version-history":[{"count":22,"href":"https:\/\/shatranj.art\/bs\/wp-json\/wp\/v2\/pages\/963\/revisions"}],"predecessor-version":[{"id":1443,"href":"https:\/\/shatranj.art\/bs\/wp-json\/wp\/v2\/pages\/963\/revisions\/1443"}],"up":[{"embeddable":true,"href":"https:\/\/shatranj.art\/bs\/wp-json\/wp\/v2\/pages\/743"}],"wp:attachment":[{"href":"https:\/\/shatranj.art\/bs\/wp-json\/wp\/v2\/media?parent=963"}],"curies":[{"name":"wp","href":"https:\/\/api.w.org\/{rel}","templated":true}]}}