{"id":1016,"date":"2026-02-22T16:17:45","date_gmt":"2026-02-22T16:17:45","guid":{"rendered":"https:\/\/shatranj.art\/?page_id=1016"},"modified":"2026-02-24T09:42:49","modified_gmt":"2026-02-24T09:42:49","slug":"poster-24","status":"publish","type":"page","link":"https:\/\/shatranj.art\/ca\/exhibit\/poster-24\/","title":{"rendered":"cartell 24"},"content":{"rendered":"<div data-elementor-type=\"wp-page\" data-elementor-id=\"1016\" class=\"elementor elementor-1016\" data-elementor-post-type=\"page\">\n\t\t\t\t<div class=\"elementor-element elementor-element-cbef851 e-flex e-con-boxed e-con e-parent\" data-id=\"cbef851\" data-element_type=\"container\" data-e-type=\"container\" data-settings=\"{&quot;background_background&quot;:&quot;classic&quot;}\">\n\t\t\t\t\t<div class=\"e-con-inner\">\n\t\t<div class=\"elementor-element elementor-element-919ca16 e-con-full e-flex e-con e-child\" data-id=\"919ca16\" data-element_type=\"container\" data-e-type=\"container\">\n\t\t\t\t<div class=\"elementor-element elementor-element-3a8b40d elementor-widget elementor-widget-image\" data-id=\"3a8b40d\" data-element_type=\"widget\" data-e-type=\"widget\" data-widget_type=\"image.default\">\n\t\t\t\t<div class=\"elementor-widget-container\">\n\t\t\t\t\t\t\t\t\t\t\t\t\t\t\t<img fetchpriority=\"high\" decoding=\"async\" width=\"800\" height=\"534\" src=\"https:\/\/shatranj.art\/wp-content\/uploads\/2026\/02\/21-1024x683.jpg\" class=\"attachment-large size-large wp-image-995\" alt=\"\" srcset=\"https:\/\/shatranj.art\/wp-content\/uploads\/2026\/02\/21-1024x683.jpg 1024w, https:\/\/shatranj.art\/wp-content\/uploads\/2026\/02\/21-300x200.jpg 300w, https:\/\/shatranj.art\/wp-content\/uploads\/2026\/02\/21-768x512.jpg 768w, https:\/\/shatranj.art\/wp-content\/uploads\/2026\/02\/21-1536x1024.jpg 1536w, https:\/\/shatranj.art\/wp-content\/uploads\/2026\/02\/21-2048x1366.jpg 2048w\" sizes=\"(max-width: 800px) 100vw, 800px\" \/>\t\t\t\t\t\t\t\t\t\t\t\t\t\t\t<\/div>\n\t\t\t\t<\/div>\n\t\t\t\t<div class=\"elementor-element elementor-element-07a7613 elementor-widget elementor-widget-text-editor\" data-id=\"07a7613\" data-element_type=\"widget\" data-e-type=\"widget\" data-widget_type=\"text-editor.default\">\n\t\t\t\t<div class=\"elementor-widget-container\">\n\t\t\t\t\t\t\t\t\t<p>El joc d'escacs \u015eAH\u00ce \u00e9s m\u00e9s que un simple joc; \u00e9s un pont entre cultures, \u00e8poques i filosofies. Dissenyat per evocar tant sensacions imperials com reials, el joc pren el seu nom d'un terme \u00e0mpliament utilitzat als Balcans i en moltes lleng\u00fces eslaves per referir-se al joc d'escacs.<\/p><p>La paraula \u201c\u015eAH\u00ce\u201d en si mateixa funciona com un adjectiu reial que significa \u201cespec\u00edfic al Xah\u201d, portant un pes literari que denota for\u00e7a, magnific\u00e8ncia i profunditat estrat\u00e8gica.<\/p><h3><b>Una obra mestra de l'evoluci\u00f3 cultural<\/b><\/h3><p>Dissenyat per l'educador d'escacs experimentat i exjugador de primera taula del MIT, Tamer Karatekin, aquest conjunt encapsula amb eleg\u00e0ncia la hist\u00f2ria del joc. Cada pe\u00e7a est\u00e0 elaborada per reflectir una narrativa hist\u00f2rica \u00fanica:<\/p><ul><li style=\"font-weight: 400;\" aria-level=\"1\"><b>G\u00fcl\u015fah (El Rei):<\/b><span style=\"font-weight: 400;\"> Representa la santedat de la c\u00fapula, inspirada en estructures com la Hagia Sophia i el Pante\u00f3, i el llegat intel\u00b7lectual del mocador.<\/span><\/li><li style=\"font-weight: 400;\" aria-level=\"1\"><b>Sokol (La Reina\/Visir):<\/b><span style=\"font-weight: 400;\"> Anomenat pel s\u00edmbol militar falc\u00f3 i inspirat en el final amb c\u00fapula en forma de ceba i el disseny de casc del joc d'escacs de la casa de caf\u00e8 vienesa, simbolitza l'autoritat militar i la saviesa del \u201cvizir\u201d. Sokolovichi va ser la ciutat natal del gran visir m\u00e9s influent de l'Imperi Otom\u00e0, Sokollu Mehmet Pasha.<\/span><\/li><li style=\"font-weight: 400;\" aria-level=\"1\"><b>Bukefal (El Cavaller):<\/b><span style=\"font-weight: 400;\"> Anomenat en honor del llegendari cavall d'Alexandre el Gran, simbolitza l'intercanvi bidireccional de cultura entre l'Orient i l'Occident.<\/span><\/li><li style=\"font-weight: 400;\" aria-level=\"1\"><b>Shahrukh (El Ruc):<\/b><span style=\"font-weight: 400;\"> Una magn\u00edfica s\u00edntesi de l'evoluci\u00f3 militar, que incorpora elements del carro de guerra, la torre, el can\u00f3 i el vaixell. El mestre d'escacs i comandant Timur va posar al seu fill el nom de Shahrukh, ja que la not\u00edcia del seu naixement va arribar durant una partida d'escacs.<\/span><\/li><li style=\"font-weight: 400;\" aria-level=\"1\"><b>Abul-Abbas (El bisbe\/L'elefant):<\/b><span style=\"font-weight: 400;\"> Reflecteix el viatge ic\u00f2nic de l'elefant regalat a Carlemany, tra\u00e7ant la migraci\u00f3 dels escacs a trav\u00e9s de tres continents.<\/span><\/li><li style=\"font-weight: 400;\" aria-level=\"1\"><b>Reg\u00e8ncia-Philidor (L'Alfil):<\/b><span style=\"font-weight: 400;\"> Inspirat pels caf\u00e8s de l'\u00e8poca de la Il\u00b7lustraci\u00f3 a Par\u00eds i per la famosa m\u00e0xima de Philidor: \u201cEls peons s\u00f3n l'\u00e0nima dels escacs\u201d.<\/span><\/li><\/ul>\t\t\t\t\t\t\t\t<\/div>\n\t\t\t\t<\/div>\n\t\t\t\t<div class=\"elementor-element elementor-element-52a94ef elementor-widget elementor-widget-text-editor\" data-id=\"52a94ef\" data-element_type=\"widget\" data-e-type=\"widget\" data-widget_type=\"text-editor.default\">\n\t\t\t\t<div class=\"elementor-widget-container\">\n\t\t\t\t\t\t\t\t\t<h3><b>Disseny i Prop\u00f2sit<\/b><\/h3><p>El conjunt \u015eAH\u00ce est\u00e0 meticulosament preparat per servir tant com a exposici\u00f3 art\u00edstica com a eina funcional per a l'\u00fas educatiu i en tornejos. La seva filosofia de disseny est\u00e0 arrelada en la inclusi\u00f3 cultural i espiritual, assegurant que ressoni amb jugadors d'arreu del m\u00f3n.<\/p><p><b>Un llegat de suport:<\/b><\/p><p>La producci\u00f3 d'aquest conjunt va ser possible gr\u00e0cies al suport del Massachusetts Cultural Council i del programa juvenil de la Uni\u00f3 Europea.<\/p>\t\t\t\t\t\t\t\t<\/div>\n\t\t\t\t<\/div>\n\t\t\t\t<\/div>\n\t\t\t\t\t<\/div>\n\t\t\t\t<\/div>\n\t\t\t\t<\/div>","protected":false},"excerpt":{"rendered":"<p>The \u015eAH\u00ce Chess Set is more than just a game; it is a bridge between cultures, eras, and philosophies. Designed to evoke both imperial and royal sensations, the set draws its name from a term widely used in the Balkans and many Slavic languages to refer to the game of chess. The word &#8220;\u015eAH\u00ce&#8221; itself [&hellip;]<\/p>\n","protected":false},"author":1,"featured_media":0,"parent":743,"menu_order":0,"comment_status":"closed","ping_status":"closed","template":"","meta":{"footnotes":""},"class_list":["post-1016","page","type-page","status-publish","hentry"],"_links":{"self":[{"href":"https:\/\/shatranj.art\/ca\/wp-json\/wp\/v2\/pages\/1016","targetHints":{"allow":["GET"]}}],"collection":[{"href":"https:\/\/shatranj.art\/ca\/wp-json\/wp\/v2\/pages"}],"about":[{"href":"https:\/\/shatranj.art\/ca\/wp-json\/wp\/v2\/types\/page"}],"author":[{"embeddable":true,"href":"https:\/\/shatranj.art\/ca\/wp-json\/wp\/v2\/users\/1"}],"replies":[{"embeddable":true,"href":"https:\/\/shatranj.art\/ca\/wp-json\/wp\/v2\/comments?post=1016"}],"version-history":[{"count":19,"href":"https:\/\/shatranj.art\/ca\/wp-json\/wp\/v2\/pages\/1016\/revisions"}],"predecessor-version":[{"id":1601,"href":"https:\/\/shatranj.art\/ca\/wp-json\/wp\/v2\/pages\/1016\/revisions\/1601"}],"up":[{"embeddable":true,"href":"https:\/\/shatranj.art\/ca\/wp-json\/wp\/v2\/pages\/743"}],"wp:attachment":[{"href":"https:\/\/shatranj.art\/ca\/wp-json\/wp\/v2\/media?parent=1016"}],"curies":[{"name":"wp","href":"https:\/\/api.w.org\/{rel}","templated":true}]}}