{"id":1355,"date":"2026-02-23T08:47:26","date_gmt":"2026-02-23T08:47:26","guid":{"rendered":"https:\/\/shatranj.art\/?page_id=1355"},"modified":"2026-02-24T06:17:29","modified_gmt":"2026-02-24T06:17:29","slug":"poster-33","status":"publish","type":"page","link":"https:\/\/shatranj.art\/ca\/exhibit\/poster-33\/","title":{"rendered":"cartell 33"},"content":{"rendered":"<div data-elementor-type=\"wp-page\" data-elementor-id=\"1355\" class=\"elementor elementor-1355\" data-elementor-post-type=\"page\">\n\t\t\t\t<div class=\"elementor-element elementor-element-2851794 e-flex e-con-boxed e-con e-parent\" data-id=\"2851794\" data-element_type=\"container\" data-e-type=\"container\" data-settings=\"{&quot;background_background&quot;:&quot;classic&quot;}\">\n\t\t\t\t\t<div class=\"e-con-inner\">\n\t\t<div class=\"elementor-element elementor-element-ed4d108 e-con-full e-flex e-con e-child\" data-id=\"ed4d108\" data-element_type=\"container\" data-e-type=\"container\">\n\t\t\t\t<div class=\"elementor-element elementor-element-2753e94 elementor-widget elementor-widget-image\" data-id=\"2753e94\" data-element_type=\"widget\" data-e-type=\"widget\" data-widget_type=\"image.default\">\n\t\t\t\t<div class=\"elementor-widget-container\">\n\t\t\t\t\t\t\t\t\t\t\t\t\t\t\t<img fetchpriority=\"high\" decoding=\"async\" width=\"800\" height=\"534\" src=\"https:\/\/shatranj.art\/wp-content\/uploads\/2026\/02\/ulku-ve-dalkiran-kultur-un-1024x683.jpeg\" class=\"attachment-large size-large wp-image-1359\" alt=\"\" srcset=\"https:\/\/shatranj.art\/wp-content\/uploads\/2026\/02\/ulku-ve-dalkiran-kultur-un-1024x683.jpeg 1024w, https:\/\/shatranj.art\/wp-content\/uploads\/2026\/02\/ulku-ve-dalkiran-kultur-un-300x200.jpeg 300w, https:\/\/shatranj.art\/wp-content\/uploads\/2026\/02\/ulku-ve-dalkiran-kultur-un-768x512.jpeg 768w, https:\/\/shatranj.art\/wp-content\/uploads\/2026\/02\/ulku-ve-dalkiran-kultur-un-1536x1024.jpeg 1536w, https:\/\/shatranj.art\/wp-content\/uploads\/2026\/02\/ulku-ve-dalkiran-kultur-un-2048x1365.jpeg 2048w, https:\/\/shatranj.art\/wp-content\/uploads\/2026\/02\/ulku-ve-dalkiran-kultur-un-18x12.jpeg 18w\" sizes=\"(max-width: 800px) 100vw, 800px\" \/>\t\t\t\t\t\t\t\t\t\t\t\t\t\t\t<\/div>\n\t\t\t\t<\/div>\n\t\t\t\t<div class=\"elementor-element elementor-element-1b1dadb elementor-widget-tablet__width-inherit elementor-widget elementor-widget-text-editor\" data-id=\"1b1dadb\" data-element_type=\"widget\" data-e-type=\"widget\" data-widget_type=\"text-editor.default\">\n\t\t\t\t<div class=\"elementor-widget-container\">\n\t\t\t\t\t\t\t\t\t<h3><strong>El joc de taules d'escacs de Mustafa Kemal Atat\u00fcrk<\/strong><span style=\"font-weight: 400;\"><br \/><\/span><span style=\"font-weight: 400;\"><br \/><\/span><\/h3><p><span style=\"font-weight: 400;\">Aquesta secci\u00f3 de l'exposici\u00f3 destaca una pe\u00e7a \u00fanica de la hist\u00f2ria turca: el joc d'escacs personal de Mustafa Kemal Atat\u00fcrk, fundador de la Rep\u00fablica de Turquia. La fotografia de la galeria mostra H. Serta\u00e7 Dalk\u0131ran al costat de la filla adoptiva d'Atat\u00fcrk, \u00dclk\u00fc Adatepe, presentant amb orgull el conjunt.<\/span><span style=\"font-weight: 400;\"><br \/><\/span><span style=\"font-weight: 400;\"><br \/><\/span><span style=\"font-weight: 400;\">Aquest joc de taules es va tallar de manera \u00fanica a partir de fusta de boxwood, amb un disseny exclusiu. Est\u00e0 inspirat en la Batalla de Gal\u00b7l\u00edpoli i va ser elaborat per Tahsin \u00c7ukurluo\u011flu, cap de l'Estaci\u00f3 Forestal Atat\u00fcrk, marit de la filla adoptiva de Z\u00fcbeyde Han\u0131m, Vasfiye Han\u0131m, i pare de la filla adoptiva d'Atat\u00fcrk, \u00dclk\u00fc Adatepe. Va ser presentat com a regal a Atat\u00fcrk. Les torres estan representades com a canons, d'acord amb la terminologia d'aquesta pe\u00e7a com a can\u00f3, \u201ctop\u201d, en moltes lleng\u00fces eslaves del sud i balc\u00e0niques.\u00a0<\/span><\/p><p><span style=\"font-weight: 400;\">Despr\u00e9s de la mort d'Atat\u00fcrk, el conjunt va ser conservat per aquesta fam\u00edlia. En morir Tahsin \u00c7ukurluo\u011flu, el conjunt va ser lliurat com a record al seu amic \u00edntim Selahattin A\u015fkan, una figura estimada de la comunitat d'escacs, a casa seva a Cevizli, Istanbul.<\/span><\/p><p><span style=\"font-weight: 400;\">M\u00e9s tard, aquest joc de taules es va regalar a H. Serta\u00e7 Dalk\u0131ran, que va fundar la primera escola i museu d'escacs del nostre pa\u00eds en reconeixement dels seus serveis excepcionals als escacs a Turquia. Es sap que Atat\u00fcrk va jugar amb aquest mateix joc contra \u0130smet \u0130n\u00f6n\u00fc, el pasha Selahattin Adil i altres companys d'armes.<\/span><\/p>\t\t\t\t\t\t\t\t<\/div>\n\t\t\t\t<\/div>\n\t\t\t\t<div class=\"elementor-element elementor-element-8077669 elementor-widget elementor-widget-image\" data-id=\"8077669\" data-element_type=\"widget\" data-e-type=\"widget\" data-widget_type=\"image.default\">\n\t\t\t\t<div class=\"elementor-widget-container\">\n\t\t\t\t\t\t\t\t\t\t\t\t\t\t\t<img decoding=\"async\" width=\"800\" height=\"576\" src=\"https:\/\/shatranj.art\/wp-content\/uploads\/2026\/02\/ataturkun-takimi-afis-calismasi-1-1024x737.jpg\" class=\"attachment-large size-large wp-image-1358\" alt=\"\" srcset=\"https:\/\/shatranj.art\/wp-content\/uploads\/2026\/02\/ataturkun-takimi-afis-calismasi-1-1024x737.jpg 1024w, https:\/\/shatranj.art\/wp-content\/uploads\/2026\/02\/ataturkun-takimi-afis-calismasi-1-300x216.jpg 300w, https:\/\/shatranj.art\/wp-content\/uploads\/2026\/02\/ataturkun-takimi-afis-calismasi-1-768x553.jpg 768w, https:\/\/shatranj.art\/wp-content\/uploads\/2026\/02\/ataturkun-takimi-afis-calismasi-1-1536x1106.jpg 1536w, https:\/\/shatranj.art\/wp-content\/uploads\/2026\/02\/ataturkun-takimi-afis-calismasi-1-2048x1475.jpg 2048w, https:\/\/shatranj.art\/wp-content\/uploads\/2026\/02\/ataturkun-takimi-afis-calismasi-1-18x12.jpg 18w\" sizes=\"(max-width: 800px) 100vw, 800px\" \/>\t\t\t\t\t\t\t\t\t\t\t\t\t\t\t<\/div>\n\t\t\t\t<\/div>\n\t\t\t\t<div class=\"elementor-element elementor-element-887b309 elementor-widget elementor-widget-image\" data-id=\"887b309\" data-element_type=\"widget\" data-e-type=\"widget\" data-widget_type=\"image.default\">\n\t\t\t\t<div class=\"elementor-widget-container\">\n\t\t\t\t\t\t\t\t\t\t\t\t\t\t\t<img decoding=\"async\" width=\"800\" height=\"504\" src=\"https:\/\/shatranj.art\/wp-content\/uploads\/2026\/02\/mustafa-kemal-ataturk-chess-set-reduced-size-1024x645.jpg\" class=\"attachment-large size-large wp-image-1446\" alt=\"\" srcset=\"https:\/\/shatranj.art\/wp-content\/uploads\/2026\/02\/mustafa-kemal-ataturk-chess-set-reduced-size-1024x645.jpg 1024w, https:\/\/shatranj.art\/wp-content\/uploads\/2026\/02\/mustafa-kemal-ataturk-chess-set-reduced-size-300x189.jpg 300w, https:\/\/shatranj.art\/wp-content\/uploads\/2026\/02\/mustafa-kemal-ataturk-chess-set-reduced-size-768x484.jpg 768w, https:\/\/shatranj.art\/wp-content\/uploads\/2026\/02\/mustafa-kemal-ataturk-chess-set-reduced-size-1536x968.jpg 1536w, https:\/\/shatranj.art\/wp-content\/uploads\/2026\/02\/mustafa-kemal-ataturk-chess-set-reduced-size-2048x1291.jpg 2048w, https:\/\/shatranj.art\/wp-content\/uploads\/2026\/02\/mustafa-kemal-ataturk-chess-set-reduced-size-18x12.jpg 18w\" sizes=\"(max-width: 800px) 100vw, 800px\" \/>\t\t\t\t\t\t\t\t\t\t\t\t\t\t\t<\/div>\n\t\t\t\t<\/div>\n\t\t\t\t<div class=\"elementor-element elementor-element-67db2a3 elementor-widget elementor-widget-image\" data-id=\"67db2a3\" data-element_type=\"widget\" data-e-type=\"widget\" data-widget_type=\"image.default\">\n\t\t\t\t<div class=\"elementor-widget-container\">\n\t\t\t\t\t\t\t\t\t\t\t\t\t\t\t<img loading=\"lazy\" decoding=\"async\" width=\"768\" height=\"1024\" src=\"https:\/\/shatranj.art\/wp-content\/uploads\/2026\/02\/ulku-adatepe-my-childhood-with-ataturk-768x1024.jpg\" class=\"attachment-large size-large wp-image-1451\" alt=\"\" srcset=\"https:\/\/shatranj.art\/wp-content\/uploads\/2026\/02\/ulku-adatepe-my-childhood-with-ataturk-768x1024.jpg 768w, https:\/\/shatranj.art\/wp-content\/uploads\/2026\/02\/ulku-adatepe-my-childhood-with-ataturk-225x300.jpg 225w, https:\/\/shatranj.art\/wp-content\/uploads\/2026\/02\/ulku-adatepe-my-childhood-with-ataturk-1152x1536.jpg 1152w, https:\/\/shatranj.art\/wp-content\/uploads\/2026\/02\/ulku-adatepe-my-childhood-with-ataturk-1536x2048.jpg 1536w, https:\/\/shatranj.art\/wp-content\/uploads\/2026\/02\/ulku-adatepe-my-childhood-with-ataturk-9x12.jpg 9w, https:\/\/shatranj.art\/wp-content\/uploads\/2026\/02\/ulku-adatepe-my-childhood-with-ataturk-scaled.jpg 1920w\" sizes=\"(max-width: 768px) 100vw, 768px\" \/>\t\t\t\t\t\t\t\t\t\t\t\t\t\t\t<\/div>\n\t\t\t\t<\/div>\n\t\t\t\t<div class=\"elementor-element elementor-element-00467b4 elementor-widget elementor-widget-image\" data-id=\"00467b4\" data-element_type=\"widget\" data-e-type=\"widget\" data-widget_type=\"image.default\">\n\t\t\t\t<div class=\"elementor-widget-container\">\n\t\t\t\t\t\t\t\t\t\t\t\t\t\t\t<img loading=\"lazy\" decoding=\"async\" width=\"768\" height=\"1024\" src=\"https:\/\/shatranj.art\/wp-content\/uploads\/2026\/02\/ulku-adatepe-ataturk-memoirs-768x1024.jpg\" class=\"attachment-large size-large wp-image-1447\" alt=\"\" srcset=\"https:\/\/shatranj.art\/wp-content\/uploads\/2026\/02\/ulku-adatepe-ataturk-memoirs-768x1024.jpg 768w, https:\/\/shatranj.art\/wp-content\/uploads\/2026\/02\/ulku-adatepe-ataturk-memoirs-225x300.jpg 225w, https:\/\/shatranj.art\/wp-content\/uploads\/2026\/02\/ulku-adatepe-ataturk-memoirs-1152x1536.jpg 1152w, https:\/\/shatranj.art\/wp-content\/uploads\/2026\/02\/ulku-adatepe-ataturk-memoirs-1536x2048.jpg 1536w, https:\/\/shatranj.art\/wp-content\/uploads\/2026\/02\/ulku-adatepe-ataturk-memoirs-9x12.jpg 9w, https:\/\/shatranj.art\/wp-content\/uploads\/2026\/02\/ulku-adatepe-ataturk-memoirs-scaled.jpg 1920w\" sizes=\"(max-width: 768px) 100vw, 768px\" \/>\t\t\t\t\t\t\t\t\t\t\t\t\t\t\t<\/div>\n\t\t\t\t<\/div>\n\t\t\t\t<div class=\"elementor-element elementor-element-9bf6bee elementor-widget elementor-widget-image\" data-id=\"9bf6bee\" data-element_type=\"widget\" data-e-type=\"widget\" data-widget_type=\"image.default\">\n\t\t\t\t<div class=\"elementor-widget-container\">\n\t\t\t\t\t\t\t\t\t\t\t\t\t\t\t<img loading=\"lazy\" decoding=\"async\" width=\"530\" height=\"800\" src=\"https:\/\/shatranj.art\/wp-content\/uploads\/2026\/02\/mustafa-kemal-atatur-ulku-adatepe.jpg\" class=\"attachment-large size-large wp-image-1449\" alt=\"\" srcset=\"https:\/\/shatranj.art\/wp-content\/uploads\/2026\/02\/mustafa-kemal-atatur-ulku-adatepe.jpg 530w, https:\/\/shatranj.art\/wp-content\/uploads\/2026\/02\/mustafa-kemal-atatur-ulku-adatepe-199x300.jpg 199w, https:\/\/shatranj.art\/wp-content\/uploads\/2026\/02\/mustafa-kemal-atatur-ulku-adatepe-8x12.jpg 8w\" sizes=\"(max-width: 530px) 100vw, 530px\" \/>\t\t\t\t\t\t\t\t\t\t\t\t\t\t\t<\/div>\n\t\t\t\t<\/div>\n\t\t\t\t<div class=\"elementor-element elementor-element-c32a832 elementor-widget elementor-widget-image\" data-id=\"c32a832\" data-element_type=\"widget\" data-e-type=\"widget\" data-widget_type=\"image.default\">\n\t\t\t\t<div class=\"elementor-widget-container\">\n\t\t\t\t\t\t\t\t\t\t\t\t\t\t\t<img loading=\"lazy\" decoding=\"async\" width=\"640\" height=\"1024\" src=\"https:\/\/shatranj.art\/wp-content\/uploads\/2026\/02\/tahsin-cukurluoglu-ulku-adatepe-chesset-memory-640x1024.jpg\" class=\"attachment-large size-large wp-image-1450\" alt=\"\" srcset=\"https:\/\/shatranj.art\/wp-content\/uploads\/2026\/02\/tahsin-cukurluoglu-ulku-adatepe-chesset-memory-640x1024.jpg 640w, https:\/\/shatranj.art\/wp-content\/uploads\/2026\/02\/tahsin-cukurluoglu-ulku-adatepe-chesset-memory-187x300.jpg 187w, https:\/\/shatranj.art\/wp-content\/uploads\/2026\/02\/tahsin-cukurluoglu-ulku-adatepe-chesset-memory-7x12.jpg 7w, https:\/\/shatranj.art\/wp-content\/uploads\/2026\/02\/tahsin-cukurluoglu-ulku-adatepe-chesset-memory.jpg 652w\" sizes=\"(max-width: 640px) 100vw, 640px\" \/>\t\t\t\t\t\t\t\t\t\t\t\t\t\t\t<\/div>\n\t\t\t\t<\/div>\n\t\t\t\t<div class=\"elementor-element elementor-element-4fc3267 elementor-widget elementor-widget-image\" data-id=\"4fc3267\" data-element_type=\"widget\" data-e-type=\"widget\" data-widget_type=\"image.default\">\n\t\t\t\t<div class=\"elementor-widget-container\">\n\t\t\t\t\t\t\t\t\t\t\t\t\t\t\t<img loading=\"lazy\" decoding=\"async\" width=\"580\" height=\"984\" src=\"https:\/\/shatranj.art\/wp-content\/uploads\/2026\/02\/Tahsin-Cukurluoglu.jpg\" class=\"attachment-large size-large wp-image-1448\" alt=\"\" srcset=\"https:\/\/shatranj.art\/wp-content\/uploads\/2026\/02\/Tahsin-Cukurluoglu.jpg 580w, https:\/\/shatranj.art\/wp-content\/uploads\/2026\/02\/Tahsin-Cukurluoglu-177x300.jpg 177w, https:\/\/shatranj.art\/wp-content\/uploads\/2026\/02\/Tahsin-Cukurluoglu-7x12.jpg 7w\" sizes=\"(max-width: 580px) 100vw, 580px\" \/>\t\t\t\t\t\t\t\t\t\t\t\t\t\t\t<\/div>\n\t\t\t\t<\/div>\n\t\t\t\t<div class=\"elementor-element elementor-element-7c081ec elementor-widget-tablet__width-inherit elementor-widget elementor-widget-text-editor\" data-id=\"7c081ec\" data-element_type=\"widget\" data-e-type=\"widget\" data-widget_type=\"text-editor.default\">\n\t\t\t\t<div class=\"elementor-widget-container\">\n\t\t\t\t\t\t\t\t\t<h3><b>Espectacle de xacra gegant en viu a l'estadi Fenerbah\u00e7e (1997)<\/b><\/h3><p><b>Basat en el collage de l'estadi.<\/b><\/p><p><span style=\"font-weight: 400;\">Aquest impressionant recurs visual mostra un massiu esdeveniment d'escacs en viu celebrat el 1997 a l'estadi del Fenerbah\u00e7e, un dels clubs esportius m\u00e9s consolidats de Turquia.<\/span><\/p><p><span style=\"font-weight: 400;\">En aquest esdeveniment, on el camp de futbol es va transformar en un tauler d'escacs gegant, uns int\u00e8rprets amb vestuari especial van donar vida al joc estrat\u00e8gic davant del p\u00fablic de l'estadi actuant com a peces d'escacs. El conjunt visual fusiona sense fissures la profunditat intel\u00b7lectual dels escacs amb un fest\u00ed visual f\u00edsic i la cultura esportiva. La fotografia d'Atat\u00fcrk es pot veure en una bandera a l'estadi.<\/span><\/p><p><b>Nota d'arxiu:<\/b><span style=\"font-weight: 400;\"> Tal com s'indica a la fotografia original, aquesta pe\u00e7a especial de la hist\u00f2ria dels escacs s'exposa procedent de l'arxiu personal i la col\u00b7lecci\u00f3 de l'\u00e0rbitre internacional d'escacs i escriptor de la FIDE, <\/span><b>H. Serta\u00e7 Dalk\u0131ran<\/b><span style=\"font-weight: 400;\">.<\/span><\/p>\t\t\t\t\t\t\t\t<\/div>\n\t\t\t\t<\/div>\n\t\t\t\t<div class=\"elementor-element elementor-element-2284ad2 elementor-widget elementor-widget-image\" data-id=\"2284ad2\" data-element_type=\"widget\" data-e-type=\"widget\" data-widget_type=\"image.default\">\n\t\t\t\t<div class=\"elementor-widget-container\">\n\t\t\t\t\t\t\t\t\t\t\t\t\t\t\t<img loading=\"lazy\" decoding=\"async\" width=\"800\" height=\"557\" src=\"https:\/\/shatranj.art\/wp-content\/uploads\/2026\/02\/Fenerbahce-stadi-bale-1997-1024x713.jpg\" class=\"attachment-large size-large wp-image-1360\" alt=\"\" srcset=\"https:\/\/shatranj.art\/wp-content\/uploads\/2026\/02\/Fenerbahce-stadi-bale-1997-1024x713.jpg 1024w, https:\/\/shatranj.art\/wp-content\/uploads\/2026\/02\/Fenerbahce-stadi-bale-1997-300x209.jpg 300w, https:\/\/shatranj.art\/wp-content\/uploads\/2026\/02\/Fenerbahce-stadi-bale-1997-768x535.jpg 768w, https:\/\/shatranj.art\/wp-content\/uploads\/2026\/02\/Fenerbahce-stadi-bale-1997-1536x1070.jpg 1536w, https:\/\/shatranj.art\/wp-content\/uploads\/2026\/02\/Fenerbahce-stadi-bale-1997-2048x1426.jpg 2048w, https:\/\/shatranj.art\/wp-content\/uploads\/2026\/02\/Fenerbahce-stadi-bale-1997-18x12.jpg 18w\" sizes=\"(max-width: 800px) 100vw, 800px\" \/>\t\t\t\t\t\t\t\t\t\t\t\t\t\t\t<\/div>\n\t\t\t\t<\/div>\n\t\t\t\t<\/div>\n\t\t\t\t\t<\/div>\n\t\t\t\t<\/div>\n\t\t\t\t<\/div>","protected":false},"excerpt":{"rendered":"<p>The chess set of Mustafa Kemal Atat\u00fcrk This section of the exhibit highlights a unique piece of Turkish history: the personal chess set of Mustafa Kemal Atat\u00fcrk, the founder of the Republic of Turkey. The gallery photo shows H. Serta\u00e7 Dalk\u0131ran alongside Atat\u00fcrk&#8217;s adopted daughter, \u00dclk\u00fc Adatepe, proudly presenting the set. This chess set was [&hellip;]<\/p>\n","protected":false},"author":1,"featured_media":0,"parent":743,"menu_order":0,"comment_status":"closed","ping_status":"closed","template":"","meta":{"footnotes":""},"class_list":["post-1355","page","type-page","status-publish","hentry"],"_links":{"self":[{"href":"https:\/\/shatranj.art\/ca\/wp-json\/wp\/v2\/pages\/1355","targetHints":{"allow":["GET"]}}],"collection":[{"href":"https:\/\/shatranj.art\/ca\/wp-json\/wp\/v2\/pages"}],"about":[{"href":"https:\/\/shatranj.art\/ca\/wp-json\/wp\/v2\/types\/page"}],"author":[{"embeddable":true,"href":"https:\/\/shatranj.art\/ca\/wp-json\/wp\/v2\/users\/1"}],"replies":[{"embeddable":true,"href":"https:\/\/shatranj.art\/ca\/wp-json\/wp\/v2\/comments?post=1355"}],"version-history":[{"count":16,"href":"https:\/\/shatranj.art\/ca\/wp-json\/wp\/v2\/pages\/1355\/revisions"}],"predecessor-version":[{"id":1457,"href":"https:\/\/shatranj.art\/ca\/wp-json\/wp\/v2\/pages\/1355\/revisions\/1457"}],"up":[{"embeddable":true,"href":"https:\/\/shatranj.art\/ca\/wp-json\/wp\/v2\/pages\/743"}],"wp:attachment":[{"href":"https:\/\/shatranj.art\/ca\/wp-json\/wp\/v2\/media?parent=1355"}],"curies":[{"name":"wp","href":"https:\/\/api.w.org\/{rel}","templated":true}]}}