{"id":1465,"date":"2026-02-24T06:30:11","date_gmt":"2026-02-24T06:30:11","guid":{"rendered":"https:\/\/shatranj.art\/?page_id=1465"},"modified":"2026-02-24T07:42:10","modified_gmt":"2026-02-24T07:42:10","slug":"cartell-35","status":"publish","type":"page","link":"https:\/\/shatranj.art\/ca\/exhibit\/cartell-35\/","title":{"rendered":"cartell-35"},"content":{"rendered":"<div data-elementor-type=\"wp-page\" data-elementor-id=\"1465\" class=\"elementor elementor-1465\" data-elementor-post-type=\"page\">\n\t\t\t\t<div class=\"elementor-element elementor-element-08b263e e-flex e-con-boxed e-con e-parent\" data-id=\"08b263e\" data-element_type=\"container\" data-e-type=\"container\" data-settings=\"{&quot;background_background&quot;:&quot;classic&quot;}\">\n\t\t\t\t\t<div class=\"e-con-inner\">\n\t\t<div class=\"elementor-element elementor-element-7869a40 e-con-full e-flex e-con e-child\" data-id=\"7869a40\" data-element_type=\"container\" data-e-type=\"container\">\n\t\t\t\t<div class=\"elementor-element elementor-element-1c616f4 elementor-widget elementor-widget-image\" data-id=\"1c616f4\" data-element_type=\"widget\" data-e-type=\"widget\" data-widget_type=\"image.default\">\n\t\t\t\t<div class=\"elementor-widget-container\">\n\t\t\t\t\t\t\t\t\t\t\t\t\t\t\t<img fetchpriority=\"high\" decoding=\"async\" width=\"453\" height=\"371\" src=\"https:\/\/shatranj.art\/wp-content\/uploads\/2026\/02\/Cambridge_Springs_Staunton_Chessmen.jpg\" class=\"attachment-full size-full wp-image-1468\" alt=\"\" srcset=\"https:\/\/shatranj.art\/wp-content\/uploads\/2026\/02\/Cambridge_Springs_Staunton_Chessmen.jpg 453w, https:\/\/shatranj.art\/wp-content\/uploads\/2026\/02\/Cambridge_Springs_Staunton_Chessmen-300x246.jpg 300w, https:\/\/shatranj.art\/wp-content\/uploads\/2026\/02\/Cambridge_Springs_Staunton_Chessmen-15x12.jpg 15w\" sizes=\"(max-width: 453px) 100vw, 453px\" \/>\t\t\t\t\t\t\t\t\t\t\t\t\t\t\t<\/div>\n\t\t\t\t<\/div>\n\t\t\t\t<div class=\"elementor-element elementor-element-a5ffbc0 elementor-widget elementor-widget-text-editor\" data-id=\"a5ffbc0\" data-element_type=\"widget\" data-e-type=\"widget\" data-widget_type=\"text-editor.default\">\n\t\t\t\t<div class=\"elementor-widget-container\">\n\t\t\t\t\t\t\t\t\t<h3 data-path-to-node=\"0\">El Conjunt Internacional de Cambridge Springs de 1904<\/h3><p data-path-to-node=\"2\">El Congr\u00e9s Internacional d'Escacs de 1904 a Cambridge Springs, Pennsilv\u00e0nia, va marcar una fita hist\u00f2rica com a primer gran torneig internacional celebrat als Estats Units. Aquest esdeveniment es va convertir en un moment definitiu per a l'Edat d'Or dels escacs, representant un pont entre les tradicions europees cl\u00e0ssiques i l'ascendent rellev\u00e0ncia de l'escena escac\u00edstica nord-americana.<\/p><p data-path-to-node=\"2\">\u00a0<\/p><p data-path-to-node=\"3\"><strong>Una trobada de mestres llegendaris<\/strong><\/p><p data-path-to-node=\"3\">\u00a0<\/p><p data-path-to-node=\"4\">El torneig va comptar amb setze dels jugadors m\u00e9s formidables del m\u00f3n, convertint-lo en una de les competicions m\u00e9s fortes de principis del segle XX. La llista d'inscrits inclo\u00efa:<\/p><p data-path-to-node=\"5,0,0\">Emanuel Lasker: el campi\u00f3 mundial vigent i una for\u00e7a dominant en l'estrat\u00e8gia escac\u00edstica.<\/p><p data-path-to-node=\"5,1,0\">Mikhail Chigorin: el llegendari mestre rus i pioner de l'escola sovi\u00e8tica d'escacs.<\/p><p data-path-to-node=\"5,2,0\">Dawid Janowski: un brillant t\u00e0ctic polon\u00e8s-franc\u00e8s conegut pel seu joc agressiu i creatiu.<\/p><p data-path-to-node=\"5,3,0\">Frank James Marshall: el jove aspirant americ\u00e0 que va sorprendre el m\u00f3n en guanyar el torneig invicte, acabant per davant del campi\u00f3 del m\u00f3n.<\/p><p data-path-to-node=\"5,4,0\">Altres participants destacats van incloure Harry Nelson Pillsbury, Carl Schlechter i Richard Teichmann.<\/p><p data-path-to-node=\"5,4,0\">\u00a0<\/p><p>L'eliminaci\u00f3 de la creu reial del disseny original de Staunton va ser una decisi\u00f3 intencionada cap a la inclusivitat, que honora els diversos or\u00edgens dels jugadors internacionals retornant el joc a les seves arrels seculars i abstractes. Aquest disseny va establir l'escacot\u00e8 com una arena neutral de l\u00f2gica, lliure de connotacions religioses espec\u00edfiques.<\/p>\t\t\t\t\t\t\t\t<\/div>\n\t\t\t\t<\/div>\n\t\t\t\t<div class=\"elementor-element elementor-element-26ec034 elementor-widget elementor-widget-image\" data-id=\"26ec034\" data-element_type=\"widget\" data-e-type=\"widget\" data-widget_type=\"image.default\">\n\t\t\t\t<div class=\"elementor-widget-container\">\n\t\t\t\t\t\t\t\t\t\t\t\t\t\t\t<img decoding=\"async\" width=\"413\" height=\"520\" src=\"https:\/\/shatranj.art\/wp-content\/uploads\/2026\/02\/1904-cambridge-springs-chess-tournament.jpeg\" class=\"attachment-full size-full wp-image-1517\" alt=\"\" srcset=\"https:\/\/shatranj.art\/wp-content\/uploads\/2026\/02\/1904-cambridge-springs-chess-tournament.jpeg 413w, https:\/\/shatranj.art\/wp-content\/uploads\/2026\/02\/1904-cambridge-springs-chess-tournament-238x300.jpeg 238w, https:\/\/shatranj.art\/wp-content\/uploads\/2026\/02\/1904-cambridge-springs-chess-tournament-10x12.jpeg 10w\" sizes=\"(max-width: 413px) 100vw, 413px\" \/>\t\t\t\t\t\t\t\t\t\t\t\t\t\t\t<\/div>\n\t\t\t\t<\/div>\n\t\t\t\t<\/div>\n\t\t\t\t\t<\/div>\n\t\t\t\t<\/div>\n\t\t\t\t<\/div>","protected":false},"excerpt":{"rendered":"<p>The 1904 Cambridge Springs International Set The 1904 International Chess Congress in Cambridge Springs, Pennsylvania, marked a historic milestone as the first major international tournament hosted in the United States. This event became a defining moment for the Golden Age of chess, representing a bridge between the classic European traditions and the rising prominence of [&hellip;]<\/p>\n","protected":false},"author":1,"featured_media":0,"parent":743,"menu_order":0,"comment_status":"closed","ping_status":"closed","template":"","meta":{"footnotes":""},"class_list":["post-1465","page","type-page","status-publish","hentry"],"_links":{"self":[{"href":"https:\/\/shatranj.art\/ca\/wp-json\/wp\/v2\/pages\/1465","targetHints":{"allow":["GET"]}}],"collection":[{"href":"https:\/\/shatranj.art\/ca\/wp-json\/wp\/v2\/pages"}],"about":[{"href":"https:\/\/shatranj.art\/ca\/wp-json\/wp\/v2\/types\/page"}],"author":[{"embeddable":true,"href":"https:\/\/shatranj.art\/ca\/wp-json\/wp\/v2\/users\/1"}],"replies":[{"embeddable":true,"href":"https:\/\/shatranj.art\/ca\/wp-json\/wp\/v2\/comments?post=1465"}],"version-history":[{"count":17,"href":"https:\/\/shatranj.art\/ca\/wp-json\/wp\/v2\/pages\/1465\/revisions"}],"predecessor-version":[{"id":1520,"href":"https:\/\/shatranj.art\/ca\/wp-json\/wp\/v2\/pages\/1465\/revisions\/1520"}],"up":[{"embeddable":true,"href":"https:\/\/shatranj.art\/ca\/wp-json\/wp\/v2\/pages\/743"}],"wp:attachment":[{"href":"https:\/\/shatranj.art\/ca\/wp-json\/wp\/v2\/media?parent=1465"}],"curies":[{"name":"wp","href":"https:\/\/api.w.org\/{rel}","templated":true}]}}