{"id":1510,"date":"2026-02-24T07:22:35","date_gmt":"2026-02-24T07:22:35","guid":{"rendered":"https:\/\/shatranj.art\/?page_id=1510"},"modified":"2026-02-24T07:36:00","modified_gmt":"2026-02-24T07:36:00","slug":"cartell-39","status":"publish","type":"page","link":"https:\/\/shatranj.art\/ca\/exhibit\/cartell-39\/","title":{"rendered":"cartell-39"},"content":{"rendered":"<div data-elementor-type=\"wp-page\" data-elementor-id=\"1510\" class=\"elementor elementor-1510\" data-elementor-post-type=\"page\">\n\t\t\t\t<div class=\"elementor-element elementor-element-1426eb0 e-flex e-con-boxed e-con e-parent\" data-id=\"1426eb0\" data-element_type=\"container\" data-e-type=\"container\" data-settings=\"{&quot;background_background&quot;:&quot;classic&quot;}\">\n\t\t\t\t\t<div class=\"e-con-inner\">\n\t\t<div class=\"elementor-element elementor-element-d76d2b5 e-con-full e-flex e-con e-child\" data-id=\"d76d2b5\" data-element_type=\"container\" data-e-type=\"container\">\n\t\t\t\t<div class=\"elementor-element elementor-element-e675f73 elementor-widget elementor-widget-image\" data-id=\"e675f73\" data-element_type=\"widget\" data-e-type=\"widget\" data-widget_type=\"image.default\">\n\t\t\t\t<div class=\"elementor-widget-container\">\n\t\t\t\t\t\t\t\t\t\t\t\t\t\t\t<img fetchpriority=\"high\" decoding=\"async\" width=\"1200\" height=\"942\" src=\"https:\/\/shatranj.art\/wp-content\/uploads\/2026\/02\/Ben-Franklin-Chess-scaled-1200x942-1.jpeg\" class=\"attachment-full size-full wp-image-1513\" alt=\"\" srcset=\"https:\/\/shatranj.art\/wp-content\/uploads\/2026\/02\/Ben-Franklin-Chess-scaled-1200x942-1.jpeg 1200w, https:\/\/shatranj.art\/wp-content\/uploads\/2026\/02\/Ben-Franklin-Chess-scaled-1200x942-1-300x236.jpeg 300w, https:\/\/shatranj.art\/wp-content\/uploads\/2026\/02\/Ben-Franklin-Chess-scaled-1200x942-1-1024x804.jpeg 1024w, https:\/\/shatranj.art\/wp-content\/uploads\/2026\/02\/Ben-Franklin-Chess-scaled-1200x942-1-768x603.jpeg 768w, https:\/\/shatranj.art\/wp-content\/uploads\/2026\/02\/Ben-Franklin-Chess-scaled-1200x942-1-15x12.jpeg 15w\" sizes=\"(max-width: 1200px) 100vw, 1200px\" \/>\t\t\t\t\t\t\t\t\t\t\t\t\t\t\t<\/div>\n\t\t\t\t<\/div>\n\t\t\t\t<div class=\"elementor-element elementor-element-225c171 elementor-widget elementor-widget-text-editor\" data-id=\"225c171\" data-element_type=\"widget\" data-e-type=\"widget\" data-widget_type=\"text-editor.default\">\n\t\t\t\t<div class=\"elementor-widget-container\">\n\t\t\t\t\t\t\t\t\t<h3 data-path-to-node=\"0\"><span class=\"citation-214 citation-end-214\">\u201cLes moralitats dels escacs\u201d de Benjamin Franklin<\/span><\/h3><p data-path-to-node=\"0\"><span class=\"citation-214 citation-end-214\"><br \/><br \/>L'assaig de Benjamin Franklin de 1786, \u201cLa moral dels escacs\u201d, va redefinir el joc com una eina vital per al desenvolupament personal i la virtut intel\u00b7lectual.<\/span> <span class=\"citation-213 citation-end-213\">Franklin creia que els escacs eren m\u00e9s que un passatemps; eren un exercici de previsi\u00f3, circumspecti\u00f3 i cautela \u2014 qualitats que considerava essencials per a l'\u00e8xit tant en la vida privada com en la diplom\u00e0cia p\u00fablica.<\/span> <span class=\"citation-212 citation-end-212\">Durant l'Edat de la Il\u00b7lustraci\u00f3, Franklin freq\u00fcentava caf\u00e8s d'escacs c\u00e8lebres com el Caf\u00e9 de la R\u00e9gence de Par\u00eds.<\/span> Aquests espais van servir com les xarxes socials originals de l'\u00e8poca, on el joc facilitava debats rigorosos i l'intercanvi d'idees revolucion\u00e0ries, creuant els mons de la ci\u00e8ncia, la pol\u00edtica i la filosofia.<\/p><p data-path-to-node=\"0\">\u00a0<\/p><p data-path-to-node=\"0\">La fascinaci\u00f3 de Franklin pels l\u00edmits intel\u00b7lectuals del joc el va portar a una trobada hist\u00f2rica amb el Turc Mec\u00e0nic, l'aut\u00f2mat jugador d'escacs m\u00e9s fam\u00f3s del m\u00f3n. Durant una partida a Par\u00eds el 1783, Franklin va posar a prova les seves habilitats contra la m\u00e0quina, que exemplificava l'obsessi\u00f3 de la Il\u00b7lustraci\u00f3 per la ra\u00f3 mec\u00e0nica. El Turc va acabar viatjant als Estats Units i va trobar la seva llar definitiva al Peale Museum (i m\u00e9s tard al Chinese Museum) de Filad\u00e8lfia. Va continuar sent una pe\u00e7a clau de la cultura cient\u00edfica de Pennsilv\u00e0nia durant d\u00e8cades abans de desapar\u00e8ixer en un incendi el 1854. Aquest llegat d'enginy hum\u00e0 i intel\u00b7lig\u00e8ncia mec\u00e0nica continua sent una hist\u00f2ria fonamental per a les exposicions que exploren la intersecci\u00f3 entre la hist\u00f2ria, els jocs i l'evoluci\u00f3 de la intel\u00b7lig\u00e8ncia.<br \/><br \/><br \/><\/p><p data-path-to-node=\"0\">La fotografia representa Benjamin Franklin jugant a escacs. Obra d'Edward Harrison May, 1867.<\/p>\t\t\t\t\t\t\t\t<\/div>\n\t\t\t\t<\/div>\n\t\t\t\t<\/div>\n\t\t\t\t\t<\/div>\n\t\t\t\t<\/div>\n\t\t\t\t<\/div>","protected":false},"excerpt":{"rendered":"<p>&#8220;The Morals of Chess&#8221; by Benjamin Franklin Benjamin Franklin\u2019s 1786 essay, &#8220;The Morals of Chess,&#8221; redefined the game as a vital tool for personal development and intellectual virtue. Franklin believed that chess was more than a pastime; it was an exercise in foresight, circumspection, and caution\u2014qualities he deemed essential for success in both private life [&hellip;]<\/p>\n","protected":false},"author":1,"featured_media":0,"parent":743,"menu_order":0,"comment_status":"closed","ping_status":"closed","template":"","meta":{"footnotes":""},"class_list":["post-1510","page","type-page","status-publish","hentry"],"_links":{"self":[{"href":"https:\/\/shatranj.art\/ca\/wp-json\/wp\/v2\/pages\/1510","targetHints":{"allow":["GET"]}}],"collection":[{"href":"https:\/\/shatranj.art\/ca\/wp-json\/wp\/v2\/pages"}],"about":[{"href":"https:\/\/shatranj.art\/ca\/wp-json\/wp\/v2\/types\/page"}],"author":[{"embeddable":true,"href":"https:\/\/shatranj.art\/ca\/wp-json\/wp\/v2\/users\/1"}],"replies":[{"embeddable":true,"href":"https:\/\/shatranj.art\/ca\/wp-json\/wp\/v2\/comments?post=1510"}],"version-history":[{"count":4,"href":"https:\/\/shatranj.art\/ca\/wp-json\/wp\/v2\/pages\/1510\/revisions"}],"predecessor-version":[{"id":1516,"href":"https:\/\/shatranj.art\/ca\/wp-json\/wp\/v2\/pages\/1510\/revisions\/1516"}],"up":[{"embeddable":true,"href":"https:\/\/shatranj.art\/ca\/wp-json\/wp\/v2\/pages\/743"}],"wp:attachment":[{"href":"https:\/\/shatranj.art\/ca\/wp-json\/wp\/v2\/media?parent=1510"}],"curies":[{"name":"wp","href":"https:\/\/api.w.org\/{rel}","templated":true}]}}