{"id":954,"date":"2026-02-22T15:10:21","date_gmt":"2026-02-22T15:10:21","guid":{"rendered":"https:\/\/shatranj.art\/?page_id=954"},"modified":"2026-02-24T09:18:28","modified_gmt":"2026-02-24T09:18:28","slug":"poster-16","status":"publish","type":"page","link":"https:\/\/shatranj.art\/ca\/exhibit\/poster-16\/","title":{"rendered":"cartell 16"},"content":{"rendered":"<div data-elementor-type=\"wp-page\" data-elementor-id=\"954\" class=\"elementor elementor-954\" data-elementor-post-type=\"page\">\n\t\t\t\t<div class=\"elementor-element elementor-element-05751de e-flex e-con-boxed e-con e-parent\" data-id=\"05751de\" data-element_type=\"container\" data-e-type=\"container\" data-settings=\"{&quot;background_background&quot;:&quot;classic&quot;}\">\n\t\t\t\t\t<div class=\"e-con-inner\">\n\t\t<div class=\"elementor-element elementor-element-415f3f4 e-con-full e-flex e-con e-child\" data-id=\"415f3f4\" data-element_type=\"container\" data-e-type=\"container\">\n\t\t\t\t<div class=\"elementor-element elementor-element-ee52ef0 elementor-widget__width-initial elementor-widget elementor-widget-image\" data-id=\"ee52ef0\" data-element_type=\"widget\" data-e-type=\"widget\" data-widget_type=\"image.default\">\n\t\t\t\t<div class=\"elementor-widget-container\">\n\t\t\t\t\t\t\t\t\t\t\t\t\t\t\t<img fetchpriority=\"high\" decoding=\"async\" width=\"723\" height=\"1024\" src=\"https:\/\/shatranj.art\/wp-content\/uploads\/2026\/02\/16-723x1024.jpg\" class=\"attachment-large size-large wp-image-959\" alt=\"\" srcset=\"https:\/\/shatranj.art\/wp-content\/uploads\/2026\/02\/16-723x1024.jpg 723w, https:\/\/shatranj.art\/wp-content\/uploads\/2026\/02\/16-212x300.jpg 212w, https:\/\/shatranj.art\/wp-content\/uploads\/2026\/02\/16-768x1087.jpg 768w, https:\/\/shatranj.art\/wp-content\/uploads\/2026\/02\/16-1085x1536.jpg 1085w, https:\/\/shatranj.art\/wp-content\/uploads\/2026\/02\/16-1447x2048.jpg 1447w, https:\/\/shatranj.art\/wp-content\/uploads\/2026\/02\/16.jpg 1557w\" sizes=\"(max-width: 723px) 100vw, 723px\" \/>\t\t\t\t\t\t\t\t\t\t\t\t\t\t\t<\/div>\n\t\t\t\t<\/div>\n\t\t\t\t<div class=\"elementor-element elementor-element-bc51b4f elementor-widget__width-initial elementor-widget elementor-widget-text-editor\" data-id=\"bc51b4f\" data-element_type=\"widget\" data-e-type=\"widget\" data-widget_type=\"text-editor.default\">\n\t\t\t\t<div class=\"elementor-widget-container\">\n\t\t\t\t\t\t\t\t\t<h3><b>Buc\u00e8fal: L'esperit llegendari de les estepes i les conquestes<\/b><\/h3><p>Significant \u201cCap de bou\u201d (Boukephalos) en grec antic, probablement a causa de la seva ampla front o d'una marca a l'espatlla, Buc\u00e8fal \u00e9s el cavall de guerra m\u00e9s ic\u00f2nic de la hist\u00f2ria. La llegenda diu que el tesseu Fil\u00f2nic el va oferir al rei Felip II per la xifra astron\u00f2mica de 13 talents, per\u00f2 ning\u00fa no podia domar el seu esperit salvatge. Un jove Alexandre, en observar que el cavall nom\u00e9s es terroritzava per la seva pr\u00f2pia ombra, el va girar cap al sol per calmar-lo. En veure aix\u00f2, el rei Felip va declarar famosament: \u201cOh, fill meu, busca't un regne a l'al\u00e7ada i digne de tu, que Maced\u00f2nia \u00e9s massa petita per a tu!\u201d<\/p><p>\u00a0<\/p><p>Des dels camps de batalla a la immortalitat<\/p><p>\u00a0<\/p><p>Buc\u00e8fal va acompanyar Alexandre durant tota la seva campanya des de Gr\u00e8cia fins al cor de l'\u00cdndia. Va portar el seu amo a trav\u00e9s dels enfrontaments m\u00e9s sagnants, des de Granic i Issus fins a Gaugamela i la batalla de l'Hid\u00e0spes. El 326 aC, durant la campanya de l'\u00cdndia, va morir, ja fos per ferides de batalla o per vellesa (amb gaireb\u00e9 30 anys). En el seu honor, Alexandre va fundar la ciutat d'Alexandria Bucephala a la vora del riu Jhelum, a l'actual Pakistan.<\/p><p>\u00a0<\/p><p>Llegat cultural<\/p><p>\u00a0<\/p><p>En la hist\u00f2ria de l'art i la literatura, Buc\u00e8fal esdev\u00e9 un s\u00edmbol de poder, lleialtat i instint agut. En les tradicions orientals, on Alexandre sovint \u00e9s identificat com a \u201cIskandar\u201d, Buc\u00e8fal \u00e9s representat com un company lleial dotat de qualitats sobrenaturals. Ell continua essent el veritable \u201cesperit\u201d darrere del m\u00e9s gran conqueridor de la hist\u00f2ria, representant un vincle que transcendia el camp de batalla.<\/p>\t\t\t\t\t\t\t\t<\/div>\n\t\t\t\t<\/div>\n\t\t\t\t<\/div>\n\t\t\t\t\t<\/div>\n\t\t\t\t<\/div>\n\t\t\t\t<\/div>","protected":false},"excerpt":{"rendered":"<p>Bucephalus: The Legendary Spirit of the Steppes and Conquests Meaning &#8220;Ox-headed&#8221; (Boukephalos) in Ancient Greek likely due to his broad brow or a branding on his shoulder Bucephalus is the most iconic warhorse in history. Legend tells that he was offered to King Philip II by Philonicus the Thessalian for the staggering sum of 13 [&hellip;]<\/p>\n","protected":false},"author":1,"featured_media":0,"parent":743,"menu_order":0,"comment_status":"closed","ping_status":"closed","template":"","meta":{"footnotes":""},"class_list":["post-954","page","type-page","status-publish","hentry"],"_links":{"self":[{"href":"https:\/\/shatranj.art\/ca\/wp-json\/wp\/v2\/pages\/954","targetHints":{"allow":["GET"]}}],"collection":[{"href":"https:\/\/shatranj.art\/ca\/wp-json\/wp\/v2\/pages"}],"about":[{"href":"https:\/\/shatranj.art\/ca\/wp-json\/wp\/v2\/types\/page"}],"author":[{"embeddable":true,"href":"https:\/\/shatranj.art\/ca\/wp-json\/wp\/v2\/users\/1"}],"replies":[{"embeddable":true,"href":"https:\/\/shatranj.art\/ca\/wp-json\/wp\/v2\/comments?post=954"}],"version-history":[{"count":13,"href":"https:\/\/shatranj.art\/ca\/wp-json\/wp\/v2\/pages\/954\/revisions"}],"predecessor-version":[{"id":1579,"href":"https:\/\/shatranj.art\/ca\/wp-json\/wp\/v2\/pages\/954\/revisions\/1579"}],"up":[{"embeddable":true,"href":"https:\/\/shatranj.art\/ca\/wp-json\/wp\/v2\/pages\/743"}],"wp:attachment":[{"href":"https:\/\/shatranj.art\/ca\/wp-json\/wp\/v2\/media?parent=954"}],"curies":[{"name":"wp","href":"https:\/\/api.w.org\/{rel}","templated":true}]}}