{"id":976,"date":"2026-02-22T15:26:41","date_gmt":"2026-02-22T15:26:41","guid":{"rendered":"https:\/\/shatranj.art\/?page_id=976"},"modified":"2026-02-23T04:57:59","modified_gmt":"2026-02-23T04:57:59","slug":"poster-19","status":"publish","type":"page","link":"https:\/\/shatranj.art\/ca\/exhibit\/poster-19\/","title":{"rendered":"cartell 19"},"content":{"rendered":"<div data-elementor-type=\"wp-page\" data-elementor-id=\"976\" class=\"elementor elementor-976\" data-elementor-post-type=\"page\">\n\t\t\t\t<div class=\"elementor-element elementor-element-bd53a03 e-flex e-con-boxed e-con e-parent\" data-id=\"bd53a03\" data-element_type=\"container\" data-e-type=\"container\" data-settings=\"{&quot;background_background&quot;:&quot;classic&quot;}\">\n\t\t\t\t\t<div class=\"e-con-inner\">\n\t\t<div class=\"elementor-element elementor-element-258a2d8 e-con-full e-flex e-con e-child\" data-id=\"258a2d8\" data-element_type=\"container\" data-e-type=\"container\">\n\t\t\t\t<div class=\"elementor-element elementor-element-54379e5 elementor-widget__width-initial elementor-widget elementor-widget-image\" data-id=\"54379e5\" data-element_type=\"widget\" data-e-type=\"widget\" data-widget_type=\"image.default\">\n\t\t\t\t<div class=\"elementor-widget-container\">\n\t\t\t\t\t\t\t\t\t\t\t\t\t\t\t<img fetchpriority=\"high\" decoding=\"async\" width=\"800\" height=\"842\" src=\"https:\/\/shatranj.art\/wp-content\/uploads\/2026\/02\/19-973x1024.jpg\" class=\"attachment-large size-large wp-image-979\" alt=\"\" srcset=\"https:\/\/shatranj.art\/wp-content\/uploads\/2026\/02\/19-973x1024.jpg 973w, https:\/\/shatranj.art\/wp-content\/uploads\/2026\/02\/19-285x300.jpg 285w, https:\/\/shatranj.art\/wp-content\/uploads\/2026\/02\/19-768x808.jpg 768w, https:\/\/shatranj.art\/wp-content\/uploads\/2026\/02\/19.jpg 1121w\" sizes=\"(max-width: 800px) 100vw, 800px\" \/>\t\t\t\t\t\t\t\t\t\t\t\t\t\t\t<\/div>\n\t\t\t\t<\/div>\n\t\t\t\t<div class=\"elementor-element elementor-element-38b79a5 elementor-widget__width-initial elementor-widget elementor-widget-text-editor\" data-id=\"38b79a5\" data-element_type=\"widget\" data-e-type=\"widget\" data-widget_type=\"text-editor.default\">\n\t\t\t\t<div class=\"elementor-widget-container\">\n\t\t\t\t\t\t\t\t\t<p><strong>Deep Blue contra Kasparov: L'alba del domini de les m\u00e0quines<\/strong><\/p><p>\u00a0<\/p><p><span style=\"font-weight: 400;\">L'any 1997, el m\u00f3n va presenciar un punt d'inflexi\u00f3 hist\u00f2ric en la relaci\u00f3 entre l'home i la m\u00e0quina. Desenvolupat per IBM, el superordinador <\/span>Blaus profunds<span style=\"font-weight: 400;\"> va derrotar el vigent campi\u00f3 del m\u00f3n, <\/span>Garry Kasparov<span style=\"font-weight: 400;\">, en una s\u00e8rie de sis partides. Aquesta va ser la primera vegada que un ordinador va derrotar un campi\u00f3 mundial en una partida de tipus torneig amb controls de temps est\u00e0ndard.<\/span><\/p><p>\u00a0<\/p><p><b>Pot\u00e8ncia de for\u00e7a bruta:<\/b><span style=\"font-weight: 400;\"> Deep Blue va ser una obra mestra de maquinari especialitzat, capa\u00e7 de calcular 200 milions de posicions per segon.<\/span><\/p><p>\u00a0<\/p><p><b>Una vict\u00f2ria simb\u00f2lica:<\/b><span style=\"font-weight: 400;\"> Aquest enfrontament va canviar la percepci\u00f3 mundial de la intel\u00b7lig\u00e8ncia artificial. Va demostrar que, tot i que la intu\u00efci\u00f3 humana \u00e9s profunda, la pura velocitat de c\u00e0lcul d'una m\u00e0quina podia superar la ment estrat\u00e8gica m\u00e9s gran de l'\u00e8poca.<\/span><\/p>\t\t\t\t\t\t\t\t<\/div>\n\t\t\t\t<\/div>\n\t\t\t\t<div class=\"elementor-element elementor-element-d1ad4e6 elementor-widget__width-initial elementor-widget elementor-widget-image\" data-id=\"d1ad4e6\" data-element_type=\"widget\" data-e-type=\"widget\" data-widget_type=\"image.default\">\n\t\t\t\t<div class=\"elementor-widget-container\">\n\t\t\t\t\t\t\t\t\t\t\t\t\t\t\t<img decoding=\"async\" width=\"800\" height=\"600\" src=\"https:\/\/shatranj.art\/wp-content\/uploads\/2026\/02\/19-1-1024x768.jpg\" class=\"attachment-large size-large wp-image-980\" alt=\"\" srcset=\"https:\/\/shatranj.art\/wp-content\/uploads\/2026\/02\/19-1-1024x768.jpg 1024w, https:\/\/shatranj.art\/wp-content\/uploads\/2026\/02\/19-1-300x225.jpg 300w, https:\/\/shatranj.art\/wp-content\/uploads\/2026\/02\/19-1-768x576.jpg 768w, https:\/\/shatranj.art\/wp-content\/uploads\/2026\/02\/19-1.jpg 1250w\" sizes=\"(max-width: 800px) 100vw, 800px\" \/>\t\t\t\t\t\t\t\t\t\t\t\t\t\t\t<\/div>\n\t\t\t\t<\/div>\n\t\t\t\t<div class=\"elementor-element elementor-element-e238e58 elementor-widget__width-initial elementor-widget elementor-widget-image\" data-id=\"e238e58\" data-element_type=\"widget\" data-e-type=\"widget\" data-widget_type=\"image.default\">\n\t\t\t\t<div class=\"elementor-widget-container\">\n\t\t\t\t\t\t\t\t\t\t\t\t\t\t\t<img decoding=\"async\" width=\"682\" height=\"1024\" src=\"https:\/\/shatranj.art\/wp-content\/uploads\/2026\/02\/19-2-682x1024.jpg\" class=\"attachment-large size-large wp-image-981\" alt=\"\" srcset=\"https:\/\/shatranj.art\/wp-content\/uploads\/2026\/02\/19-2-682x1024.jpg 682w, https:\/\/shatranj.art\/wp-content\/uploads\/2026\/02\/19-2-200x300.jpg 200w, https:\/\/shatranj.art\/wp-content\/uploads\/2026\/02\/19-2-768x1154.jpg 768w, https:\/\/shatranj.art\/wp-content\/uploads\/2026\/02\/19-2-1023x1536.jpg 1023w, https:\/\/shatranj.art\/wp-content\/uploads\/2026\/02\/19-2-1363x2048.jpg 1363w, https:\/\/shatranj.art\/wp-content\/uploads\/2026\/02\/19-2.jpg 1667w\" sizes=\"(max-width: 682px) 100vw, 682px\" \/>\t\t\t\t\t\t\t\t\t\t\t\t\t\t\t<\/div>\n\t\t\t\t<\/div>\n\t\t\t\t<div class=\"elementor-element elementor-element-a12f1b5 elementor-widget__width-inherit elementor-widget elementor-widget-text-editor\" data-id=\"a12f1b5\" data-element_type=\"widget\" data-e-type=\"widget\" data-widget_type=\"text-editor.default\">\n\t\t\t\t<div class=\"elementor-widget-container\">\n\t\t\t\t\t\t\t\t\t<h3><b>Stockfish: La democratitzaci\u00f3 de l'an\u00e0lisi dels grans mestres<\/b><\/h3><p>Peix de magatzem<span style=\"font-weight: 400;\"> \u00c9s l'enginy de xacra de codi obert m\u00e9s potent del m\u00f3n. A difer\u00e8ncia dels supercomputadors exclusius del passat, Stockfish \u00e9s gratu\u00eft i accessible per a tothom, des d'aficionats amateurs fins a grans mestres de classe mundial.<\/span><\/p><ul><li style=\"font-weight: 400;\" aria-level=\"1\"><b>L'est\u00e0ndard global:<\/b><span style=\"font-weight: 400;\"> Classificant-se constantment a la part superior de les taules de classificaci\u00f3 dels motors, Stockfish serveix com a eina definitiva per a l'an\u00e0lisi de jocs i el desenvolupament d'estrat\u00e8gies.<\/span><\/li><li style=\"font-weight: 400;\" aria-level=\"1\"><b>Evoluci\u00f3 neural:<\/b><span style=\"font-weight: 400;\"> Originalment basades en els algorismes cl\u00e0ssics de \u201crecerca i avaluaci\u00f3\u201d, les versions modernes de Stockfish ara utilitzen <\/span>NNUE (Xarxes neuronals actualitzables eficientment)<span style=\"font-weight: 400;\">. Aquesta fusi\u00f3 permet combinar velocitats de c\u00e0lcul massives amb una comprensi\u00f3 m\u00e9s profunda, gaireb\u00e9 humana, de posicions complexes, assolint una valoraci\u00f3 ELO molt per sobre <\/span>3500<span style=\"font-weight: 400;\">.<\/span><\/li><\/ul>\t\t\t\t\t\t\t\t<\/div>\n\t\t\t\t<\/div>\n\t\t\t\t<div class=\"elementor-element elementor-element-5ec8752 elementor-widget__width-initial elementor-widget elementor-widget-image\" data-id=\"5ec8752\" data-element_type=\"widget\" data-e-type=\"widget\" data-widget_type=\"image.default\">\n\t\t\t\t<div class=\"elementor-widget-container\">\n\t\t\t\t\t\t\t\t\t\t\t\t\t\t\t<img loading=\"lazy\" decoding=\"async\" width=\"800\" height=\"800\" src=\"https:\/\/shatranj.art\/wp-content\/uploads\/2026\/02\/19-1024x1024.png\" class=\"attachment-large size-large wp-image-982\" alt=\"\" srcset=\"https:\/\/shatranj.art\/wp-content\/uploads\/2026\/02\/19-1024x1024.png 1024w, https:\/\/shatranj.art\/wp-content\/uploads\/2026\/02\/19-300x300.png 300w, https:\/\/shatranj.art\/wp-content\/uploads\/2026\/02\/19-150x150.png 150w, https:\/\/shatranj.art\/wp-content\/uploads\/2026\/02\/19-768x768.png 768w, https:\/\/shatranj.art\/wp-content\/uploads\/2026\/02\/19.png 1056w\" sizes=\"(max-width: 800px) 100vw, 800px\" \/>\t\t\t\t\t\t\t\t\t\t\t\t\t\t\t<\/div>\n\t\t\t\t<\/div>\n\t\t\t\t<div class=\"elementor-element elementor-element-f657508 elementor-widget__width-initial elementor-widget-tablet__width-inherit elementor-widget elementor-widget-text-editor\" data-id=\"f657508\" data-element_type=\"widget\" data-e-type=\"widget\" data-widget_type=\"text-editor.default\">\n\t\t\t\t<div class=\"elementor-widget-container\">\n\t\t\t\t\t\t\t\t\t<h3><b>AlphaZero: L'era de la intu\u00efci\u00f3 i la creativitat de les m\u00e0quines<\/b><\/h3><p>Desenvolupat per DeepMind de Google, AlphaZero va revolucionar la manera com pensem sobre la intel\u00b7lig\u00e8ncia artificial. Mentre que els motors anteriors eren \u201censenyats\u201d per humans mitjan\u00e7ant regles programades, AlphaZero era un sistema d'aprenentatge autom\u00e0tic.<\/p><ul><li style=\"font-weight: 400;\" aria-level=\"1\"><b>Taula rasa (des de zero):<\/b><span style=\"font-weight: 400;\"> AlphaZero nom\u00e9s va rebre les regles b\u00e0siques dels escacs. Jugant milions de partides contra si mateix mitjan\u00e7ant l'aprenentatge per refor\u00e7, va assolir un nivell de mestria sobrenatural en nom\u00e9s quatre hores.<\/span><\/li><li style=\"font-weight: 400;\" aria-level=\"1\"><b>Una revoluci\u00f3 creativa:<\/b><span style=\"font-weight: 400;\"> AlphaZero no jugava com una t\u00edpica \u201ccalculadora\u201d. Introdu\u00efa un estil altament agressiu, creatiu i intu\u00eftiu, sovint sacrificant material per a una pressi\u00f3 posicional a llarg termini. Va demostrar que les m\u00e0quines no nom\u00e9s podien calcular m\u00e9s r\u00e0pid que els humans, sin\u00f3 que tamb\u00e9 podien \u201creinventar\u201d l'art i la creativitat del propi joc.<\/span><\/li><\/ul>\t\t\t\t\t\t\t\t<\/div>\n\t\t\t\t<\/div>\n\t\t\t\t<\/div>\n\t\t\t\t\t<\/div>\n\t\t\t\t<\/div>\n\t\t\t\t<\/div>","protected":false},"excerpt":{"rendered":"<p>Deep Blue vs. Kasparov: The Dawn of Machine Dominance \u00a0 In 1997, the world witnessed a historic turning point in the relationship between man and machine. Developed by IBM, the supercomputer Deep Blue defeated the reigning World Champion, Garry Kasparov, in a six-match series. This was the first time a computer had beaten a world [&hellip;]<\/p>\n","protected":false},"author":1,"featured_media":0,"parent":743,"menu_order":0,"comment_status":"closed","ping_status":"closed","template":"","meta":{"footnotes":""},"class_list":["post-976","page","type-page","status-publish","hentry"],"_links":{"self":[{"href":"https:\/\/shatranj.art\/ca\/wp-json\/wp\/v2\/pages\/976","targetHints":{"allow":["GET"]}}],"collection":[{"href":"https:\/\/shatranj.art\/ca\/wp-json\/wp\/v2\/pages"}],"about":[{"href":"https:\/\/shatranj.art\/ca\/wp-json\/wp\/v2\/types\/page"}],"author":[{"embeddable":true,"href":"https:\/\/shatranj.art\/ca\/wp-json\/wp\/v2\/users\/1"}],"replies":[{"embeddable":true,"href":"https:\/\/shatranj.art\/ca\/wp-json\/wp\/v2\/comments?post=976"}],"version-history":[{"count":7,"href":"https:\/\/shatranj.art\/ca\/wp-json\/wp\/v2\/pages\/976\/revisions"}],"predecessor-version":[{"id":1228,"href":"https:\/\/shatranj.art\/ca\/wp-json\/wp\/v2\/pages\/976\/revisions\/1228"}],"up":[{"embeddable":true,"href":"https:\/\/shatranj.art\/ca\/wp-json\/wp\/v2\/pages\/743"}],"wp:attachment":[{"href":"https:\/\/shatranj.art\/ca\/wp-json\/wp\/v2\/media?parent=976"}],"curies":[{"name":"wp","href":"https:\/\/api.w.org\/{rel}","templated":true}]}}