{"id":1008,"date":"2026-02-22T16:13:34","date_gmt":"2026-02-22T16:13:34","guid":{"rendered":"https:\/\/shatranj.art\/?page_id=1008"},"modified":"2026-02-23T09:15:34","modified_gmt":"2026-02-23T09:15:34","slug":"poster-23","status":"publish","type":"page","link":"https:\/\/shatranj.art\/cs\/exhibit\/poster-23\/","title":{"rendered":"plak\u00e1t 23"},"content":{"rendered":"<div data-elementor-type=\"wp-page\" data-elementor-id=\"1008\" class=\"elementor elementor-1008\" data-elementor-post-type=\"page\">\n\t\t\t\t<div class=\"elementor-element elementor-element-1bb02f3 e-flex e-con-boxed e-con e-parent\" data-id=\"1bb02f3\" data-element_type=\"container\" data-e-type=\"container\" data-settings=\"{&quot;background_background&quot;:&quot;classic&quot;}\">\n\t\t\t\t\t<div class=\"e-con-inner\">\n\t\t<div class=\"elementor-element elementor-element-646a123 e-con-full e-flex e-con e-child\" data-id=\"646a123\" data-element_type=\"container\" data-e-type=\"container\">\n\t\t\t\t<div class=\"elementor-element elementor-element-1a1e8a9 elementor-widget elementor-widget-image\" data-id=\"1a1e8a9\" data-element_type=\"widget\" data-e-type=\"widget\" data-widget_type=\"image.default\">\n\t\t\t\t<div class=\"elementor-widget-container\">\n\t\t\t\t\t\t\t\t\t\t\t\t\t\t\t<img fetchpriority=\"high\" decoding=\"async\" width=\"800\" height=\"531\" src=\"https:\/\/shatranj.art\/wp-content\/uploads\/2024\/05\/screenshot-www.vanityfair.com-1-1024x680.jpeg\" class=\"attachment-large size-large wp-image-579\" alt=\"\" srcset=\"https:\/\/shatranj.art\/wp-content\/uploads\/2024\/05\/screenshot-www.vanityfair.com-1-1024x680.jpeg 1024w, https:\/\/shatranj.art\/wp-content\/uploads\/2024\/05\/screenshot-www.vanityfair.com-1-300x199.jpeg 300w, https:\/\/shatranj.art\/wp-content\/uploads\/2024\/05\/screenshot-www.vanityfair.com-1-768x510.jpeg 768w, https:\/\/shatranj.art\/wp-content\/uploads\/2024\/05\/screenshot-www.vanityfair.com-1.jpeg 1461w\" sizes=\"(max-width: 800px) 100vw, 800px\" \/>\t\t\t\t\t\t\t\t\t\t\t\t\t\t\t<\/div>\n\t\t\t\t<\/div>\n\t\t\t\t<div class=\"elementor-element elementor-element-661a709 elementor-widget__width-initial elementor-widget elementor-widget-text-editor\" data-id=\"661a709\" data-element_type=\"widget\" data-e-type=\"widget\" data-widget_type=\"text-editor.default\">\n\t\t\t\t<div class=\"elementor-widget-container\">\n\t\t\t\t\t\t\t\t\t<div class=\"elementor-element elementor-element-3ba08bba elementor-widget__width-auto elementor-widget elementor-widget-text-editor\" data-id=\"3ba08bba\" data-element_type=\"widget\" data-widget_type=\"text-editor.default\"><div class=\"elementor-widget-container\"><p><b>Mistrovsk\u00e9 d\u00edlo \u0161achov\u00e9 historie: Loty\u0161sk\u00e1 sada \u265f\ufe0f<\/b><\/p><p>\u00a0<\/p><p><span style=\"font-weight: 400;\">Projd\u011bte si tyto \u010dty\u0159i obr\u00e1zky a prozkoumejte detaily ikonick\u00e9 loty\u0161sk\u00e9 \u0161achov\u00e9 soupravy (1900-2000). Tato sada, vyroben\u00e1 v Pobalt\u00ed ze sm\u011bsi d\u0159eva a plastu, je proslul\u00e1 sv\u00fdm vysoce funk\u010dn\u00edm a univerz\u00e1ln\u00edm designem, d\u00edky n\u011bmu\u017e se ve sv\u00e9 dob\u011b stala z\u00e1kladem ve v\u0161ech socialistick\u00fdch zem\u00edch.<\/span><\/p><p><span style=\"font-weight: 400;\"><br \/>Jeho elegantn\u00ed siluetu mo\u017en\u00e1 zn\u00e1te z nezapomenuteln\u00e9ho fin\u00e1le filmu <\/span><i><span style=\"font-weight: 400;\">Kr\u00e1lovnin gambit<\/span><\/i><span style=\"font-weight: 400;\">! Krom\u011b ned\u00e1vn\u00e9 popkulturn\u00ed sl\u00e1vy m\u00e1 v\u0161ak legend\u00e1rn\u00ed status i ve skute\u010dn\u00e9m \u0161achov\u00e9m sv\u011bt\u011b jako absolutn\u011b nejobl\u00edben\u011bj\u0161\u00ed sada \u201ckouzeln\u00edka z Rigy\u201d, loty\u0161sk\u00e9ho mistra sv\u011bta Michaila Tala.<\/span><span style=\"font-weight: 400;\"><br \/><\/span><\/p><\/div><\/div>\t\t\t\t\t\t\t\t<\/div>\n\t\t\t\t<\/div>\n\t\t<div class=\"elementor-element elementor-element-a0db0b7 e-con-full e-flex e-con e-child\" data-id=\"a0db0b7\" data-element_type=\"container\" data-e-type=\"container\">\n\t\t\t\t<div class=\"elementor-element elementor-element-a45be8a elementor-widget__width-initial elementor-widget elementor-widget-image\" data-id=\"a45be8a\" data-element_type=\"widget\" data-e-type=\"widget\" data-widget_type=\"image.default\">\n\t\t\t\t<div class=\"elementor-widget-container\">\n\t\t\t\t\t\t\t\t\t\t\t\t\t\t\t<img decoding=\"async\" width=\"500\" height=\"414\" src=\"https:\/\/shatranj.art\/wp-content\/uploads\/2026\/02\/tal-latvian-chess-set2-1.png\" class=\"attachment-large size-large wp-image-1270\" alt=\"\" srcset=\"https:\/\/shatranj.art\/wp-content\/uploads\/2026\/02\/tal-latvian-chess-set2-1.png 500w, https:\/\/shatranj.art\/wp-content\/uploads\/2026\/02\/tal-latvian-chess-set2-1-300x248.png 300w, https:\/\/shatranj.art\/wp-content\/uploads\/2026\/02\/tal-latvian-chess-set2-1-14x12.png 14w\" sizes=\"(max-width: 500px) 100vw, 500px\" \/>\t\t\t\t\t\t\t\t\t\t\t\t\t\t\t<\/div>\n\t\t\t\t<\/div>\n\t\t\t\t<div class=\"elementor-element elementor-element-85493a8 elementor-widget__width-initial elementor-widget elementor-widget-image\" data-id=\"85493a8\" data-element_type=\"widget\" data-e-type=\"widget\" data-widget_type=\"image.default\">\n\t\t\t\t<div class=\"elementor-widget-container\">\n\t\t\t\t\t\t\t\t\t\t\t\t\t\t\t<img decoding=\"async\" width=\"269\" height=\"320\" src=\"https:\/\/shatranj.art\/wp-content\/uploads\/2026\/02\/tal-latvian-chess-set-1.jpeg\" class=\"attachment-large size-large wp-image-1271\" alt=\"\" srcset=\"https:\/\/shatranj.art\/wp-content\/uploads\/2026\/02\/tal-latvian-chess-set-1.jpeg 269w, https:\/\/shatranj.art\/wp-content\/uploads\/2026\/02\/tal-latvian-chess-set-1-252x300.jpeg 252w, https:\/\/shatranj.art\/wp-content\/uploads\/2026\/02\/tal-latvian-chess-set-1-10x12.jpeg 10w\" sizes=\"(max-width: 269px) 100vw, 269px\" \/>\t\t\t\t\t\t\t\t\t\t\t\t\t\t\t<\/div>\n\t\t\t\t<\/div>\n\t\t\t\t<\/div>\n\t\t\t\t<div class=\"elementor-element elementor-element-e8465ed elementor-widget elementor-widget-image\" data-id=\"e8465ed\" data-element_type=\"widget\" data-e-type=\"widget\" data-widget_type=\"image.default\">\n\t\t\t\t<div class=\"elementor-widget-container\">\n\t\t\t\t\t\t\t\t\t\t\t\t\t\t\t<img loading=\"lazy\" decoding=\"async\" width=\"800\" height=\"431\" src=\"https:\/\/shatranj.art\/wp-content\/uploads\/2026\/02\/latvian-chess-set-1-1024x552.jpg\" class=\"attachment-large size-large wp-image-1273\" alt=\"\" srcset=\"https:\/\/shatranj.art\/wp-content\/uploads\/2026\/02\/latvian-chess-set-1-1024x552.jpg 1024w, https:\/\/shatranj.art\/wp-content\/uploads\/2026\/02\/latvian-chess-set-1-300x162.jpg 300w, https:\/\/shatranj.art\/wp-content\/uploads\/2026\/02\/latvian-chess-set-1-768x414.jpg 768w, https:\/\/shatranj.art\/wp-content\/uploads\/2026\/02\/latvian-chess-set-1-1536x828.jpg 1536w, https:\/\/shatranj.art\/wp-content\/uploads\/2026\/02\/latvian-chess-set-1-18x10.jpg 18w, https:\/\/shatranj.art\/wp-content\/uploads\/2026\/02\/latvian-chess-set-1.jpg 1588w\" sizes=\"(max-width: 800px) 100vw, 800px\" \/>\t\t\t\t\t\t\t\t\t\t\t\t\t\t\t<\/div>\n\t\t\t\t<\/div>\n\t\t\t\t<\/div>\n\t\t\t\t\t<\/div>\n\t\t\t\t<\/div>\n\t\t\t\t<\/div>","protected":false},"excerpt":{"rendered":"<p>A Masterpiece of Chess History: The Latvian Set \u265f\ufe0f \u00a0 Swipe through these four images to explore the details of the iconic Latvian Chess Set (1900-2000). Crafted from a blend of wood and plastic in the Baltic region, this set is celebrated for its highly functional, universal design that made it a staple across socialist [&hellip;]<\/p>\n","protected":false},"author":1,"featured_media":0,"parent":743,"menu_order":0,"comment_status":"closed","ping_status":"closed","template":"","meta":{"footnotes":""},"class_list":["post-1008","page","type-page","status-publish","hentry"],"_links":{"self":[{"href":"https:\/\/shatranj.art\/cs\/wp-json\/wp\/v2\/pages\/1008","targetHints":{"allow":["GET"]}}],"collection":[{"href":"https:\/\/shatranj.art\/cs\/wp-json\/wp\/v2\/pages"}],"about":[{"href":"https:\/\/shatranj.art\/cs\/wp-json\/wp\/v2\/types\/page"}],"author":[{"embeddable":true,"href":"https:\/\/shatranj.art\/cs\/wp-json\/wp\/v2\/users\/1"}],"replies":[{"embeddable":true,"href":"https:\/\/shatranj.art\/cs\/wp-json\/wp\/v2\/comments?post=1008"}],"version-history":[{"count":16,"href":"https:\/\/shatranj.art\/cs\/wp-json\/wp\/v2\/pages\/1008\/revisions"}],"predecessor-version":[{"id":1380,"href":"https:\/\/shatranj.art\/cs\/wp-json\/wp\/v2\/pages\/1008\/revisions\/1380"}],"up":[{"embeddable":true,"href":"https:\/\/shatranj.art\/cs\/wp-json\/wp\/v2\/pages\/743"}],"wp:attachment":[{"href":"https:\/\/shatranj.art\/cs\/wp-json\/wp\/v2\/media?parent=1008"}],"curies":[{"name":"wp","href":"https:\/\/api.w.org\/{rel}","templated":true}]}}