{"id":1021,"date":"2026-02-22T16:28:38","date_gmt":"2026-02-22T16:28:38","guid":{"rendered":"https:\/\/shatranj.art\/?page_id=1021"},"modified":"2026-02-23T05:16:08","modified_gmt":"2026-02-23T05:16:08","slug":"poster-25","status":"publish","type":"page","link":"https:\/\/shatranj.art\/cs\/exhibit\/poster-25\/","title":{"rendered":"plak\u00e1t 25"},"content":{"rendered":"<div data-elementor-type=\"wp-page\" data-elementor-id=\"1021\" class=\"elementor elementor-1021\" data-elementor-post-type=\"page\">\n\t\t\t\t<div class=\"elementor-element elementor-element-3d217f0 e-flex e-con-boxed e-con e-parent\" data-id=\"3d217f0\" data-element_type=\"container\" data-e-type=\"container\" data-settings=\"{&quot;background_background&quot;:&quot;classic&quot;}\">\n\t\t\t\t\t<div class=\"e-con-inner\">\n\t\t<div class=\"elementor-element elementor-element-a3a2689 e-con-full e-flex e-con e-child\" data-id=\"a3a2689\" data-element_type=\"container\" data-e-type=\"container\">\n\t\t\t\t<div class=\"elementor-element elementor-element-fa1aaae elementor-widget__width-initial elementor-widget elementor-widget-image\" data-id=\"fa1aaae\" data-element_type=\"widget\" data-e-type=\"widget\" data-widget_type=\"image.default\">\n\t\t\t\t<div class=\"elementor-widget-container\">\n\t\t\t\t\t\t\t\t\t\t\t\t\t\t\t<img fetchpriority=\"high\" decoding=\"async\" width=\"800\" height=\"463\" src=\"https:\/\/shatranj.art\/wp-content\/uploads\/2026\/02\/25-1024x592.jpg\" class=\"attachment-large size-large wp-image-1023\" alt=\"\" srcset=\"https:\/\/shatranj.art\/wp-content\/uploads\/2026\/02\/25-1024x592.jpg 1024w, https:\/\/shatranj.art\/wp-content\/uploads\/2026\/02\/25-300x173.jpg 300w, https:\/\/shatranj.art\/wp-content\/uploads\/2026\/02\/25-768x444.jpg 768w, https:\/\/shatranj.art\/wp-content\/uploads\/2026\/02\/25-1536x887.jpg 1536w, https:\/\/shatranj.art\/wp-content\/uploads\/2026\/02\/25-2048x1183.jpg 2048w\" sizes=\"(max-width: 800px) 100vw, 800px\" \/>\t\t\t\t\t\t\t\t\t\t\t\t\t\t\t<\/div>\n\t\t\t\t<\/div>\n\t\t\t\t<div class=\"elementor-element elementor-element-cbddf52 elementor-widget__width-initial elementor-widget elementor-widget-text-editor\" data-id=\"cbddf52\" data-element_type=\"widget\" data-e-type=\"widget\" data-widget_type=\"text-editor.default\">\n\t\t\t\t<div class=\"elementor-widget-container\">\n\t\t\t\t\t\t\t\t\t<p><strong>\u015eAH\u00ce Bucephalus: <\/strong><strong>D\u011bdictv\u00ed strategie a kultury<\/strong><\/p><p>Tato postava nese odkaz Philippa Stammy, p\u0159ekladatele z Aleppa, kter\u00fd proslul sv\u00fdm d\u00edlem Essai sur le jeu des echecs, vydan\u00fdm v Pa\u0159\u00ed\u017ei v roce 1737. Design ryt\u00ed\u0159e s francouzsk\u00fdmi kade\u0159emi v h\u0159\u00edv\u011b p\u0159edstavuje plynulou synt\u00e9zu racion\u00e1ln\u00edho my\u0161len\u00ed osv\u00edcenstv\u00ed a starov\u011bk\u00e9 strategick\u00e9 hloubky V\u00fdchodu. Formy uvnit\u0159 d\u00edla vytv\u00e1\u0159ej\u00ed kulturn\u00ed most, spojuj\u00edc\u00ed taktickou genialitu \u201cStamma Mate\u201d, kterou Stamma p\u0159ivezl z Aleppa do Evropy, s vojenskou silou makedonsk\u00e9ho kon\u011b Bucefala.<\/p>\t\t\t\t\t\t\t\t<\/div>\n\t\t\t\t<\/div>\n\t\t\t\t<div class=\"elementor-element elementor-element-f641ab0 elementor-widget__width-initial elementor-widget elementor-widget-text-editor\" data-id=\"f641ab0\" data-element_type=\"widget\" data-e-type=\"widget\" data-widget_type=\"text-editor.default\">\n\t\t\t\t<div class=\"elementor-widget-container\">\n\t\t\t\t\t\t\t\t\t<p><b>1950 Dubrovn\u00edk a Staunton: <\/b><b style=\"font-family: -apple-system, BlinkMacSystemFont, 'Segoe UI', Roboto, 'Helvetica Neue', Arial, 'Noto Sans', sans-serif, 'Apple Color Emoji', 'Segoe UI Emoji', 'Segoe UI Symbol', 'Noto Color Emoji';\">Identita a tradi\u010dn\u00ed hranice v designu<\/b><\/p><p>\u00a0<\/p><p>Tento vizu\u00e1l stav\u00ed do kontrastu dv\u011b odli\u0161n\u00e9 filozofie designu ve sv\u011bt\u011b \u0161achu. Dubrovnick\u00fd jezdec z roku 1950 je figura pln\u00e1 charakteru, kterou Bobby Fischer ozna\u010dil za \u201cnejlep\u0161\u00ed \u0161achov\u00fd design, jak\u00fd byl kdy vytvo\u0159en\u201d a kter\u00e1 vynik\u00e1 sv\u00fdmi ostr\u00fdmi a plastick\u00fdmi liniemi. Dynamika jeho designu odr\u00e1\u017e\u00ed strategick\u00e9ho ducha \u0161achu prost\u0159ednictv\u00edm jedine\u010dn\u00e9ho v\u00fdtvarn\u00e9ho jazyka.<\/p><p>\u00a0<\/p><p>Naproti tomu design Staunton vznikl v polovin\u011b 19. stolet\u00ed p\u0159edev\u0161\u00edm proto, aby zjednodu\u0161il masovou v\u00fdrobu a zajistil jednotnost na z\u00e1klad\u011b tradi\u010dn\u00edch z\u00e1padn\u00edch forem. Proto\u017ee obsahuje n\u00e1bo\u017eensk\u00e9 symboly, jako je biskupsk\u00e1 mitra a k\u0159\u00ed\u017e, postr\u00e1d\u00e1 sada Staunton sv\u011btskou a inkluzivn\u00ed identitu; m\u00edsto toho z\u016fst\u00e1v\u00e1 uzav\u0159ena v hranic\u00edch specifick\u00e9 tradi\u010dn\u00ed struktury. Rozd\u00edl mezi t\u011bmito dv\u011bma siluetami zd\u016fraz\u0148uje rozd\u00edl mezi hled\u00e1n\u00edm jedine\u010dn\u00e9ho charakteru \u0161achu a standardizovan\u00fdm, tradi\u010dn\u00edm form\u00e1tem.<\/p>\t\t\t\t\t\t\t\t<\/div>\n\t\t\t\t<\/div>\n\t\t\t\t<div class=\"elementor-element elementor-element-9b94e22 elementor-widget__width-initial elementor-widget elementor-widget-image\" data-id=\"9b94e22\" data-element_type=\"widget\" data-e-type=\"widget\" data-widget_type=\"image.default\">\n\t\t\t\t<div class=\"elementor-widget-container\">\n\t\t\t\t\t\t\t\t\t\t\t\t\t\t\t<img decoding=\"async\" width=\"800\" height=\"641\" src=\"https:\/\/shatranj.art\/wp-content\/uploads\/2026\/02\/25-1-1024x820.jpg\" class=\"attachment-large size-large wp-image-1024\" alt=\"\" srcset=\"https:\/\/shatranj.art\/wp-content\/uploads\/2026\/02\/25-1-1024x820.jpg 1024w, https:\/\/shatranj.art\/wp-content\/uploads\/2026\/02\/25-1-300x240.jpg 300w, https:\/\/shatranj.art\/wp-content\/uploads\/2026\/02\/25-1-768x615.jpg 768w, https:\/\/shatranj.art\/wp-content\/uploads\/2026\/02\/25-1.jpg 1481w\" sizes=\"(max-width: 800px) 100vw, 800px\" \/>\t\t\t\t\t\t\t\t\t\t\t\t\t\t\t<\/div>\n\t\t\t\t<\/div>\n\t\t\t\t<div class=\"elementor-element elementor-element-7a3f622 elementor-widget__width-initial elementor-widget-tablet__width-inherit elementor-widget elementor-widget-image\" data-id=\"7a3f622\" data-element_type=\"widget\" data-e-type=\"widget\" data-widget_type=\"image.default\">\n\t\t\t\t<div class=\"elementor-widget-container\">\n\t\t\t\t\t\t\t\t\t\t\t\t\t\t\t<img decoding=\"async\" width=\"767\" height=\"1024\" src=\"https:\/\/shatranj.art\/wp-content\/uploads\/2026\/02\/25-2-767x1024.jpg\" class=\"attachment-large size-large wp-image-1025\" alt=\"\" srcset=\"https:\/\/shatranj.art\/wp-content\/uploads\/2026\/02\/25-2-767x1024.jpg 767w, https:\/\/shatranj.art\/wp-content\/uploads\/2026\/02\/25-2-225x300.jpg 225w, https:\/\/shatranj.art\/wp-content\/uploads\/2026\/02\/25-2-768x1025.jpg 768w, https:\/\/shatranj.art\/wp-content\/uploads\/2026\/02\/25-2-1151x1536.jpg 1151w, https:\/\/shatranj.art\/wp-content\/uploads\/2026\/02\/25-2.jpg 1499w\" sizes=\"(max-width: 767px) 100vw, 767px\" \/>\t\t\t\t\t\t\t\t\t\t\t\t\t\t\t<\/div>\n\t\t\t\t<\/div>\n\t\t\t\t<div class=\"elementor-element elementor-element-7e9c0df elementor-widget__width-initial elementor-widget elementor-widget-text-editor\" data-id=\"7e9c0df\" data-element_type=\"widget\" data-e-type=\"widget\" data-widget_type=\"text-editor.default\">\n\t\t\t\t<div class=\"elementor-widget-container\">\n\t\t\t\t\t\t\t\t\t<p><b>Ryt\u00ed\u0159 Lewis: Lewis\u016fv ryt\u00ed\u0159: seversk\u00fd odkaz st\u0159edov\u011bku<\/b><\/p><p>Tato figurka, kter\u00e1 je mistrovsk\u00fdm d\u00edlem skandin\u00e1vsk\u00e9ho \u0159emesla 12. stolet\u00ed, je sou\u010d\u00e1st\u00ed sv\u011btozn\u00e1m\u00e9 sb\u00edrky \u0161achov\u00fdch figurek Lewis, objeven\u00e9 na skotsk\u00e9m ostrov\u011b Lewis v roce 1831. Figurka, pe\u010dliv\u011b vy\u0159ezan\u00e1 z mro\u017e\u00ed slonoviny, dokumentuje estetick\u00fd v\u00fdvoj \u0161ach\u016f, kter\u00e9 se roz\u0161\u00ed\u0159ily po Evrop\u011b. Vyobrazen\u00ed jezdeck\u00e9ho bojovn\u00edka symbolizuje hlubok\u00e9 spojen\u00ed mezi touto hrou a \u0161lechtou a vojenskou hierarchi\u00ed st\u0159edov\u011bk\u00e9 spole\u010dnosti. Tato ikonick\u00e1 silueta z\u016fst\u00e1v\u00e1 mimo\u0159\u00e1dn\u00fdm sv\u011bdectv\u00edm um\u011bleck\u00e9 dovednosti t\u00e9 doby a trval\u00e9ho statusu hry jako um\u011bleck\u00e9ho d\u00edla.<\/p>\t\t\t\t\t\t\t\t<\/div>\n\t\t\t\t<\/div>\n\t\t\t\t<div class=\"elementor-element elementor-element-765b6b1 elementor-widget__width-initial elementor-widget elementor-widget-text-editor\" data-id=\"765b6b1\" data-element_type=\"widget\" data-e-type=\"widget\" data-widget_type=\"text-editor.default\">\n\t\t\t\t<div class=\"elementor-widget-container\">\n\t\t\t\t\t\t\t\t\t<p><b>Ryt\u00ed\u0159sk\u00e9 turn\u00e9: Geometrick\u00e1 h\u00e1danka intelektu<\/b><\/p><p>Turn\u00e9 jezdce je zalo\u017eeno na principu, \u017ee jezdec nav\u0161t\u00edv\u00ed ka\u017ed\u00e9 pol\u00ed\u010dko na \u0161achovnici p\u0159esn\u011b jednou. Od Al-Adliho v Bagd\u00e1du 9. stolet\u00ed a\u017e po Leonharda Eulera v osv\u00edcensk\u00e9 Evrop\u011b 18. stolet\u00ed fascinoval tento probl\u00e9m g\u00e9nie jako dokonal\u00e1 harmonie matematiky a strategie. Zde vyobrazen\u00e9 \u0159e\u0161en\u00ed ukazuje, jak skoky jezdce vytv\u00e1\u0159ej\u00ed slo\u017eitou a fascinuj\u00edc\u00ed symetrii, kter\u00e1 odhaluje \u201cgeometrickou poezii\u201d a univerz\u00e1ln\u00ed logiku \u0161achu.<\/p>\t\t\t\t\t\t\t\t<\/div>\n\t\t\t\t<\/div>\n\t\t\t\t<div class=\"elementor-element elementor-element-e34bfdc elementor-widget__width-initial elementor-widget-tablet__width-inherit elementor-widget elementor-widget-image\" data-id=\"e34bfdc\" data-element_type=\"widget\" data-e-type=\"widget\" data-widget_type=\"image.default\">\n\t\t\t\t<div class=\"elementor-widget-container\">\n\t\t\t\t\t\t\t\t\t\t\t\t\t\t\t<img loading=\"lazy\" decoding=\"async\" width=\"800\" height=\"800\" src=\"https:\/\/shatranj.art\/wp-content\/uploads\/2026\/02\/25-3-1024x1024.jpg\" class=\"attachment-large size-large wp-image-1026\" alt=\"\" srcset=\"https:\/\/shatranj.art\/wp-content\/uploads\/2026\/02\/25-3-1024x1024.jpg 1024w, https:\/\/shatranj.art\/wp-content\/uploads\/2026\/02\/25-3-300x300.jpg 300w, https:\/\/shatranj.art\/wp-content\/uploads\/2026\/02\/25-3-150x150.jpg 150w, https:\/\/shatranj.art\/wp-content\/uploads\/2026\/02\/25-3-768x768.jpg 768w, https:\/\/shatranj.art\/wp-content\/uploads\/2026\/02\/25-3.jpg 1486w\" sizes=\"(max-width: 800px) 100vw, 800px\" \/>\t\t\t\t\t\t\t\t\t\t\t\t\t\t\t<\/div>\n\t\t\t\t<\/div>\n\t\t\t\t<div class=\"elementor-element elementor-element-f59bb1a elementor-widget__width-initial elementor-widget elementor-widget-image\" data-id=\"f59bb1a\" data-element_type=\"widget\" data-e-type=\"widget\" data-widget_type=\"image.default\">\n\t\t\t\t<div class=\"elementor-widget-container\">\n\t\t\t\t\t\t\t\t\t\t\t\t\t\t\t<img loading=\"lazy\" decoding=\"async\" width=\"800\" height=\"537\" src=\"https:\/\/shatranj.art\/wp-content\/uploads\/2026\/02\/25-4-1024x687.jpg\" class=\"attachment-large size-large wp-image-1027\" alt=\"\" srcset=\"https:\/\/shatranj.art\/wp-content\/uploads\/2026\/02\/25-4-1024x687.jpg 1024w, https:\/\/shatranj.art\/wp-content\/uploads\/2026\/02\/25-4-300x201.jpg 300w, https:\/\/shatranj.art\/wp-content\/uploads\/2026\/02\/25-4-768x515.jpg 768w, https:\/\/shatranj.art\/wp-content\/uploads\/2026\/02\/25-4.jpg 1107w\" sizes=\"(max-width: 800px) 100vw, 800px\" \/>\t\t\t\t\t\t\t\t\t\t\t\t\t\t\t<\/div>\n\t\t\t\t<\/div>\n\t\t\t\t<div class=\"elementor-element elementor-element-88ba55c elementor-widget__width-initial elementor-widget elementor-widget-text-editor\" data-id=\"88ba55c\" data-element_type=\"widget\" data-e-type=\"widget\" data-widget_type=\"text-editor.default\">\n\t\t\t\t<div class=\"elementor-widget-container\">\n\t\t\t\t\t\t\t\t\t<p><b>Legend\u00e1rn\u00ed Bucephalus:\u00a0 <\/b><b>Symbol v\u00edt\u011bzstv\u00ed a v\u011brnosti<\/b><\/p><p>\u00a0<\/p><p>Tato mozaika zobrazuje Bucefala, makedonsk\u00e9ho kon\u011b a nejbli\u017e\u0161\u00edho spole\u010dn\u00edka Alexandra Velik\u00e9ho. Bucephalus, kter\u00fd st\u00e1l po Alexandrov\u011b boku b\u011bhem jeho ta\u017een\u00ed, zem\u0159el na \u00fazem\u00ed dne\u0161n\u00edho P\u00e1kist\u00e1nu, tedy v oblasti, kde se poprv\u00e9 objevily historick\u00e9 ko\u0159eny \u0161achu. Krom\u011b toho, \u017ee tato ikonick\u00e1 postava p\u0159edstavuje jedno z nejtrvalej\u0161\u00edch pout mezi \u010dlov\u011bkem a zv\u00ed\u0159etem v d\u011bjin\u00e1ch, je tak\u00e9 symbolem kulturn\u00edho pr\u016fse\u010d\u00edku mezi V\u00fdchodem a Z\u00e1padem, jeho\u017e cesta sah\u00e1 od Makedonie a\u017e po \u00fadol\u00ed Indu. Tento p\u0159\u00edb\u011bh, v n\u011bm\u017e se snoub\u00ed vojensk\u00e1 zdatnost s nezlomnou v\u011brnost\u00ed, uchov\u00e1v\u00e1 vzpom\u00ednku na epickou cestu, kter\u00e1 dosp\u011bla ke sv\u00e9mu konci v kol\u00e9bce \u0161achu.<\/p>\t\t\t\t\t\t\t\t<\/div>\n\t\t\t\t<\/div>\n\t\t\t\t<\/div>\n\t\t\t\t\t<\/div>\n\t\t\t\t<\/div>\n\t\t\t\t<\/div>","protected":false},"excerpt":{"rendered":"<p>\u015eAH\u00ce Bucephalus: A Legacy of Strategy and Culture This figure carries the legacy of Philipp Stamma, the translator from Aleppo renowned for his work Essai sur le jeu des echecs, published in Paris in 1737. The design of the knight, featuring French curls in its mane, represents the seamless synthesis between the rational mindset of [&hellip;]<\/p>\n","protected":false},"author":1,"featured_media":0,"parent":743,"menu_order":0,"comment_status":"closed","ping_status":"closed","template":"","meta":{"footnotes":""},"class_list":["post-1021","page","type-page","status-publish","hentry"],"_links":{"self":[{"href":"https:\/\/shatranj.art\/cs\/wp-json\/wp\/v2\/pages\/1021","targetHints":{"allow":["GET"]}}],"collection":[{"href":"https:\/\/shatranj.art\/cs\/wp-json\/wp\/v2\/pages"}],"about":[{"href":"https:\/\/shatranj.art\/cs\/wp-json\/wp\/v2\/types\/page"}],"author":[{"embeddable":true,"href":"https:\/\/shatranj.art\/cs\/wp-json\/wp\/v2\/users\/1"}],"replies":[{"embeddable":true,"href":"https:\/\/shatranj.art\/cs\/wp-json\/wp\/v2\/comments?post=1021"}],"version-history":[{"count":7,"href":"https:\/\/shatranj.art\/cs\/wp-json\/wp\/v2\/pages\/1021\/revisions"}],"predecessor-version":[{"id":1243,"href":"https:\/\/shatranj.art\/cs\/wp-json\/wp\/v2\/pages\/1021\/revisions\/1243"}],"up":[{"embeddable":true,"href":"https:\/\/shatranj.art\/cs\/wp-json\/wp\/v2\/pages\/743"}],"wp:attachment":[{"href":"https:\/\/shatranj.art\/cs\/wp-json\/wp\/v2\/media?parent=1021"}],"curies":[{"name":"wp","href":"https:\/\/api.w.org\/{rel}","templated":true}]}}