{"id":1032,"date":"2026-02-22T17:38:33","date_gmt":"2026-02-22T17:38:33","guid":{"rendered":"https:\/\/shatranj.art\/?page_id=1032"},"modified":"2026-02-24T09:08:36","modified_gmt":"2026-02-24T09:08:36","slug":"poster-26","status":"publish","type":"page","link":"https:\/\/shatranj.art\/cs\/exhibit\/poster-26\/","title":{"rendered":"plak\u00e1t 26"},"content":{"rendered":"<div data-elementor-type=\"wp-page\" data-elementor-id=\"1032\" class=\"elementor elementor-1032\" data-elementor-post-type=\"page\">\n\t\t\t\t<div class=\"elementor-element elementor-element-7573e53 e-flex e-con-boxed e-con e-parent\" data-id=\"7573e53\" data-element_type=\"container\" data-e-type=\"container\" data-settings=\"{&quot;background_background&quot;:&quot;classic&quot;}\">\n\t\t\t\t\t<div class=\"e-con-inner\">\n\t\t<div class=\"elementor-element elementor-element-bc8e8e5 e-con-full e-flex e-con e-child\" data-id=\"bc8e8e5\" data-element_type=\"container\" data-e-type=\"container\">\n\t\t\t\t<div class=\"elementor-element elementor-element-8e1f086 elementor-widget__width-initial elementor-widget elementor-widget-image\" data-id=\"8e1f086\" data-element_type=\"widget\" data-e-type=\"widget\" data-widget_type=\"image.default\">\n\t\t\t\t<div class=\"elementor-widget-container\">\n\t\t\t\t\t\t\t\t\t\t\t\t\t\t\t<img fetchpriority=\"high\" decoding=\"async\" width=\"683\" height=\"1024\" src=\"https:\/\/shatranj.art\/wp-content\/uploads\/2026\/02\/26-683x1024.jpg\" class=\"attachment-large size-large wp-image-1035\" alt=\"\" srcset=\"https:\/\/shatranj.art\/wp-content\/uploads\/2026\/02\/26-683x1024.jpg 683w, https:\/\/shatranj.art\/wp-content\/uploads\/2026\/02\/26-200x300.jpg 200w, https:\/\/shatranj.art\/wp-content\/uploads\/2026\/02\/26-768x1152.jpg 768w, https:\/\/shatranj.art\/wp-content\/uploads\/2026\/02\/26.jpg 970w\" sizes=\"(max-width: 683px) 100vw, 683px\" \/>\t\t\t\t\t\t\t\t\t\t\t\t\t\t\t<\/div>\n\t\t\t\t<\/div>\n\t\t\t\t<div class=\"elementor-element elementor-element-e5968dd elementor-widget__width-initial elementor-widget elementor-widget-text-editor\" data-id=\"e5968dd\" data-element_type=\"widget\" data-e-type=\"widget\" data-widget_type=\"text-editor.default\">\n\t\t\t\t<div class=\"elementor-widget-container\">\n\t\t\t\t\t\t\t\t\t<p><b>\u015eAH\u00ce <\/b><b>Abul-Abbas: Slon\u00ed cesta nap\u0159\u00ed\u010d t\u0159emi kontinenty<\/b><\/p><p>\u00a0<\/p><p>Tato postava je pojmenov\u00e1na podle legend\u00e1rn\u00edho b\u00edl\u00e9ho slona Abul-Abbase, kter\u00e9ho abb\u00e1sovsk\u00fd chal\u00edfa Har\u00fan al-Ra\u0161\u00edd daroval v 9. stolet\u00ed c\u00edsa\u0159i Svat\u00e9 \u0159\u00ed\u0161e \u0159\u00edmsk\u00e9 Karlu Velik\u00e9mu. Tato historick\u00e1 cesta symbolizuje migraci \u0161ach\u016f z Indie a Bl\u00edzk\u00e9ho v\u00fdchodu do Evropy a p\u0159edstavuje jednu z prvn\u00edch v\u00fdznamn\u00fdch kulturn\u00edch v\u00fdm\u011bn v d\u011bjin\u00e1ch. Tento design, kter\u00fd zt\u011bles\u0148uje v\u00fdvoj figurky zn\u00e1m\u00e9 v modern\u00edch \u0161ach\u00e1ch jako neomezen\u00fd diagon\u00e1ln\u00ed tah, nab\u00edz\u00ed plynulou synt\u00e9zu V\u00fdchodu a Z\u00e1padu a spojuje starobylou v\u00fdchodn\u00ed ikonografii se z\u00e1padn\u00edm strategick\u00fdm d\u011bdictv\u00edm. Kdysi figurka omezen\u00e1 na skok o dv\u011b pole po diagon\u00e1le je zde nov\u011b pojata tak, aby ctila sv\u00e9 historick\u00e9 ko\u0159eny a z\u00e1rove\u0148 p\u0159ijala svou modern\u00ed roli na \u0161achovnici.<\/p><p>\u00a0<\/p><p>V historii \u0161achu se tato figura jmenovala slon, krokod\u00fdl, \u017eelva, velbloud, prapore\u010dn\u00edk, kur\u00fdr, d\u016fstojn\u00edk, kopin\u00edk, b\u011b\u017eec, lovec, lu\u010di\u0161tn\u00edk, \u0161a\u0161ek, diagon\u00e1ln\u00ed jezdec a biskup. V modern\u00edch \u0161ach\u00e1ch m\u00e1 obvykle tvar biskupsk\u00e9 mitry.<\/p>\t\t\t\t\t\t\t\t<\/div>\n\t\t\t\t<\/div>\n\t\t\t\t<div class=\"elementor-element elementor-element-0eee556 elementor-widget__width-initial elementor-widget elementor-widget-image\" data-id=\"0eee556\" data-element_type=\"widget\" data-e-type=\"widget\" data-widget_type=\"image.default\">\n\t\t\t\t<div class=\"elementor-widget-container\">\n\t\t\t\t\t\t\t\t\t\t\t\t\t\t\t<img decoding=\"async\" width=\"707\" height=\"1024\" src=\"https:\/\/shatranj.art\/wp-content\/uploads\/2026\/02\/26-1-707x1024.jpg\" class=\"attachment-large size-large wp-image-1036\" alt=\"\" srcset=\"https:\/\/shatranj.art\/wp-content\/uploads\/2026\/02\/26-1-707x1024.jpg 707w, https:\/\/shatranj.art\/wp-content\/uploads\/2026\/02\/26-1-207x300.jpg 207w, https:\/\/shatranj.art\/wp-content\/uploads\/2026\/02\/26-1-768x1112.jpg 768w, https:\/\/shatranj.art\/wp-content\/uploads\/2026\/02\/26-1.jpg 990w\" sizes=\"(max-width: 707px) 100vw, 707px\" \/>\t\t\t\t\t\t\t\t\t\t\t\t\t\t\t<\/div>\n\t\t\t\t<\/div>\n\t\t\t\t<\/div>\n\t\t<div class=\"elementor-element elementor-element-8d4ae5d e-con-full e-flex e-con e-child\" data-id=\"8d4ae5d\" data-element_type=\"container\" data-e-type=\"container\">\n\t\t\t\t<div class=\"elementor-element elementor-element-68b6ede elementor-widget__width-initial elementor-widget elementor-widget-image\" data-id=\"68b6ede\" data-element_type=\"widget\" data-e-type=\"widget\" data-widget_type=\"image.default\">\n\t\t\t\t<div class=\"elementor-widget-container\">\n\t\t\t\t\t\t\t\t\t\t\t\t\t\t\t<img decoding=\"async\" width=\"739\" height=\"1024\" src=\"https:\/\/shatranj.art\/wp-content\/uploads\/2026\/02\/26-2-739x1024.jpg\" class=\"attachment-large size-large wp-image-1037\" alt=\"\" srcset=\"https:\/\/shatranj.art\/wp-content\/uploads\/2026\/02\/26-2-739x1024.jpg 739w, https:\/\/shatranj.art\/wp-content\/uploads\/2026\/02\/26-2-216x300.jpg 216w, https:\/\/shatranj.art\/wp-content\/uploads\/2026\/02\/26-2-768x1065.jpg 768w, https:\/\/shatranj.art\/wp-content\/uploads\/2026\/02\/26-2.jpg 976w\" sizes=\"(max-width: 739px) 100vw, 739px\" \/>\t\t\t\t\t\t\t\t\t\t\t\t\t\t\t<\/div>\n\t\t\t\t<\/div>\n\t\t\t\t<div class=\"elementor-element elementor-element-f6ee51c elementor-widget__width-initial elementor-widget elementor-widget-text-editor\" data-id=\"f6ee51c\" data-element_type=\"widget\" data-e-type=\"widget\" data-widget_type=\"text-editor.default\">\n\t\t\t\t<div class=\"elementor-widget-container\">\n\t\t\t\t\t\t\t\t\t<p><b>Slon Karla Velik\u00e9ho: Slon\u00ed slon: majest\u00e1tn\u00ed st\u0159edov\u011bk\u00e9 d\u011bdictv\u00ed<\/b><\/p><p>\u00a0<\/p><p><span style=\"font-weight: 400;\">Tato proslul\u00e1 kolekce, jej\u00ed\u017e vznik se datuje do 11. stolet\u00ed a o n\u00ed\u017e se p\u0159edpokl\u00e1d\u00e1, \u017ee poch\u00e1z\u00ed z ji\u017en\u00ed It\u00e1lie nebo \u0160pan\u011blska, p\u0159edstavuje vrchol \u0159emesln\u00e9ho zpracov\u00e1n\u00ed slonoviny. Tato figurka slona, kter\u00e1 je sou\u010d\u00e1st\u00ed slavn\u00fdch \u201c\u0161achov\u00fdch figurek Karla Velik\u00e9ho\u201d, vynik\u00e1 slo\u017eit\u00fdmi \u0159ezbami, kter\u00e9 odr\u00e1\u017eej\u00ed aristokratick\u00fd od\u011bv a symbolick\u00e9 prvky dan\u00e9 doby. Tato figurka, kter\u00e1 dokumentuje estetickou prom\u011bnu \u0161ach\u016f p\u0159i jejich migraci z isl\u00e1msk\u00e9ho sv\u011bta na evropsk\u00e9 dvory, dokazuje, \u017ee tato hra byla nejen n\u00e1strojem strategie, ale tak\u00e9 mocn\u00fdm symbolem diplomatick\u00e9 a kulturn\u00ed moci.<\/span><\/p>\t\t\t\t\t\t\t\t<\/div>\n\t\t\t\t<\/div>\n\t\t\t\t<div class=\"elementor-element elementor-element-40a994a elementor-widget__width-initial elementor-widget elementor-widget-image\" data-id=\"40a994a\" data-element_type=\"widget\" data-e-type=\"widget\" data-widget_type=\"image.default\">\n\t\t\t\t<div class=\"elementor-widget-container\">\n\t\t\t\t\t\t\t\t\t\t\t\t\t\t\t<img loading=\"lazy\" decoding=\"async\" width=\"800\" height=\"1010\" src=\"https:\/\/shatranj.art\/wp-content\/uploads\/2026\/02\/26-3-811x1024.jpg\" class=\"attachment-large size-large wp-image-1038\" alt=\"\" srcset=\"https:\/\/shatranj.art\/wp-content\/uploads\/2026\/02\/26-3-811x1024.jpg 811w, https:\/\/shatranj.art\/wp-content\/uploads\/2026\/02\/26-3-238x300.jpg 238w, https:\/\/shatranj.art\/wp-content\/uploads\/2026\/02\/26-3-768x970.jpg 768w, https:\/\/shatranj.art\/wp-content\/uploads\/2026\/02\/26-3.jpg 1024w\" sizes=\"(max-width: 800px) 100vw, 800px\" \/>\t\t\t\t\t\t\t\t\t\t\t\t\t\t\t<\/div>\n\t\t\t\t<\/div>\n\t\t\t\t<\/div>\n\t\t<div class=\"elementor-element elementor-element-0f85a0b e-con-full e-flex e-con e-child\" data-id=\"0f85a0b\" data-element_type=\"container\" data-e-type=\"container\">\n\t\t<div class=\"elementor-element elementor-element-0dc5372 e-con-full e-flex e-con e-child\" data-id=\"0dc5372\" data-element_type=\"container\" data-e-type=\"container\">\n\t\t\t\t<div class=\"elementor-element elementor-element-3afacdc elementor-widget elementor-widget-image\" data-id=\"3afacdc\" data-element_type=\"widget\" data-e-type=\"widget\" data-widget_type=\"image.default\">\n\t\t\t\t<div class=\"elementor-widget-container\">\n\t\t\t\t\t\t\t\t\t\t\t\t\t\t\t<img loading=\"lazy\" decoding=\"async\" width=\"800\" height=\"641\" src=\"https:\/\/shatranj.art\/wp-content\/uploads\/2026\/02\/26-4-1024x820.jpg\" class=\"attachment-large size-large wp-image-1039\" alt=\"\" srcset=\"https:\/\/shatranj.art\/wp-content\/uploads\/2026\/02\/26-4-1024x820.jpg 1024w, https:\/\/shatranj.art\/wp-content\/uploads\/2026\/02\/26-4-300x240.jpg 300w, https:\/\/shatranj.art\/wp-content\/uploads\/2026\/02\/26-4-768x615.jpg 768w, https:\/\/shatranj.art\/wp-content\/uploads\/2026\/02\/26-4.jpg 1307w\" sizes=\"(max-width: 800px) 100vw, 800px\" \/>\t\t\t\t\t\t\t\t\t\t\t\t\t\t\t<\/div>\n\t\t\t\t<\/div>\n\t\t\t\t<div class=\"elementor-element elementor-element-aab0574 elementor-widget elementor-widget-text-editor\" data-id=\"aab0574\" data-element_type=\"widget\" data-e-type=\"widget\" data-widget_type=\"text-editor.default\">\n\t\t\t\t<div class=\"elementor-widget-container\">\n\t\t\t\t\t\t\t\t\t<p><b>1950 Dubrovn\u00edk a Staunton Bishops: 1950: forma a symbolika<\/b><\/p><p>\u00a0<\/p><p><span style=\"font-weight: 400;\">Tento obr\u00e1zek kontrastuje, jak se na figur\u00e1ch st\u0159elc\u016f (1. a 3. figurka zleva pat\u0159\u00ed do dubrovnick\u00e9 sady) odr\u00e1\u017eej\u00ed dv\u011b r\u016fzn\u00e9 filozofie designu. Dubrovnick\u00fd biskup z roku 1950 nab\u00edz\u00ed sv\u011bt\u0161t\u011bj\u0161\u00ed a modern\u011bj\u0161\u00ed estetiku definovanou elegantn\u00ed siluetou a jemn\u00fdmi detaily, bez n\u00e1bo\u017eensk\u00fdch symbol\u016f. Naproti tomu biskup Staunton navazuje na tradi\u010dn\u00ed k\u0159es\u0165ansk\u00e9 formy a vyzna\u010duje se v\u00fdrazn\u00fdm mitrov\u00fdm \u0159ezem n\u00e1bo\u017eensk\u00e9ho symbolu v r\u00e1mci pevn\u011bj\u0161\u00ed a robustn\u011bj\u0161\u00ed struktury. Rozd\u00edl mezi dynamick\u00fdm, inkluzivn\u00edm designem Dubrovn\u00edku a tradi\u010dn\u00edmi hranicemi Stauntonu ukazuje, jak \u0161achov\u00e9 figurky slou\u017e\u00ed jako reprezentace kulturn\u00ed identity.<\/span><\/p>\t\t\t\t\t\t\t\t<\/div>\n\t\t\t\t<\/div>\n\t\t\t\t<\/div>\n\t\t<div class=\"elementor-element elementor-element-b8ec708 e-con-full e-flex e-con e-child\" data-id=\"b8ec708\" data-element_type=\"container\" data-e-type=\"container\">\n\t\t\t\t<div class=\"elementor-element elementor-element-3d9231a elementor-widget elementor-widget-image\" data-id=\"3d9231a\" data-element_type=\"widget\" data-e-type=\"widget\" data-widget_type=\"image.default\">\n\t\t\t\t<div class=\"elementor-widget-container\">\n\t\t\t\t\t\t\t\t\t\t\t\t\t\t\t<img loading=\"lazy\" decoding=\"async\" width=\"696\" height=\"1024\" src=\"https:\/\/shatranj.art\/wp-content\/uploads\/2026\/02\/26-5-696x1024.jpg\" class=\"attachment-large size-large wp-image-1040\" alt=\"\" srcset=\"https:\/\/shatranj.art\/wp-content\/uploads\/2026\/02\/26-5-696x1024.jpg 696w, https:\/\/shatranj.art\/wp-content\/uploads\/2026\/02\/26-5-204x300.jpg 204w, https:\/\/shatranj.art\/wp-content\/uploads\/2026\/02\/26-5-768x1130.jpg 768w, https:\/\/shatranj.art\/wp-content\/uploads\/2026\/02\/26-5-1044x1536.jpg 1044w, https:\/\/shatranj.art\/wp-content\/uploads\/2026\/02\/26-5.jpg 1113w\" sizes=\"(max-width: 696px) 100vw, 696px\" \/>\t\t\t\t\t\t\t\t\t\t\t\t\t\t\t<\/div>\n\t\t\t\t<\/div>\n\t\t\t\t<div class=\"elementor-element elementor-element-556ae15 elementor-widget elementor-widget-text-editor\" data-id=\"556ae15\" data-element_type=\"widget\" data-e-type=\"widget\" data-widget_type=\"text-editor.default\">\n\t\t\t\t<div class=\"elementor-widget-container\">\n\t\t\t\t\t\t\t\t\t<p><b>Dominic Snow Bishop: Sou\u010dasn\u00e1 strategick\u00e1 forma<\/b><\/p><p>\u00a0<\/p><p><span style=\"font-weight: 400;\">Tento \u0161perk, kter\u00fd odr\u00e1\u017e\u00ed tv\u016fr\u010d\u00ed vizi um\u011blce Dominica Snowa, vdechuje tradi\u010dn\u00edm \u0161achov\u00fdm figur\u00e1m modern\u00ed socha\u0159sk\u00fd \u017eivot. Jej\u00ed plynul\u00e1 forma a mimo\u0159\u00e1dn\u00e9 barevn\u00e9 p\u0159echody p\u0159ekra\u010duj\u00ed konven\u010dn\u00ed hranice st\u0159elce a um\u011bleck\u00fdm vyj\u00e1d\u0159en\u00edm nov\u011b definuj\u00ed klasick\u00e9 prvky hry. Tato figura je d\u016fkazem toho, \u017ee \u0161achy nejsou jen soubojem d\u016fvtipu, ale estetick\u00fdm z\u00e1\u017eitkem s hlubok\u00fdmi vizu\u00e1ln\u00edmi a intelektu\u00e1ln\u00edmi vrstvami.<\/span><\/p>\t\t\t\t\t\t\t\t<\/div>\n\t\t\t\t<\/div>\n\t\t\t\t<\/div>\n\t\t<div class=\"elementor-element elementor-element-f39a3b4 e-con-full e-flex e-con e-child\" data-id=\"f39a3b4\" data-element_type=\"container\" data-e-type=\"container\">\n\t\t\t\t<div class=\"elementor-element elementor-element-8a9ba6b elementor-widget elementor-widget-image\" data-id=\"8a9ba6b\" data-element_type=\"widget\" data-e-type=\"widget\" data-widget_type=\"image.default\">\n\t\t\t\t<div class=\"elementor-widget-container\">\n\t\t\t\t\t\t\t\t\t\t\t\t\t\t\t<img loading=\"lazy\" decoding=\"async\" width=\"800\" height=\"520\" src=\"https:\/\/shatranj.art\/wp-content\/uploads\/2026\/02\/26-6-1024x665.jpg\" class=\"attachment-large size-large wp-image-1041\" alt=\"\" srcset=\"https:\/\/shatranj.art\/wp-content\/uploads\/2026\/02\/26-6-1024x665.jpg 1024w, https:\/\/shatranj.art\/wp-content\/uploads\/2026\/02\/26-6-300x195.jpg 300w, https:\/\/shatranj.art\/wp-content\/uploads\/2026\/02\/26-6-768x499.jpg 768w, https:\/\/shatranj.art\/wp-content\/uploads\/2026\/02\/26-6.jpg 1491w\" sizes=\"(max-width: 800px) 100vw, 800px\" \/>\t\t\t\t\t\t\t\t\t\t\t\t\t\t\t<\/div>\n\t\t\t\t<\/div>\n\t\t\t\t<div class=\"elementor-element elementor-element-ae04c33 elementor-widget elementor-widget-text-editor\" data-id=\"ae04c33\" data-element_type=\"widget\" data-e-type=\"widget\" data-widget_type=\"text-editor.default\">\n\t\t\t\t<div class=\"elementor-widget-container\">\n\t\t\t\t\t\t\t\t\t<p><b>\u0160achov\u00fd slon z timuridsk\u00e9 \u00e9ry<\/b> <span style=\"font-weight: 400;\"><br \/><\/span><span style=\"font-weight: 400;\"><br \/><\/span>Tento ru\u010dn\u011b tesan\u00fd kamenn\u00fd kus ilustruje historick\u00fd p\u0159echod od figurativn\u00edho realismu k isl\u00e1msk\u00e9 abstrakci. V\u00fdrazn\u00fd \u201cdvouroh\u00fd\u201d tvar je symbolick\u00fdm zn\u00e1zorn\u011bn\u00edm slon\u00edch kl\u016f, kter\u00e9 se roz\u0161\u00ed\u0159ily po cel\u00e9m Bl\u00edzk\u00e9m v\u00fdchod\u011b a St\u0159edomo\u0159\u00ed. Zat\u00edmco Angli\u010dan\u00e9 pozd\u011bji p\u0159evzali n\u00e1zev \u201cBishop\u201d, \u0160pan\u011bl\u00e9 zachovali p\u016fvodn\u00ed arabsk\u00fd ko\u0159en jako Alfil (Slon) a Francouzi foneticky rozvinuli term\u00edn na Le Fou. Tento kus z\u016fst\u00e1v\u00e1 sv\u011bdectv\u00edm o trval\u00e9m odkazu p\u016fvodn\u00ed postavy slona a univerz\u00e1ln\u00edm duchu hry.<\/p>\t\t\t\t\t\t\t\t<\/div>\n\t\t\t\t<\/div>\n\t\t\t\t<div class=\"elementor-element elementor-element-909cf0f elementor-widget elementor-widget-image\" data-id=\"909cf0f\" data-element_type=\"widget\" data-e-type=\"widget\" data-widget_type=\"image.default\">\n\t\t\t\t<div class=\"elementor-widget-container\">\n\t\t\t\t\t\t\t\t\t\t\t\t\t\t\t<img loading=\"lazy\" decoding=\"async\" width=\"116\" height=\"90\" src=\"https:\/\/shatranj.art\/wp-content\/uploads\/2026\/02\/nishapur-elephant-piece.jpg\" class=\"attachment-large size-large wp-image-1570\" alt=\"\" srcset=\"https:\/\/shatranj.art\/wp-content\/uploads\/2026\/02\/nishapur-elephant-piece.jpg 116w, https:\/\/shatranj.art\/wp-content\/uploads\/2026\/02\/nishapur-elephant-piece-15x12.jpg 15w\" sizes=\"(max-width: 116px) 100vw, 116px\" \/>\t\t\t\t\t\t\t\t\t\t\t\t\t\t\t<\/div>\n\t\t\t\t<\/div>\n\t\t\t\t<div class=\"elementor-element elementor-element-36cfba7 elementor-widget elementor-widget-text-editor\" data-id=\"36cfba7\" data-element_type=\"widget\" data-e-type=\"widget\" data-widget_type=\"text-editor.default\">\n\t\t\t\t<div class=\"elementor-widget-container\">\n\t\t\t\t\t\t\t\t\t<p><b>Slon\u00ed kus z Ni\u0161apuru, 9. stolet\u00ed<br \/><br \/><\/b>Podobn\u011b tvarovan\u00ed sloni se pou\u017e\u00edvali ve \u0160pan\u011blsku a jsou vid\u011bt jako \u0161achov\u00e9 ikony v knize Libro del Acedrez napsan\u00e9 ve 13. stolet\u00ed ve \u0160pan\u011blsku.<\/p>\t\t\t\t\t\t\t\t<\/div>\n\t\t\t\t<\/div>\n\t\t\t\t<\/div>\n\t\t\t\t<\/div>\n\t\t\t\t\t<\/div>\n\t\t\t\t<\/div>\n\t\t\t\t<\/div>","protected":false},"excerpt":{"rendered":"<p>\u015eAH\u00ce Abul-Abbas: The Elephant\u2019s Journey Across Three Continents \u00a0 This figure takes its name from the legendary white elephant, Abul-Abbas, gifted by the Abbasid Caliph Harun al-Rashid to the Holy Roman Emperor Charlemagne in the 9th century. This historical voyage symbolizes the migration of chess from India and the Middle East to Europe, marking one [&hellip;]<\/p>\n","protected":false},"author":1,"featured_media":0,"parent":743,"menu_order":0,"comment_status":"closed","ping_status":"closed","template":"","meta":{"footnotes":""},"class_list":["post-1032","page","type-page","status-publish","hentry"],"_links":{"self":[{"href":"https:\/\/shatranj.art\/cs\/wp-json\/wp\/v2\/pages\/1032","targetHints":{"allow":["GET"]}}],"collection":[{"href":"https:\/\/shatranj.art\/cs\/wp-json\/wp\/v2\/pages"}],"about":[{"href":"https:\/\/shatranj.art\/cs\/wp-json\/wp\/v2\/types\/page"}],"author":[{"embeddable":true,"href":"https:\/\/shatranj.art\/cs\/wp-json\/wp\/v2\/users\/1"}],"replies":[{"embeddable":true,"href":"https:\/\/shatranj.art\/cs\/wp-json\/wp\/v2\/comments?post=1032"}],"version-history":[{"count":22,"href":"https:\/\/shatranj.art\/cs\/wp-json\/wp\/v2\/pages\/1032\/revisions"}],"predecessor-version":[{"id":1576,"href":"https:\/\/shatranj.art\/cs\/wp-json\/wp\/v2\/pages\/1032\/revisions\/1576"}],"up":[{"embeddable":true,"href":"https:\/\/shatranj.art\/cs\/wp-json\/wp\/v2\/pages\/743"}],"wp:attachment":[{"href":"https:\/\/shatranj.art\/cs\/wp-json\/wp\/v2\/media?parent=1032"}],"curies":[{"name":"wp","href":"https:\/\/api.w.org\/{rel}","templated":true}]}}