{"id":1465,"date":"2026-02-24T06:30:11","date_gmt":"2026-02-24T06:30:11","guid":{"rendered":"https:\/\/shatranj.art\/?page_id=1465"},"modified":"2026-02-24T07:42:10","modified_gmt":"2026-02-24T07:42:10","slug":"plakat-35","status":"publish","type":"page","link":"https:\/\/shatranj.art\/cs\/exhibit\/plakat-35\/","title":{"rendered":"poster-35"},"content":{"rendered":"<div data-elementor-type=\"wp-page\" data-elementor-id=\"1465\" class=\"elementor elementor-1465\" data-elementor-post-type=\"page\">\n\t\t\t\t<div class=\"elementor-element elementor-element-08b263e e-flex e-con-boxed e-con e-parent\" data-id=\"08b263e\" data-element_type=\"container\" data-e-type=\"container\" data-settings=\"{&quot;background_background&quot;:&quot;classic&quot;}\">\n\t\t\t\t\t<div class=\"e-con-inner\">\n\t\t<div class=\"elementor-element elementor-element-7869a40 e-con-full e-flex e-con e-child\" data-id=\"7869a40\" data-element_type=\"container\" data-e-type=\"container\">\n\t\t\t\t<div class=\"elementor-element elementor-element-1c616f4 elementor-widget elementor-widget-image\" data-id=\"1c616f4\" data-element_type=\"widget\" data-e-type=\"widget\" data-widget_type=\"image.default\">\n\t\t\t\t<div class=\"elementor-widget-container\">\n\t\t\t\t\t\t\t\t\t\t\t\t\t\t\t<img fetchpriority=\"high\" decoding=\"async\" width=\"453\" height=\"371\" src=\"https:\/\/shatranj.art\/wp-content\/uploads\/2026\/02\/Cambridge_Springs_Staunton_Chessmen.jpg\" class=\"attachment-full size-full wp-image-1468\" alt=\"\" srcset=\"https:\/\/shatranj.art\/wp-content\/uploads\/2026\/02\/Cambridge_Springs_Staunton_Chessmen.jpg 453w, https:\/\/shatranj.art\/wp-content\/uploads\/2026\/02\/Cambridge_Springs_Staunton_Chessmen-300x246.jpg 300w, https:\/\/shatranj.art\/wp-content\/uploads\/2026\/02\/Cambridge_Springs_Staunton_Chessmen-15x12.jpg 15w\" sizes=\"(max-width: 453px) 100vw, 453px\" \/>\t\t\t\t\t\t\t\t\t\t\t\t\t\t\t<\/div>\n\t\t\t\t<\/div>\n\t\t\t\t<div class=\"elementor-element elementor-element-a5ffbc0 elementor-widget elementor-widget-text-editor\" data-id=\"a5ffbc0\" data-element_type=\"widget\" data-e-type=\"widget\" data-widget_type=\"text-editor.default\">\n\t\t\t\t<div class=\"elementor-widget-container\">\n\t\t\t\t\t\t\t\t\t<h3 data-path-to-node=\"0\">Mezin\u00e1rodn\u00ed sada Cambridge Springs 1904<\/h3><p data-path-to-node=\"2\">Mezin\u00e1rodn\u00ed \u0161achov\u00fd kongres v Cambridge Springs v Pensylv\u00e1nii v roce 1904 znamenal historick\u00fd miln\u00edk, nebo\u0165 se jednalo o prvn\u00ed velk\u00fd mezin\u00e1rodn\u00ed turnaj po\u0159\u00e1dan\u00fd ve Spojen\u00fdch st\u00e1tech. Tato ud\u00e1lost se stala ur\u010duj\u00edc\u00edm momentem zlat\u00e9ho v\u011bku \u0161achu a p\u0159edstavovala most mezi klasick\u00fdmi evropsk\u00fdmi tradicemi a rostouc\u00edm v\u00fdznamem americk\u00e9 \u0161achov\u00e9 sc\u00e9ny.<\/p><p data-path-to-node=\"2\">\u00a0<\/p><p data-path-to-node=\"3\"><strong>Setk\u00e1n\u00ed legend\u00e1rn\u00edch mistr\u016f<\/strong><\/p><p data-path-to-node=\"3\">\u00a0<\/p><p data-path-to-node=\"4\">Turnaje se z\u00fa\u010dastnilo \u0161estn\u00e1ct nejlep\u0161\u00edch sv\u011btov\u00fdch hr\u00e1\u010d\u016f, co\u017e z n\u011bj u\u010dinilo jednu z nejsiln\u011bj\u0161\u00edch sout\u011b\u017e\u00ed po\u010d\u00e1tku 20. stolet\u00ed. Mezi hr\u00e1\u010di byli nap\u0159:<\/p><p data-path-to-node=\"5,0,0\">Emanuel Lasker: E. Lasker: \u00fa\u0159aduj\u00edc\u00ed mistr sv\u011bta a dominantn\u00ed postava \u0161achov\u00e9 strategie.<\/p><p data-path-to-node=\"5,1,0\">Michail \u010cigorin: legend\u00e1rn\u00ed rusk\u00fd mistr a pr\u016fkopn\u00edk sov\u011btsk\u00e9 \u0161achov\u00e9 \u0161koly.<\/p><p data-path-to-node=\"5,2,0\">Dawid Janowski: Janowski: brilantn\u00ed polsko-francouzsk\u00fd taktik zn\u00e1m\u00fd svou agresivn\u00ed a kreativn\u00ed hrou.<\/p><p data-path-to-node=\"5,3,0\">Frank James Marshall: Mlad\u00fd americk\u00fd vyzyvatel, kter\u00fd \u0161okoval sv\u011bt t\u00edm, \u017ee vyhr\u00e1l turnaj bez por\u00e1\u017eky a skon\u010dil p\u0159ed mistrem sv\u011bta.<\/p><p data-path-to-node=\"5,4,0\">Mezi dal\u0161\u00ed v\u00fdznamn\u00e9 \u00fa\u010dastn\u00edky pat\u0159ili Harry Nelson Pillsbury, Carl Schlechter a Richard Teichmann.<\/p><p data-path-to-node=\"5,4,0\">\u00a0<\/p><p>Odstran\u011bn\u00ed kr\u00e1lovsk\u00e9ho k\u0159\u00ed\u017ee z p\u016fvodn\u00edho n\u00e1vrhu Stauntonu bylo z\u00e1m\u011brn\u00fdm krokem sm\u011brem k inkluzivit\u011b a uct\u011bn\u00edm r\u016fznorod\u00e9ho p\u016fvodu mezin\u00e1rodn\u00edch hr\u00e1\u010d\u016f t\u00edm, \u017ee se hra vr\u00e1tila ke sv\u00fdm sekul\u00e1rn\u00edm a abstraktn\u00edm ko\u0159en\u016fm. T\u00edmto n\u00e1vrhem se \u0161achovnice stala neutr\u00e1ln\u00ed ar\u00e9nou logiky bez specifick\u00fdch n\u00e1bo\u017eensk\u00fdch konotac\u00ed.<\/p>\t\t\t\t\t\t\t\t<\/div>\n\t\t\t\t<\/div>\n\t\t\t\t<div class=\"elementor-element elementor-element-26ec034 elementor-widget elementor-widget-image\" data-id=\"26ec034\" data-element_type=\"widget\" data-e-type=\"widget\" data-widget_type=\"image.default\">\n\t\t\t\t<div class=\"elementor-widget-container\">\n\t\t\t\t\t\t\t\t\t\t\t\t\t\t\t<img decoding=\"async\" width=\"413\" height=\"520\" src=\"https:\/\/shatranj.art\/wp-content\/uploads\/2026\/02\/1904-cambridge-springs-chess-tournament.jpeg\" class=\"attachment-full size-full wp-image-1517\" alt=\"\" srcset=\"https:\/\/shatranj.art\/wp-content\/uploads\/2026\/02\/1904-cambridge-springs-chess-tournament.jpeg 413w, https:\/\/shatranj.art\/wp-content\/uploads\/2026\/02\/1904-cambridge-springs-chess-tournament-238x300.jpeg 238w, https:\/\/shatranj.art\/wp-content\/uploads\/2026\/02\/1904-cambridge-springs-chess-tournament-10x12.jpeg 10w\" sizes=\"(max-width: 413px) 100vw, 413px\" \/>\t\t\t\t\t\t\t\t\t\t\t\t\t\t\t<\/div>\n\t\t\t\t<\/div>\n\t\t\t\t<\/div>\n\t\t\t\t\t<\/div>\n\t\t\t\t<\/div>\n\t\t\t\t<\/div>","protected":false},"excerpt":{"rendered":"<p>The 1904 Cambridge Springs International Set The 1904 International Chess Congress in Cambridge Springs, Pennsylvania, marked a historic milestone as the first major international tournament hosted in the United States. This event became a defining moment for the Golden Age of chess, representing a bridge between the classic European traditions and the rising prominence of [&hellip;]<\/p>\n","protected":false},"author":1,"featured_media":0,"parent":743,"menu_order":0,"comment_status":"closed","ping_status":"closed","template":"","meta":{"footnotes":""},"class_list":["post-1465","page","type-page","status-publish","hentry"],"_links":{"self":[{"href":"https:\/\/shatranj.art\/cs\/wp-json\/wp\/v2\/pages\/1465","targetHints":{"allow":["GET"]}}],"collection":[{"href":"https:\/\/shatranj.art\/cs\/wp-json\/wp\/v2\/pages"}],"about":[{"href":"https:\/\/shatranj.art\/cs\/wp-json\/wp\/v2\/types\/page"}],"author":[{"embeddable":true,"href":"https:\/\/shatranj.art\/cs\/wp-json\/wp\/v2\/users\/1"}],"replies":[{"embeddable":true,"href":"https:\/\/shatranj.art\/cs\/wp-json\/wp\/v2\/comments?post=1465"}],"version-history":[{"count":17,"href":"https:\/\/shatranj.art\/cs\/wp-json\/wp\/v2\/pages\/1465\/revisions"}],"predecessor-version":[{"id":1520,"href":"https:\/\/shatranj.art\/cs\/wp-json\/wp\/v2\/pages\/1465\/revisions\/1520"}],"up":[{"embeddable":true,"href":"https:\/\/shatranj.art\/cs\/wp-json\/wp\/v2\/pages\/743"}],"wp:attachment":[{"href":"https:\/\/shatranj.art\/cs\/wp-json\/wp\/v2\/media?parent=1465"}],"curies":[{"name":"wp","href":"https:\/\/api.w.org\/{rel}","templated":true}]}}