{"id":1488,"date":"2026-02-24T06:58:44","date_gmt":"2026-02-24T06:58:44","guid":{"rendered":"https:\/\/shatranj.art\/?page_id=1488"},"modified":"2026-02-24T07:15:32","modified_gmt":"2026-02-24T07:15:32","slug":"plakat-36","status":"publish","type":"page","link":"https:\/\/shatranj.art\/cs\/exhibit\/plakat-36\/","title":{"rendered":"poster-36"},"content":{"rendered":"<div data-elementor-type=\"wp-page\" data-elementor-id=\"1488\" class=\"elementor elementor-1488\" data-elementor-post-type=\"page\">\n\t\t\t\t<div class=\"elementor-element elementor-element-ffdb7d2 e-flex e-con-boxed e-con e-parent\" data-id=\"ffdb7d2\" data-element_type=\"container\" data-e-type=\"container\" data-settings=\"{&quot;background_background&quot;:&quot;classic&quot;}\">\n\t\t\t\t\t<div class=\"e-con-inner\">\n\t\t<div class=\"elementor-element elementor-element-5551562 e-con-full e-flex e-con e-child\" data-id=\"5551562\" data-element_type=\"container\" data-e-type=\"container\">\n\t\t\t\t<div class=\"elementor-element elementor-element-1e762c9 elementor-widget elementor-widget-image\" data-id=\"1e762c9\" data-element_type=\"widget\" data-e-type=\"widget\" data-widget_type=\"image.default\">\n\t\t\t\t<div class=\"elementor-widget-container\">\n\t\t\t\t\t\t\t\t\t\t\t\t\t\t\t<img fetchpriority=\"high\" decoding=\"async\" width=\"569\" height=\"860\" src=\"https:\/\/shatranj.art\/wp-content\/uploads\/2026\/02\/damiano.jpg\" class=\"attachment-full size-full wp-image-1490\" alt=\"\" srcset=\"https:\/\/shatranj.art\/wp-content\/uploads\/2026\/02\/damiano.jpg 569w, https:\/\/shatranj.art\/wp-content\/uploads\/2026\/02\/damiano-198x300.jpg 198w, https:\/\/shatranj.art\/wp-content\/uploads\/2026\/02\/damiano-8x12.jpg 8w\" sizes=\"(max-width: 569px) 100vw, 569px\" \/>\t\t\t\t\t\t\t\t\t\t\t\t\t\t\t<\/div>\n\t\t\t\t<\/div>\n\t\t\t\t<div class=\"elementor-element elementor-element-4488bb1 elementor-widget elementor-widget-text-editor\" data-id=\"4488bb1\" data-element_type=\"widget\" data-e-type=\"widget\" data-widget_type=\"text-editor.default\">\n\t\t\t\t<div class=\"elementor-widget-container\">\n\t\t\t\t\t\t\t\t\t<h3 data-path-to-node=\"0\">\u0160achov\u00e1 souprava Damiano (cca 1512)<\/h3><p data-path-to-node=\"1\">Tato sada, pojmenovan\u00e1 po portugalsk\u00e9m l\u00e9k\u00e1rn\u00edkovi Pedrovi Damianovi, kter\u00fd je autorem vlivn\u00e9 p\u0159\u00edru\u010dky Questo Libro e da Imparare Giocare a Scacchi z roku 1512, p\u0159edstavuje v\u00fdznamn\u00fd p\u0159echodn\u00fd moment v \u0161achov\u00e9m designu. Figurky p\u0159eklenuj\u00ed propast mezi ran\u00fdmi symbolick\u00fdmi formami a modern\u00edm zobrazen\u00edm. Zat\u00edmco kr\u00e1lov\u00e9 a kr\u00e1lovny maj\u00ed elegantn\u00ed soustru\u017een\u00e9 patra a ryt\u00ed\u0159i jsou vyobrazeni jako vy\u0159ez\u00e1van\u00e9 ko\u0148sk\u00e9 hlavy, v\u011b\u017ee a st\u0159elci st\u00e1le p\u0159ipom\u00ednaj\u00ed sv\u00e9 st\u0159edov\u011bk\u00e9 p\u0159edch\u016fdce. Konkr\u00e9tn\u011b v\u011b\u017e si zachov\u00e1v\u00e1 abstraktn\u00ed siluetu starov\u011bk\u00e9ho v\u00e1le\u010dn\u00e9ho vozu, kter\u00fd se brzy vyvinul v modern\u00ed hradn\u00ed v\u011b\u017e.<\/p><p data-path-to-node=\"2\">Damianovo pojedn\u00e1n\u00ed bylo prvn\u00edm bestsellerem modern\u00ed \u00e9ry a stanovilo z\u00e1kladn\u00ed normy, jako nap\u0159\u00edklad po\u017eadavek, aby b\u00edl\u00e9 pole bylo po hr\u00e1\u010dov\u011b pravici. Jeho nad\u010dasov\u00e1 rada \u201cVid\u00ed\u0161-li dobr\u00fd tah, najdi lep\u0161\u00ed\u201d odr\u00e1\u017e\u00ed intelektu\u00e1ln\u00ed hloubku, kterou do hry vnesl. Tato sada slou\u017e\u00ed jako vizu\u00e1ln\u00ed z\u00e1znam v\u00fdvoje v 16. stolet\u00ed, kter\u00fd prom\u011bnil starov\u011bk\u00fd \u0161atrand\u017e v mezin\u00e1rodn\u00ed sport modern\u00edho sv\u011bta.<\/p>\t\t\t\t\t\t\t\t<\/div>\n\t\t\t\t<\/div>\n\t\t\t\t<\/div>\n\t\t\t\t\t<\/div>\n\t\t\t\t<\/div>\n\t\t\t\t<\/div>","protected":false},"excerpt":{"rendered":"<p>The Damiano Chess Set (c. 1512) Named after Pedro Damiano, the Portuguese apothecary who authored the influential 1512 manual Questo Libro e da Imparare Giocare a Scacchi, this set represents a significant transitional moment in chess design. The pieces bridge the gap between early symbolic forms and modern representation. While the Kings and Queens feature [&hellip;]<\/p>\n","protected":false},"author":1,"featured_media":0,"parent":743,"menu_order":0,"comment_status":"closed","ping_status":"closed","template":"","meta":{"footnotes":""},"class_list":["post-1488","page","type-page","status-publish","hentry"],"_links":{"self":[{"href":"https:\/\/shatranj.art\/cs\/wp-json\/wp\/v2\/pages\/1488","targetHints":{"allow":["GET"]}}],"collection":[{"href":"https:\/\/shatranj.art\/cs\/wp-json\/wp\/v2\/pages"}],"about":[{"href":"https:\/\/shatranj.art\/cs\/wp-json\/wp\/v2\/types\/page"}],"author":[{"embeddable":true,"href":"https:\/\/shatranj.art\/cs\/wp-json\/wp\/v2\/users\/1"}],"replies":[{"embeddable":true,"href":"https:\/\/shatranj.art\/cs\/wp-json\/wp\/v2\/comments?post=1488"}],"version-history":[{"count":5,"href":"https:\/\/shatranj.art\/cs\/wp-json\/wp\/v2\/pages\/1488\/revisions"}],"predecessor-version":[{"id":1501,"href":"https:\/\/shatranj.art\/cs\/wp-json\/wp\/v2\/pages\/1488\/revisions\/1501"}],"up":[{"embeddable":true,"href":"https:\/\/shatranj.art\/cs\/wp-json\/wp\/v2\/pages\/743"}],"wp:attachment":[{"href":"https:\/\/shatranj.art\/cs\/wp-json\/wp\/v2\/media?parent=1488"}],"curies":[{"name":"wp","href":"https:\/\/api.w.org\/{rel}","templated":true}]}}