{"id":1504,"date":"2026-02-24T07:16:45","date_gmt":"2026-02-24T07:16:45","guid":{"rendered":"https:\/\/shatranj.art\/?page_id=1504"},"modified":"2026-02-24T07:21:26","modified_gmt":"2026-02-24T07:21:26","slug":"plakat-38","status":"publish","type":"page","link":"https:\/\/shatranj.art\/cs\/exhibit\/plakat-38\/","title":{"rendered":"poster-38"},"content":{"rendered":"<div data-elementor-type=\"wp-page\" data-elementor-id=\"1504\" class=\"elementor elementor-1504\" data-elementor-post-type=\"page\">\n\t\t\t\t<div class=\"elementor-element elementor-element-d6ea98c e-flex e-con-boxed e-con e-parent\" data-id=\"d6ea98c\" data-element_type=\"container\" data-e-type=\"container\" data-settings=\"{&quot;background_background&quot;:&quot;classic&quot;}\">\n\t\t\t\t\t<div class=\"e-con-inner\">\n\t\t<div class=\"elementor-element elementor-element-8942b74 e-con-full e-flex e-con e-child\" data-id=\"8942b74\" data-element_type=\"container\" data-e-type=\"container\">\n\t\t\t\t<div class=\"elementor-element elementor-element-f1e4538 elementor-widget elementor-widget-image\" data-id=\"f1e4538\" data-element_type=\"widget\" data-e-type=\"widget\" data-widget_type=\"image.default\">\n\t\t\t\t<div class=\"elementor-widget-container\">\n\t\t\t\t\t\t\t\t\t\t\t\t\t\t\t<img fetchpriority=\"high\" decoding=\"async\" width=\"1893\" height=\"798\" src=\"https:\/\/shatranj.art\/wp-content\/uploads\/2026\/02\/romanian-cafe-house-langer-collection.jpg\" class=\"attachment-full size-full wp-image-1506\" alt=\"\" srcset=\"https:\/\/shatranj.art\/wp-content\/uploads\/2026\/02\/romanian-cafe-house-langer-collection.jpg 1893w, https:\/\/shatranj.art\/wp-content\/uploads\/2026\/02\/romanian-cafe-house-langer-collection-300x126.jpg 300w, https:\/\/shatranj.art\/wp-content\/uploads\/2026\/02\/romanian-cafe-house-langer-collection-1024x432.jpg 1024w, https:\/\/shatranj.art\/wp-content\/uploads\/2026\/02\/romanian-cafe-house-langer-collection-768x324.jpg 768w, https:\/\/shatranj.art\/wp-content\/uploads\/2026\/02\/romanian-cafe-house-langer-collection-1536x648.jpg 1536w, https:\/\/shatranj.art\/wp-content\/uploads\/2026\/02\/romanian-cafe-house-langer-collection-18x8.jpg 18w\" sizes=\"(max-width: 1893px) 100vw, 1893px\" \/>\t\t\t\t\t\t\t\t\t\t\t\t\t\t\t<\/div>\n\t\t\t\t<\/div>\n\t\t\t\t<div class=\"elementor-element elementor-element-dced84d elementor-widget elementor-widget-text-editor\" data-id=\"dced84d\" data-element_type=\"widget\" data-e-type=\"widget\" data-widget_type=\"text-editor.default\">\n\t\t\t\t<div class=\"elementor-widget-container\">\n\t\t\t\t\t\t\t\t\t<div id=\"1440505187\" class=\"u_1440505187 dmNewParagraph\"><h3><strong>Rumunsk\u00e1 kav\u00e1rensk\u00e1 \u0161achov\u00e1 souprava, cca 1920-1940<\/strong><br \/><br \/><\/h3><div>A\u017e do prvn\u00ed sv\u011btov\u00e9 v\u00e1lky pat\u0159ily n\u011bkter\u00e9 \u010d\u00e1sti dne\u0161n\u00edho Rumunska - konkr\u00e9tn\u011b oblast zn\u00e1m\u00e1 jako Transylv\u00e1nie - k Rakousku-Uhersku, kde vl\u00e1dla dynastie Habsburk\u016f. Lze p\u0159edpokl\u00e1dat, \u017ee d\u00edky tomuto spojen\u00ed se rakousk\u00e1 kav\u00e1rensk\u00e1 kultura a b\u011b\u017en\u00e9 \u0161achov\u00e9 soupravy tzv. v\u00edde\u0148sk\u00e9ho kav\u00e1rensk\u00e9ho stylu dostaly i do ji\u017en\u00ed \u010d\u00e1sti Rumunsk\u00e9ho kr\u00e1lovstv\u00ed, kde se tato souprava pou\u017e\u00edvala v prvn\u00edch letech 20. stolet\u00ed. Souprava je vyrobena ze soustru\u017een\u00e9ho d\u0159eva, z jedn\u00e9 strany p\u0159\u00edrodn\u00edho, z druh\u00e9 lakovan\u00e9ho \u010dern\u00fdm lakem. Vykazuje n\u011bkter\u00e9 designov\u00e9 prvky spole\u010dn\u00e9 s v\u00fd\u0161e zm\u00edn\u011bn\u00fdmi v\u00edde\u0148sk\u00fdmi soupravami, zejm\u00e9na koruny dam, kter\u00e9 maj\u00ed tvar klobouk\u016f, biskupy s kulovit\u00fdmi hlavami v opa\u010dn\u00e9 barv\u011b nebo robustn\u00ed v\u011b\u017ee. Zaj\u00edmav\u00fd je zejm\u00e9na neobvykl\u00fd tvar kr\u00e1le, jeho\u017e koruna se na horn\u00ed stran\u011b zu\u017euje do podlouhl\u00e9ho zakon\u010den\u00ed zakon\u010den\u00e9ho malou kuli\u010dkou, t\u00e9m\u011b\u0159 jako by na vrcholu kr\u00e1lovsk\u00e9 koruny sed\u011bl mal\u00fd p\u011b\u0161ec. Sada vykazuje zn\u00e1mky intenzivn\u00edho pou\u017e\u00edv\u00e1n\u00ed. Zd\u00e1 se, \u017ee n\u011bkter\u00e9 figurky byly vym\u011bn\u011bny, ale to nijak nesni\u017euje celkov\u00fd dojem. Obr\u00e1zek a text p\u0159evzaty z Langerovy sb\u00edrky.<\/div><\/div>\t\t\t\t\t\t\t\t<\/div>\n\t\t\t\t<\/div>\n\t\t\t\t<\/div>\n\t\t\t\t\t<\/div>\n\t\t\t\t<\/div>\n\t\t\t\t<\/div>","protected":false},"excerpt":{"rendered":"<p>Romanian Coffee House Chess set, ca. 1920-1940 Until WWI, some parts of today&#8217;s Romania &#8211; namely the region known as Transylvania &#8211; belonged to the Austro-Hungarian Empire ruled by the Habsburg dynasty. It can be assumed that through this connection the Austrian coffee house culture and the common chess sets of the so called Vienna [&hellip;]<\/p>\n","protected":false},"author":1,"featured_media":0,"parent":743,"menu_order":0,"comment_status":"closed","ping_status":"closed","template":"","meta":{"footnotes":""},"class_list":["post-1504","page","type-page","status-publish","hentry"],"_links":{"self":[{"href":"https:\/\/shatranj.art\/cs\/wp-json\/wp\/v2\/pages\/1504","targetHints":{"allow":["GET"]}}],"collection":[{"href":"https:\/\/shatranj.art\/cs\/wp-json\/wp\/v2\/pages"}],"about":[{"href":"https:\/\/shatranj.art\/cs\/wp-json\/wp\/v2\/types\/page"}],"author":[{"embeddable":true,"href":"https:\/\/shatranj.art\/cs\/wp-json\/wp\/v2\/users\/1"}],"replies":[{"embeddable":true,"href":"https:\/\/shatranj.art\/cs\/wp-json\/wp\/v2\/comments?post=1504"}],"version-history":[{"count":4,"href":"https:\/\/shatranj.art\/cs\/wp-json\/wp\/v2\/pages\/1504\/revisions"}],"predecessor-version":[{"id":1509,"href":"https:\/\/shatranj.art\/cs\/wp-json\/wp\/v2\/pages\/1504\/revisions\/1509"}],"up":[{"embeddable":true,"href":"https:\/\/shatranj.art\/cs\/wp-json\/wp\/v2\/pages\/743"}],"wp:attachment":[{"href":"https:\/\/shatranj.art\/cs\/wp-json\/wp\/v2\/media?parent=1504"}],"curies":[{"name":"wp","href":"https:\/\/api.w.org\/{rel}","templated":true}]}}