{"id":1510,"date":"2026-02-24T07:22:35","date_gmt":"2026-02-24T07:22:35","guid":{"rendered":"https:\/\/shatranj.art\/?page_id=1510"},"modified":"2026-02-24T07:36:00","modified_gmt":"2026-02-24T07:36:00","slug":"plakat-39","status":"publish","type":"page","link":"https:\/\/shatranj.art\/cs\/exhibit\/plakat-39\/","title":{"rendered":"poster-39"},"content":{"rendered":"<div data-elementor-type=\"wp-page\" data-elementor-id=\"1510\" class=\"elementor elementor-1510\" data-elementor-post-type=\"page\">\n\t\t\t\t<div class=\"elementor-element elementor-element-1426eb0 e-flex e-con-boxed e-con e-parent\" data-id=\"1426eb0\" data-element_type=\"container\" data-e-type=\"container\" data-settings=\"{&quot;background_background&quot;:&quot;classic&quot;}\">\n\t\t\t\t\t<div class=\"e-con-inner\">\n\t\t<div class=\"elementor-element elementor-element-d76d2b5 e-con-full e-flex e-con e-child\" data-id=\"d76d2b5\" data-element_type=\"container\" data-e-type=\"container\">\n\t\t\t\t<div class=\"elementor-element elementor-element-e675f73 elementor-widget elementor-widget-image\" data-id=\"e675f73\" data-element_type=\"widget\" data-e-type=\"widget\" data-widget_type=\"image.default\">\n\t\t\t\t<div class=\"elementor-widget-container\">\n\t\t\t\t\t\t\t\t\t\t\t\t\t\t\t<img fetchpriority=\"high\" decoding=\"async\" width=\"1200\" height=\"942\" src=\"https:\/\/shatranj.art\/wp-content\/uploads\/2026\/02\/Ben-Franklin-Chess-scaled-1200x942-1.jpeg\" class=\"attachment-full size-full wp-image-1513\" alt=\"\" srcset=\"https:\/\/shatranj.art\/wp-content\/uploads\/2026\/02\/Ben-Franklin-Chess-scaled-1200x942-1.jpeg 1200w, https:\/\/shatranj.art\/wp-content\/uploads\/2026\/02\/Ben-Franklin-Chess-scaled-1200x942-1-300x236.jpeg 300w, https:\/\/shatranj.art\/wp-content\/uploads\/2026\/02\/Ben-Franklin-Chess-scaled-1200x942-1-1024x804.jpeg 1024w, https:\/\/shatranj.art\/wp-content\/uploads\/2026\/02\/Ben-Franklin-Chess-scaled-1200x942-1-768x603.jpeg 768w, https:\/\/shatranj.art\/wp-content\/uploads\/2026\/02\/Ben-Franklin-Chess-scaled-1200x942-1-15x12.jpeg 15w\" sizes=\"(max-width: 1200px) 100vw, 1200px\" \/>\t\t\t\t\t\t\t\t\t\t\t\t\t\t\t<\/div>\n\t\t\t\t<\/div>\n\t\t\t\t<div class=\"elementor-element elementor-element-225c171 elementor-widget elementor-widget-text-editor\" data-id=\"225c171\" data-element_type=\"widget\" data-e-type=\"widget\" data-widget_type=\"text-editor.default\">\n\t\t\t\t<div class=\"elementor-widget-container\">\n\t\t\t\t\t\t\t\t\t<h3 data-path-to-node=\"0\"><span class=\"citation-214 citation-end-214\">\u201cMor\u00e1lka \u0161achu\u201d od Benjamina Franklina<\/span><\/h3><p data-path-to-node=\"0\"><span class=\"citation-214 citation-end-214\"><br \/><br \/>Benjamin Franklin ve sv\u00e9m eseji \u201cMor\u00e1lka \u0161achu\u201d z roku 1786 nov\u011b definoval hru jako d\u016fle\u017eit\u00fd n\u00e1stroj osobn\u00edho rozvoje a intelektu\u00e1ln\u00ed ctnosti.<\/span> <span class=\"citation-213 citation-end-213\">Franklin v\u011b\u0159il, \u017ee \u0161achy jsou v\u00edc ne\u017e jen z\u00e1bava, \u017ee jsou cvi\u010den\u00edm v p\u0159edv\u00eddavosti, obez\u0159etnosti a opatrnosti - vlastnosti, kter\u00e9 pova\u017eoval za nezbytn\u00e9 pro \u00fasp\u011bch v soukrom\u00e9m \u017eivot\u011b i ve ve\u0159ejn\u00e9 diplomacii.<\/span> <span class=\"citation-212 citation-end-212\">V dob\u011b osv\u00edcenstv\u00ed nav\u0161t\u011bvoval Franklin vyhl\u00e1\u0161en\u00e9 \u0161achov\u00e9 kav\u00e1rny, jako je Caf\u00e9 de la R\u00e9gence v Pa\u0159\u00ed\u017ei.<\/span> Tyto prostory slou\u017eily jako origin\u00e1ln\u00ed soci\u00e1ln\u00ed s\u00edt\u011b t\u00e9 doby, kde hra umo\u017e\u0148ovala p\u0159\u00edsn\u00e9 debaty a v\u00fdm\u011bnu revolu\u010dn\u00edch my\u0161lenek a propojovala sv\u011bt v\u011bdy, politiky a filozofie.<\/p><p data-path-to-node=\"0\">\u00a0<\/p><p data-path-to-node=\"0\">Franklinova fascinace intelektu\u00e1ln\u00edmi limity t\u00e9to hry ho p\u0159ivedla k historick\u00e9mu setk\u00e1n\u00ed s Mechanick\u00fdm Turkem, nejslavn\u011bj\u0161\u00edm \u0161achov\u00fdm automatem na sv\u011bt\u011b. B\u011bhem z\u00e1pasu v Pa\u0159\u00ed\u017ei v roce 1783 si Franklin vyzkou\u0161el sv\u00e9 schopnosti proti stroji, kter\u00fd byl p\u0159\u00edkladem osv\u00edcensk\u00e9 posedlosti mechanick\u00fdm rozumem. Turek nakonec odcestoval do Spojen\u00fdch st\u00e1t\u016f a sv\u016fj kone\u010dn\u00fd domov na\u0161el v Pealeov\u011b muzeu (a pozd\u011bji v \u010c\u00ednsk\u00e9m muzeu) ve Filadelfii. Po cel\u00e1 desetilet\u00ed byl z\u00e1kladem pensylv\u00e1nsk\u00e9 v\u011bdeck\u00e9 kultury, ne\u017e se v roce 1854 ztratil p\u0159i po\u017e\u00e1ru. Tento odkaz lidsk\u00e9 vynal\u00e9zavosti a strojov\u00e9 inteligence z\u016fst\u00e1v\u00e1 z\u00e1kladn\u00edm p\u0159\u00edb\u011bhem pro v\u00fdstavy zkoumaj\u00edc\u00ed pr\u016fse\u010d\u00edk historie, her a v\u00fdvoje inteligence.<br \/><br \/><br \/><\/p><p data-path-to-node=\"0\">Na fotografii je Benjamin Franklin hraj\u00edc\u00ed \u0161achy. Um\u011bleck\u00e9 d\u00edlo Edwarda Harrisona Maye, 1867<\/p>\t\t\t\t\t\t\t\t<\/div>\n\t\t\t\t<\/div>\n\t\t\t\t<\/div>\n\t\t\t\t\t<\/div>\n\t\t\t\t<\/div>\n\t\t\t\t<\/div>","protected":false},"excerpt":{"rendered":"<p>&#8220;The Morals of Chess&#8221; by Benjamin Franklin Benjamin Franklin\u2019s 1786 essay, &#8220;The Morals of Chess,&#8221; redefined the game as a vital tool for personal development and intellectual virtue. Franklin believed that chess was more than a pastime; it was an exercise in foresight, circumspection, and caution\u2014qualities he deemed essential for success in both private life [&hellip;]<\/p>\n","protected":false},"author":1,"featured_media":0,"parent":743,"menu_order":0,"comment_status":"closed","ping_status":"closed","template":"","meta":{"footnotes":""},"class_list":["post-1510","page","type-page","status-publish","hentry"],"_links":{"self":[{"href":"https:\/\/shatranj.art\/cs\/wp-json\/wp\/v2\/pages\/1510","targetHints":{"allow":["GET"]}}],"collection":[{"href":"https:\/\/shatranj.art\/cs\/wp-json\/wp\/v2\/pages"}],"about":[{"href":"https:\/\/shatranj.art\/cs\/wp-json\/wp\/v2\/types\/page"}],"author":[{"embeddable":true,"href":"https:\/\/shatranj.art\/cs\/wp-json\/wp\/v2\/users\/1"}],"replies":[{"embeddable":true,"href":"https:\/\/shatranj.art\/cs\/wp-json\/wp\/v2\/comments?post=1510"}],"version-history":[{"count":4,"href":"https:\/\/shatranj.art\/cs\/wp-json\/wp\/v2\/pages\/1510\/revisions"}],"predecessor-version":[{"id":1516,"href":"https:\/\/shatranj.art\/cs\/wp-json\/wp\/v2\/pages\/1510\/revisions\/1516"}],"up":[{"embeddable":true,"href":"https:\/\/shatranj.art\/cs\/wp-json\/wp\/v2\/pages\/743"}],"wp:attachment":[{"href":"https:\/\/shatranj.art\/cs\/wp-json\/wp\/v2\/media?parent=1510"}],"curies":[{"name":"wp","href":"https:\/\/api.w.org\/{rel}","templated":true}]}}