{"id":788,"date":"2026-02-21T17:52:41","date_gmt":"2026-02-21T17:52:41","guid":{"rendered":"https:\/\/shatranj.art\/?page_id=788"},"modified":"2026-02-23T08:09:25","modified_gmt":"2026-02-23T08:09:25","slug":"poster-5","status":"publish","type":"page","link":"https:\/\/shatranj.art\/cs\/exhibit\/poster-5\/","title":{"rendered":"plak\u00e1t 5"},"content":{"rendered":"<div data-elementor-type=\"wp-page\" data-elementor-id=\"788\" class=\"elementor elementor-788\" data-elementor-post-type=\"page\">\n\t\t\t\t<div class=\"elementor-element elementor-element-392e0f4 e-flex e-con-boxed e-con e-parent\" data-id=\"392e0f4\" data-element_type=\"container\" data-e-type=\"container\" data-settings=\"{&quot;background_background&quot;:&quot;classic&quot;}\">\n\t\t\t\t\t<div class=\"e-con-inner\">\n\t\t<div class=\"elementor-element elementor-element-7cea5b8 e-con-full e-flex e-con e-child\" data-id=\"7cea5b8\" data-element_type=\"container\" data-e-type=\"container\">\n\t\t\t\t<div class=\"elementor-element elementor-element-022fe27 elementor-widget elementor-widget-image\" data-id=\"022fe27\" data-element_type=\"widget\" data-e-type=\"widget\" data-widget_type=\"image.default\">\n\t\t\t\t<div class=\"elementor-widget-container\">\n\t\t\t\t\t\t\t\t\t\t\t\t\t\t\t<img fetchpriority=\"high\" decoding=\"async\" width=\"800\" height=\"667\" src=\"https:\/\/shatranj.art\/wp-content\/uploads\/2026\/02\/22-1024x854.jpg\" class=\"attachment-large size-large wp-image-1004\" alt=\"\" srcset=\"https:\/\/shatranj.art\/wp-content\/uploads\/2026\/02\/22-1024x854.jpg 1024w, https:\/\/shatranj.art\/wp-content\/uploads\/2026\/02\/22-300x250.jpg 300w, https:\/\/shatranj.art\/wp-content\/uploads\/2026\/02\/22-768x640.jpg 768w, https:\/\/shatranj.art\/wp-content\/uploads\/2026\/02\/22-1536x1280.jpg 1536w, https:\/\/shatranj.art\/wp-content\/uploads\/2026\/02\/22-2048x1707.jpg 2048w\" sizes=\"(max-width: 800px) 100vw, 800px\" \/>\t\t\t\t\t\t\t\t\t\t\t\t\t\t\t<\/div>\n\t\t\t\t<\/div>\n\t\t\t\t<div class=\"elementor-element elementor-element-883ad20 elementor-widget elementor-widget-text-editor\" data-id=\"883ad20\" data-element_type=\"widget\" data-e-type=\"widget\" data-widget_type=\"text-editor.default\">\n\t\t\t\t<div class=\"elementor-widget-container\">\n\t\t\t\t\t\t\t\t\t<h3><b>Ludus Duodecim Scriptorum: The Roman Heritage of Backgammon<\/b><\/h3><p>Tajemstv\u00ed dvan\u00e1cti zna\u010dek Ludus Duodecim Scriptorum, latinsky \u201cHra dvan\u00e1cti zna\u010dek\u201d, byla strategick\u00e1 hra a hra na n\u00e1hodu, kter\u00e1 se hojn\u011b hr\u00e1la v cel\u00e9 \u0158\u00edmsk\u00e9 \u0159\u00ed\u0161i, od vojensk\u00fdch kas\u00e1ren a\u017e po c\u00edsa\u0159sk\u00e9 pal\u00e1ce. P\u0159\u00edklady vyryt\u00e9 do mramorov\u00fdch podlah starov\u011bk\u00e9ho m\u011bsta Efezu, zejm\u00e9na na schodech Celsovy knihovny, dokl\u00e1daj\u00ed \u00fast\u0159edn\u00ed roli t\u00e9to hry v ka\u017edodenn\u00edm \u017eivot\u011b \u0158\u00edman\u016f. Hra obsahuje desku o t\u0159ech \u0159ad\u00e1ch s 12 zna\u010dkami a p\u0159edstavuje z\u00e1vod o p\u0159esun figurek do domovsk\u00e9 z\u00f3ny pomoc\u00ed t\u0159\u00ed kostek.<\/p><p>\u00a0<\/p><p><b>P\u0159edch\u016fdce vrhc\u00e1b\u016f<\/b> <span style=\"font-weight: 400;\"><br \/><\/span>Zjednodu\u0161en\u00ed pravidel a p\u0159echod na dvou\u0159\u00e1dkov\u00fd form\u00e1t vedly v pr\u016fb\u011bhu stalet\u00ed ke vzniku hry zvan\u00e9 Tabula, kter\u00e1 je p\u0159\u00edm\u00fdm p\u0159edch\u016fdcem modern\u00edho Backgammonu. Ludus Duodecim Scriptorum nen\u00ed pouhou z\u00e1bavou; je to do kamene vytesan\u00fd testament starov\u011bk\u00e9 mysli, kter\u00e1 se sna\u017e\u00ed o matematickou pravd\u011bpodobnost, \u0159\u00edzen\u00ed rizika a v\u011b\u010dn\u00fd boj s osudem.<\/p>\t\t\t\t\t\t\t\t<\/div>\n\t\t\t\t<\/div>\n\t\t\t\t<\/div>\n\t\t\t\t\t<\/div>\n\t\t\t\t<\/div>\n\t\t\t\t<\/div>","protected":false},"excerpt":{"rendered":"<p>Ludus Duodecim Scriptorum: The Roman Heritage of Backgammon The Mystery of the Twelve Markings Meaning &#8220;The Game of Twelve Markings&#8221; in Latin, Ludus Duodecim Scriptorum was a widely played strategy and chance game throughout the Roman Empire, from military barracks to imperial palaces. Examples etched into the marble floors of the ancient city of Ephesus [&hellip;]<\/p>\n","protected":false},"author":1,"featured_media":0,"parent":743,"menu_order":0,"comment_status":"closed","ping_status":"closed","template":"","meta":{"footnotes":""},"class_list":["post-788","page","type-page","status-publish","hentry"],"_links":{"self":[{"href":"https:\/\/shatranj.art\/cs\/wp-json\/wp\/v2\/pages\/788","targetHints":{"allow":["GET"]}}],"collection":[{"href":"https:\/\/shatranj.art\/cs\/wp-json\/wp\/v2\/pages"}],"about":[{"href":"https:\/\/shatranj.art\/cs\/wp-json\/wp\/v2\/types\/page"}],"author":[{"embeddable":true,"href":"https:\/\/shatranj.art\/cs\/wp-json\/wp\/v2\/users\/1"}],"replies":[{"embeddable":true,"href":"https:\/\/shatranj.art\/cs\/wp-json\/wp\/v2\/comments?post=788"}],"version-history":[{"count":19,"href":"https:\/\/shatranj.art\/cs\/wp-json\/wp\/v2\/pages\/788\/revisions"}],"predecessor-version":[{"id":1301,"href":"https:\/\/shatranj.art\/cs\/wp-json\/wp\/v2\/pages\/788\/revisions\/1301"}],"up":[{"embeddable":true,"href":"https:\/\/shatranj.art\/cs\/wp-json\/wp\/v2\/pages\/743"}],"wp:attachment":[{"href":"https:\/\/shatranj.art\/cs\/wp-json\/wp\/v2\/media?parent=788"}],"curies":[{"name":"wp","href":"https:\/\/api.w.org\/{rel}","templated":true}]}}