{"id":817,"date":"2026-02-21T20:02:15","date_gmt":"2026-02-21T20:02:15","guid":{"rendered":"https:\/\/shatranj.art\/?page_id=817"},"modified":"2026-02-24T06:26:33","modified_gmt":"2026-02-24T06:26:33","slug":"poster-8","status":"publish","type":"page","link":"https:\/\/shatranj.art\/cs\/exhibit\/poster-8\/","title":{"rendered":"plak\u00e1t 8"},"content":{"rendered":"<div data-elementor-type=\"wp-page\" data-elementor-id=\"817\" class=\"elementor elementor-817\" data-elementor-post-type=\"page\">\n\t\t\t\t<div class=\"elementor-element elementor-element-3be2f38 e-flex e-con-boxed e-con e-parent\" data-id=\"3be2f38\" data-element_type=\"container\" data-e-type=\"container\" data-settings=\"{&quot;background_background&quot;:&quot;classic&quot;}\">\n\t\t\t\t\t<div class=\"e-con-inner\">\n\t\t\t\t<div class=\"elementor-element elementor-element-18ff8b2 elementor-widget elementor-widget-image\" data-id=\"18ff8b2\" data-element_type=\"widget\" data-e-type=\"widget\" data-widget_type=\"image.default\">\n\t\t\t\t<div class=\"elementor-widget-container\">\n\t\t\t\t\t\t\t\t\t\t\t\t\t\t\t<img fetchpriority=\"high\" decoding=\"async\" width=\"480\" height=\"321\" src=\"https:\/\/shatranj.art\/wp-content\/uploads\/2026\/02\/bobby-fischer-dubrovnik.jpg\" class=\"attachment-full size-full wp-image-1458\" alt=\"\" srcset=\"https:\/\/shatranj.art\/wp-content\/uploads\/2026\/02\/bobby-fischer-dubrovnik.jpg 480w, https:\/\/shatranj.art\/wp-content\/uploads\/2026\/02\/bobby-fischer-dubrovnik-300x201.jpg 300w, https:\/\/shatranj.art\/wp-content\/uploads\/2026\/02\/bobby-fischer-dubrovnik-18x12.jpg 18w\" sizes=\"(max-width: 480px) 100vw, 480px\" \/>\t\t\t\t\t\t\t\t\t\t\t\t\t\t\t<\/div>\n\t\t\t\t<\/div>\n\t\t\t\t<div class=\"elementor-element elementor-element-cec26d3 elementor-widget elementor-widget-image\" data-id=\"cec26d3\" data-element_type=\"widget\" data-e-type=\"widget\" data-widget_type=\"image.default\">\n\t\t\t\t<div class=\"elementor-widget-container\">\n\t\t\t\t\t\t\t\t\t\t\t\t\t\t\t<img decoding=\"async\" width=\"964\" height=\"582\" src=\"https:\/\/shatranj.art\/wp-content\/uploads\/2026\/02\/8.png\" class=\"attachment-full size-full wp-image-820\" alt=\"\" srcset=\"https:\/\/shatranj.art\/wp-content\/uploads\/2026\/02\/8.png 964w, https:\/\/shatranj.art\/wp-content\/uploads\/2026\/02\/8-300x181.png 300w, https:\/\/shatranj.art\/wp-content\/uploads\/2026\/02\/8-768x464.png 768w\" sizes=\"(max-width: 964px) 100vw, 964px\" \/>\t\t\t\t\t\t\t\t\t\t\t\t\t\t\t<\/div>\n\t\t\t\t<\/div>\n\t\t\t\t<div class=\"elementor-element elementor-element-411e3a4 elementor-widget__width-initial elementor-widget elementor-widget-text-editor\" data-id=\"411e3a4\" data-element_type=\"widget\" data-e-type=\"widget\" data-widget_type=\"text-editor.default\">\n\t\t\t\t<div class=\"elementor-widget-container\">\n\t\t\t\t\t\t\t\t\t<p><b>Za hranice ideologi\u00ed: Dubrovnick\u00fd soubor z roku 1950<\/b><\/p><p>Tato sada, vytvo\u0159en\u00e1 speci\u00e1ln\u011b pro 9. \u0161achovou olympi\u00e1du v roce 1950 v Jugosl\u00e1vii, p\u0159edstavuje jednu z nejradik\u00e1ln\u011bj\u0161\u00edch designov\u00fdch revoluc\u00ed v historii \u0161achu. C\u00edlem sady, kterou navrhl \u010dernohorsk\u00fd mal\u00ed\u0159 a socha\u0159 Petar Po\u010dek, bylo sjednotit sv\u011bt prost\u0159ednictv\u00edm sjednocuj\u00edc\u00ed s\u00edly hry po druh\u00e9 sv\u011btov\u00e9 v\u00e1lce. S t\u00edmto c\u00edlem byly z\u00e1m\u011brn\u011b odstran\u011bny v\u0161echny n\u00e1bo\u017eensk\u00e9 symboly: tradi\u010dn\u00ed k\u0159\u00ed\u017e na vrcholu kr\u00e1le byl nahrazen jednoduchou koul\u00ed a na biskupovi byl odstran\u011bn z\u00e1\u0159ez symbolizuj\u00edc\u00ed kleriku.<\/p><p>Tento \u201csv\u011btsk\u00fd\u201d a inkluzivn\u00ed design prom\u011bnil \u0161achy ze symbolu specifick\u00e9 v\u00edry v univerz\u00e1ln\u00ed um\u011bleck\u00e9 d\u00edlo. Bobby Fischer si jej cenil jako \u201cnejlep\u0161\u00ed soupravu, na kter\u00e9 jsem kdy hr\u00e1l\u201d, a to do t\u00e9 m\u00edry, \u017ee trval na jej\u00edm pou\u017eit\u00ed pro sv\u016fj historick\u00fd odvetn\u00fd z\u00e1pas proti Spassk\u00e9mu v roce 1992.Tento design je hlubok\u00fdm estetick\u00fdm p\u0159\u00edslibem \u0159emesln\u00e9ho zpracov\u00e1n\u00ed pro m\u00edrovou a modern\u00ed budoucnost.<\/p>\t\t\t\t\t\t\t\t<\/div>\n\t\t\t\t<\/div>\n\t\t<div class=\"elementor-element elementor-element-8bffdfb e-con-full e-flex e-con e-child\" data-id=\"8bffdfb\" data-element_type=\"container\" data-e-type=\"container\">\n\t\t\t\t<div class=\"elementor-element elementor-element-e67be09 elementor-widget__width-initial elementor-widget elementor-widget-image\" data-id=\"e67be09\" data-element_type=\"widget\" data-e-type=\"widget\" data-widget_type=\"image.default\">\n\t\t\t\t<div class=\"elementor-widget-container\">\n\t\t\t\t\t\t\t\t\t\t\t\t\t\t\t<img decoding=\"async\" width=\"1028\" height=\"817\" src=\"https:\/\/shatranj.art\/wp-content\/uploads\/2026\/02\/8.jpg\" class=\"attachment-full size-full wp-image-821\" alt=\"\" srcset=\"https:\/\/shatranj.art\/wp-content\/uploads\/2026\/02\/8.jpg 1028w, https:\/\/shatranj.art\/wp-content\/uploads\/2026\/02\/8-300x238.jpg 300w, https:\/\/shatranj.art\/wp-content\/uploads\/2026\/02\/8-1024x814.jpg 1024w, https:\/\/shatranj.art\/wp-content\/uploads\/2026\/02\/8-768x610.jpg 768w\" sizes=\"(max-width: 1028px) 100vw, 1028px\" \/>\t\t\t\t\t\t\t\t\t\t\t\t\t\t\t<\/div>\n\t\t\t\t<\/div>\n\t\t\t\t<div class=\"elementor-element elementor-element-f215331 elementor-widget__width-initial elementor-widget elementor-widget-text-editor\" data-id=\"f215331\" data-element_type=\"widget\" data-e-type=\"widget\" data-widget_type=\"text-editor.default\">\n\t\t\t\t<div class=\"elementor-widget-container\">\n\t\t\t\t\t\t\t\t\t<p><b>V\u00e1\u0161e\u0148 za hranicemi: \u0160achov\u00e9 d\u011bdictv\u00ed Subotice<\/b><\/p><p>Tato sada, kter\u00e1 vznikla v pohrani\u010dn\u00edm m\u011bst\u011b Subotica a byla vyrobena v legend\u00e1rn\u00edch subozansk\u00fdch d\u00edln\u00e1ch, je mocn\u00fdm symbolem zlat\u00e9ho v\u011bku Jugosl\u00e1vie ve sv\u011bt\u011b \u0161achu. Tyto figurky p\u0159edstavuj\u00ed dobu, kdy \u0161achy zako\u0159enily jako skute\u010dn\u00e1 lidov\u00e1 kultura, kterou najdete v ka\u017ed\u00e9 dom\u00e1cnosti, \u0161kole i ve\u0159ejn\u00e9m parku. Nesou jednoduchou, trvanlivou a d\u016fstojnou estetiku balk\u00e1nsk\u00e9ho \u0159emesla a vypr\u00e1v\u011bj\u00ed p\u0159\u00edb\u011bh o tom, jak se \u0161achy vyvinuly z elitn\u00ed z\u00e1liby ve sd\u00edlen\u00fd spole\u010densk\u00fd jazyk, kter\u00fd spojoval v\u0161echny vrstvy spole\u010dnosti. Sada Subotica z\u016fst\u00e1v\u00e1 nad\u010dasov\u00fdm kulturn\u00edm mostem, kde se setk\u00e1v\u00e1 um\u011bn\u00ed a strategie.<\/p>\t\t\t\t\t\t\t\t<\/div>\n\t\t\t\t<\/div>\n\t\t\t\t<\/div>\n\t\t\t\t\t<\/div>\n\t\t\t\t<\/div>\n\t\t\t\t<\/div>","protected":false},"excerpt":{"rendered":"<p>Beyond Ideologies: The 1950 Dubrovnik Set Specially created for the 9th Chess Olympiad in 1950 in Yugoslavia, this set represents one of the most radical design revolutions in chess history. Designed by Montenegrin painter and sculptor Petar Po\u010dek, the set aimed to reunite the world through the unifying power of play following the Second World [&hellip;]<\/p>\n","protected":false},"author":1,"featured_media":0,"parent":743,"menu_order":0,"comment_status":"closed","ping_status":"closed","template":"","meta":{"footnotes":""},"class_list":["post-817","page","type-page","status-publish","hentry"],"_links":{"self":[{"href":"https:\/\/shatranj.art\/cs\/wp-json\/wp\/v2\/pages\/817","targetHints":{"allow":["GET"]}}],"collection":[{"href":"https:\/\/shatranj.art\/cs\/wp-json\/wp\/v2\/pages"}],"about":[{"href":"https:\/\/shatranj.art\/cs\/wp-json\/wp\/v2\/types\/page"}],"author":[{"embeddable":true,"href":"https:\/\/shatranj.art\/cs\/wp-json\/wp\/v2\/users\/1"}],"replies":[{"embeddable":true,"href":"https:\/\/shatranj.art\/cs\/wp-json\/wp\/v2\/comments?post=817"}],"version-history":[{"count":13,"href":"https:\/\/shatranj.art\/cs\/wp-json\/wp\/v2\/pages\/817\/revisions"}],"predecessor-version":[{"id":1461,"href":"https:\/\/shatranj.art\/cs\/wp-json\/wp\/v2\/pages\/817\/revisions\/1461"}],"up":[{"embeddable":true,"href":"https:\/\/shatranj.art\/cs\/wp-json\/wp\/v2\/pages\/743"}],"wp:attachment":[{"href":"https:\/\/shatranj.art\/cs\/wp-json\/wp\/v2\/media?parent=817"}],"curies":[{"name":"wp","href":"https:\/\/api.w.org\/{rel}","templated":true}]}}