{"id":936,"date":"2026-02-22T10:03:32","date_gmt":"2026-02-22T10:03:32","guid":{"rendered":"https:\/\/shatranj.art\/?page_id=936"},"modified":"2026-02-23T08:46:38","modified_gmt":"2026-02-23T08:46:38","slug":"poster-14","status":"publish","type":"page","link":"https:\/\/shatranj.art\/cs\/exhibit\/poster-14\/","title":{"rendered":"plak\u00e1t 14"},"content":{"rendered":"<div data-elementor-type=\"wp-page\" data-elementor-id=\"936\" class=\"elementor elementor-936\" data-elementor-post-type=\"page\">\n\t\t\t\t<div class=\"elementor-element elementor-element-c355192 e-flex e-con-boxed e-con e-parent\" data-id=\"c355192\" data-element_type=\"container\" data-e-type=\"container\" data-settings=\"{&quot;background_background&quot;:&quot;classic&quot;}\">\n\t\t\t\t\t<div class=\"e-con-inner\">\n\t\t<div class=\"elementor-element elementor-element-5bf7f96 e-con-full e-flex e-con e-child\" data-id=\"5bf7f96\" data-element_type=\"container\" data-e-type=\"container\">\n\t\t\t\t<div class=\"elementor-element elementor-element-82eab3c elementor-widget__width-initial elementor-widget-mobile__width-inherit elementor-widget elementor-widget-image\" data-id=\"82eab3c\" data-element_type=\"widget\" data-e-type=\"widget\" data-widget_type=\"image.default\">\n\t\t\t\t<div class=\"elementor-widget-container\">\n\t\t\t\t\t\t\t\t\t\t\t\t\t\t\t<img fetchpriority=\"high\" decoding=\"async\" width=\"768\" height=\"1024\" src=\"https:\/\/shatranj.art\/wp-content\/uploads\/2026\/02\/14-768x1024.jpg\" class=\"attachment-large size-large wp-image-939\" alt=\"\" srcset=\"https:\/\/shatranj.art\/wp-content\/uploads\/2026\/02\/14-768x1024.jpg 768w, https:\/\/shatranj.art\/wp-content\/uploads\/2026\/02\/14-225x300.jpg 225w, https:\/\/shatranj.art\/wp-content\/uploads\/2026\/02\/14-1152x1536.jpg 1152w, https:\/\/shatranj.art\/wp-content\/uploads\/2026\/02\/14-1536x2048.jpg 1536w, https:\/\/shatranj.art\/wp-content\/uploads\/2026\/02\/14-scaled.jpg 1920w\" sizes=\"(max-width: 768px) 100vw, 768px\" \/>\t\t\t\t\t\t\t\t\t\t\t\t\t\t\t<\/div>\n\t\t\t\t<\/div>\n\t\t\t\t<div class=\"elementor-element elementor-element-f30dc26 elementor-widget__width-initial elementor-widget elementor-widget-text-editor\" data-id=\"f30dc26\" data-element_type=\"widget\" data-e-type=\"widget\" data-widget_type=\"text-editor.default\">\n\t\t\t\t<div class=\"elementor-widget-container\">\n\t\t\t\t\t\t\t\t\t<p><strong>Intelektu\u00e1ln\u00ed odkaz gorgansk\u00e9ho aristokrata<\/strong><\/p><p>\u00a0<\/p><p>Al-Suli nebyl jen nejv\u00fdznamn\u011bj\u0161\u00edm \u0161achov\u00fdm mistrem sv\u00e9 doby, ale tak\u00e9 \u201cnadim\u201d (dvorn\u00ed spole\u010dn\u00edk) abb\u00e1sovsk\u00fdch chal\u00edf\u016f, pal\u00e1cov\u00fd historik a bystr\u00fd b\u00e1sn\u00edk. Narodil se v Gorganu kolem roku 870 n. l. a jeho rodokmen sahal a\u017e k opevn\u011bn\u00e9 pevnosti Sul v dehist\u00e1nsk\u00fdch step\u00edch, kde kdysi vl\u00e1dl jeho d\u011bde\u010dek, turkick\u00fd kn\u00ed\u017ee Sul tekin. Toto vzne\u0161en\u00e9 d\u011bdictv\u00ed dnes p\u0159ipom\u00edn\u00e1 socha u Pam\u00e1tn\u00edku nez\u00e1vislosti v turkmensk\u00e9m A\u0161chabadu.<\/p><p>\u00a0<\/p><p>Al-Suli, dr\u017eitel nejvy\u0161\u0161\u00edho dosa\u017eiteln\u00e9ho \u0161achov\u00e9ho titulu \u201cAliya\u201d, p\u0159em\u011bnil hru ve strukturovanou v\u011bdeckou architekturu. Ve sv\u00e9m z\u00e1sadn\u00edm d\u00edle Kitab al-Shatranj jako prvn\u00ed systematicky zdokumentoval zah\u00e1jen\u00ed (tabiyas) a strategie koncovek (mansubas). Teoretick\u00fd r\u00e1mec, kter\u00fd vytvo\u0159il, z\u016fstal po stalet\u00ed definitivn\u00edm m\u011b\u0159\u00edtkem mistrovstv\u00ed a hlavn\u00edm referen\u010dn\u00edm zdrojem, kter\u00fd p\u0159etrval a\u017e do vzniku modern\u00edch \u0161achov\u00fdch pravidel.<\/p>\t\t\t\t\t\t\t\t<\/div>\n\t\t\t\t<\/div>\n\t\t<div class=\"elementor-element elementor-element-8f27e89 e-con-full e-flex e-con e-child\" data-id=\"8f27e89\" data-element_type=\"container\" data-e-type=\"container\">\n\t\t\t\t<div class=\"elementor-element elementor-element-374a727 elementor-widget-mobile__width-inherit elementor-widget elementor-widget-image\" data-id=\"374a727\" data-element_type=\"widget\" data-e-type=\"widget\" data-widget_type=\"image.default\">\n\t\t\t\t<div class=\"elementor-widget-container\">\n\t\t\t\t\t\t\t\t\t\t\t\t\t\t\t<img decoding=\"async\" width=\"800\" height=\"457\" src=\"https:\/\/shatranj.art\/wp-content\/uploads\/2026\/02\/14-1-1024x585.jpg\" class=\"attachment-large size-large wp-image-940\" alt=\"\" srcset=\"https:\/\/shatranj.art\/wp-content\/uploads\/2026\/02\/14-1-1024x585.jpg 1024w, https:\/\/shatranj.art\/wp-content\/uploads\/2026\/02\/14-1-300x171.jpg 300w, https:\/\/shatranj.art\/wp-content\/uploads\/2026\/02\/14-1-768x439.jpg 768w, https:\/\/shatranj.art\/wp-content\/uploads\/2026\/02\/14-1-1536x877.jpg 1536w, https:\/\/shatranj.art\/wp-content\/uploads\/2026\/02\/14-1-2048x1170.jpg 2048w\" sizes=\"(max-width: 800px) 100vw, 800px\" \/>\t\t\t\t\t\t\t\t\t\t\t\t\t\t\t<\/div>\n\t\t\t\t<\/div>\n\t\t\t\t<div class=\"elementor-element elementor-element-118c953 elementor-widget-mobile__width-inherit elementor-widget elementor-widget-image\" data-id=\"118c953\" data-element_type=\"widget\" data-e-type=\"widget\" data-widget_type=\"image.default\">\n\t\t\t\t<div class=\"elementor-widget-container\">\n\t\t\t\t\t\t\t\t\t\t\t\t\t\t\t<img decoding=\"async\" width=\"800\" height=\"488\" src=\"https:\/\/shatranj.art\/wp-content\/uploads\/2026\/02\/14-2-1024x624.jpg\" class=\"attachment-large size-large wp-image-941\" alt=\"\" srcset=\"https:\/\/shatranj.art\/wp-content\/uploads\/2026\/02\/14-2-1024x624.jpg 1024w, https:\/\/shatranj.art\/wp-content\/uploads\/2026\/02\/14-2-300x183.jpg 300w, https:\/\/shatranj.art\/wp-content\/uploads\/2026\/02\/14-2-768x468.jpg 768w, https:\/\/shatranj.art\/wp-content\/uploads\/2026\/02\/14-2-1536x936.jpg 1536w, https:\/\/shatranj.art\/wp-content\/uploads\/2026\/02\/14-2-2048x1249.jpg 2048w\" sizes=\"(max-width: 800px) 100vw, 800px\" \/>\t\t\t\t\t\t\t\t\t\t\t\t\t\t\t<\/div>\n\t\t\t\t<\/div>\n\t\t\t\t<\/div>\n\t\t\t\t<div class=\"elementor-element elementor-element-bbcc28f elementor-widget__width-initial elementor-widget elementor-widget-text-editor\" data-id=\"bbcc28f\" data-element_type=\"widget\" data-e-type=\"widget\" data-widget_type=\"text-editor.default\">\n\t\t\t\t<div class=\"elementor-widget-container\">\n\t\t\t\t\t\t\t\t\t<p><b>Suliho diamant: Tis\u00edcilet\u00fd \u201cne\u0159e\u0161iteln\u00fd\u201d vrchol strategie<\/b><\/p><p>\u00a0<\/p><p>\u201cDiamant\u201d, kter\u00fd v 10. stolet\u00ed slo\u017eil gorgansk\u00fd mistr Ab\u00fa Bakr bin Jahj\u00e1 al-S\u00fal\u00ed, je nejlegend\u00e1rn\u011bj\u0161\u00ed a nejdiskutovan\u011bj\u0161\u00ed h\u00e1dankou v historii \u0161achu. Navzdory naprost\u00e9 vn\u011bj\u0161\u00ed jednoduchosti koncovky, v n\u00ed\u017e na ka\u017ed\u00e9 stran\u011b figuruje pouze kr\u00e1l a ferz (historick\u00fd p\u0159edch\u016fdce d\u00e1my), z\u016fstala tato skladba po cel\u00fdch tis\u00edc let \u201cne\u0159e\u0161iteln\u00fdm\u201d Everestem \u0161achov\u00e9ho sv\u011bta. Tento brilantn\u00ed Al-Suliho v\u00fdtvor je vrcholn\u00fdm man\u00e9vrovac\u00edm um\u011bn\u00edm, kter\u00e9 posouv\u00e1 samotn\u00e9 hranice historick\u00e9ho \u0161achu.<\/p><p>\u00a0<\/p><p><strong>Tajemstv\u00ed v rukopisu S\u00fcleymaniye<\/strong><\/p><p>\u00a0<\/p><p>Nejd\u016fle\u017eit\u011bj\u0161\u00ed z\u00e1znam o t\u00e9to z\u00e1had\u011b se nach\u00e1z\u00ed v kopii Kit\u00e1b a\u0161-\u0160atranj, kter\u00e1 je ulo\u017eena v knihovn\u011b S\u00fcleymaniye v Istanbulu. Str\u00e1nky tohoto konkr\u00e9tn\u00edho rukopisu jsou sice neporu\u0161en\u00e9, ale je z\u0159ejm\u00e9, \u017ee n\u011bkter\u00e9 pozice a tahy byly z p\u016fvodn\u00edho zdroje p\u0159eps\u00e1ny nespr\u00e1vn\u011b nebo ne\u00fapln\u011b. I p\u0159es tyto historick\u00e9 p\u00edsa\u0159sk\u00e9 chyby v\u0161ak \u010d\u00e1ste\u010dn\u00e9 \u0159e\u0161en\u00ed uveden\u00e9 v textu dokonale odpov\u00edd\u00e1 hlubok\u00e9 analytick\u00e9 pr\u00e1ci, kterou ve 20. stolet\u00ed provedl velmistr Jurij Averbakh. Al-Suli zv\u011b\u010dnil v\u00fdlu\u010dnost sv\u00e9ho mistrovstv\u00ed t\u00edmto vyz\u00fdvav\u00fdm tvrzen\u00edm:<\/p><p>\u201cNikdo ji nevy\u0159e\u0161\u00ed, jen ti, kter\u00e9 jsem pov\u011b\u0159il.\u201d<\/p><p>\u00a0<\/p><p><strong>Triumf algoritm\u016f:<\/strong> <strong>shatranj.ai<\/strong><\/p><p>\u00a0<\/p><p>\u201cDiamant\u201d, kter\u00fd po tis\u00edcilet\u00ed budil v lidsk\u00e9 mysli \u00fa\u017eas, byl nyn\u00ed pln\u011b osv\u011btlen silou digit\u00e1ln\u00edho v\u011bku. V r\u00e1mci projektu shatranj.ai byly pomoc\u00ed metod dynamick\u00e9ho programov\u00e1n\u00ed a modern\u00edch algoritm\u016f s povolen\u00fdmi funkcemi \u201chash\u201d (transpozi\u010dn\u00ed tabulky) matematicky vy\u0159e\u0161eny v\u0161echny varianty t\u00e9to geni\u00e1ln\u00ed skladby. Tato cesta, t\u00e1hnouc\u00ed se od \u0159\u00e1dk\u016f rukopis\u016f S\u00fcleymaniye k modern\u00edmu k\u00f3du, je kone\u010dn\u00fdm ov\u011b\u0159en\u00edm Al-Suliho nad\u010dasov\u00e9ho strategick\u00e9ho g\u00e9nia dokazuj\u00edc\u00edho, \u017ee to, co bylo kdysi vyhrazeno mistrov\u00fdm vyvolen\u00fdm \u017e\u00e1k\u016fm, lze nyn\u00ed pochopit jazykem \u010dist\u00e9 logiky.<\/p>\t\t\t\t\t\t\t\t<\/div>\n\t\t\t\t<\/div>\n\t\t\t\t<\/div>\n\t\t\t\t\t<\/div>\n\t\t\t\t<\/div>\n\t\t\t\t<\/div>","protected":false},"excerpt":{"rendered":"<p>The Intellectual Legacy of a Gorganite Aristocrat \u00a0 Al-Suli was not merely the preeminent chess master of his age; he was a &#8220;nadim&#8221; (court companion) to Abbasid Caliphs, a palace historian, and a sharp-witted poet. Born in Gorgan around 870 AD, his lineage traces back to the fortified Fortress of Sul in the Dehistan steppes, [&hellip;]<\/p>\n","protected":false},"author":1,"featured_media":0,"parent":743,"menu_order":0,"comment_status":"closed","ping_status":"closed","template":"","meta":{"footnotes":""},"class_list":["post-936","page","type-page","status-publish","hentry"],"_links":{"self":[{"href":"https:\/\/shatranj.art\/cs\/wp-json\/wp\/v2\/pages\/936","targetHints":{"allow":["GET"]}}],"collection":[{"href":"https:\/\/shatranj.art\/cs\/wp-json\/wp\/v2\/pages"}],"about":[{"href":"https:\/\/shatranj.art\/cs\/wp-json\/wp\/v2\/types\/page"}],"author":[{"embeddable":true,"href":"https:\/\/shatranj.art\/cs\/wp-json\/wp\/v2\/users\/1"}],"replies":[{"embeddable":true,"href":"https:\/\/shatranj.art\/cs\/wp-json\/wp\/v2\/comments?post=936"}],"version-history":[{"count":31,"href":"https:\/\/shatranj.art\/cs\/wp-json\/wp\/v2\/pages\/936\/revisions"}],"predecessor-version":[{"id":1351,"href":"https:\/\/shatranj.art\/cs\/wp-json\/wp\/v2\/pages\/936\/revisions\/1351"}],"up":[{"embeddable":true,"href":"https:\/\/shatranj.art\/cs\/wp-json\/wp\/v2\/pages\/743"}],"wp:attachment":[{"href":"https:\/\/shatranj.art\/cs\/wp-json\/wp\/v2\/media?parent=936"}],"curies":[{"name":"wp","href":"https:\/\/api.w.org\/{rel}","templated":true}]}}