{"id":945,"date":"2026-02-22T14:34:32","date_gmt":"2026-02-22T14:34:32","guid":{"rendered":"https:\/\/shatranj.art\/?page_id=945"},"modified":"2026-02-23T10:43:41","modified_gmt":"2026-02-23T10:43:41","slug":"poster-15","status":"publish","type":"page","link":"https:\/\/shatranj.art\/cs\/exhibit\/poster-15\/","title":{"rendered":"plak\u00e1t 15"},"content":{"rendered":"<div data-elementor-type=\"wp-page\" data-elementor-id=\"945\" class=\"elementor elementor-945\" data-elementor-post-type=\"page\">\n\t\t\t\t<div class=\"elementor-element elementor-element-8fd0c1a e-flex e-con-boxed e-con e-parent\" data-id=\"8fd0c1a\" data-element_type=\"container\" data-e-type=\"container\" data-settings=\"{&quot;background_background&quot;:&quot;classic&quot;}\">\n\t\t\t\t\t<div class=\"e-con-inner\">\n\t\t<div class=\"elementor-element elementor-element-a491ef7 e-con-full e-flex e-con e-child\" data-id=\"a491ef7\" data-element_type=\"container\" data-e-type=\"container\">\n\t\t\t\t<div class=\"elementor-element elementor-element-25c1e59 elementor-widget elementor-widget-image\" data-id=\"25c1e59\" data-element_type=\"widget\" data-e-type=\"widget\" data-widget_type=\"image.default\">\n\t\t\t\t<div class=\"elementor-widget-container\">\n\t\t\t\t\t\t\t\t\t\t\t\t\t\t\t<img fetchpriority=\"high\" decoding=\"async\" width=\"2400\" height=\"1350\" src=\"https:\/\/shatranj.art\/wp-content\/uploads\/2026\/02\/17.jpg\" class=\"attachment-full size-full wp-image-965\" alt=\"\" srcset=\"https:\/\/shatranj.art\/wp-content\/uploads\/2026\/02\/17.jpg 2400w, https:\/\/shatranj.art\/wp-content\/uploads\/2026\/02\/17-300x169.jpg 300w, https:\/\/shatranj.art\/wp-content\/uploads\/2026\/02\/17-1024x576.jpg 1024w, https:\/\/shatranj.art\/wp-content\/uploads\/2026\/02\/17-768x432.jpg 768w, https:\/\/shatranj.art\/wp-content\/uploads\/2026\/02\/17-1536x864.jpg 1536w, https:\/\/shatranj.art\/wp-content\/uploads\/2026\/02\/17-2048x1152.jpg 2048w\" sizes=\"(max-width: 2400px) 100vw, 2400px\" \/>\t\t\t\t\t\t\t\t\t\t\t\t\t\t\t<\/div>\n\t\t\t\t<\/div>\n\t\t\t\t<div class=\"elementor-element elementor-element-ede708d elementor-widget elementor-widget-text-editor\" data-id=\"ede708d\" data-element_type=\"widget\" data-e-type=\"widget\" data-widget_type=\"text-editor.default\">\n\t\t\t\t<div class=\"elementor-widget-container\">\n\t\t\t\t\t\t\t\t\t<h3><b>Tradi\u010dn\u00ed tureck\u00e9 \u0161achy: Strategick\u00e9 d\u011bdictv\u00ed Urfy<\/b><\/h3><p>Tich\u00fd souboj v kav\u00e1rn\u00e1ch Tureck\u00e9 \u0161achy (dama) jsou anatolskou intelektu\u00e1ln\u00ed discipl\u00ednou, kter\u00e1 se od sv\u00fdch z\u00e1padn\u00edch prot\u011bj\u0161k\u016f li\u0161\u00ed jedine\u010dn\u00fdmi pravidly. V t\u00e9to verzi se figurky pohybuj\u00ed ortogon\u00e1ln\u011b dop\u0159edu a do stran, nikoliv diagon\u00e1ln\u011b, co\u017e vytv\u00e1\u0159\u00ed line\u00e1rn\u00ed a mnohem agresivn\u011bj\u0161\u00ed strategick\u00e9 prost\u0159ed\u00ed. Ve starobyl\u00fdch m\u011bstech, jako je \u015eanl\u0131urfa, nen\u00ed Dama pouhou sout\u011b\u017e\u00ed mezi dv\u011bma hr\u00e1\u010di; je to kolektivn\u00ed spole\u010densk\u00fd ritu\u00e1l doprov\u00e1zen\u00fd v\u016fn\u00ed louhovan\u00e9ho \u010daje, koment\u00e1\u0159i div\u00e1k\u016f a hodinami hlubok\u00e9 anal\u00fdzy.<\/p><p>Kultura mistrovstv\u00ed a p\u0159edv\u00eddavosti V damsk\u00e9 kultu\u0159e v Urf\u011b se velikost hr\u00e1\u010de nem\u011b\u0159\u00ed jen v\u00edt\u011bzstv\u00edmi, ale i t\u00edm, kolik tah\u016f dop\u0159edu \u201cvid\u00ed\u201d. Symetrick\u00e1 bitva \u0161estn\u00e1cti figur dosahuje sv\u00e9ho vrcholu, kdy\u017e jedin\u00e1 figurka dos\u00e1hne posledn\u00ed \u0159ady a stane se \u201cdamou\u201d (kr\u00e1lem), \u010d\u00edm\u017e z\u00edsk\u00e1 moc ovl\u00e1dnout celou \u0161achovnici. Tato tradice, odol\u00e1vaj\u00edc\u00ed digit\u00e1ln\u00edmu p\u0159\u00edlivu 21. stolet\u00ed, z\u016fst\u00e1v\u00e1 \u017eivou lekc\u00ed trp\u011blivosti a p\u0159edv\u00eddavosti, p\u0159ed\u00e1vanou z generace na generaci na historick\u00fdch tr\u017ei\u0161t\u00edch v Urf\u011b.\u00a0<\/p>\t\t\t\t\t\t\t\t<\/div>\n\t\t\t\t<\/div>\n\t\t\t\t<\/div>\n\t\t\t\t\t<\/div>\n\t\t\t\t<\/div>\n\t\t\t\t<\/div>","protected":false},"excerpt":{"rendered":"<p>Traditional Turkish Draughts: The Strategic Heritage of Urfa The Silent Duel of the Coffeehouses Turkish Draughts (Dama) is an Anatolian intellectual discipline that stands apart from its Western counterparts through its unique rules. In this version, pieces move orthogonally forwards and sideways rather than diagonally, creating a linear and far more aggressive strategic landscape. In [&hellip;]<\/p>\n","protected":false},"author":1,"featured_media":0,"parent":743,"menu_order":0,"comment_status":"closed","ping_status":"closed","template":"","meta":{"footnotes":""},"class_list":["post-945","page","type-page","status-publish","hentry"],"_links":{"self":[{"href":"https:\/\/shatranj.art\/cs\/wp-json\/wp\/v2\/pages\/945","targetHints":{"allow":["GET"]}}],"collection":[{"href":"https:\/\/shatranj.art\/cs\/wp-json\/wp\/v2\/pages"}],"about":[{"href":"https:\/\/shatranj.art\/cs\/wp-json\/wp\/v2\/types\/page"}],"author":[{"embeddable":true,"href":"https:\/\/shatranj.art\/cs\/wp-json\/wp\/v2\/users\/1"}],"replies":[{"embeddable":true,"href":"https:\/\/shatranj.art\/cs\/wp-json\/wp\/v2\/comments?post=945"}],"version-history":[{"count":25,"href":"https:\/\/shatranj.art\/cs\/wp-json\/wp\/v2\/pages\/945\/revisions"}],"predecessor-version":[{"id":1429,"href":"https:\/\/shatranj.art\/cs\/wp-json\/wp\/v2\/pages\/945\/revisions\/1429"}],"up":[{"embeddable":true,"href":"https:\/\/shatranj.art\/cs\/wp-json\/wp\/v2\/pages\/743"}],"wp:attachment":[{"href":"https:\/\/shatranj.art\/cs\/wp-json\/wp\/v2\/media?parent=945"}],"curies":[{"name":"wp","href":"https:\/\/api.w.org\/{rel}","templated":true}]}}