{"id":954,"date":"2026-02-22T15:10:21","date_gmt":"2026-02-22T15:10:21","guid":{"rendered":"https:\/\/shatranj.art\/?page_id=954"},"modified":"2026-02-24T09:18:28","modified_gmt":"2026-02-24T09:18:28","slug":"poster-16","status":"publish","type":"page","link":"https:\/\/shatranj.art\/cs\/exhibit\/poster-16\/","title":{"rendered":"plak\u00e1t 16"},"content":{"rendered":"<div data-elementor-type=\"wp-page\" data-elementor-id=\"954\" class=\"elementor elementor-954\" data-elementor-post-type=\"page\">\n\t\t\t\t<div class=\"elementor-element elementor-element-05751de e-flex e-con-boxed e-con e-parent\" data-id=\"05751de\" data-element_type=\"container\" data-e-type=\"container\" data-settings=\"{&quot;background_background&quot;:&quot;classic&quot;}\">\n\t\t\t\t\t<div class=\"e-con-inner\">\n\t\t<div class=\"elementor-element elementor-element-415f3f4 e-con-full e-flex e-con e-child\" data-id=\"415f3f4\" data-element_type=\"container\" data-e-type=\"container\">\n\t\t\t\t<div class=\"elementor-element elementor-element-ee52ef0 elementor-widget__width-initial elementor-widget elementor-widget-image\" data-id=\"ee52ef0\" data-element_type=\"widget\" data-e-type=\"widget\" data-widget_type=\"image.default\">\n\t\t\t\t<div class=\"elementor-widget-container\">\n\t\t\t\t\t\t\t\t\t\t\t\t\t\t\t<img fetchpriority=\"high\" decoding=\"async\" width=\"723\" height=\"1024\" src=\"https:\/\/shatranj.art\/wp-content\/uploads\/2026\/02\/16-723x1024.jpg\" class=\"attachment-large size-large wp-image-959\" alt=\"\" srcset=\"https:\/\/shatranj.art\/wp-content\/uploads\/2026\/02\/16-723x1024.jpg 723w, https:\/\/shatranj.art\/wp-content\/uploads\/2026\/02\/16-212x300.jpg 212w, https:\/\/shatranj.art\/wp-content\/uploads\/2026\/02\/16-768x1087.jpg 768w, https:\/\/shatranj.art\/wp-content\/uploads\/2026\/02\/16-1085x1536.jpg 1085w, https:\/\/shatranj.art\/wp-content\/uploads\/2026\/02\/16-1447x2048.jpg 1447w, https:\/\/shatranj.art\/wp-content\/uploads\/2026\/02\/16.jpg 1557w\" sizes=\"(max-width: 723px) 100vw, 723px\" \/>\t\t\t\t\t\t\t\t\t\t\t\t\t\t\t<\/div>\n\t\t\t\t<\/div>\n\t\t\t\t<div class=\"elementor-element elementor-element-bc51b4f elementor-widget__width-initial elementor-widget elementor-widget-text-editor\" data-id=\"bc51b4f\" data-element_type=\"widget\" data-e-type=\"widget\" data-widget_type=\"text-editor.default\">\n\t\t\t\t<div class=\"elementor-widget-container\">\n\t\t\t\t\t\t\t\t\t<h3><b>Bucephalus: Legend\u00e1rn\u00ed duch step\u00ed a v\u00fdboj\u016f<\/b><\/h3><p>Ve staro\u0159e\u010dtin\u011b znamenal \u201cvolsk\u00e1 hlava\u201d (Boukephalos), pravd\u011bpodobn\u011b kv\u016fli jeho \u0161irok\u00e9mu \u010delu nebo cejchu na rameni.Bucephalus je nejikoni\u010dt\u011bj\u0161\u00edm v\u00e1le\u010dn\u00fdm kon\u011bm v historii. Legenda vypr\u00e1v\u00ed, \u017ee ho Fil\u00f3nikos Tesalsk\u00fd nab\u00eddl kr\u00e1li Filipovi II. za z\u00e1vratnou sumu 13 talent\u016f, ale nikdo nedok\u00e1zal zkrotit jeho divok\u00e9ho ducha. Mlad\u00fd Alexandr si v\u0161iml, \u017ee se k\u016f\u0148 pouze boj\u00ed vlastn\u00edho st\u00ednu, a oto\u010dil ho sm\u011brem ke slunci, aby ho uklidnil. Kdy\u017e to vid\u011bl kr\u00e1l Filip, slavn\u011b prohl\u00e1sil: \u201c\u00d3 m\u016fj synu, vyhl\u00e9dni si kr\u00e1lovstv\u00ed, kter\u00e9 bude stejn\u00e9 a hodn\u00e9 tebe sam\u00e9ho, nebo\u0165 Makedonie je pro tebe p\u0159\u00edli\u0161 mal\u00e1!\u201d<\/p><p>\u00a0<\/p><p>Od bitevn\u00edch pol\u00ed k nesmrtelnosti<\/p><p>\u00a0<\/p><p>Bucephalus doprov\u00e1zel Alexandra po celou dobu jeho ta\u017een\u00ed z \u0158ecka do nitra Indie. Sv\u00e9ho p\u00e1na prov\u00e1zel t\u011bmi nejkrvav\u011bj\u0161\u00edmi st\u0159ety, od Graniku a Issu a\u017e po Gaugamelu a bitvu u Hydaspy. V roce 326 p\u0159. n. l. b\u011bhem indick\u00e9ho ta\u017een\u00ed zem\u0159el bu\u010f na n\u00e1sledky zran\u011bn\u00ed z bitvy, nebo st\u00e1\u0159\u00edm (ve v\u011bku necel\u00fdch 30 let). Na jeho po\u010dest zalo\u017eil Alexandr na b\u0159ehu \u0159eky Jhelum v dne\u0161n\u00edm P\u00e1kist\u00e1nu m\u011bsto Alexandria Bucephala.<\/p><p>\u00a0<\/p><p>Kulturn\u00ed d\u011bdictv\u00ed<\/p><p>\u00a0<\/p><p>V d\u011bjin\u00e1ch um\u011bn\u00ed a literatury je Bucephalus symbolem s\u00edly, v\u011brnosti a bystr\u00e9ho instinktu. Ve v\u00fdchodn\u00edch tradic\u00edch, kde je Alexandr \u010dasto ozna\u010dov\u00e1n jako \u201cIskandar\u201d, je Bucephalus zobrazov\u00e1n jako v\u011brn\u00fd spole\u010dn\u00edk obda\u0159en\u00fd nadp\u0159irozen\u00fdmi vlastnostmi. Z\u016fst\u00e1v\u00e1 skute\u010dn\u00fdm \u201cduchem\u201d nejv\u011bt\u0161\u00edho dobyvatele d\u011bjin a p\u0159edstavuje pouto, kter\u00e9 p\u0159esahuje bitevn\u00ed pole.<\/p>\t\t\t\t\t\t\t\t<\/div>\n\t\t\t\t<\/div>\n\t\t\t\t<\/div>\n\t\t\t\t\t<\/div>\n\t\t\t\t<\/div>\n\t\t\t\t<\/div>","protected":false},"excerpt":{"rendered":"<p>Bucephalus: The Legendary Spirit of the Steppes and Conquests Meaning &#8220;Ox-headed&#8221; (Boukephalos) in Ancient Greek likely due to his broad brow or a branding on his shoulder Bucephalus is the most iconic warhorse in history. Legend tells that he was offered to King Philip II by Philonicus the Thessalian for the staggering sum of 13 [&hellip;]<\/p>\n","protected":false},"author":1,"featured_media":0,"parent":743,"menu_order":0,"comment_status":"closed","ping_status":"closed","template":"","meta":{"footnotes":""},"class_list":["post-954","page","type-page","status-publish","hentry"],"_links":{"self":[{"href":"https:\/\/shatranj.art\/cs\/wp-json\/wp\/v2\/pages\/954","targetHints":{"allow":["GET"]}}],"collection":[{"href":"https:\/\/shatranj.art\/cs\/wp-json\/wp\/v2\/pages"}],"about":[{"href":"https:\/\/shatranj.art\/cs\/wp-json\/wp\/v2\/types\/page"}],"author":[{"embeddable":true,"href":"https:\/\/shatranj.art\/cs\/wp-json\/wp\/v2\/users\/1"}],"replies":[{"embeddable":true,"href":"https:\/\/shatranj.art\/cs\/wp-json\/wp\/v2\/comments?post=954"}],"version-history":[{"count":13,"href":"https:\/\/shatranj.art\/cs\/wp-json\/wp\/v2\/pages\/954\/revisions"}],"predecessor-version":[{"id":1579,"href":"https:\/\/shatranj.art\/cs\/wp-json\/wp\/v2\/pages\/954\/revisions\/1579"}],"up":[{"embeddable":true,"href":"https:\/\/shatranj.art\/cs\/wp-json\/wp\/v2\/pages\/743"}],"wp:attachment":[{"href":"https:\/\/shatranj.art\/cs\/wp-json\/wp\/v2\/media?parent=954"}],"curies":[{"name":"wp","href":"https:\/\/api.w.org\/{rel}","templated":true}]}}