{"id":1002,"date":"2026-02-22T16:04:24","date_gmt":"2026-02-22T16:04:24","guid":{"rendered":"https:\/\/shatranj.art\/?page_id=1002"},"modified":"2026-02-23T08:09:23","modified_gmt":"2026-02-23T08:09:23","slug":"poster-22","status":"publish","type":"page","link":"https:\/\/shatranj.art\/da\/exhibit\/poster-22\/","title":{"rendered":"plakat 22"},"content":{"rendered":"<div data-elementor-type=\"wp-page\" data-elementor-id=\"1002\" class=\"elementor elementor-1002\" data-elementor-post-type=\"page\">\n\t\t\t\t<div class=\"elementor-element elementor-element-e27c206 e-flex e-con-boxed e-con e-parent\" data-id=\"e27c206\" data-element_type=\"container\" data-e-type=\"container\" data-settings=\"{&quot;background_background&quot;:&quot;classic&quot;}\">\n\t\t\t\t\t<div class=\"e-con-inner\">\n\t\t\t\t<div class=\"elementor-element elementor-element-702222a elementor-widget__width-initial elementor-widget elementor-widget-heading\" data-id=\"702222a\" data-element_type=\"widget\" data-e-type=\"widget\" data-widget_type=\"heading.default\">\n\t\t\t\t<div class=\"elementor-widget-container\">\n\t\t\t\t\t<h1 class=\"elementor-heading-title elementor-size-default\">Skaks\u00e6ttet fra Varna-olympiaden i 1962:\nCrossless Reproduction<\/h1>\t\t\t\t<\/div>\n\t\t\t\t<\/div>\n\t\t\t\t<div class=\"elementor-element elementor-element-0f1f08f elementor-widget elementor-widget-image\" data-id=\"0f1f08f\" data-element_type=\"widget\" data-e-type=\"widget\" data-widget_type=\"image.default\">\n\t\t\t\t<div class=\"elementor-widget-container\">\n\t\t\t\t\t\t\t\t\t\t\t\t\t\t\t<img fetchpriority=\"high\" decoding=\"async\" width=\"1588\" height=\"1191\" src=\"https:\/\/shatranj.art\/wp-content\/uploads\/2024\/05\/il_1588xN.5358614537_a8l3.jpg\" class=\"attachment-full size-full wp-image-590\" alt=\"\" srcset=\"https:\/\/shatranj.art\/wp-content\/uploads\/2024\/05\/il_1588xN.5358614537_a8l3.jpg 1588w, https:\/\/shatranj.art\/wp-content\/uploads\/2024\/05\/il_1588xN.5358614537_a8l3-300x225.jpg 300w, https:\/\/shatranj.art\/wp-content\/uploads\/2024\/05\/il_1588xN.5358614537_a8l3-1024x768.jpg 1024w, https:\/\/shatranj.art\/wp-content\/uploads\/2024\/05\/il_1588xN.5358614537_a8l3-768x576.jpg 768w, https:\/\/shatranj.art\/wp-content\/uploads\/2024\/05\/il_1588xN.5358614537_a8l3-1536x1152.jpg 1536w\" sizes=\"(max-width: 1588px) 100vw, 1588px\" \/>\t\t\t\t\t\t\t\t\t\t\t\t\t\t\t<\/div>\n\t\t\t\t<\/div>\n\t\t\t\t<div class=\"elementor-element elementor-element-17659f5 elementor-widget elementor-widget-text-editor\" data-id=\"17659f5\" data-element_type=\"widget\" data-e-type=\"widget\" data-widget_type=\"text-editor.default\">\n\t\t\t\t<div class=\"elementor-widget-container\">\n\t\t\t\t\t\t\t\t\t<p data-path-to-node=\"4\">Dette s\u00e6t er en specifik gengivelse af det ikoniske design fra skakolympiaden i Varna i 1962, fremstillet i Bulgarien uden det traditionelle kors. I stedet for en senere \u00e6ndring blev disse brikker produceret ved kilden for at v\u00e6re symbolneutrale. De blev bragt til Tyrkiet af tyrkiske immigranter fra Bulgarien og blev hurtigt en fast bestanddel af Istanbul Chess Association (\u0130SD) efter 1965. Dette bulgarsk producerede design uden kors fungerede til sidst som forl\u00e6g for de ber\u00f8mte \u201cGambit\u201d-s\u00e6t og blev det mest genkendelige og udbredte skaks\u00e6t i moderne tyrkisk historie.<\/p>\t\t\t\t\t\t\t\t<\/div>\n\t\t\t\t<\/div>\n\t\t\t\t<div class=\"elementor-element elementor-element-23b035a elementor-widget elementor-widget-image\" data-id=\"23b035a\" data-element_type=\"widget\" data-e-type=\"widget\" data-widget_type=\"image.default\">\n\t\t\t\t<div class=\"elementor-widget-container\">\n\t\t\t\t\t\t\t\t\t\t\t\t\t\t\t<img decoding=\"async\" width=\"500\" height=\"704\" src=\"https:\/\/shatranj.art\/wp-content\/uploads\/2026\/02\/FA-ismet-artvit-simultane-gambit-takimi.png\" class=\"attachment-full size-full wp-image-852\" alt=\"\" srcset=\"https:\/\/shatranj.art\/wp-content\/uploads\/2026\/02\/FA-ismet-artvit-simultane-gambit-takimi.png 500w, https:\/\/shatranj.art\/wp-content\/uploads\/2026\/02\/FA-ismet-artvit-simultane-gambit-takimi-213x300.png 213w\" sizes=\"(max-width: 500px) 100vw, 500px\" \/>\t\t\t\t\t\t\t\t\t\t\t\t\t\t\t<\/div>\n\t\t\t\t<\/div>\n\t\t\t\t<div class=\"elementor-element elementor-element-0f0f4fe elementor-widget elementor-widget-text-editor\" data-id=\"0f0f4fe\" data-element_type=\"widget\" data-e-type=\"widget\" data-widget_type=\"text-editor.default\">\n\t\t\t\t<div class=\"elementor-widget-container\">\n\t\t\t\t\t\t\t\t\t<p>En hyppig g\u00e6st hos Istanbul Chess Association, FIDE-dommer og immigrant fra Bulgarien, \u0130smet Arvit, laver et tr\u00e6k med Gambit-modelskakbrikker under en samtidig udstilling i Istanbul.<\/p>\t\t\t\t\t\t\t\t<\/div>\n\t\t\t\t<\/div>\n\t\t\t\t\t<\/div>\n\t\t\t\t<\/div>\n\t\t\t\t<\/div>","protected":false},"excerpt":{"rendered":"<p>The Varna 1962 Olympiad chess set: Crossless Reproduction This set is a specific reproduction of the iconic 1962 Varna Chess Olympiad design, manufactured in Bulgaria without the traditional cross. Rather than a later modification, these pieces were produced at the source to be symbol-neutral. They were brought to Turkey by Turkish immigrants from Bulgaria and [&hellip;]<\/p>\n","protected":false},"author":1,"featured_media":0,"parent":743,"menu_order":0,"comment_status":"closed","ping_status":"closed","template":"","meta":{"footnotes":""},"class_list":["post-1002","page","type-page","status-publish","hentry"],"_links":{"self":[{"href":"https:\/\/shatranj.art\/da\/wp-json\/wp\/v2\/pages\/1002","targetHints":{"allow":["GET"]}}],"collection":[{"href":"https:\/\/shatranj.art\/da\/wp-json\/wp\/v2\/pages"}],"about":[{"href":"https:\/\/shatranj.art\/da\/wp-json\/wp\/v2\/types\/page"}],"author":[{"embeddable":true,"href":"https:\/\/shatranj.art\/da\/wp-json\/wp\/v2\/users\/1"}],"replies":[{"embeddable":true,"href":"https:\/\/shatranj.art\/da\/wp-json\/wp\/v2\/comments?post=1002"}],"version-history":[{"count":13,"href":"https:\/\/shatranj.art\/da\/wp-json\/wp\/v2\/pages\/1002\/revisions"}],"predecessor-version":[{"id":1298,"href":"https:\/\/shatranj.art\/da\/wp-json\/wp\/v2\/pages\/1002\/revisions\/1298"}],"up":[{"embeddable":true,"href":"https:\/\/shatranj.art\/da\/wp-json\/wp\/v2\/pages\/743"}],"wp:attachment":[{"href":"https:\/\/shatranj.art\/da\/wp-json\/wp\/v2\/media?parent=1002"}],"curies":[{"name":"wp","href":"https:\/\/api.w.org\/{rel}","templated":true}]}}