{"id":1016,"date":"2026-02-22T16:17:45","date_gmt":"2026-02-22T16:17:45","guid":{"rendered":"https:\/\/shatranj.art\/?page_id=1016"},"modified":"2026-02-24T09:42:49","modified_gmt":"2026-02-24T09:42:49","slug":"poster-24","status":"publish","type":"page","link":"https:\/\/shatranj.art\/da\/exhibit\/poster-24\/","title":{"rendered":"plakat 24"},"content":{"rendered":"<div data-elementor-type=\"wp-page\" data-elementor-id=\"1016\" class=\"elementor elementor-1016\" data-elementor-post-type=\"page\">\n\t\t\t\t<div class=\"elementor-element elementor-element-cbef851 e-flex e-con-boxed e-con e-parent\" data-id=\"cbef851\" data-element_type=\"container\" data-e-type=\"container\" data-settings=\"{&quot;background_background&quot;:&quot;classic&quot;}\">\n\t\t\t\t\t<div class=\"e-con-inner\">\n\t\t<div class=\"elementor-element elementor-element-919ca16 e-con-full e-flex e-con e-child\" data-id=\"919ca16\" data-element_type=\"container\" data-e-type=\"container\">\n\t\t\t\t<div class=\"elementor-element elementor-element-3a8b40d elementor-widget elementor-widget-image\" data-id=\"3a8b40d\" data-element_type=\"widget\" data-e-type=\"widget\" data-widget_type=\"image.default\">\n\t\t\t\t<div class=\"elementor-widget-container\">\n\t\t\t\t\t\t\t\t\t\t\t\t\t\t\t<img fetchpriority=\"high\" decoding=\"async\" width=\"800\" height=\"534\" src=\"https:\/\/shatranj.art\/wp-content\/uploads\/2026\/02\/21-1024x683.jpg\" class=\"attachment-large size-large wp-image-995\" alt=\"\" srcset=\"https:\/\/shatranj.art\/wp-content\/uploads\/2026\/02\/21-1024x683.jpg 1024w, https:\/\/shatranj.art\/wp-content\/uploads\/2026\/02\/21-300x200.jpg 300w, https:\/\/shatranj.art\/wp-content\/uploads\/2026\/02\/21-768x512.jpg 768w, https:\/\/shatranj.art\/wp-content\/uploads\/2026\/02\/21-1536x1024.jpg 1536w, https:\/\/shatranj.art\/wp-content\/uploads\/2026\/02\/21-2048x1366.jpg 2048w\" sizes=\"(max-width: 800px) 100vw, 800px\" \/>\t\t\t\t\t\t\t\t\t\t\t\t\t\t\t<\/div>\n\t\t\t\t<\/div>\n\t\t\t\t<div class=\"elementor-element elementor-element-07a7613 elementor-widget elementor-widget-text-editor\" data-id=\"07a7613\" data-element_type=\"widget\" data-e-type=\"widget\" data-widget_type=\"text-editor.default\">\n\t\t\t\t<div class=\"elementor-widget-container\">\n\t\t\t\t\t\t\t\t\t<p>Skaks\u00e6ttet \u015eAH\u00ce er mere end bare et spil; det er en bro mellem kulturer, epoker og filosofier. S\u00e6ttet er designet til at fremkalde b\u00e5de kejserlige og kongelige f\u00f8lelser og har f\u00e5et sit navn fra et udtryk, der er meget brugt p\u00e5 Balkan og mange slaviske sprog til at henvise til skakspillet.<\/p><p>Ordet \u201c\u015eAH\u00ce\u201d fungerer i sig selv som et kongeligt adjektiv, der betyder \u201cspecifikt for shahen\u201d og har en litter\u00e6r v\u00e6gt, der betyder styrke, storsl\u00e5ethed og strategisk dybde.<\/p><h3><b>Et mesterv\u00e6rk i kulturel udvikling<\/b><\/h3><p>Dette s\u00e6t er designet af den erfarne skakp\u00e6dagog og tidligere f\u00f8rstebr\u00e6tspiller p\u00e5 MIT, Tamer Karatekin, og indkapsler elegant spillets historie. Hver brik er udformet, s\u00e5 den afspejler en unik historisk fort\u00e6lling:<\/p><ul><li style=\"font-weight: 400;\" aria-level=\"1\"><b>G\u00fcl\u015fah (Kongen):<\/b><span style=\"font-weight: 400;\"> Repr\u00e6senterer kuplens hellighed inspireret af strukturer som Hagia Sophia og Pantheon og den intellektuelle arv fra hovedbekl\u00e6dningen.<\/span><\/li><li style=\"font-weight: 400;\" aria-level=\"1\"><b>Sokol (dronningen\/visiren):<\/b><span style=\"font-weight: 400;\"> Opkaldt efter det milit\u00e6re symbol falken og inspireret af det \u00f8strigske caf\u00e9hus-skaks\u00e6ts l\u00f8gkuppelfinale og hjelmdesign, symboliserer det milit\u00e6r autoritet og \u201cvesirens\u201d visdom. Sokolovichi var f\u00f8deby for den mest indflydelsesrige storvesir i Det Osmanniske Rige, Sokollu Mehmet Pasha.<\/span><\/li><li style=\"font-weight: 400;\" aria-level=\"1\"><b>Bukefal (Ridderen):<\/b><span style=\"font-weight: 400;\"> Opkaldt efter Alexander den Stores legendariske hest, der symboliserer den tosidede kulturudveksling mellem \u00f8st og vest.<\/span><\/li><li style=\"font-weight: 400;\" aria-level=\"1\"><b>Shahrukh (T\u00e5rnet):<\/b><span style=\"font-weight: 400;\"> En storsl\u00e5et syntese af den milit\u00e6re evolution, der indeholder elementer fra krigsvognen, t\u00e5rnet, kanonen og skibet. Skakmesteren og h\u00e6rf\u00f8reren Timur gav sin s\u00f8n navnet Shahrukh, da nyheden om hans f\u00f8dsel kom under et skakparti.<\/span><\/li><li style=\"font-weight: 400;\" aria-level=\"1\"><b>Abul-Abbas (biskoppen\/elefanten):<\/b><span style=\"font-weight: 400;\"> Spejler den ikoniske rejse for elefanten, der blev givet til Karl den Store, og sporer skakspillets vandring over tre kontinenter.<\/span><\/li><li style=\"font-weight: 400;\" aria-level=\"1\"><b>R\u00e9gence-Philidor (Bonden):<\/b><span style=\"font-weight: 400;\"> Inspireret af oplysningstidens caf\u00e9er i Paris og Philidors ber\u00f8mte ordsprog: \u201cB\u00f8nderne er skakspillets sj\u00e6l\u201d.<\/span><\/li><\/ul>\t\t\t\t\t\t\t\t<\/div>\n\t\t\t\t<\/div>\n\t\t\t\t<div class=\"elementor-element elementor-element-52a94ef elementor-widget elementor-widget-text-editor\" data-id=\"52a94ef\" data-element_type=\"widget\" data-e-type=\"widget\" data-widget_type=\"text-editor.default\">\n\t\t\t\t<div class=\"elementor-widget-container\">\n\t\t\t\t\t\t\t\t\t<h3><b>Design og form\u00e5l<\/b><\/h3><p>\u015eAH\u00ce-s\u00e6ttet er omhyggeligt forberedt til at fungere som b\u00e5de en kunstnerisk udstilling og et funktionelt v\u00e6rkt\u00f8j til uddannelses- og turneringsbrug. Designfilosofien er forankret i at v\u00e6re kulturelt og \u00e5ndeligt inkluderende, hvilket sikrer, at det v\u00e6kker genklang hos spillere over hele kloden.<\/p><p><b>En arv af st\u00f8tte:<\/b><\/p><p>Produktionen af dette s\u00e6t blev gjort mulig med st\u00f8tte fra Massachusetts Cultural Council og EU's ungdomsprogram.<\/p>\t\t\t\t\t\t\t\t<\/div>\n\t\t\t\t<\/div>\n\t\t\t\t<\/div>\n\t\t\t\t\t<\/div>\n\t\t\t\t<\/div>\n\t\t\t\t<\/div>","protected":false},"excerpt":{"rendered":"<p>The \u015eAH\u00ce Chess Set is more than just a game; it is a bridge between cultures, eras, and philosophies. Designed to evoke both imperial and royal sensations, the set draws its name from a term widely used in the Balkans and many Slavic languages to refer to the game of chess. The word &#8220;\u015eAH\u00ce&#8221; itself [&hellip;]<\/p>\n","protected":false},"author":1,"featured_media":0,"parent":743,"menu_order":0,"comment_status":"closed","ping_status":"closed","template":"","meta":{"footnotes":""},"class_list":["post-1016","page","type-page","status-publish","hentry"],"_links":{"self":[{"href":"https:\/\/shatranj.art\/da\/wp-json\/wp\/v2\/pages\/1016","targetHints":{"allow":["GET"]}}],"collection":[{"href":"https:\/\/shatranj.art\/da\/wp-json\/wp\/v2\/pages"}],"about":[{"href":"https:\/\/shatranj.art\/da\/wp-json\/wp\/v2\/types\/page"}],"author":[{"embeddable":true,"href":"https:\/\/shatranj.art\/da\/wp-json\/wp\/v2\/users\/1"}],"replies":[{"embeddable":true,"href":"https:\/\/shatranj.art\/da\/wp-json\/wp\/v2\/comments?post=1016"}],"version-history":[{"count":19,"href":"https:\/\/shatranj.art\/da\/wp-json\/wp\/v2\/pages\/1016\/revisions"}],"predecessor-version":[{"id":1601,"href":"https:\/\/shatranj.art\/da\/wp-json\/wp\/v2\/pages\/1016\/revisions\/1601"}],"up":[{"embeddable":true,"href":"https:\/\/shatranj.art\/da\/wp-json\/wp\/v2\/pages\/743"}],"wp:attachment":[{"href":"https:\/\/shatranj.art\/da\/wp-json\/wp\/v2\/media?parent=1016"}],"curies":[{"name":"wp","href":"https:\/\/api.w.org\/{rel}","templated":true}]}}