{"id":1021,"date":"2026-02-22T16:28:38","date_gmt":"2026-02-22T16:28:38","guid":{"rendered":"https:\/\/shatranj.art\/?page_id=1021"},"modified":"2026-02-23T05:16:08","modified_gmt":"2026-02-23T05:16:08","slug":"poster-25","status":"publish","type":"page","link":"https:\/\/shatranj.art\/da\/exhibit\/poster-25\/","title":{"rendered":"plakat 25"},"content":{"rendered":"<div data-elementor-type=\"wp-page\" data-elementor-id=\"1021\" class=\"elementor elementor-1021\" data-elementor-post-type=\"page\">\n\t\t\t\t<div class=\"elementor-element elementor-element-3d217f0 e-flex e-con-boxed e-con e-parent\" data-id=\"3d217f0\" data-element_type=\"container\" data-e-type=\"container\" data-settings=\"{&quot;background_background&quot;:&quot;classic&quot;}\">\n\t\t\t\t\t<div class=\"e-con-inner\">\n\t\t<div class=\"elementor-element elementor-element-a3a2689 e-con-full e-flex e-con e-child\" data-id=\"a3a2689\" data-element_type=\"container\" data-e-type=\"container\">\n\t\t\t\t<div class=\"elementor-element elementor-element-fa1aaae elementor-widget__width-initial elementor-widget elementor-widget-image\" data-id=\"fa1aaae\" data-element_type=\"widget\" data-e-type=\"widget\" data-widget_type=\"image.default\">\n\t\t\t\t<div class=\"elementor-widget-container\">\n\t\t\t\t\t\t\t\t\t\t\t\t\t\t\t<img fetchpriority=\"high\" decoding=\"async\" width=\"800\" height=\"463\" src=\"https:\/\/shatranj.art\/wp-content\/uploads\/2026\/02\/25-1024x592.jpg\" class=\"attachment-large size-large wp-image-1023\" alt=\"\" srcset=\"https:\/\/shatranj.art\/wp-content\/uploads\/2026\/02\/25-1024x592.jpg 1024w, https:\/\/shatranj.art\/wp-content\/uploads\/2026\/02\/25-300x173.jpg 300w, https:\/\/shatranj.art\/wp-content\/uploads\/2026\/02\/25-768x444.jpg 768w, https:\/\/shatranj.art\/wp-content\/uploads\/2026\/02\/25-1536x887.jpg 1536w, https:\/\/shatranj.art\/wp-content\/uploads\/2026\/02\/25-2048x1183.jpg 2048w\" sizes=\"(max-width: 800px) 100vw, 800px\" \/>\t\t\t\t\t\t\t\t\t\t\t\t\t\t\t<\/div>\n\t\t\t\t<\/div>\n\t\t\t\t<div class=\"elementor-element elementor-element-cbddf52 elementor-widget__width-initial elementor-widget elementor-widget-text-editor\" data-id=\"cbddf52\" data-element_type=\"widget\" data-e-type=\"widget\" data-widget_type=\"text-editor.default\">\n\t\t\t\t<div class=\"elementor-widget-container\">\n\t\t\t\t\t\t\t\t\t<p><strong>\u015eAH\u00ce Bucephalus: <\/strong><strong>En arv af strategi og kultur<\/strong><\/p><p>Denne figur b\u00e6rer arven fra Philipp Stamma, overs\u00e6tteren fra Aleppo, der er kendt for sit v\u00e6rk Essai sur le jeu des echecs, som blev udgivet i Paris i 1737. Ridderens design med franske kr\u00f8ller i manken repr\u00e6senterer den s\u00f8ml\u00f8se syntese mellem oplysningstidens rationelle tankegang og \u00d8stens \u00e6ldgamle strategiske dybde. Formerne i v\u00e6rket etablerer en kulturel bro, der forener det taktiske geni i \u201cStamma Mate\u201d, som Stamma bragte fra Aleppo til Europa, med den milit\u00e6re styrke i den makedonske hest, Bucephalus.<\/p>\t\t\t\t\t\t\t\t<\/div>\n\t\t\t\t<\/div>\n\t\t\t\t<div class=\"elementor-element elementor-element-f641ab0 elementor-widget__width-initial elementor-widget elementor-widget-text-editor\" data-id=\"f641ab0\" data-element_type=\"widget\" data-e-type=\"widget\" data-widget_type=\"text-editor.default\">\n\t\t\t\t<div class=\"elementor-widget-container\">\n\t\t\t\t\t\t\t\t\t<p><b>1950 Dubrovnik og Staunton: <\/b><b style=\"font-family: -apple-system, BlinkMacSystemFont, 'Segoe UI', Roboto, 'Helvetica Neue', Arial, 'Noto Sans', sans-serif, 'Apple Color Emoji', 'Segoe UI Emoji', 'Segoe UI Symbol', 'Noto Color Emoji';\">Identitet og traditionelle gr\u00e6nser i design<\/b><\/p><p>\u00a0<\/p><p>Dette billede kontrasterer to forskellige designfilosofier i skakverdenen. Dubrovnik-springeren fra 1950 er en brik fuld af karakter, beskrevet af Bobby Fischer som \u201cdet bedste skakdesign, der nogensinde er lavet\u201d, og den skiller sig ud med sine skarpe og skulpturelle linjer. Dynamikken i dens design afspejler skakspillets strategiske \u00e5nd gennem et unikt kunstnerisk sprog.<\/p><p>\u00a0<\/p><p>I mods\u00e6tning hertil opstod Staunton-designet i midten af det 19. \u00e5rhundrede prim\u00e6rt for at forenkle masseproduktionen og sikre ensartethed baseret p\u00e5 traditionelle vestlige former. Fordi det indeholder religi\u00f8se symboler som l\u00f8berens mitra og korset, mangler Staunton-s\u00e6ttet en sekul\u00e6r og inkluderende identitet; i stedet forbliver det begr\u00e6nset inden for gr\u00e6nserne af en specifik traditionel struktur. Forskellen mellem disse to silhuetter fremh\u00e6ver forskellen mellem s\u00f8gen efter en unik karakter i skak og et standardiseret, traditionelt format.<\/p>\t\t\t\t\t\t\t\t<\/div>\n\t\t\t\t<\/div>\n\t\t\t\t<div class=\"elementor-element elementor-element-9b94e22 elementor-widget__width-initial elementor-widget elementor-widget-image\" data-id=\"9b94e22\" data-element_type=\"widget\" data-e-type=\"widget\" data-widget_type=\"image.default\">\n\t\t\t\t<div class=\"elementor-widget-container\">\n\t\t\t\t\t\t\t\t\t\t\t\t\t\t\t<img decoding=\"async\" width=\"800\" height=\"641\" src=\"https:\/\/shatranj.art\/wp-content\/uploads\/2026\/02\/25-1-1024x820.jpg\" class=\"attachment-large size-large wp-image-1024\" alt=\"\" srcset=\"https:\/\/shatranj.art\/wp-content\/uploads\/2026\/02\/25-1-1024x820.jpg 1024w, https:\/\/shatranj.art\/wp-content\/uploads\/2026\/02\/25-1-300x240.jpg 300w, https:\/\/shatranj.art\/wp-content\/uploads\/2026\/02\/25-1-768x615.jpg 768w, https:\/\/shatranj.art\/wp-content\/uploads\/2026\/02\/25-1.jpg 1481w\" sizes=\"(max-width: 800px) 100vw, 800px\" \/>\t\t\t\t\t\t\t\t\t\t\t\t\t\t\t<\/div>\n\t\t\t\t<\/div>\n\t\t\t\t<div class=\"elementor-element elementor-element-7a3f622 elementor-widget__width-initial elementor-widget-tablet__width-inherit elementor-widget elementor-widget-image\" data-id=\"7a3f622\" data-element_type=\"widget\" data-e-type=\"widget\" data-widget_type=\"image.default\">\n\t\t\t\t<div class=\"elementor-widget-container\">\n\t\t\t\t\t\t\t\t\t\t\t\t\t\t\t<img decoding=\"async\" width=\"767\" height=\"1024\" src=\"https:\/\/shatranj.art\/wp-content\/uploads\/2026\/02\/25-2-767x1024.jpg\" class=\"attachment-large size-large wp-image-1025\" alt=\"\" srcset=\"https:\/\/shatranj.art\/wp-content\/uploads\/2026\/02\/25-2-767x1024.jpg 767w, https:\/\/shatranj.art\/wp-content\/uploads\/2026\/02\/25-2-225x300.jpg 225w, https:\/\/shatranj.art\/wp-content\/uploads\/2026\/02\/25-2-768x1025.jpg 768w, https:\/\/shatranj.art\/wp-content\/uploads\/2026\/02\/25-2-1151x1536.jpg 1151w, https:\/\/shatranj.art\/wp-content\/uploads\/2026\/02\/25-2.jpg 1499w\" sizes=\"(max-width: 767px) 100vw, 767px\" \/>\t\t\t\t\t\t\t\t\t\t\t\t\t\t\t<\/div>\n\t\t\t\t<\/div>\n\t\t\t\t<div class=\"elementor-element elementor-element-7e9c0df elementor-widget__width-initial elementor-widget elementor-widget-text-editor\" data-id=\"7e9c0df\" data-element_type=\"widget\" data-e-type=\"widget\" data-widget_type=\"text-editor.default\">\n\t\t\t\t<div class=\"elementor-widget-container\">\n\t\t\t\t\t\t\t\t\t<p><b>Lewis-ridderen: En nordisk arv fra middelalderen<\/b><\/p><p>Denne figur er et mesterv\u00e6rk af skandinavisk h\u00e5ndv\u00e6rk fra det 12. \u00e5rhundrede og er en del af den verdenskendte Lewis Chessmen-samling, der blev opdaget p\u00e5 den skotske Isle of Lewis i 1831. Figuren er omhyggeligt udsk\u00e5ret af hvalroselfenben og dokumenterer skakspillets \u00e6stetiske udvikling, efterh\u00e5nden som det spredte sig over Europa. Afbildningen af den ridende kriger symboliserer den dybe forbindelse mellem spillet og adelen og det milit\u00e6re hierarki i det middelalderlige samfund. Denne ikoniske silhuet er stadig et ekstraordin\u00e6rt vidnesbyrd om \u00e6raens kunstneriske evner og spillets vedvarende status som kunstv\u00e6rk.<\/p>\t\t\t\t\t\t\t\t<\/div>\n\t\t\t\t<\/div>\n\t\t\t\t<div class=\"elementor-element elementor-element-765b6b1 elementor-widget__width-initial elementor-widget elementor-widget-text-editor\" data-id=\"765b6b1\" data-element_type=\"widget\" data-e-type=\"widget\" data-widget_type=\"text-editor.default\">\n\t\t\t\t<div class=\"elementor-widget-container\">\n\t\t\t\t\t\t\t\t\t<p><b>Ridderens tur: Et geometrisk puslespil af intellekt<\/b><\/p><p>The Knight's Tour er baseret p\u00e5 princippet om, at en springer bes\u00f8ger hvert eneste felt p\u00e5 skakbr\u00e6ttet pr\u00e6cis \u00e9n gang. Fra Al-Adli i Bagdad i det 9. \u00e5rhundrede til Leonhard Euler i oplysningstidens Europa i det 18. \u00e5rhundrede har dette problem fascineret genier som en perfekt harmoni mellem matematik og strategi. L\u00f8sningen her viser, hvordan springerens spring skaber en kompleks og fascinerende symmetri, der afsl\u00f8rer skakspillets \u201cgeometriske poesi\u201d og universelle logik.<\/p>\t\t\t\t\t\t\t\t<\/div>\n\t\t\t\t<\/div>\n\t\t\t\t<div class=\"elementor-element elementor-element-e34bfdc elementor-widget__width-initial elementor-widget-tablet__width-inherit elementor-widget elementor-widget-image\" data-id=\"e34bfdc\" data-element_type=\"widget\" data-e-type=\"widget\" data-widget_type=\"image.default\">\n\t\t\t\t<div class=\"elementor-widget-container\">\n\t\t\t\t\t\t\t\t\t\t\t\t\t\t\t<img loading=\"lazy\" decoding=\"async\" width=\"800\" height=\"800\" src=\"https:\/\/shatranj.art\/wp-content\/uploads\/2026\/02\/25-3-1024x1024.jpg\" class=\"attachment-large size-large wp-image-1026\" alt=\"\" srcset=\"https:\/\/shatranj.art\/wp-content\/uploads\/2026\/02\/25-3-1024x1024.jpg 1024w, https:\/\/shatranj.art\/wp-content\/uploads\/2026\/02\/25-3-300x300.jpg 300w, https:\/\/shatranj.art\/wp-content\/uploads\/2026\/02\/25-3-150x150.jpg 150w, https:\/\/shatranj.art\/wp-content\/uploads\/2026\/02\/25-3-768x768.jpg 768w, https:\/\/shatranj.art\/wp-content\/uploads\/2026\/02\/25-3.jpg 1486w\" sizes=\"(max-width: 800px) 100vw, 800px\" \/>\t\t\t\t\t\t\t\t\t\t\t\t\t\t\t<\/div>\n\t\t\t\t<\/div>\n\t\t\t\t<div class=\"elementor-element elementor-element-f59bb1a elementor-widget__width-initial elementor-widget elementor-widget-image\" data-id=\"f59bb1a\" data-element_type=\"widget\" data-e-type=\"widget\" data-widget_type=\"image.default\">\n\t\t\t\t<div class=\"elementor-widget-container\">\n\t\t\t\t\t\t\t\t\t\t\t\t\t\t\t<img loading=\"lazy\" decoding=\"async\" width=\"800\" height=\"537\" src=\"https:\/\/shatranj.art\/wp-content\/uploads\/2026\/02\/25-4-1024x687.jpg\" class=\"attachment-large size-large wp-image-1027\" alt=\"\" srcset=\"https:\/\/shatranj.art\/wp-content\/uploads\/2026\/02\/25-4-1024x687.jpg 1024w, https:\/\/shatranj.art\/wp-content\/uploads\/2026\/02\/25-4-300x201.jpg 300w, https:\/\/shatranj.art\/wp-content\/uploads\/2026\/02\/25-4-768x515.jpg 768w, https:\/\/shatranj.art\/wp-content\/uploads\/2026\/02\/25-4.jpg 1107w\" sizes=\"(max-width: 800px) 100vw, 800px\" \/>\t\t\t\t\t\t\t\t\t\t\t\t\t\t\t<\/div>\n\t\t\t\t<\/div>\n\t\t\t\t<div class=\"elementor-element elementor-element-88ba55c elementor-widget__width-initial elementor-widget elementor-widget-text-editor\" data-id=\"88ba55c\" data-element_type=\"widget\" data-e-type=\"widget\" data-widget_type=\"text-editor.default\">\n\t\t\t\t<div class=\"elementor-widget-container\">\n\t\t\t\t\t\t\t\t\t<p><b>Den legendariske Bucephalus:\u00a0 <\/b><b>Et symbol p\u00e5 erobring og loyalitet<\/b><\/p><p>\u00a0<\/p><p>Denne mosaik forestiller Bucephalus, den makedonske hest og Alexander den Stores n\u00e6rmeste f\u00f8lgesvend. Bucephalus, som forblev ved Alexanders side under alle hans felttog, d\u00f8de i det nuv\u00e6rende Pakistan - i den region, hvor skakspillets historiske r\u00f8dder f\u00f8rst slog igennem. Ud over at repr\u00e6sentere et af historiens mest varige b\u00e5nd mellem mennesker og dyr st\u00e5r denne ikoniske figur som et symbol p\u00e5 det kulturelle krydsfelt mellem \u00f8st og vest med en rejse, der str\u00e6kker sig fra Makedonien til Indus-dalen. Denne historie, der forener milit\u00e6r dygtighed med standhaftig loyalitet, bevarer mindet om en episk rejse, der n\u00e5ede sin afslutning i skakspillets vugge.<\/p>\t\t\t\t\t\t\t\t<\/div>\n\t\t\t\t<\/div>\n\t\t\t\t<\/div>\n\t\t\t\t\t<\/div>\n\t\t\t\t<\/div>\n\t\t\t\t<\/div>","protected":false},"excerpt":{"rendered":"<p>\u015eAH\u00ce Bucephalus: A Legacy of Strategy and Culture This figure carries the legacy of Philipp Stamma, the translator from Aleppo renowned for his work Essai sur le jeu des echecs, published in Paris in 1737. The design of the knight, featuring French curls in its mane, represents the seamless synthesis between the rational mindset of [&hellip;]<\/p>\n","protected":false},"author":1,"featured_media":0,"parent":743,"menu_order":0,"comment_status":"closed","ping_status":"closed","template":"","meta":{"footnotes":""},"class_list":["post-1021","page","type-page","status-publish","hentry"],"_links":{"self":[{"href":"https:\/\/shatranj.art\/da\/wp-json\/wp\/v2\/pages\/1021","targetHints":{"allow":["GET"]}}],"collection":[{"href":"https:\/\/shatranj.art\/da\/wp-json\/wp\/v2\/pages"}],"about":[{"href":"https:\/\/shatranj.art\/da\/wp-json\/wp\/v2\/types\/page"}],"author":[{"embeddable":true,"href":"https:\/\/shatranj.art\/da\/wp-json\/wp\/v2\/users\/1"}],"replies":[{"embeddable":true,"href":"https:\/\/shatranj.art\/da\/wp-json\/wp\/v2\/comments?post=1021"}],"version-history":[{"count":7,"href":"https:\/\/shatranj.art\/da\/wp-json\/wp\/v2\/pages\/1021\/revisions"}],"predecessor-version":[{"id":1243,"href":"https:\/\/shatranj.art\/da\/wp-json\/wp\/v2\/pages\/1021\/revisions\/1243"}],"up":[{"embeddable":true,"href":"https:\/\/shatranj.art\/da\/wp-json\/wp\/v2\/pages\/743"}],"wp:attachment":[{"href":"https:\/\/shatranj.art\/da\/wp-json\/wp\/v2\/media?parent=1021"}],"curies":[{"name":"wp","href":"https:\/\/api.w.org\/{rel}","templated":true}]}}