{"id":1032,"date":"2026-02-22T17:38:33","date_gmt":"2026-02-22T17:38:33","guid":{"rendered":"https:\/\/shatranj.art\/?page_id=1032"},"modified":"2026-02-24T09:08:36","modified_gmt":"2026-02-24T09:08:36","slug":"poster-26","status":"publish","type":"page","link":"https:\/\/shatranj.art\/da\/exhibit\/poster-26\/","title":{"rendered":"plakat 26"},"content":{"rendered":"<div data-elementor-type=\"wp-page\" data-elementor-id=\"1032\" class=\"elementor elementor-1032\" data-elementor-post-type=\"page\">\n\t\t\t\t<div class=\"elementor-element elementor-element-7573e53 e-flex e-con-boxed e-con e-parent\" data-id=\"7573e53\" data-element_type=\"container\" data-e-type=\"container\" data-settings=\"{&quot;background_background&quot;:&quot;classic&quot;}\">\n\t\t\t\t\t<div class=\"e-con-inner\">\n\t\t<div class=\"elementor-element elementor-element-bc8e8e5 e-con-full e-flex e-con e-child\" data-id=\"bc8e8e5\" data-element_type=\"container\" data-e-type=\"container\">\n\t\t\t\t<div class=\"elementor-element elementor-element-8e1f086 elementor-widget__width-initial elementor-widget elementor-widget-image\" data-id=\"8e1f086\" data-element_type=\"widget\" data-e-type=\"widget\" data-widget_type=\"image.default\">\n\t\t\t\t<div class=\"elementor-widget-container\">\n\t\t\t\t\t\t\t\t\t\t\t\t\t\t\t<img fetchpriority=\"high\" decoding=\"async\" width=\"683\" height=\"1024\" src=\"https:\/\/shatranj.art\/wp-content\/uploads\/2026\/02\/26-683x1024.jpg\" class=\"attachment-large size-large wp-image-1035\" alt=\"\" srcset=\"https:\/\/shatranj.art\/wp-content\/uploads\/2026\/02\/26-683x1024.jpg 683w, https:\/\/shatranj.art\/wp-content\/uploads\/2026\/02\/26-200x300.jpg 200w, https:\/\/shatranj.art\/wp-content\/uploads\/2026\/02\/26-768x1152.jpg 768w, https:\/\/shatranj.art\/wp-content\/uploads\/2026\/02\/26.jpg 970w\" sizes=\"(max-width: 683px) 100vw, 683px\" \/>\t\t\t\t\t\t\t\t\t\t\t\t\t\t\t<\/div>\n\t\t\t\t<\/div>\n\t\t\t\t<div class=\"elementor-element elementor-element-e5968dd elementor-widget__width-initial elementor-widget elementor-widget-text-editor\" data-id=\"e5968dd\" data-element_type=\"widget\" data-e-type=\"widget\" data-widget_type=\"text-editor.default\">\n\t\t\t\t<div class=\"elementor-widget-container\">\n\t\t\t\t\t\t\t\t\t<p><b>\u015eAH\u00ce <\/b><b>Abul-Abbas: Elefantens rejse p\u00e5 tv\u00e6rs af tre kontinenter<\/b><\/p><p>\u00a0<\/p><p>Denne figur har sit navn fra den legendariske hvide elefant Abul-Abbas, som den abbasidiske kalif Harun al-Rashid for\u00e6rede til den tysk-romerske kejser Karl den Store i det 9. \u00e5rhundrede. Denne historiske rejse symboliserer skakspillets vandring fra Indien og Mellem\u00f8sten til Europa og markerer en af de tidligste store kulturudvekslinger i historien. Dette design, som repr\u00e6senterer udviklingen af den brik, der i moderne skak er kendt som ubegr\u00e6nset diagonalflytter, er en s\u00f8ml\u00f8s syntese af \u00f8st og vest, hvor gammel \u00f8stlig ikonografi smelter sammen med vestlig strategisk arv. \u201cElefanten\u201d var engang en brik, der var begr\u00e6nset til at springe to felter diagonalt, og her er den genskabt for at \u00e6re sine historiske r\u00f8dder, samtidig med at den omfavner sin moderne rolle p\u00e5 br\u00e6ttet.<\/p><p>\u00a0<\/p><p>Gennem skakhistorien er denne brik blevet kaldt elefant, krokodille, skildpadde, kamel, faneb\u00e6rer, kurer, officer, lanse, l\u00f8ber, j\u00e6ger, bueskytte, g\u00f8gler, diagonalflytter og l\u00f8ber. Dens design i moderne skak er normalt i form af en l\u00f8bermide.<\/p>\t\t\t\t\t\t\t\t<\/div>\n\t\t\t\t<\/div>\n\t\t\t\t<div class=\"elementor-element elementor-element-0eee556 elementor-widget__width-initial elementor-widget elementor-widget-image\" data-id=\"0eee556\" data-element_type=\"widget\" data-e-type=\"widget\" data-widget_type=\"image.default\">\n\t\t\t\t<div class=\"elementor-widget-container\">\n\t\t\t\t\t\t\t\t\t\t\t\t\t\t\t<img decoding=\"async\" width=\"707\" height=\"1024\" src=\"https:\/\/shatranj.art\/wp-content\/uploads\/2026\/02\/26-1-707x1024.jpg\" class=\"attachment-large size-large wp-image-1036\" alt=\"\" srcset=\"https:\/\/shatranj.art\/wp-content\/uploads\/2026\/02\/26-1-707x1024.jpg 707w, https:\/\/shatranj.art\/wp-content\/uploads\/2026\/02\/26-1-207x300.jpg 207w, https:\/\/shatranj.art\/wp-content\/uploads\/2026\/02\/26-1-768x1112.jpg 768w, https:\/\/shatranj.art\/wp-content\/uploads\/2026\/02\/26-1.jpg 990w\" sizes=\"(max-width: 707px) 100vw, 707px\" \/>\t\t\t\t\t\t\t\t\t\t\t\t\t\t\t<\/div>\n\t\t\t\t<\/div>\n\t\t\t\t<\/div>\n\t\t<div class=\"elementor-element elementor-element-8d4ae5d e-con-full e-flex e-con e-child\" data-id=\"8d4ae5d\" data-element_type=\"container\" data-e-type=\"container\">\n\t\t\t\t<div class=\"elementor-element elementor-element-68b6ede elementor-widget__width-initial elementor-widget elementor-widget-image\" data-id=\"68b6ede\" data-element_type=\"widget\" data-e-type=\"widget\" data-widget_type=\"image.default\">\n\t\t\t\t<div class=\"elementor-widget-container\">\n\t\t\t\t\t\t\t\t\t\t\t\t\t\t\t<img decoding=\"async\" width=\"739\" height=\"1024\" src=\"https:\/\/shatranj.art\/wp-content\/uploads\/2026\/02\/26-2-739x1024.jpg\" class=\"attachment-large size-large wp-image-1037\" alt=\"\" srcset=\"https:\/\/shatranj.art\/wp-content\/uploads\/2026\/02\/26-2-739x1024.jpg 739w, https:\/\/shatranj.art\/wp-content\/uploads\/2026\/02\/26-2-216x300.jpg 216w, https:\/\/shatranj.art\/wp-content\/uploads\/2026\/02\/26-2-768x1065.jpg 768w, https:\/\/shatranj.art\/wp-content\/uploads\/2026\/02\/26-2.jpg 976w\" sizes=\"(max-width: 739px) 100vw, 739px\" \/>\t\t\t\t\t\t\t\t\t\t\t\t\t\t\t<\/div>\n\t\t\t\t<\/div>\n\t\t\t\t<div class=\"elementor-element elementor-element-f6ee51c elementor-widget__width-initial elementor-widget elementor-widget-text-editor\" data-id=\"f6ee51c\" data-element_type=\"widget\" data-e-type=\"widget\" data-widget_type=\"text-editor.default\">\n\t\t\t\t<div class=\"elementor-widget-container\">\n\t\t\t\t\t\t\t\t\t<p><b>Elefanten Karl den Store: En majest\u00e6tisk middelalderlig arv<\/b><\/p><p>\u00a0<\/p><p><span style=\"font-weight: 400;\">Denne ber\u00f8mte samling stammer fra det 11. \u00e5rhundrede og menes at stamme fra Syditalien eller Spanien, og den repr\u00e6senterer det ypperste inden for elfenbensh\u00e5ndv\u00e6rk. Denne elefantfigur er en del af de ber\u00f8mte \u201cCharlemagne Chessmen\u201d og skiller sig ud med sine indviklede udsk\u00e6ringer, der afspejler datidens aristokratiske p\u00e5kl\u00e6dning og symbolske elementer. Denne figur dokumenterer skakspillets \u00e6stetiske forvandling, da det vandrede fra den islamiske verden til de europ\u00e6iske hoffer, og viser, at spillet ikke kun var et strategisk v\u00e6rkt\u00f8j, men ogs\u00e5 et st\u00e6rkt symbol p\u00e5 diplomatisk og kulturel magt.<\/span><\/p>\t\t\t\t\t\t\t\t<\/div>\n\t\t\t\t<\/div>\n\t\t\t\t<div class=\"elementor-element elementor-element-40a994a elementor-widget__width-initial elementor-widget elementor-widget-image\" data-id=\"40a994a\" data-element_type=\"widget\" data-e-type=\"widget\" data-widget_type=\"image.default\">\n\t\t\t\t<div class=\"elementor-widget-container\">\n\t\t\t\t\t\t\t\t\t\t\t\t\t\t\t<img loading=\"lazy\" decoding=\"async\" width=\"800\" height=\"1010\" src=\"https:\/\/shatranj.art\/wp-content\/uploads\/2026\/02\/26-3-811x1024.jpg\" class=\"attachment-large size-large wp-image-1038\" alt=\"\" srcset=\"https:\/\/shatranj.art\/wp-content\/uploads\/2026\/02\/26-3-811x1024.jpg 811w, https:\/\/shatranj.art\/wp-content\/uploads\/2026\/02\/26-3-238x300.jpg 238w, https:\/\/shatranj.art\/wp-content\/uploads\/2026\/02\/26-3-768x970.jpg 768w, https:\/\/shatranj.art\/wp-content\/uploads\/2026\/02\/26-3.jpg 1024w\" sizes=\"(max-width: 800px) 100vw, 800px\" \/>\t\t\t\t\t\t\t\t\t\t\t\t\t\t\t<\/div>\n\t\t\t\t<\/div>\n\t\t\t\t<\/div>\n\t\t<div class=\"elementor-element elementor-element-0f85a0b e-con-full e-flex e-con e-child\" data-id=\"0f85a0b\" data-element_type=\"container\" data-e-type=\"container\">\n\t\t<div class=\"elementor-element elementor-element-0dc5372 e-con-full e-flex e-con e-child\" data-id=\"0dc5372\" data-element_type=\"container\" data-e-type=\"container\">\n\t\t\t\t<div class=\"elementor-element elementor-element-3afacdc elementor-widget elementor-widget-image\" data-id=\"3afacdc\" data-element_type=\"widget\" data-e-type=\"widget\" data-widget_type=\"image.default\">\n\t\t\t\t<div class=\"elementor-widget-container\">\n\t\t\t\t\t\t\t\t\t\t\t\t\t\t\t<img loading=\"lazy\" decoding=\"async\" width=\"800\" height=\"641\" src=\"https:\/\/shatranj.art\/wp-content\/uploads\/2026\/02\/26-4-1024x820.jpg\" class=\"attachment-large size-large wp-image-1039\" alt=\"\" srcset=\"https:\/\/shatranj.art\/wp-content\/uploads\/2026\/02\/26-4-1024x820.jpg 1024w, https:\/\/shatranj.art\/wp-content\/uploads\/2026\/02\/26-4-300x240.jpg 300w, https:\/\/shatranj.art\/wp-content\/uploads\/2026\/02\/26-4-768x615.jpg 768w, https:\/\/shatranj.art\/wp-content\/uploads\/2026\/02\/26-4.jpg 1307w\" sizes=\"(max-width: 800px) 100vw, 800px\" \/>\t\t\t\t\t\t\t\t\t\t\t\t\t\t\t<\/div>\n\t\t\t\t<\/div>\n\t\t\t\t<div class=\"elementor-element elementor-element-aab0574 elementor-widget elementor-widget-text-editor\" data-id=\"aab0574\" data-element_type=\"widget\" data-e-type=\"widget\" data-widget_type=\"text-editor.default\">\n\t\t\t\t<div class=\"elementor-widget-container\">\n\t\t\t\t\t\t\t\t\t<p><b>1950 Dubrovnik og Staunton Bishops: Form og symbolik<\/b><\/p><p>\u00a0<\/p><p><span style=\"font-weight: 400;\">Dette billede viser, hvordan to forskellige designfilosofier afspejles i biskopperne (den f\u00f8rste og tredje brik fra venstre tilh\u00f8rer Dubrovnik-s\u00e6ttet). Dubrovnik-bispen fra 1950 tilbyder en mere sekul\u00e6r og moderne \u00e6stetik, defineret af dens elegante silhuet og fine detaljer, fri for religi\u00f8se symboler. I mods\u00e6tning hertil f\u00f8lger Staunton-biskoppen traditionelle kristne former med en fremtr\u00e6dende mitra, der er et religi\u00f8st symbol i en mere stiv og robust struktur. Forskellen mellem Dubrovniks dynamiske, inkluderende design og Stauntons traditionelle gr\u00e6nser viser, hvordan skakbrikker fungerer som repr\u00e6sentationer af kulturel identitet.<\/span><\/p>\t\t\t\t\t\t\t\t<\/div>\n\t\t\t\t<\/div>\n\t\t\t\t<\/div>\n\t\t<div class=\"elementor-element elementor-element-b8ec708 e-con-full e-flex e-con e-child\" data-id=\"b8ec708\" data-element_type=\"container\" data-e-type=\"container\">\n\t\t\t\t<div class=\"elementor-element elementor-element-3d9231a elementor-widget elementor-widget-image\" data-id=\"3d9231a\" data-element_type=\"widget\" data-e-type=\"widget\" data-widget_type=\"image.default\">\n\t\t\t\t<div class=\"elementor-widget-container\">\n\t\t\t\t\t\t\t\t\t\t\t\t\t\t\t<img loading=\"lazy\" decoding=\"async\" width=\"696\" height=\"1024\" src=\"https:\/\/shatranj.art\/wp-content\/uploads\/2026\/02\/26-5-696x1024.jpg\" class=\"attachment-large size-large wp-image-1040\" alt=\"\" srcset=\"https:\/\/shatranj.art\/wp-content\/uploads\/2026\/02\/26-5-696x1024.jpg 696w, https:\/\/shatranj.art\/wp-content\/uploads\/2026\/02\/26-5-204x300.jpg 204w, https:\/\/shatranj.art\/wp-content\/uploads\/2026\/02\/26-5-768x1130.jpg 768w, https:\/\/shatranj.art\/wp-content\/uploads\/2026\/02\/26-5-1044x1536.jpg 1044w, https:\/\/shatranj.art\/wp-content\/uploads\/2026\/02\/26-5.jpg 1113w\" sizes=\"(max-width: 696px) 100vw, 696px\" \/>\t\t\t\t\t\t\t\t\t\t\t\t\t\t\t<\/div>\n\t\t\t\t<\/div>\n\t\t\t\t<div class=\"elementor-element elementor-element-556ae15 elementor-widget elementor-widget-text-editor\" data-id=\"556ae15\" data-element_type=\"widget\" data-e-type=\"widget\" data-widget_type=\"text-editor.default\">\n\t\t\t\t<div class=\"elementor-widget-container\">\n\t\t\t\t\t\t\t\t\t<p><b>Dominic Snow Bishop: En moderne strategisk form<\/b><\/p><p>\u00a0<\/p><p><span style=\"font-weight: 400;\">Dette v\u00e6rk, der afspejler kunstneren Dominic Snows kreative vision, giver de traditionelle skakfigurer et moderne, skulpturelt liv. Dens flydende form og ekstraordin\u00e6re farveovergange overskrider l\u00f8berens konventionelle gr\u00e6nser og omdefinerer spillets klassiske elementer gennem et kunstnerisk udtryk. Figuren er et vidnesbyrd om, at skak ikke blot er en kamp mellem hjerner, men en \u00e6stetisk oplevelse med dybe visuelle og intellektuelle lag.<\/span><\/p>\t\t\t\t\t\t\t\t<\/div>\n\t\t\t\t<\/div>\n\t\t\t\t<\/div>\n\t\t<div class=\"elementor-element elementor-element-f39a3b4 e-con-full e-flex e-con e-child\" data-id=\"f39a3b4\" data-element_type=\"container\" data-e-type=\"container\">\n\t\t\t\t<div class=\"elementor-element elementor-element-8a9ba6b elementor-widget elementor-widget-image\" data-id=\"8a9ba6b\" data-element_type=\"widget\" data-e-type=\"widget\" data-widget_type=\"image.default\">\n\t\t\t\t<div class=\"elementor-widget-container\">\n\t\t\t\t\t\t\t\t\t\t\t\t\t\t\t<img loading=\"lazy\" decoding=\"async\" width=\"800\" height=\"520\" src=\"https:\/\/shatranj.art\/wp-content\/uploads\/2026\/02\/26-6-1024x665.jpg\" class=\"attachment-large size-large wp-image-1041\" alt=\"\" srcset=\"https:\/\/shatranj.art\/wp-content\/uploads\/2026\/02\/26-6-1024x665.jpg 1024w, https:\/\/shatranj.art\/wp-content\/uploads\/2026\/02\/26-6-300x195.jpg 300w, https:\/\/shatranj.art\/wp-content\/uploads\/2026\/02\/26-6-768x499.jpg 768w, https:\/\/shatranj.art\/wp-content\/uploads\/2026\/02\/26-6.jpg 1491w\" sizes=\"(max-width: 800px) 100vw, 800px\" \/>\t\t\t\t\t\t\t\t\t\t\t\t\t\t\t<\/div>\n\t\t\t\t<\/div>\n\t\t\t\t<div class=\"elementor-element elementor-element-ae04c33 elementor-widget elementor-widget-text-editor\" data-id=\"ae04c33\" data-element_type=\"widget\" data-e-type=\"widget\" data-widget_type=\"text-editor.default\">\n\t\t\t\t<div class=\"elementor-widget-container\">\n\t\t\t\t\t\t\t\t\t<p><b>Skakelefant fra Timurid-\u00e6raen<\/b> <span style=\"font-weight: 400;\"><br \/><\/span><span style=\"font-weight: 400;\"><br \/><\/span>Dette h\u00e5ndsk\u00e5rne stenstykke illustrerer den historiske overgang fra figurativ realisme til islamisk abstraktion. Den tydelige \u201ctohornede\u201d form er en symbolsk fremstilling af en elefants st\u00f8dt\u00e6nder - et design, der spredte sig over Mellem\u00f8sten og Middelhavet. Mens engl\u00e6nderne senere tog navnet \u201cBishop\u201d til sig, bevarede spanierne den oprindelige arabiske rod som Alfil (Elefanten), og franskm\u00e6ndene udviklede udtrykket fonetisk til Le Fou. Dette stykke er stadig et vidnesbyrd om den oprindelige elefantfigurs varige arv og spillets universelle \u00e5nd.<\/p>\t\t\t\t\t\t\t\t<\/div>\n\t\t\t\t<\/div>\n\t\t\t\t<div class=\"elementor-element elementor-element-909cf0f elementor-widget elementor-widget-image\" data-id=\"909cf0f\" data-element_type=\"widget\" data-e-type=\"widget\" data-widget_type=\"image.default\">\n\t\t\t\t<div class=\"elementor-widget-container\">\n\t\t\t\t\t\t\t\t\t\t\t\t\t\t\t<img loading=\"lazy\" decoding=\"async\" width=\"116\" height=\"90\" src=\"https:\/\/shatranj.art\/wp-content\/uploads\/2026\/02\/nishapur-elephant-piece.jpg\" class=\"attachment-large size-large wp-image-1570\" alt=\"\" srcset=\"https:\/\/shatranj.art\/wp-content\/uploads\/2026\/02\/nishapur-elephant-piece.jpg 116w, https:\/\/shatranj.art\/wp-content\/uploads\/2026\/02\/nishapur-elephant-piece-15x12.jpg 15w\" sizes=\"(max-width: 116px) 100vw, 116px\" \/>\t\t\t\t\t\t\t\t\t\t\t\t\t\t\t<\/div>\n\t\t\t\t<\/div>\n\t\t\t\t<div class=\"elementor-element elementor-element-36cfba7 elementor-widget elementor-widget-text-editor\" data-id=\"36cfba7\" data-element_type=\"widget\" data-e-type=\"widget\" data-widget_type=\"text-editor.default\">\n\t\t\t\t<div class=\"elementor-widget-container\">\n\t\t\t\t\t\t\t\t\t<p><b>Elefantstykke fra Nishapur, 9. \u00e5rhundrede<br \/><br \/><\/b>Lignende formede elefanter blev brugt i Spanien og ses som skakikoner i Libro del Acedrez, der blev skrevet i Spanien i det 13. \u00e5rhundrede.<\/p>\t\t\t\t\t\t\t\t<\/div>\n\t\t\t\t<\/div>\n\t\t\t\t<\/div>\n\t\t\t\t<\/div>\n\t\t\t\t\t<\/div>\n\t\t\t\t<\/div>\n\t\t\t\t<\/div>","protected":false},"excerpt":{"rendered":"<p>\u015eAH\u00ce Abul-Abbas: The Elephant\u2019s Journey Across Three Continents \u00a0 This figure takes its name from the legendary white elephant, Abul-Abbas, gifted by the Abbasid Caliph Harun al-Rashid to the Holy Roman Emperor Charlemagne in the 9th century. This historical voyage symbolizes the migration of chess from India and the Middle East to Europe, marking one [&hellip;]<\/p>\n","protected":false},"author":1,"featured_media":0,"parent":743,"menu_order":0,"comment_status":"closed","ping_status":"closed","template":"","meta":{"footnotes":""},"class_list":["post-1032","page","type-page","status-publish","hentry"],"_links":{"self":[{"href":"https:\/\/shatranj.art\/da\/wp-json\/wp\/v2\/pages\/1032","targetHints":{"allow":["GET"]}}],"collection":[{"href":"https:\/\/shatranj.art\/da\/wp-json\/wp\/v2\/pages"}],"about":[{"href":"https:\/\/shatranj.art\/da\/wp-json\/wp\/v2\/types\/page"}],"author":[{"embeddable":true,"href":"https:\/\/shatranj.art\/da\/wp-json\/wp\/v2\/users\/1"}],"replies":[{"embeddable":true,"href":"https:\/\/shatranj.art\/da\/wp-json\/wp\/v2\/comments?post=1032"}],"version-history":[{"count":22,"href":"https:\/\/shatranj.art\/da\/wp-json\/wp\/v2\/pages\/1032\/revisions"}],"predecessor-version":[{"id":1576,"href":"https:\/\/shatranj.art\/da\/wp-json\/wp\/v2\/pages\/1032\/revisions\/1576"}],"up":[{"embeddable":true,"href":"https:\/\/shatranj.art\/da\/wp-json\/wp\/v2\/pages\/743"}],"wp:attachment":[{"href":"https:\/\/shatranj.art\/da\/wp-json\/wp\/v2\/media?parent=1032"}],"curies":[{"name":"wp","href":"https:\/\/api.w.org\/{rel}","templated":true}]}}