{"id":1115,"date":"2026-02-22T19:38:33","date_gmt":"2026-02-22T19:38:33","guid":{"rendered":"https:\/\/shatranj.art\/?page_id=1115"},"modified":"2026-02-23T05:23:39","modified_gmt":"2026-02-23T05:23:39","slug":"poster-30","status":"publish","type":"page","link":"https:\/\/shatranj.art\/da\/exhibit\/poster-30\/","title":{"rendered":"plakat 30"},"content":{"rendered":"<div data-elementor-type=\"wp-page\" data-elementor-id=\"1115\" class=\"elementor elementor-1115\" data-elementor-post-type=\"page\">\n\t\t\t\t<div class=\"elementor-element elementor-element-98c0e8e e-flex e-con-boxed e-con e-parent\" data-id=\"98c0e8e\" data-element_type=\"container\" data-e-type=\"container\" data-settings=\"{&quot;background_background&quot;:&quot;classic&quot;}\">\n\t\t\t\t\t<div class=\"e-con-inner\">\n\t\t<div class=\"elementor-element elementor-element-ab167a6 e-con-full e-flex e-con e-child\" data-id=\"ab167a6\" data-element_type=\"container\" data-e-type=\"container\">\n\t\t\t\t<div class=\"elementor-element elementor-element-37084a7 elementor-widget__width-initial elementor-widget elementor-widget-image\" data-id=\"37084a7\" data-element_type=\"widget\" data-e-type=\"widget\" data-widget_type=\"image.default\">\n\t\t\t\t<div class=\"elementor-widget-container\">\n\t\t\t\t\t\t\t\t\t\t\t\t\t\t\t<img fetchpriority=\"high\" decoding=\"async\" width=\"683\" height=\"1024\" src=\"https:\/\/shatranj.art\/wp-content\/uploads\/2026\/02\/30-683x1024.jpg\" class=\"attachment-large size-large wp-image-1118\" alt=\"\" srcset=\"https:\/\/shatranj.art\/wp-content\/uploads\/2026\/02\/30-683x1024.jpg 683w, https:\/\/shatranj.art\/wp-content\/uploads\/2026\/02\/30-200x300.jpg 200w, https:\/\/shatranj.art\/wp-content\/uploads\/2026\/02\/30-768x1152.jpg 768w, https:\/\/shatranj.art\/wp-content\/uploads\/2026\/02\/30-1024x1536.jpg 1024w, https:\/\/shatranj.art\/wp-content\/uploads\/2026\/02\/30-8x12.jpg 8w, https:\/\/shatranj.art\/wp-content\/uploads\/2026\/02\/30.jpg 1085w\" sizes=\"(max-width: 683px) 100vw, 683px\" \/>\t\t\t\t\t\t\t\t\t\t\t\t\t\t\t<\/div>\n\t\t\t\t<\/div>\n\t\t\t\t<div class=\"elementor-element elementor-element-c04f36b elementor-widget__width-initial elementor-widget-tablet__width-inherit elementor-widget elementor-widget-text-editor\" data-id=\"c04f36b\" data-element_type=\"widget\" data-e-type=\"widget\" data-widget_type=\"text-editor.default\">\n\t\t\t\t<div class=\"elementor-widget-container\">\n\t\t\t\t\t\t\t\t\t<p><b>\u015eAH\u00ce vizier\/dronningestykke:<\/b><span style=\"font-weight: 400;\"><br \/><\/span><span style=\"font-weight: 400;\"><br \/><\/span><\/p><p>Sokol, der betyder \u201cfalk\u201d p\u00e5 slaviske sprog, symboliserer milit\u00e6r magt med sit navn og det timuridiske spiralhjelmdesign. \u201cSokolovichi\u201d, som betyder \u201cfalkenes landsby\u201d, var f\u00f8destedet for Sokollu Mehmed Pasha, en af de mest ber\u00f8mte vesirer, der formede b\u00e5de \u00f8st og vest.<\/p><p><br \/>Den h\u00f8je, spirlignende form og det omvendte pennedesign signalerer vesirens autoritet og visdom. Den ottekantede skive repr\u00e6senterer de moderne bev\u00e6gelser i dette stykke. Historisk set kunne firzen\/viziren kun flytte et felt diagonalt.<\/p><p><br \/>I tidens l\u00f8b er denne skakbrik blevet kaldt Mantri, Firz, Vizier, Advisor, Minister, General, Leader, Vierge, Dame, Donna, Lady og Queen.<\/p>\t\t\t\t\t\t\t\t<\/div>\n\t\t\t\t<\/div>\n\t\t\t\t<div class=\"elementor-element elementor-element-cd19c67 elementor-widget__width-initial elementor-widget elementor-widget-image\" data-id=\"cd19c67\" data-element_type=\"widget\" data-e-type=\"widget\" data-widget_type=\"image.default\">\n\t\t\t\t<div class=\"elementor-widget-container\">\n\t\t\t\t\t\t\t\t\t\t\t\t\t\t\t<img decoding=\"async\" width=\"683\" height=\"1024\" src=\"https:\/\/shatranj.art\/wp-content\/uploads\/2026\/02\/30-1-683x1024.jpg\" class=\"attachment-large size-large wp-image-1119\" alt=\"\" srcset=\"https:\/\/shatranj.art\/wp-content\/uploads\/2026\/02\/30-1-683x1024.jpg 683w, https:\/\/shatranj.art\/wp-content\/uploads\/2026\/02\/30-1-200x300.jpg 200w, https:\/\/shatranj.art\/wp-content\/uploads\/2026\/02\/30-1-768x1152.jpg 768w, https:\/\/shatranj.art\/wp-content\/uploads\/2026\/02\/30-1-1024x1536.jpg 1024w, https:\/\/shatranj.art\/wp-content\/uploads\/2026\/02\/30-1-8x12.jpg 8w, https:\/\/shatranj.art\/wp-content\/uploads\/2026\/02\/30-1.jpg 1090w\" sizes=\"(max-width: 683px) 100vw, 683px\" \/>\t\t\t\t\t\t\t\t\t\t\t\t\t\t\t<\/div>\n\t\t\t\t<\/div>\n\t\t\t\t<\/div>\n\t\t<div class=\"elementor-element elementor-element-cdc39f8 e-con-full e-flex e-con e-child\" data-id=\"cdc39f8\" data-element_type=\"container\" data-e-type=\"container\">\n\t\t<div class=\"elementor-element elementor-element-88c4f8e e-con-full e-flex e-con e-child\" data-id=\"88c4f8e\" data-element_type=\"container\" data-e-type=\"container\">\n\t\t\t\t<div class=\"elementor-element elementor-element-715b2a6 elementor-widget elementor-widget-image\" data-id=\"715b2a6\" data-element_type=\"widget\" data-e-type=\"widget\" data-widget_type=\"image.default\">\n\t\t\t\t<div class=\"elementor-widget-container\">\n\t\t\t\t\t\t\t\t\t\t\t\t\t\t\t<img decoding=\"async\" width=\"655\" height=\"1024\" src=\"https:\/\/shatranj.art\/wp-content\/uploads\/2026\/02\/30-4-655x1024.jpg\" class=\"attachment-large size-large wp-image-1122\" alt=\"\" srcset=\"https:\/\/shatranj.art\/wp-content\/uploads\/2026\/02\/30-4-655x1024.jpg 655w, https:\/\/shatranj.art\/wp-content\/uploads\/2026\/02\/30-4-192x300.jpg 192w, https:\/\/shatranj.art\/wp-content\/uploads\/2026\/02\/30-4-768x1201.jpg 768w, https:\/\/shatranj.art\/wp-content\/uploads\/2026\/02\/30-4-982x1536.jpg 982w, https:\/\/shatranj.art\/wp-content\/uploads\/2026\/02\/30-4-8x12.jpg 8w, https:\/\/shatranj.art\/wp-content\/uploads\/2026\/02\/30-4.jpg 1027w\" sizes=\"(max-width: 655px) 100vw, 655px\" \/>\t\t\t\t\t\t\t\t\t\t\t\t\t\t\t<\/div>\n\t\t\t\t<\/div>\n\t\t\t\t<div class=\"elementor-element elementor-element-02f6e81 elementor-widget-tablet__width-inherit elementor-widget elementor-widget-text-editor\" data-id=\"02f6e81\" data-element_type=\"widget\" data-e-type=\"widget\" data-widget_type=\"text-editor.default\">\n\t\t\t\t<div class=\"elementor-widget-container\">\n\t\t\t\t\t\t\t\t\t<p><b>Syditaliensk vesir fra det 12. \u00e5rhundrede<\/b> <span style=\"font-weight: 400;\"><br \/><\/span><span style=\"font-weight: 400;\"><br \/><\/span><span style=\"font-weight: 400;\">Dette elfenbensstykke fra det 12. \u00e5rhundrede forestiller en mandlig r\u00e5dgiver (Vizier), der sidder p\u00e5 en trone, snarere end en dronning. Det afspejler stykkets historiske rolle som kongelig r\u00e5dgiver og datidens monarkiske symbolik, f\u00f8r det senere overgik til en kvindefigur i Europa.\u00a0<\/span><\/p>\t\t\t\t\t\t\t\t<\/div>\n\t\t\t\t<\/div>\n\t\t\t\t<\/div>\n\t\t<div class=\"elementor-element elementor-element-79c00e3 e-con-full e-flex e-con e-child\" data-id=\"79c00e3\" data-element_type=\"container\" data-e-type=\"container\">\n\t\t\t\t<div class=\"elementor-element elementor-element-6a3ee3e elementor-widget elementor-widget-image\" data-id=\"6a3ee3e\" data-element_type=\"widget\" data-e-type=\"widget\" data-widget_type=\"image.default\">\n\t\t\t\t<div class=\"elementor-widget-container\">\n\t\t\t\t\t\t\t\t\t\t\t\t\t\t\t<img loading=\"lazy\" decoding=\"async\" width=\"674\" height=\"1024\" src=\"https:\/\/shatranj.art\/wp-content\/uploads\/2026\/02\/30-5-674x1024.jpg\" class=\"attachment-large size-large wp-image-1123\" alt=\"\" srcset=\"https:\/\/shatranj.art\/wp-content\/uploads\/2026\/02\/30-5-674x1024.jpg 674w, https:\/\/shatranj.art\/wp-content\/uploads\/2026\/02\/30-5-198x300.jpg 198w, https:\/\/shatranj.art\/wp-content\/uploads\/2026\/02\/30-5-768x1166.jpg 768w, https:\/\/shatranj.art\/wp-content\/uploads\/2026\/02\/30-5-1012x1536.jpg 1012w, https:\/\/shatranj.art\/wp-content\/uploads\/2026\/02\/30-5-8x12.jpg 8w, https:\/\/shatranj.art\/wp-content\/uploads\/2026\/02\/30-5.jpg 1026w\" sizes=\"(max-width: 674px) 100vw, 674px\" \/>\t\t\t\t\t\t\t\t\t\t\t\t\t\t\t<\/div>\n\t\t\t\t<\/div>\n\t\t\t\t<div class=\"elementor-element elementor-element-eca811b elementor-widget-tablet__width-inherit elementor-widget elementor-widget-text-editor\" data-id=\"eca811b\" data-element_type=\"widget\" data-e-type=\"widget\" data-widget_type=\"text-editor.default\">\n\t\t\t\t<div class=\"elementor-widget-container\">\n\t\t\t\t\t\t\t\t\t<p><b>Den iranske vesir: Bozorgmehr<\/b> <span style=\"font-weight: 400;\"><br \/><\/span><span style=\"font-weight: 400;\"><br \/><\/span><span style=\"font-weight: 400;\">Denne statue forestiller Bozorgmehr, den legendariske storvisir i det sassanidiske rige. Fejret i den <\/span><i><span style=\"font-weight: 400;\">Shahnameh<\/span><\/i><span style=\"font-weight: 400;\"> Han er kendt for sin ekstraordin\u00e6re visdom og for at have skrevet den f\u00f8rste kendte afhandling om skak efter at have dechifreret spillets logik. Denne figur legemligg\u00f8r den persiske strategiarv og den intellektuelle storhed i sassanidernes \u00e6ra.\u00a0<\/span><\/p>\t\t\t\t\t\t\t\t<\/div>\n\t\t\t\t<\/div>\n\t\t\t\t<\/div>\n\t\t<div class=\"elementor-element elementor-element-640763c e-con-full e-flex e-con e-child\" data-id=\"640763c\" data-element_type=\"container\" data-e-type=\"container\">\n\t\t\t\t<div class=\"elementor-element elementor-element-72b86e1 elementor-widget elementor-widget-image\" data-id=\"72b86e1\" data-element_type=\"widget\" data-e-type=\"widget\" data-widget_type=\"image.default\">\n\t\t\t\t<div class=\"elementor-widget-container\">\n\t\t\t\t\t\t\t\t\t\t\t\t\t\t\t<img loading=\"lazy\" decoding=\"async\" width=\"649\" height=\"1024\" src=\"https:\/\/shatranj.art\/wp-content\/uploads\/2026\/02\/30-6-649x1024.jpg\" class=\"attachment-large size-large wp-image-1124\" alt=\"\" srcset=\"https:\/\/shatranj.art\/wp-content\/uploads\/2026\/02\/30-6-649x1024.jpg 649w, https:\/\/shatranj.art\/wp-content\/uploads\/2026\/02\/30-6-190x300.jpg 190w, https:\/\/shatranj.art\/wp-content\/uploads\/2026\/02\/30-6-768x1211.jpg 768w, https:\/\/shatranj.art\/wp-content\/uploads\/2026\/02\/30-6-974x1536.jpg 974w, https:\/\/shatranj.art\/wp-content\/uploads\/2026\/02\/30-6-8x12.jpg 8w, https:\/\/shatranj.art\/wp-content\/uploads\/2026\/02\/30-6.jpg 1027w\" sizes=\"(max-width: 649px) 100vw, 649px\" \/>\t\t\t\t\t\t\t\t\t\t\t\t\t\t\t<\/div>\n\t\t\t\t<\/div>\n\t\t\t\t<div class=\"elementor-element elementor-element-0d091a5 elementor-widget-tablet__width-inherit elementor-widget elementor-widget-text-editor\" data-id=\"0d091a5\" data-element_type=\"widget\" data-e-type=\"widget\" data-widget_type=\"text-editor.default\">\n\t\t\t\t<div class=\"elementor-widget-container\">\n\t\t\t\t\t\t\t\t\t<p><b>Shatranj-vizier i elfenben fra det 9. \u00e5rhundrede<\/b> <span style=\"font-weight: 400;\"><br \/><\/span><span style=\"font-weight: 400;\"><br \/><\/span>Denne sj\u00e6ldne elfenbensgenstand repr\u00e6senterer \u201cVezir\u201d (Fers) fra Shatranj, den middelalderlige forfader til moderne skak. Dens design afspejler et visuelt sprog, der var almindeligt i hele Middelhavsomr\u00e5det i denne periode. I mods\u00e6tning til den moderne dronning havde denne vesir begr\u00e6nset mobilitet og kunne kun bev\u00e6ge sig et felt diagonalt, hvilket formede det langsommere, mere taktiske tempo i spillet p\u00e5 det tidspunkt.<\/p>\t\t\t\t\t\t\t\t<\/div>\n\t\t\t\t<\/div>\n\t\t\t\t<\/div>\n\t\t<div class=\"elementor-element elementor-element-7d0682e e-con-full e-flex e-con e-child\" data-id=\"7d0682e\" data-element_type=\"container\" data-e-type=\"container\">\n\t\t\t\t<div class=\"elementor-element elementor-element-09add86 elementor-widget elementor-widget-image\" data-id=\"09add86\" data-element_type=\"widget\" data-e-type=\"widget\" data-widget_type=\"image.default\">\n\t\t\t\t<div class=\"elementor-widget-container\">\n\t\t\t\t\t\t\t\t\t\t\t\t\t\t\t<img loading=\"lazy\" decoding=\"async\" width=\"788\" height=\"1024\" src=\"https:\/\/shatranj.art\/wp-content\/uploads\/2026\/02\/30-7-788x1024.jpg\" class=\"attachment-large size-large wp-image-1125\" alt=\"\" srcset=\"https:\/\/shatranj.art\/wp-content\/uploads\/2026\/02\/30-7-788x1024.jpg 788w, https:\/\/shatranj.art\/wp-content\/uploads\/2026\/02\/30-7-231x300.jpg 231w, https:\/\/shatranj.art\/wp-content\/uploads\/2026\/02\/30-7-768x998.jpg 768w, https:\/\/shatranj.art\/wp-content\/uploads\/2026\/02\/30-7-1182x1536.jpg 1182w, https:\/\/shatranj.art\/wp-content\/uploads\/2026\/02\/30-7-9x12.jpg 9w, https:\/\/shatranj.art\/wp-content\/uploads\/2026\/02\/30-7.jpg 1197w\" sizes=\"(max-width: 788px) 100vw, 788px\" \/>\t\t\t\t\t\t\t\t\t\t\t\t\t\t\t<\/div>\n\t\t\t\t<\/div>\n\t\t\t\t<div class=\"elementor-element elementor-element-7f84f01 elementor-widget-tablet__width-inherit elementor-widget elementor-widget-text-editor\" data-id=\"7f84f01\" data-element_type=\"widget\" data-e-type=\"widget\" data-widget_type=\"text-editor.default\">\n\t\t\t\t<div class=\"elementor-widget-container\">\n\t\t\t\t\t\t\t\t\t<p><b>Spansk vesir fra det 12. \u00e5rhundrede<\/b> <span style=\"font-weight: 400;\"><br \/><\/span><span style=\"font-weight: 400;\"><br \/><\/span>Denne spanske vesir (Fers) fra det 12. \u00e5rhundrede er indviklet udsk\u00e5ret med arkitektoniske motiver og unikt designet i form af et slot. De fine detaljer, herunder ansigtstr\u00e6kkene og frisuren, understreger, at dette stykke m\u00e5ske er blevet kaldt en damefigur l\u00e6nge f\u00f8r Lucenas bog i 1497. Som en vigtig genstand fra middelalderens Spanien afspejler den tidens kunstneriske v\u00e6rdier og genstandens traditionelle identitet som en mandlig r\u00e5dgiver.<\/p>\t\t\t\t\t\t\t\t<\/div>\n\t\t\t\t<\/div>\n\t\t\t\t<\/div>\n\t\t\t\t<\/div>\n\t\t<div class=\"elementor-element elementor-element-c3fa9df e-con-full e-flex e-con e-child\" data-id=\"c3fa9df\" data-element_type=\"container\" data-e-type=\"container\">\n\t\t\t\t<div class=\"elementor-element elementor-element-7179e97 elementor-widget__width-initial elementor-widget elementor-widget-image\" data-id=\"7179e97\" data-element_type=\"widget\" data-e-type=\"widget\" data-widget_type=\"image.default\">\n\t\t\t\t<div class=\"elementor-widget-container\">\n\t\t\t\t\t\t\t\t\t\t\t\t\t\t\t<img loading=\"lazy\" decoding=\"async\" width=\"469\" height=\"1024\" src=\"https:\/\/shatranj.art\/wp-content\/uploads\/2026\/02\/30-2-469x1024.jpg\" class=\"attachment-large size-large wp-image-1120\" alt=\"\" srcset=\"https:\/\/shatranj.art\/wp-content\/uploads\/2026\/02\/30-2-469x1024.jpg 469w, https:\/\/shatranj.art\/wp-content\/uploads\/2026\/02\/30-2-137x300.jpg 137w, https:\/\/shatranj.art\/wp-content\/uploads\/2026\/02\/30-2-5x12.jpg 5w, https:\/\/shatranj.art\/wp-content\/uploads\/2026\/02\/30-2.jpg 591w\" sizes=\"(max-width: 469px) 100vw, 469px\" \/>\t\t\t\t\t\t\t\t\t\t\t\t\t\t\t<\/div>\n\t\t\t\t<\/div>\n\t\t\t\t<div class=\"elementor-element elementor-element-f5a2496 elementor-widget__width-initial elementor-widget-tablet__width-inherit elementor-widget elementor-widget-text-editor\" data-id=\"f5a2496\" data-element_type=\"widget\" data-e-type=\"widget\" data-widget_type=\"text-editor.default\">\n\t\t\t\t<div class=\"elementor-widget-container\">\n\t\t\t\t\t\t\t\t\t<p><b>\u00d8strigsk kaffehus \u201cOnion Dome\u201d dronning<\/b> <span style=\"font-weight: 400;\"><br \/><\/span><span style=\"font-weight: 400;\"><br \/><\/span><span style=\"font-weight: 400;\">Denne dronningefigur har en fremtr\u00e6dende \u201cl\u00f8gkuppel\u201d-finial, et designkendetegn, der blev s\u00e6rligt popul\u00e6rt i centraleurop\u00e6iske kaffehuss\u00e6t i midten af det 20. \u00e5rhundrede. Brugen af klassisk str\u00e5farvet tr\u00e6 giver figuren en varm og naturlig fornemmelse. Denne specifikke stil \u00e6rer spillets dybe historie, samtidig med at den introducerer et mere str\u00f8mlinet, moderne touch, der er typisk for \u00e6raens funktionelle, men kunstneriske h\u00e5ndv\u00e6rk.\u00a0<\/span><\/p>\t\t\t\t\t\t\t\t<\/div>\n\t\t\t\t<\/div>\n\t\t\t\t<div class=\"elementor-element elementor-element-bd35636 elementor-widget__width-initial elementor-widget elementor-widget-image\" data-id=\"bd35636\" data-element_type=\"widget\" data-e-type=\"widget\" data-widget_type=\"image.default\">\n\t\t\t\t<div class=\"elementor-widget-container\">\n\t\t\t\t\t\t\t\t\t\t\t\t\t\t\t<img loading=\"lazy\" decoding=\"async\" width=\"495\" height=\"1024\" src=\"https:\/\/shatranj.art\/wp-content\/uploads\/2026\/02\/30-3-495x1024.jpg\" class=\"attachment-large size-large wp-image-1121\" alt=\"\" srcset=\"https:\/\/shatranj.art\/wp-content\/uploads\/2026\/02\/30-3-495x1024.jpg 495w, https:\/\/shatranj.art\/wp-content\/uploads\/2026\/02\/30-3-145x300.jpg 145w, https:\/\/shatranj.art\/wp-content\/uploads\/2026\/02\/30-3-6x12.jpg 6w, https:\/\/shatranj.art\/wp-content\/uploads\/2026\/02\/30-3.jpg 618w\" sizes=\"(max-width: 495px) 100vw, 495px\" \/>\t\t\t\t\t\t\t\t\t\t\t\t\t\t\t<\/div>\n\t\t\t\t<\/div>\n\t\t\t\t<\/div>\n\t\t\t\t\t<\/div>\n\t\t\t\t<\/div>\n\t\t\t\t<\/div>","protected":false},"excerpt":{"rendered":"<p>\u015eAH\u00ce vizier\/queen piece: Sokol, meaning &#8220;falcon&#8221; in Slavic languages, symbolizes military power with its name and Timurid spiral helmet design. &#8220;Sokolovichi,&#8221; meaning &#8220;village of falcons,&#8221; was the birthplace of Sokollu Mehmed Pasha, one of the most renowned viziers shaping both East and West. Its tall, spire-like shape and inverted pen design signify the vizier&#8217;s authority [&hellip;]<\/p>\n","protected":false},"author":1,"featured_media":0,"parent":743,"menu_order":0,"comment_status":"closed","ping_status":"closed","template":"","meta":{"footnotes":""},"class_list":["post-1115","page","type-page","status-publish","hentry"],"_links":{"self":[{"href":"https:\/\/shatranj.art\/da\/wp-json\/wp\/v2\/pages\/1115","targetHints":{"allow":["GET"]}}],"collection":[{"href":"https:\/\/shatranj.art\/da\/wp-json\/wp\/v2\/pages"}],"about":[{"href":"https:\/\/shatranj.art\/da\/wp-json\/wp\/v2\/types\/page"}],"author":[{"embeddable":true,"href":"https:\/\/shatranj.art\/da\/wp-json\/wp\/v2\/users\/1"}],"replies":[{"embeddable":true,"href":"https:\/\/shatranj.art\/da\/wp-json\/wp\/v2\/comments?post=1115"}],"version-history":[{"count":7,"href":"https:\/\/shatranj.art\/da\/wp-json\/wp\/v2\/pages\/1115\/revisions"}],"predecessor-version":[{"id":1258,"href":"https:\/\/shatranj.art\/da\/wp-json\/wp\/v2\/pages\/1115\/revisions\/1258"}],"up":[{"embeddable":true,"href":"https:\/\/shatranj.art\/da\/wp-json\/wp\/v2\/pages\/743"}],"wp:attachment":[{"href":"https:\/\/shatranj.art\/da\/wp-json\/wp\/v2\/media?parent=1115"}],"curies":[{"name":"wp","href":"https:\/\/api.w.org\/{rel}","templated":true}]}}