{"id":1364,"date":"2026-02-23T08:56:53","date_gmt":"2026-02-23T08:56:53","guid":{"rendered":"https:\/\/shatranj.art\/?page_id=1364"},"modified":"2026-02-23T09:04:02","modified_gmt":"2026-02-23T09:04:02","slug":"poster-34","status":"publish","type":"page","link":"https:\/\/shatranj.art\/da\/exhibit\/poster-34\/","title":{"rendered":"plakat 34"},"content":{"rendered":"<div data-elementor-type=\"wp-page\" data-elementor-id=\"1364\" class=\"elementor elementor-1364\" data-elementor-post-type=\"page\">\n\t\t\t\t<div class=\"elementor-element elementor-element-43154ab e-flex e-con-boxed e-con e-parent\" data-id=\"43154ab\" data-element_type=\"container\" data-e-type=\"container\" data-settings=\"{&quot;background_background&quot;:&quot;classic&quot;}\">\n\t\t\t\t\t<div class=\"e-con-inner\">\n\t\t<div class=\"elementor-element elementor-element-204d594 e-con-full e-flex e-con e-child\" data-id=\"204d594\" data-element_type=\"container\" data-e-type=\"container\">\n\t\t\t\t<div class=\"elementor-element elementor-element-f48eba5 elementor-widget elementor-widget-image\" data-id=\"f48eba5\" data-element_type=\"widget\" data-e-type=\"widget\" data-widget_type=\"image.default\">\n\t\t\t\t<div class=\"elementor-widget-container\">\n\t\t\t\t\t\t\t\t\t\t\t\t\t\t\t<img fetchpriority=\"high\" decoding=\"async\" width=\"800\" height=\"600\" src=\"https:\/\/shatranj.art\/wp-content\/uploads\/2026\/02\/Chigorins-chess-set-1-1024x768.jpg\" class=\"attachment-large size-large wp-image-1367\" alt=\"\" srcset=\"https:\/\/shatranj.art\/wp-content\/uploads\/2026\/02\/Chigorins-chess-set-1-1024x768.jpg 1024w, https:\/\/shatranj.art\/wp-content\/uploads\/2026\/02\/Chigorins-chess-set-1-300x225.jpg 300w, https:\/\/shatranj.art\/wp-content\/uploads\/2026\/02\/Chigorins-chess-set-1-768x576.jpg 768w, https:\/\/shatranj.art\/wp-content\/uploads\/2026\/02\/Chigorins-chess-set-1-1536x1152.jpg 1536w, https:\/\/shatranj.art\/wp-content\/uploads\/2026\/02\/Chigorins-chess-set-1-2048x1536.jpg 2048w, https:\/\/shatranj.art\/wp-content\/uploads\/2026\/02\/Chigorins-chess-set-1-16x12.jpg 16w\" sizes=\"(max-width: 800px) 100vw, 800px\" \/>\t\t\t\t\t\t\t\t\t\t\t\t\t\t\t<\/div>\n\t\t\t\t<\/div>\n\t\t\t\t<div class=\"elementor-element elementor-element-63cf570 elementor-widget-tablet__width-inherit elementor-widget elementor-widget-text-editor\" data-id=\"63cf570\" data-element_type=\"widget\" data-e-type=\"widget\" data-widget_type=\"text-editor.default\">\n\t\t\t\t<div class=\"elementor-widget-container\">\n\t\t\t\t\t\t\t\t\t<h3><b>Mikhail Chigorins mindeskaks\u00e6t<\/b><\/h3><p><b>Baseret p\u00e5 Chigorin-portr\u00e6ttet, det antikke s\u00e6t og en artikel af Orhan G\u00fcnsav fra 1999.<\/b><\/p><p><span style=\"font-weight: 400;\">Denne udstilling viser et historisk russisk skaks\u00e6t sammen med et originalt fotografi af den legendariske russiske skakmester Mikhail Chigorin (1850-1908). Den ledsagende artikel fra 1999 af Orhan G\u00fcnsav, tidligere chefanklager i Istanbul og formand for det tyrkiske skakforbund i 20 \u00e5r, beskriver den dramatiske historie om, hvordan dette s\u00e6t fandt vej til Tyrkiet.<\/span><\/p><p>\u00a0<\/p><p><b>Historien om s\u00e6ttet:<\/b><span style=\"font-weight: 400;\"> Artiklen fort\u00e6ller om den store f\u00f8lelsesm\u00e6ssige belastning, skakspillet udgjorde for Chigorin, is\u00e6r efter et hjertesk\u00e6rende nederlag til Steinitz i 1892. I et \u00f8jebliks fortvivlelse br\u00e6ndte Chigorin sine skaks\u00e6t i sin have. Han reddede kun \u00e9t s\u00e6rligt s\u00e6t: en gave fra den russiske zar.<\/span><\/p><p>\u00a0<\/p><p><span style=\"font-weight: 400;\">Historien om det specifikke s\u00e6t, der er udstillet, forts\u00e6tter med Selim Palavan, Tyrkiets f\u00f8rste skakmester. Palavans familie, som var Kazan-tyrkere, der boede i Rusland, overlevede revolutionen uskadt. I 1912 fik de for\u00e6ret et historisk fotografi af Chigorin sammen med et skaks\u00e6t, som zaren havde bestilt til minde om ham. Under Anden Verdenskrig, da krigen n\u00e5ede Odesa, flyttede familien til Rum\u00e6nien og ankom til sidst til Istanbul i 1943, hvor de tog det historiske s\u00e6t med sig.<\/span><\/p><p>\u00a0<\/p><p><span style=\"font-weight: 400;\">Mange \u00e5r senere udviklede Selim Palavan et dybt b\u00e5nd til H. Serta\u00e7 Dalk\u0131ran. Han overs\u00e6tter direkte fra Orhan G\u00fcnsavs artikel og beskriver, hvordan s\u00e6ttet skiftede h\u00e6nder:<\/span><\/p><p>\u00a0<\/p><p><i><span style=\"font-weight: 400;\">\u201cP\u00e5 grund af hans spillestil og hans h\u00e5rde arbejde for skak i vores land s\u00e5 Palavan Dalk\u0131ran som \u2018Tyrkiets Chigorin\u2019. I sit testamente gav han Dalk\u0131ran det historiske skaks\u00e6t, som zaren havde lavet til minde om Chigorin, sammen med det gamle gule fotografi.\u201d<\/span><\/i><\/p><p>\u00a0<\/p><p><span style=\"font-weight: 400;\">I dag opbevarer Dalk\u0131ran omhyggeligt dette s\u00e6t side om side med Atat\u00fcrks personlige skakspil.<\/span><span style=\"font-weight: 400;\"><br \/><\/span><\/p>\t\t\t\t\t\t\t\t<\/div>\n\t\t\t\t<\/div>\n\t\t<div class=\"elementor-element elementor-element-05ac656 e-con-full e-flex e-con e-child\" data-id=\"05ac656\" data-element_type=\"container\" data-e-type=\"container\">\n\t\t\t\t<div class=\"elementor-element elementor-element-fce2756 elementor-widget__width-initial elementor-widget-mobile__width-inherit elementor-widget elementor-widget-image\" data-id=\"fce2756\" data-element_type=\"widget\" data-e-type=\"widget\" data-widget_type=\"image.default\">\n\t\t\t\t<div class=\"elementor-widget-container\">\n\t\t\t\t\t\t\t\t\t\t\t\t\t\t\t<img decoding=\"async\" width=\"745\" height=\"1024\" src=\"https:\/\/shatranj.art\/wp-content\/uploads\/2026\/02\/Eski-Istanbul-Cumuhuriyet-Bassavcisi-ve-TSF-1954un-20-yil-Baklani-KurtuOrhan-Gunsav-Radikal-Gaz.yazi-Bekir-Sami-Bey-oglu-Kursun-askerler-baslikli-yazisi-Palavan-Rus-Cari-1-745x1024.jpg\" class=\"attachment-large size-large wp-image-1368\" alt=\"\" srcset=\"https:\/\/shatranj.art\/wp-content\/uploads\/2026\/02\/Eski-Istanbul-Cumuhuriyet-Bassavcisi-ve-TSF-1954un-20-yil-Baklani-KurtuOrhan-Gunsav-Radikal-Gaz.yazi-Bekir-Sami-Bey-oglu-Kursun-askerler-baslikli-yazisi-Palavan-Rus-Cari-1-745x1024.jpg 745w, https:\/\/shatranj.art\/wp-content\/uploads\/2026\/02\/Eski-Istanbul-Cumuhuriyet-Bassavcisi-ve-TSF-1954un-20-yil-Baklani-KurtuOrhan-Gunsav-Radikal-Gaz.yazi-Bekir-Sami-Bey-oglu-Kursun-askerler-baslikli-yazisi-Palavan-Rus-Cari-1-218x300.jpg 218w, https:\/\/shatranj.art\/wp-content\/uploads\/2026\/02\/Eski-Istanbul-Cumuhuriyet-Bassavcisi-ve-TSF-1954un-20-yil-Baklani-KurtuOrhan-Gunsav-Radikal-Gaz.yazi-Bekir-Sami-Bey-oglu-Kursun-askerler-baslikli-yazisi-Palavan-Rus-Cari-1-768x1056.jpg 768w, https:\/\/shatranj.art\/wp-content\/uploads\/2026\/02\/Eski-Istanbul-Cumuhuriyet-Bassavcisi-ve-TSF-1954un-20-yil-Baklani-KurtuOrhan-Gunsav-Radikal-Gaz.yazi-Bekir-Sami-Bey-oglu-Kursun-askerler-baslikli-yazisi-Palavan-Rus-Cari-1-1117x1536.jpg 1117w, https:\/\/shatranj.art\/wp-content\/uploads\/2026\/02\/Eski-Istanbul-Cumuhuriyet-Bassavcisi-ve-TSF-1954un-20-yil-Baklani-KurtuOrhan-Gunsav-Radikal-Gaz.yazi-Bekir-Sami-Bey-oglu-Kursun-askerler-baslikli-yazisi-Palavan-Rus-Cari-1-1489x2048.jpg 1489w, https:\/\/shatranj.art\/wp-content\/uploads\/2026\/02\/Eski-Istanbul-Cumuhuriyet-Bassavcisi-ve-TSF-1954un-20-yil-Baklani-KurtuOrhan-Gunsav-Radikal-Gaz.yazi-Bekir-Sami-Bey-oglu-Kursun-askerler-baslikli-yazisi-Palavan-Rus-Cari-1-9x12.jpg 9w, https:\/\/shatranj.art\/wp-content\/uploads\/2026\/02\/Eski-Istanbul-Cumuhuriyet-Bassavcisi-ve-TSF-1954un-20-yil-Baklani-KurtuOrhan-Gunsav-Radikal-Gaz.yazi-Bekir-Sami-Bey-oglu-Kursun-askerler-baslikli-yazisi-Palavan-Rus-Cari-1.jpg 1700w\" sizes=\"(max-width: 745px) 100vw, 745px\" \/>\t\t\t\t\t\t\t\t\t\t\t\t\t\t\t<\/div>\n\t\t\t\t<\/div>\n\t\t\t\t<div class=\"elementor-element elementor-element-bb1df7a elementor-widget__width-initial elementor-widget-mobile__width-inherit elementor-widget elementor-widget-image\" data-id=\"bb1df7a\" data-element_type=\"widget\" data-e-type=\"widget\" data-widget_type=\"image.default\">\n\t\t\t\t<div class=\"elementor-widget-container\">\n\t\t\t\t\t\t\t\t\t\t\t\t\t\t\t<img decoding=\"async\" width=\"530\" height=\"800\" src=\"https:\/\/shatranj.art\/wp-content\/uploads\/2026\/02\/chigorin-with-his-chess-set.jpg\" class=\"attachment-large size-large wp-image-1369\" alt=\"\" srcset=\"https:\/\/shatranj.art\/wp-content\/uploads\/2026\/02\/chigorin-with-his-chess-set.jpg 530w, https:\/\/shatranj.art\/wp-content\/uploads\/2026\/02\/chigorin-with-his-chess-set-199x300.jpg 199w, https:\/\/shatranj.art\/wp-content\/uploads\/2026\/02\/chigorin-with-his-chess-set-8x12.jpg 8w\" sizes=\"(max-width: 530px) 100vw, 530px\" \/>\t\t\t\t\t\t\t\t\t\t\t\t\t\t\t<\/div>\n\t\t\t\t<\/div>\n\t\t\t\t<\/div>\n\t\t\t\t<\/div>\n\t\t\t\t\t<\/div>\n\t\t\t\t<\/div>\n\t\t\t\t<\/div>","protected":false},"excerpt":{"rendered":"<p>Mikhail Chigorin\u2019s Memorial Chess Set Based on the Chigorin portrait, the antique set, and the 1999 article by Orhan G\u00fcnsav. This display features a historic Russian chess set alongside an original photograph of the legendary Russian chess master, Mikhail Chigorin (1850\u20131908). The accompanying 1999 article by Orhan G\u00fcnsav former Istanbul Chief Public Prosecutor and 20-year [&hellip;]<\/p>\n","protected":false},"author":1,"featured_media":0,"parent":743,"menu_order":0,"comment_status":"closed","ping_status":"closed","template":"","meta":{"footnotes":""},"class_list":["post-1364","page","type-page","status-publish","hentry"],"_links":{"self":[{"href":"https:\/\/shatranj.art\/da\/wp-json\/wp\/v2\/pages\/1364","targetHints":{"allow":["GET"]}}],"collection":[{"href":"https:\/\/shatranj.art\/da\/wp-json\/wp\/v2\/pages"}],"about":[{"href":"https:\/\/shatranj.art\/da\/wp-json\/wp\/v2\/types\/page"}],"author":[{"embeddable":true,"href":"https:\/\/shatranj.art\/da\/wp-json\/wp\/v2\/users\/1"}],"replies":[{"embeddable":true,"href":"https:\/\/shatranj.art\/da\/wp-json\/wp\/v2\/comments?post=1364"}],"version-history":[{"count":4,"href":"https:\/\/shatranj.art\/da\/wp-json\/wp\/v2\/pages\/1364\/revisions"}],"predecessor-version":[{"id":1372,"href":"https:\/\/shatranj.art\/da\/wp-json\/wp\/v2\/pages\/1364\/revisions\/1372"}],"up":[{"embeddable":true,"href":"https:\/\/shatranj.art\/da\/wp-json\/wp\/v2\/pages\/743"}],"wp:attachment":[{"href":"https:\/\/shatranj.art\/da\/wp-json\/wp\/v2\/media?parent=1364"}],"curies":[{"name":"wp","href":"https:\/\/api.w.org\/{rel}","templated":true}]}}