{"id":1543,"date":"2026-02-24T08:36:27","date_gmt":"2026-02-24T08:36:27","guid":{"rendered":"https:\/\/shatranj.art\/?page_id=1543"},"modified":"2026-02-24T08:53:53","modified_gmt":"2026-02-24T08:53:53","slug":"plakat-41","status":"publish","type":"page","link":"https:\/\/shatranj.art\/da\/exhibit\/plakat-41\/","title":{"rendered":"plakat-41"},"content":{"rendered":"<div data-elementor-type=\"wp-page\" data-elementor-id=\"1543\" class=\"elementor elementor-1543\" data-elementor-post-type=\"page\">\n\t\t\t\t<div class=\"elementor-element elementor-element-7a8daa7 e-flex e-con-boxed e-con e-parent\" data-id=\"7a8daa7\" data-element_type=\"container\" data-e-type=\"container\" data-settings=\"{&quot;background_background&quot;:&quot;classic&quot;}\">\n\t\t\t\t\t<div class=\"e-con-inner\">\n\t\t<div class=\"elementor-element elementor-element-26be55b e-con-full e-flex e-con e-child\" data-id=\"26be55b\" data-element_type=\"container\" data-e-type=\"container\">\n\t\t\t\t<div class=\"elementor-element elementor-element-3278af1 elementor-widget elementor-widget-image\" data-id=\"3278af1\" data-element_type=\"widget\" data-e-type=\"widget\" data-widget_type=\"image.default\">\n\t\t\t\t<div class=\"elementor-widget-container\">\n\t\t\t\t\t\t\t\t\t\t\t\t\t\t\t<img fetchpriority=\"high\" decoding=\"async\" width=\"1280\" height=\"960\" src=\"https:\/\/shatranj.art\/wp-content\/uploads\/2026\/02\/Sahi_Cannon_at_Fort_Nelson_UK.jpg\" class=\"attachment-full size-full wp-image-1545\" alt=\"\" srcset=\"https:\/\/shatranj.art\/wp-content\/uploads\/2026\/02\/Sahi_Cannon_at_Fort_Nelson_UK.jpg 1280w, https:\/\/shatranj.art\/wp-content\/uploads\/2026\/02\/Sahi_Cannon_at_Fort_Nelson_UK-300x225.jpg 300w, https:\/\/shatranj.art\/wp-content\/uploads\/2026\/02\/Sahi_Cannon_at_Fort_Nelson_UK-1024x768.jpg 1024w, https:\/\/shatranj.art\/wp-content\/uploads\/2026\/02\/Sahi_Cannon_at_Fort_Nelson_UK-768x576.jpg 768w, https:\/\/shatranj.art\/wp-content\/uploads\/2026\/02\/Sahi_Cannon_at_Fort_Nelson_UK-16x12.jpg 16w\" sizes=\"(max-width: 1280px) 100vw, 1280px\" \/>\t\t\t\t\t\t\t\t\t\t\t\t\t\t\t<\/div>\n\t\t\t\t<\/div>\n\t\t\t\t<div class=\"elementor-element elementor-element-6723efb elementor-widget elementor-widget-text-editor\" data-id=\"6723efb\" data-element_type=\"widget\" data-e-type=\"widget\" data-widget_type=\"text-editor.default\">\n\t\t\t\t<div class=\"elementor-widget-container\">\n\t\t\t\t\t\t\t\t\t<h3><b>Oprindelsen af ordet \u015eAH\u00ce og dets forbindelse til skakspillets udvikling\u00a0<\/b><\/h3><p>SHAH (\u015eAH) er et udtryk, der bruges p\u00e5 mange slaviske sprog om skak. Det tyske ord \u201cschach\u201d, det franske \u201c\u00e9checs\u201d og det engelske \u201cchess\u201d er alle fonetisk afledt af ordet \u201cshah\u201d. Udtrykket \u201c\u015eAH\u00ce\u201d som adjektiv betyder kongelig eller specifik for shahen. Det bruges ogs\u00e5 i litter\u00e6re tekster i betydningen st\u00e6rk og storsl\u00e5et.<\/p><p>\u00a0<\/p><p>\u015eAH\u00ce-kanonen, der er designet af den ungarske ingeni\u00f8r Orban, spillede en afg\u00f8rende rolle i gennembruddet af Konstantinopels massive mure og t\u00e5rne under belejringen i 1453 under ledelse af Fatih Sultan Mehmed, hvilket symboliserede en revolutionerende \u00e6ndring i belejringskrigsf\u00f8relse.<\/p><p>\u00a0<\/p><p>Tre \u00e5rhundreder efter erobringen af Istanbul, under Dardanellerne-operationen i 1807, blev en anden \u00e5rhundredgammel \u015eAH\u00ce-kanon affyret mod britiske skibe og for\u00e5rsagede betydelige tab. Den osmanniske sultan Abd\u00fclaziz for\u00e6rede denne kanon til dronning Victoria i 1866. Ovenst\u00e5ende foto af \u015eAH\u00ce-kanonen er fra Fort Nelson i Storbritannien.<\/p><p>\u00a0<\/p><p>Navnet \u015eAH\u00ce symboliserer udviklingen af t\u00e5rnbrikken p\u00e5 forskellige sprog fra krigsvogn til t\u00e5rn, fra kanon til skib, hvilket afspejler skakspillets udvikling.<\/p><p>\u00a0<\/p><p>Skaks\u00e6ttet \u015eAH\u00ce er designet af Tamer Karatekin, en tidligere f\u00f8rstebr\u00e6tspiller p\u00e5 Massachusetts Institute of Technologys skakhold og en erfaren skakp\u00e6dagog. Det repr\u00e6senterer elegant skakspillets historie og udvikling og er udformet til b\u00e5de uddannelses- og turneringsbrug. Det er designet til at v\u00e6re kulturelt og \u00e5ndeligt inkluderende. Produktionen blev st\u00f8ttet af tilskud fra Massachusetts Cultural Council og EU's Erasmus+ Youth program.<\/p><p>\u00a0<\/p><p>L\u00e6s mere om \u015eAH\u00ce's designhistorie p\u00e5:\u00a0 \u00a0<a href=\"http:\/\/www.shahimasterset.com\/\">www.shahimasterset.com<\/a><\/p><p>Tjek ogs\u00e5 vores relaterede projekter:<br \/>Skakbaseret AI-l\u00e6replan: <a href=\"http:\/\/www.shatranj.ai\/\">shatranj.ai<\/a><\/p><p>Historisk udstilling af tankespil: <a href=\"https:\/\/shatranj.art\/da\/\">shatranj.art<\/a><\/p>\t\t\t\t\t\t\t\t<\/div>\n\t\t\t\t<\/div>\n\t\t\t\t<div class=\"elementor-element elementor-element-7946825 elementor-widget elementor-widget-image\" data-id=\"7946825\" data-element_type=\"widget\" data-e-type=\"widget\" data-widget_type=\"image.default\">\n\t\t\t\t<div class=\"elementor-widget-container\">\n\t\t\t\t\t\t\t\t\t\t\t\t\t\t\t<img decoding=\"async\" width=\"559\" height=\"397\" src=\"https:\/\/shatranj.art\/wp-content\/uploads\/2026\/02\/shahi-engish-brochure-A6-page1.png\" class=\"attachment-full size-full wp-image-1548\" alt=\"\" srcset=\"https:\/\/shatranj.art\/wp-content\/uploads\/2026\/02\/shahi-engish-brochure-A6-page1.png 559w, https:\/\/shatranj.art\/wp-content\/uploads\/2026\/02\/shahi-engish-brochure-A6-page1-300x213.png 300w, https:\/\/shatranj.art\/wp-content\/uploads\/2026\/02\/shahi-engish-brochure-A6-page1-18x12.png 18w\" sizes=\"(max-width: 559px) 100vw, 559px\" \/>\t\t\t\t\t\t\t\t\t\t\t\t\t\t\t<\/div>\n\t\t\t\t<\/div>\n\t\t\t\t<\/div>\n\t\t\t\t\t<\/div>\n\t\t\t\t<\/div>\n\t\t\t\t<\/div>","protected":false},"excerpt":{"rendered":"<p>The origins of the \u015eAH\u00ce\u00a0 word and its connection to the evolution of chess\u00a0 SHAH (\u015eAH) is a term used in many Slavic languages for chess. The German word &#8220;schach,&#8221; French &#8220;\u00e9checs,&#8221; and English &#8220;chess&#8221; are all phonetically derived from the word &#8220;shah.&#8221; The term &#8220;\u015eAH\u00ce&#8221; as an adjective means royal or specific to the [&hellip;]<\/p>\n","protected":false},"author":1,"featured_media":0,"parent":743,"menu_order":0,"comment_status":"closed","ping_status":"closed","template":"","meta":{"footnotes":""},"class_list":["post-1543","page","type-page","status-publish","hentry"],"_links":{"self":[{"href":"https:\/\/shatranj.art\/da\/wp-json\/wp\/v2\/pages\/1543","targetHints":{"allow":["GET"]}}],"collection":[{"href":"https:\/\/shatranj.art\/da\/wp-json\/wp\/v2\/pages"}],"about":[{"href":"https:\/\/shatranj.art\/da\/wp-json\/wp\/v2\/types\/page"}],"author":[{"embeddable":true,"href":"https:\/\/shatranj.art\/da\/wp-json\/wp\/v2\/users\/1"}],"replies":[{"embeddable":true,"href":"https:\/\/shatranj.art\/da\/wp-json\/wp\/v2\/comments?post=1543"}],"version-history":[{"count":10,"href":"https:\/\/shatranj.art\/da\/wp-json\/wp\/v2\/pages\/1543\/revisions"}],"predecessor-version":[{"id":1557,"href":"https:\/\/shatranj.art\/da\/wp-json\/wp\/v2\/pages\/1543\/revisions\/1557"}],"up":[{"embeddable":true,"href":"https:\/\/shatranj.art\/da\/wp-json\/wp\/v2\/pages\/743"}],"wp:attachment":[{"href":"https:\/\/shatranj.art\/da\/wp-json\/wp\/v2\/media?parent=1543"}],"curies":[{"name":"wp","href":"https:\/\/api.w.org\/{rel}","templated":true}]}}