{"id":746,"date":"2026-02-21T08:56:19","date_gmt":"2026-02-21T08:56:19","guid":{"rendered":"https:\/\/shatranj.art\/?page_id=746"},"modified":"2026-02-24T09:40:48","modified_gmt":"2026-02-24T09:40:48","slug":"poster-2","status":"publish","type":"page","link":"https:\/\/shatranj.art\/da\/exhibit\/poster-2\/","title":{"rendered":"plakat 2"},"content":{"rendered":"<div data-elementor-type=\"wp-page\" data-elementor-id=\"746\" class=\"elementor elementor-746\" data-elementor-post-type=\"page\">\n\t\t\t\t<div class=\"elementor-element elementor-element-ce34391 e-flex e-con-boxed e-con e-parent\" data-id=\"ce34391\" data-element_type=\"container\" data-e-type=\"container\" data-settings=\"{&quot;background_background&quot;:&quot;classic&quot;}\">\n\t\t\t\t\t<div class=\"e-con-inner\">\n\t\t<div class=\"elementor-element elementor-element-0ae7be7 e-grid e-con-full e-con e-child\" data-id=\"0ae7be7\" data-element_type=\"container\" data-e-type=\"container\">\n\t\t<div class=\"elementor-element elementor-element-1ce30ac e-con-full e-flex e-con e-child\" data-id=\"1ce30ac\" data-element_type=\"container\" data-e-type=\"container\">\n\t\t\t\t<div class=\"elementor-element elementor-element-19e97fe elementor-widget elementor-widget-image\" data-id=\"19e97fe\" data-element_type=\"widget\" data-e-type=\"widget\" data-widget_type=\"image.default\">\n\t\t\t\t<div class=\"elementor-widget-container\">\n\t\t\t\t\t\t\t\t\t\t\t\t\t\t\t<img fetchpriority=\"high\" decoding=\"async\" width=\"1635\" height=\"2180\" src=\"https:\/\/shatranj.art\/wp-content\/uploads\/2026\/02\/3.jpg\" class=\"attachment-full size-full wp-image-765\" alt=\"\" srcset=\"https:\/\/shatranj.art\/wp-content\/uploads\/2026\/02\/3.jpg 1635w, https:\/\/shatranj.art\/wp-content\/uploads\/2026\/02\/3-225x300.jpg 225w, https:\/\/shatranj.art\/wp-content\/uploads\/2026\/02\/3-768x1024.jpg 768w, https:\/\/shatranj.art\/wp-content\/uploads\/2026\/02\/3-1152x1536.jpg 1152w, https:\/\/shatranj.art\/wp-content\/uploads\/2026\/02\/3-1536x2048.jpg 1536w\" sizes=\"(max-width: 1635px) 100vw, 1635px\" \/>\t\t\t\t\t\t\t\t\t\t\t\t\t\t\t<\/div>\n\t\t\t\t<\/div>\n\t\t\t\t<div class=\"elementor-element elementor-element-d10d922 elementor-widget elementor-widget-text-editor\" data-id=\"d10d922\" data-element_type=\"widget\" data-e-type=\"widget\" data-widget_type=\"text-editor.default\">\n\t\t\t\t<div class=\"elementor-widget-container\">\n\t\t\t\t\t\t\t\t\t<p><strong>H\u00f8stens rytme: Mancala og kollektiv visdom<\/strong><span style=\"font-weight: 400;\"> <br \/>Mancala, der str\u00e6kker sig fra hjertet af Afrika til Asien og Mellem\u00f8sten, er menneskehedens \u00e6ldste \u201ct\u00e6l-og-fang\u201d-spil. Det findes i forskellige former, lige fra huller gravet ned i jorden til storsl\u00e5ede tr\u00e6plader udsk\u00e5ret til kongelige, og det symboliserer ikke kun matematiske f\u00e6rdigheder, men ogs\u00e5 cyklusser af overflod og deling. Selv om det har haft mange navne gennem \u00e5rtusinder, er dets konsekvente og dybe logik et bevis p\u00e5, hvordan det menneskelige intellekt m\u00f8des p\u00e5 et universelt grundlag, uanset geografi.<br \/><\/span><\/p>\t\t\t\t\t\t\t\t<\/div>\n\t\t\t\t<\/div>\n\t\t\t\t<\/div>\n\t\t<div class=\"elementor-element elementor-element-729250c e-con-full e-flex e-con e-child\" data-id=\"729250c\" data-element_type=\"container\" data-e-type=\"container\">\n\t\t\t\t<div class=\"elementor-element elementor-element-acf6f3e elementor-widget elementor-widget-image\" data-id=\"acf6f3e\" data-element_type=\"widget\" data-e-type=\"widget\" data-widget_type=\"image.default\">\n\t\t\t\t<div class=\"elementor-widget-container\">\n\t\t\t\t\t\t\t\t\t\t\t\t\t\t\t<img decoding=\"async\" width=\"2433\" height=\"1622\" src=\"https:\/\/shatranj.art\/wp-content\/uploads\/2026\/02\/3-2.jpg\" class=\"attachment-full size-full wp-image-766\" alt=\"\" srcset=\"https:\/\/shatranj.art\/wp-content\/uploads\/2026\/02\/3-2.jpg 2433w, https:\/\/shatranj.art\/wp-content\/uploads\/2026\/02\/3-2-300x200.jpg 300w, https:\/\/shatranj.art\/wp-content\/uploads\/2026\/02\/3-2-1024x683.jpg 1024w, https:\/\/shatranj.art\/wp-content\/uploads\/2026\/02\/3-2-768x512.jpg 768w, https:\/\/shatranj.art\/wp-content\/uploads\/2026\/02\/3-2-1536x1024.jpg 1536w, https:\/\/shatranj.art\/wp-content\/uploads\/2026\/02\/3-2-2048x1365.jpg 2048w\" sizes=\"(max-width: 2433px) 100vw, 2433px\" \/>\t\t\t\t\t\t\t\t\t\t\t\t\t\t\t<\/div>\n\t\t\t\t<\/div>\n\t\t\t\t<div class=\"elementor-element elementor-element-d9c2fd4 elementor-widget elementor-widget-text-editor\" data-id=\"d9c2fd4\" data-element_type=\"widget\" data-e-type=\"widget\" data-widget_type=\"text-editor.default\">\n\t\t\t\t<div class=\"elementor-widget-container\">\n\t\t\t\t\t\t\t\t\t<p><b>Livet indgraveret i marmor: Fra Aphrodisias til Backgammon<br \/><\/b>Disse marmorbr\u00e6tter, som man ofte ser p\u00e5 stadiontrapperne og i det offentlige rum i Aphrodisias, er levende spor af Roms daglige sociale struktur. Ludus Duodecim Scriptorum er en arv, der udviklede sig fra den romerske gadekultur til de strategiske rammer i den byzantinske og islamiske verden og til sidst blev til moderne backgammon (Tabula). Disse linjer hvisker, at folk i den antikke verden ikke bare spillede spil; de byggede kulturelle broer.<\/p>\t\t\t\t\t\t\t\t<\/div>\n\t\t\t\t<\/div>\n\t\t\t\t<\/div>\n\t\t\t\t<\/div>\n\t\t<div class=\"elementor-element elementor-element-236ef5e e-grid e-con-full e-con e-child\" data-id=\"236ef5e\" data-element_type=\"container\" data-e-type=\"container\">\n\t\t<div class=\"elementor-element elementor-element-02db768 e-con-full e-flex e-con e-child\" data-id=\"02db768\" data-element_type=\"container\" data-e-type=\"container\">\n\t\t\t\t<div class=\"elementor-element elementor-element-51f7531 elementor-widget elementor-widget-image\" data-id=\"51f7531\" data-element_type=\"widget\" data-e-type=\"widget\" data-widget_type=\"image.default\">\n\t\t\t\t<div class=\"elementor-widget-container\">\n\t\t\t\t\t\t\t\t\t\t\t\t\t\t\t<img decoding=\"async\" width=\"2129\" height=\"1875\" src=\"https:\/\/shatranj.art\/wp-content\/uploads\/2026\/02\/3-3.jpg\" class=\"attachment-full size-full wp-image-767\" alt=\"\" srcset=\"https:\/\/shatranj.art\/wp-content\/uploads\/2026\/02\/3-3.jpg 2129w, https:\/\/shatranj.art\/wp-content\/uploads\/2026\/02\/3-3-300x264.jpg 300w, https:\/\/shatranj.art\/wp-content\/uploads\/2026\/02\/3-3-1024x902.jpg 1024w, https:\/\/shatranj.art\/wp-content\/uploads\/2026\/02\/3-3-768x676.jpg 768w, https:\/\/shatranj.art\/wp-content\/uploads\/2026\/02\/3-3-1536x1353.jpg 1536w, https:\/\/shatranj.art\/wp-content\/uploads\/2026\/02\/3-3-2048x1804.jpg 2048w\" sizes=\"(max-width: 2129px) 100vw, 2129px\" \/>\t\t\t\t\t\t\t\t\t\t\t\t\t\t\t<\/div>\n\t\t\t\t<\/div>\n\t\t\t\t<div class=\"elementor-element elementor-element-4ca9fa0 elementor-widget elementor-widget-text-editor\" data-id=\"4ca9fa0\" data-element_type=\"widget\" data-e-type=\"widget\" data-widget_type=\"text-editor.default\">\n\t\t\t\t<div class=\"elementor-widget-container\">\n\t\t\t\t\t\t\t\t\t<p><b>Tidens f\u00f8rste tr\u00e6k: Det kongelige spil i Ur<\/b><span style=\"font-weight: 400;\"> <br \/>Dette spil opstod i hjertet af Mesopotamien ca. 2600 f.Kr. og er en af menneskehedens \u00e6ldste dokumenterede lidenskaber for strategi. Br\u00e6ttet, der er kunstf\u00e6rdigt indlagt med lapis lazuli og muslingeskaller, viser datidens sofistikerede kunst og h\u00e5ndv\u00e6rk. Genopdagelsen af reglerne p\u00e5 en lertavle \u00e5rtusinder senere giver denne \u00e6ldgamle mentale arv mulighed for at genskabe forbindelsen til den moderne verden.<br \/><\/span><\/p>\t\t\t\t\t\t\t\t<\/div>\n\t\t\t\t<\/div>\n\t\t\t\t<\/div>\n\t\t<div class=\"elementor-element elementor-element-0a06631 e-con-full e-flex e-con e-child\" data-id=\"0a06631\" data-element_type=\"container\" data-e-type=\"container\">\n\t\t\t\t<div class=\"elementor-element elementor-element-361ce2f elementor-widget elementor-widget-image\" data-id=\"361ce2f\" data-element_type=\"widget\" data-e-type=\"widget\" data-widget_type=\"image.default\">\n\t\t\t\t<div class=\"elementor-widget-container\">\n\t\t\t\t\t\t\t\t\t\t\t\t\t\t\t<img loading=\"lazy\" decoding=\"async\" width=\"2353\" height=\"1875\" src=\"https:\/\/shatranj.art\/wp-content\/uploads\/2026\/02\/3-4.jpg\" class=\"attachment-full size-full wp-image-768\" alt=\"\" srcset=\"https:\/\/shatranj.art\/wp-content\/uploads\/2026\/02\/3-4.jpg 2353w, https:\/\/shatranj.art\/wp-content\/uploads\/2026\/02\/3-4-300x239.jpg 300w, https:\/\/shatranj.art\/wp-content\/uploads\/2026\/02\/3-4-1024x816.jpg 1024w, https:\/\/shatranj.art\/wp-content\/uploads\/2026\/02\/3-4-768x612.jpg 768w, https:\/\/shatranj.art\/wp-content\/uploads\/2026\/02\/3-4-1536x1224.jpg 1536w, https:\/\/shatranj.art\/wp-content\/uploads\/2026\/02\/3-4-2048x1632.jpg 2048w\" sizes=\"(max-width: 2353px) 100vw, 2353px\" \/>\t\t\t\t\t\t\t\t\t\t\t\t\t\t\t<\/div>\n\t\t\t\t<\/div>\n\t\t\t\t<div class=\"elementor-element elementor-element-c5f325b elementor-widget elementor-widget-text-editor\" data-id=\"c5f325b\" data-element_type=\"widget\" data-e-type=\"widget\" data-widget_type=\"text-editor.default\">\n\t\t\t\t<div class=\"elementor-widget-container\">\n\t\t\t\t\t\t\t\t\t<p><b>Universel geometri: Den gr\u00e6nsel\u00f8se tre m\u00e6nds Morris<\/b><span style=\"font-weight: 400;\"> <br \/>Med r\u00f8dder fra egyptiske templer til romerske fora er Three Men's Morris et symbol p\u00e5 dybtg\u00e5ende strategi i al sin enkelhed. Det er mindst lige s\u00e5 gammelt som skak, og det er det \u201cmest demokratiske\u201d tankespil, der holdes i live af alle civilisationer ved hj\u00e6lp af lokale materialer og udsk\u00e6ringer. At det har overlevet i tusinder af \u00e5r uden behov for komplekse regler, beviser dets uforanderlige plads i den menneskelige psyke.<br \/><\/span><\/p>\t\t\t\t\t\t\t\t<\/div>\n\t\t\t\t<\/div>\n\t\t\t\t<\/div>\n\t\t\t\t<\/div>\n\t\t\t\t\t<\/div>\n\t\t\t\t<\/div>\n\t\t\t\t<\/div>","protected":false},"excerpt":{"rendered":"<p>The Rhythm of Harvest: Mancala and Collective Wisdom Spanning from the heart of Africa to Asia and the Middle East, Mancala is humanity\u2019s oldest &#8220;count-and-capture&#8221; game. Found in forms ranging from holes dug into the earth to magnificent wooden boards carved for royalty, it symbolizes not just mathematical skill, but the cycles of abundance and [&hellip;]<\/p>\n","protected":false},"author":1,"featured_media":0,"parent":743,"menu_order":0,"comment_status":"closed","ping_status":"closed","template":"elementor_header_footer","meta":{"footnotes":""},"class_list":["post-746","page","type-page","status-publish","hentry"],"_links":{"self":[{"href":"https:\/\/shatranj.art\/da\/wp-json\/wp\/v2\/pages\/746","targetHints":{"allow":["GET"]}}],"collection":[{"href":"https:\/\/shatranj.art\/da\/wp-json\/wp\/v2\/pages"}],"about":[{"href":"https:\/\/shatranj.art\/da\/wp-json\/wp\/v2\/types\/page"}],"author":[{"embeddable":true,"href":"https:\/\/shatranj.art\/da\/wp-json\/wp\/v2\/users\/1"}],"replies":[{"embeddable":true,"href":"https:\/\/shatranj.art\/da\/wp-json\/wp\/v2\/comments?post=746"}],"version-history":[{"count":11,"href":"https:\/\/shatranj.art\/da\/wp-json\/wp\/v2\/pages\/746\/revisions"}],"predecessor-version":[{"id":1595,"href":"https:\/\/shatranj.art\/da\/wp-json\/wp\/v2\/pages\/746\/revisions\/1595"}],"up":[{"embeddable":true,"href":"https:\/\/shatranj.art\/da\/wp-json\/wp\/v2\/pages\/743"}],"wp:attachment":[{"href":"https:\/\/shatranj.art\/da\/wp-json\/wp\/v2\/media?parent=746"}],"curies":[{"name":"wp","href":"https:\/\/api.w.org\/{rel}","templated":true}]}}