{"id":756,"date":"2026-02-21T09:44:01","date_gmt":"2026-02-21T09:44:01","guid":{"rendered":"https:\/\/shatranj.art\/?page_id=756"},"modified":"2026-03-02T06:56:13","modified_gmt":"2026-03-02T06:56:13","slug":"poster-1","status":"publish","type":"page","link":"https:\/\/shatranj.art\/da\/exhibit\/poster-1\/","title":{"rendered":"plakat 1"},"content":{"rendered":"<div data-elementor-type=\"wp-page\" data-elementor-id=\"756\" class=\"elementor elementor-756\" data-elementor-post-type=\"page\">\n\t\t\t\t<div class=\"elementor-element elementor-element-5b2de3e e-flex e-con-boxed e-con e-parent\" data-id=\"5b2de3e\" data-element_type=\"container\" data-e-type=\"container\" data-settings=\"{&quot;background_background&quot;:&quot;classic&quot;}\">\n\t\t\t\t\t<div class=\"e-con-inner\">\n\t\t\t\t<div class=\"elementor-element elementor-element-2eb0d79 elementor-widget__width-initial elementor-widget elementor-widget-heading\" data-id=\"2eb0d79\" data-element_type=\"widget\" data-e-type=\"widget\" data-widget_type=\"heading.default\">\n\t\t\t\t<div class=\"elementor-widget-container\">\n\t\t\t\t\t<h1 class=\"elementor-heading-title elementor-size-default\">Spansk skakbrikudvikling fra historisk skak (acedrex) til moderne skak (ajedrez)<\/h1>\t\t\t\t<\/div>\n\t\t\t\t<\/div>\n\t\t\t\t<div class=\"elementor-element elementor-element-c101d50 elementor-widget elementor-widget-image\" data-id=\"c101d50\" data-element_type=\"widget\" data-e-type=\"widget\" data-widget_type=\"image.default\">\n\t\t\t\t<div class=\"elementor-widget-container\">\n\t\t\t\t\t\t\t\t\t\t\t\t\t\t\t<img fetchpriority=\"high\" decoding=\"async\" width=\"543\" height=\"755\" src=\"https:\/\/shatranj.art\/wp-content\/uploads\/2026\/02\/f82v-Grant-Acedrex.jpg\" class=\"attachment-full size-full wp-image-840\" alt=\"\" srcset=\"https:\/\/shatranj.art\/wp-content\/uploads\/2026\/02\/f82v-Grant-Acedrex.jpg 543w, https:\/\/shatranj.art\/wp-content\/uploads\/2026\/02\/f82v-Grant-Acedrex-216x300.jpg 216w\" sizes=\"(max-width: 543px) 100vw, 543px\" \/>\t\t\t\t\t\t\t\t\t\t\t\t\t\t\t<\/div>\n\t\t\t\t<\/div>\n\t\t\t\t<div class=\"elementor-element elementor-element-51d15d1 elementor-widget elementor-widget-text-editor\" data-id=\"51d15d1\" data-element_type=\"widget\" data-e-type=\"widget\" data-widget_type=\"text-editor.default\">\n\t\t\t\t<div class=\"elementor-widget-container\">\n\t\t\t\t\t\t\t\t\t<h3 data-path-to-node=\"2\"><b data-path-to-node=\"2\" data-index-in-node=\"0\">1. Det sproglige skift: Fra X til J<\/b><\/h3><p data-path-to-node=\"3\">Forskellen mellem Acedrex og Ajedrez illustrerer den fonetiske udvikling i det spanske sprog, da man fors\u00f8gte at tilpasse det oprindelige arabiske navn til spillet:<\/p><ul data-path-to-node=\"4\"><li><p data-path-to-node=\"4,0,0\"><b data-path-to-node=\"4,0,0\" data-index-in-node=\"0\">A<\/b><strong>cedrex (det 13. \u00e5rhundrede):\u00a0<\/strong>Det er den prim\u00e6re stavem\u00e5de, der bruges i kong Alfonso X's afhandling fra 1283, <i data-path-to-node=\"4,0,0\" data-index-in-node=\"97\">Bog om Acedrex<\/i>. P\u00e5 dette tidspunkt blev \u201cc\u201d (f\u00f8r \u201ce\u201d) og \u201cx\u201d brugt til fonetisk at indfange \u201csh\u201d-lyden, der var nedarvet fra arabisk. <i data-path-to-node=\"4,0,0\" data-index-in-node=\"234\">Shatranj<\/i>.<\/p><\/li><li><p data-path-to-node=\"4,1,0\"><b data-path-to-node=\"4,1,0\" data-index-in-node=\"0\">Ajedrez (det 15. \u00e5rhundrede):<\/b> Efterh\u00e5nden som sproget udviklede sig, skiftede \u201csh\u201d-lyden til det moderne, gutturale \u201cj\u201d (det <i data-path-to-node=\"4,1,0\" data-index-in-node=\"112\">jota<\/i>). Da Luis Ram\u00edrez de Lucena udgav sit skels\u00e6ttende v\u00e6rk i 1497, var stavem\u00e5den g\u00e5et over til den moderne form.<\/p><\/li><\/ul>\t\t\t\t\t\t\t\t<\/div>\n\t\t\t\t<\/div>\n\t\t\t\t<div class=\"elementor-element elementor-element-868b6ed elementor-widget elementor-widget-image\" data-id=\"868b6ed\" data-element_type=\"widget\" data-e-type=\"widget\" data-widget_type=\"image.default\">\n\t\t\t\t<div class=\"elementor-widget-container\">\n\t\t\t\t\t\t\t\t\t\t\t\t\t\t\t<img decoding=\"async\" width=\"2560\" height=\"2560\" src=\"https:\/\/shatranj.art\/wp-content\/uploads\/2026\/02\/elephant-move-board-scaled.jpg\" class=\"attachment-full size-full wp-image-839\" alt=\"\" srcset=\"https:\/\/shatranj.art\/wp-content\/uploads\/2026\/02\/elephant-move-board-scaled.jpg 2560w, https:\/\/shatranj.art\/wp-content\/uploads\/2026\/02\/elephant-move-board-300x300.jpg 300w, https:\/\/shatranj.art\/wp-content\/uploads\/2026\/02\/elephant-move-board-1024x1024.jpg 1024w, https:\/\/shatranj.art\/wp-content\/uploads\/2026\/02\/elephant-move-board-150x150.jpg 150w, https:\/\/shatranj.art\/wp-content\/uploads\/2026\/02\/elephant-move-board-768x768.jpg 768w, https:\/\/shatranj.art\/wp-content\/uploads\/2026\/02\/elephant-move-board-1536x1536.jpg 1536w, https:\/\/shatranj.art\/wp-content\/uploads\/2026\/02\/elephant-move-board-2048x2048.jpg 2048w\" sizes=\"(max-width: 2560px) 100vw, 2560px\" \/>\t\t\t\t\t\t\t\t\t\t\t\t\t\t\t<\/div>\n\t\t\t\t<\/div>\n\t\t\t\t<div class=\"elementor-element elementor-element-0a642b0 elementor-widget elementor-widget-text-editor\" data-id=\"0a642b0\" data-element_type=\"widget\" data-e-type=\"widget\" data-widget_type=\"text-editor.default\">\n\t\t\t\t<div class=\"elementor-widget-container\">\n\t\t\t\t\t\t\t\t\t<br><h3 data-path-to-node=\"0\"><b data-path-to-node=\"0\" data-index-in-node=\"0\">2. Det mekaniske skift: \u201cEl Viejo\u201d vs. \u201cDe la Dama\u201d<\/b><\/h3>\n<p data-path-to-node=\"1\">Mens det fonetiske navn \u00e6ndrede sig, gennemgik reglerne en revolutionerende magtudvidelse, der fuldst\u00e6ndig \u00e6ndrede spillets tempo. Denne overgang defineres bedst af de to systemer, der beskrives i Lucenas v\u00e6rk fra 1497:<\/p>\n\n<ul data-path-to-node=\"2\">\n \t<li>\n<p data-path-to-node=\"2,0,0\"><b data-path-to-node=\"2,0,0\" data-index-in-node=\"0\">El Viejo (den gamle m\u00e5de):<\/b> Dette repr\u00e6senterer de traditionelle middelalderlige regler for Acedrex, hvor spillet var en langsom, positionel kamp. I dette system var den brik, vi nu kalder Dama, Alferza (kongens r\u00e5dgiver), som kun m\u00e5tte bev\u00e6ge sig \u00e9t felt diagonalt. Samtidig var den traditionelle Alfil begr\u00e6nset til at hoppe pr\u00e6cis to felter diagonalt og springe over andre brikker.<\/p>\n<\/li>\n \t<li>\n<p data-path-to-node=\"2,1,0\"><b data-path-to-node=\"2,1,0\" data-index-in-node=\"0\">De la Dama (Den moderne m\u00e5de):<\/b> Denne \u201cnye\u201d spillestil forvandlede skak til et \u201churtigt, taktisk og eksplosivt\u201d m\u00f8de. Under disse regler blev Alferza erstattet af \u201cDama\u201d, som fik ubegr\u00e6nset r\u00e6kkevidde i alle retninger. Den moderne alfil udviklede sig ogs\u00e5 til en ubegr\u00e6nset diagonal skyder, der overtog den kraftfulde bev\u00e6gelse, der engang var forbeholdt eksperimentelle brikker som krokodillen.<\/p>\n<\/li>\n<\/ul>\t\t\t\t\t\t\t\t<\/div>\n\t\t\t\t<\/div>\n\t\t\t\t<div class=\"elementor-element elementor-element-b676e1c elementor-widget elementor-widget-text-editor\" data-id=\"b676e1c\" data-element_type=\"widget\" data-e-type=\"widget\" data-widget_type=\"text-editor.default\">\n\t\t\t\t<div class=\"elementor-widget-container\">\n\t\t\t\t\t\t\t\t\t<h3 data-path-to-node=\"0\"><b data-path-to-node=\"0\" data-index-in-node=\"0\">Overgangen fra krokodille til elefant<\/b><\/h3>\t\t\t\t\t\t\t\t<\/div>\n\t\t\t\t<\/div>\n\t\t\t\t<div class=\"elementor-element elementor-element-2320411 elementor-widget elementor-widget-image\" data-id=\"2320411\" data-element_type=\"widget\" data-e-type=\"widget\" data-widget_type=\"image.default\">\n\t\t\t\t<div class=\"elementor-widget-container\">\n\t\t\t\t\t\t\t\t\t\t\t\t\t\t\t<img decoding=\"async\" width=\"640\" height=\"640\" src=\"https:\/\/shatranj.art\/wp-content\/uploads\/2026\/02\/cathedral-crocodile.jpg\" class=\"attachment-full size-full wp-image-864\" alt=\"\" srcset=\"https:\/\/shatranj.art\/wp-content\/uploads\/2026\/02\/cathedral-crocodile.jpg 640w, https:\/\/shatranj.art\/wp-content\/uploads\/2026\/02\/cathedral-crocodile-300x300.jpg 300w, https:\/\/shatranj.art\/wp-content\/uploads\/2026\/02\/cathedral-crocodile-150x150.jpg 150w\" sizes=\"(max-width: 640px) 100vw, 640px\" \/>\t\t\t\t\t\t\t\t\t\t\t\t\t\t\t<\/div>\n\t\t\t\t<\/div>\n\t\t\t\t<div class=\"elementor-element elementor-element-9760248 elementor-widget elementor-widget-image\" data-id=\"9760248\" data-element_type=\"widget\" data-e-type=\"widget\" data-widget_type=\"image.default\">\n\t\t\t\t<div class=\"elementor-widget-container\">\n\t\t\t\t\t\t\t\t\t\t\t\t\t\t\t<img loading=\"lazy\" decoding=\"async\" width=\"426\" height=\"640\" src=\"https:\/\/shatranj.art\/wp-content\/uploads\/2026\/02\/wooden-crocodile-seville-with-elephant-tusk.jpg\" class=\"attachment-full size-full wp-image-860\" alt=\"\" srcset=\"https:\/\/shatranj.art\/wp-content\/uploads\/2026\/02\/wooden-crocodile-seville-with-elephant-tusk.jpg 426w, https:\/\/shatranj.art\/wp-content\/uploads\/2026\/02\/wooden-crocodile-seville-with-elephant-tusk-200x300.jpg 200w\" sizes=\"(max-width: 426px) 100vw, 426px\" \/>\t\t\t\t\t\t\t\t\t\t\t\t\t\t\t<\/div>\n\t\t\t\t<\/div>\n\t\t\t\t<div class=\"elementor-element elementor-element-12b9be7 elementor-widget elementor-widget-text-editor\" data-id=\"12b9be7\" data-element_type=\"widget\" data-e-type=\"widget\" data-widget_type=\"text-editor.default\">\n\t\t\t\t<div class=\"elementor-widget-container\">\n\t\t\t\t\t\t\t\t\t<br><p data-path-to-node=\"0\">Overgangen af den \u201cubegr\u00e6nsede diagonale\u201d bev\u00e6gelse til navnet \u201cAlfil\u201d i spansk litteratur markerer et afg\u00f8rende skift fra middelalderens \u201cShatranj\u201d til moderne skak. Mens kong Alfonso X's \u201cLibro de los Juegos (1283)\u201d f\u00f8rst introducerede det ubegr\u00e6nsede diagonale tr\u00e6k gennem en specifik brik kaldet Krokodillen (<i data-path-to-node=\"0\" data-index-in-node=\"298\">Cocodrilo<\/i>), blev navnet \u201cAlfil\u201d ikke genanvendt p\u00e5 denne bev\u00e6gelse i standard 8\u00d78-spillet f\u00f8r i slutningen af det 15. \u00e5rhundrede.<\/p>\n\n<h3 data-path-to-node=\"1\"><b data-path-to-node=\"1\" data-index-in-node=\"0\">1. \u201cKrokodillen\u201d i Alfonsos bog (1283)<\/b><\/h3>\n<p data-path-to-node=\"2\">I Alfonso X's \u201cLibro de los Juegos<i data-path-to-node=\"2\" data-index-in-node=\"15\">\u201c<\/i>, var standard Alfil stadig den traditionelle middelalderbrik, der sprang pr\u00e6cis to felter diagonalt. Alfonso inkluderede dog en udvidet 12\u00d712-variant kaldet \u201cGrande Acedrex\".<b data-path-to-node=\"2\" data-index-in-node=\"199\">\u201c<\/b> (Great Chess), som indeholdt et nyt stykke kaldet \u201cCrocodile\u201d (<i data-path-to-node=\"2\" data-index-in-node=\"278\">Cocodrilo<\/i>).<\/p>\n\n<ul data-path-to-node=\"3\">\n \t<li>\n<p data-path-to-node=\"3,0,0\"><b data-path-to-node=\"3,0,0\" data-index-in-node=\"0\">Bev\u00e6gelsen:<\/b> Krokodillen bev\u00e6gede sig pr\u00e6cis som den moderne brik - den gled over en hvilken som helst afstand langs uhindrede diagonaler.<\/p>\n<\/li>\n \t<li>\n<p data-path-to-node=\"3,1,0\"><b data-path-to-node=\"3,1,0\" data-index-in-node=\"0\">Inspirationen:<\/b> Historikere forbinder dette navn med en ber\u00f8mt diplomatisk gave: en levende krokodille, der blev sendt fra sultanen i Egypten til Alfonso X i 1260 som en del af et frieri til kongens datter. En tr\u00e6model i naturlig st\u00f8rrelse af denne krokodille, kendt som \u201cLagarto<i data-path-to-node=\"3,1,0\" data-index-in-node=\"198\">\u201c<\/i>, h\u00e6nger stadig i Sevillas katedral i dag.<\/p>\n<\/li>\n<\/ul>\n<h3 data-path-to-node=\"4\"><b data-path-to-node=\"4\" data-index-in-node=\"0\">2. Skiftet til \u201cAlfil\u201d i det 15. \u00e5rhundrede<\/b><\/h3>\n<p data-path-to-node=\"5\">Navnet \u201cAlfil\u201d blev officielt brugt til den ubegr\u00e6nsede diagonalbev\u00e6gelse i standard 8\u00d78-spillet efter \u201cValenciareformen\u201d omkring 1475.<\/p>\n\n<ul data-path-to-node=\"6\">\n \t<li>\n<p data-path-to-node=\"6,0,0\"><b data-path-to-node=\"6,0,0\" data-index-in-node=\"0\">Scachs d'amor (ca. 1475):<\/b> Dette valencianske digt er det f\u00f8rste litter\u00e6re v\u00e6rk, der beskriver moderne skakregler. Det giver eksplicit denne brik en \u201cmere dynamisk rolle\u201d og flytter s\u00e5 mange felter, som den kan, diagonalt. I digtet omtales disse brikker allerede som \u201cAlfil\u201d (p\u00e5 valenciansk\/catalansk), hvilket illustrerer, at navnet blev overf\u00f8rt fra den gamle \u201cspringer\u201d til den nye \u201cskyder\u201d i denne periode.<\/p>\n<\/li>\n \t<li>\n<p data-path-to-node=\"6,1,0\"><b data-path-to-node=\"6,1,0\" data-index-in-node=\"0\">Libre dels jochs partits dels schacs (1495):<\/b> Denne forsvundne bog er skrevet af Francesc Vicent og anses for at v\u00e6re den f\u00f8rste afhandling om moderne skak. Den menes at have standardiseret navnet \u201cAlfil\u201d for den nye bev\u00e6gelse p\u00e5 tv\u00e6rs af den iberiske halv\u00f8.<\/p>\n<\/li>\n<\/ul>\n<h3 data-path-to-node=\"7\"><b data-path-to-node=\"7\" data-index-in-node=\"0\">3. F\u00f8rste optr\u00e6den i castiliansk (spansk) litteratur<\/b><\/h3>\n<p data-path-to-node=\"8\">Hvis man specifikt leder efter kastiljansk (spansk) snarere end valenciansk litteratur, er den f\u00f8rste definitive brug af \u201cAlfil\u201d til det moderne tr\u00e6k i:<\/p>\n\n<ul data-path-to-node=\"9\">\n \t<li>\n<p data-path-to-node=\"9,0,0\"><b data-path-to-node=\"9,0,0\" data-index-in-node=\"0\">Repetici\u00f3n de Amores y Arte de Ajedrez (1497):<\/b> Denne bog er skrevet af Luis Ram\u00edrez de Lucena og er den \u00e6ldste bevarede trykte bog om moderne skak p\u00e5 castiliansk.<\/p>\n<\/li>\n \t<li>\n<p data-path-to-node=\"9,1,0\">Lucena kalder stykket for Alfil (eller Arfil) og skelner mellem de \u201cnye\u201d regler (de la dama) og de \u201cgamle\u201d regler (el viejo). Han bekr\u00e6fter, at den \u201cnye Alfil\u201d nu l\u00f8ber p\u00e5 tv\u00e6rs af diagonalen og effektivt absorberer den bev\u00e6gelse, der oprindeligt blev tildelt Alfonsos \u201cKrokodille\u201d.<\/p>\n<\/li>\n<\/ul>\t\t\t\t\t\t\t\t<\/div>\n\t\t\t\t<\/div>\n\t\t\t\t<div class=\"elementor-element elementor-element-ab774ba elementor-widget elementor-widget-text-editor\" data-id=\"ab774ba\" data-element_type=\"widget\" data-e-type=\"widget\" data-widget_type=\"text-editor.default\">\n\t\t\t\t<div class=\"elementor-widget-container\">\n\t\t\t\t\t\t\t\t\t<h3 data-path-to-node=\"0\"><b data-path-to-node=\"0\" data-index-in-node=\"0\">Fra Alferza til Dama (dame) og Reina (dronning)<\/b><\/h3>\t\t\t\t\t\t\t\t<\/div>\n\t\t\t\t<\/div>\n\t\t\t\t<div class=\"elementor-element elementor-element-d8494e7 elementor-widget elementor-widget-image\" data-id=\"d8494e7\" data-element_type=\"widget\" data-e-type=\"widget\" data-widget_type=\"image.default\">\n\t\t\t\t<div class=\"elementor-widget-container\">\n\t\t\t\t\t\t\t\t\t\t\t\t\t\t\t<img loading=\"lazy\" decoding=\"async\" width=\"960\" height=\"1109\" src=\"https:\/\/shatranj.art\/wp-content\/uploads\/2026\/02\/Spanish_-_Chess_Piece_of_a_Queen_-_Walters_71145_-_Three_Quarter.jpg\" class=\"attachment-full size-full wp-image-845\" alt=\"\" srcset=\"https:\/\/shatranj.art\/wp-content\/uploads\/2026\/02\/Spanish_-_Chess_Piece_of_a_Queen_-_Walters_71145_-_Three_Quarter.jpg 960w, https:\/\/shatranj.art\/wp-content\/uploads\/2026\/02\/Spanish_-_Chess_Piece_of_a_Queen_-_Walters_71145_-_Three_Quarter-260x300.jpg 260w, https:\/\/shatranj.art\/wp-content\/uploads\/2026\/02\/Spanish_-_Chess_Piece_of_a_Queen_-_Walters_71145_-_Three_Quarter-886x1024.jpg 886w, https:\/\/shatranj.art\/wp-content\/uploads\/2026\/02\/Spanish_-_Chess_Piece_of_a_Queen_-_Walters_71145_-_Three_Quarter-768x887.jpg 768w\" sizes=\"(max-width: 960px) 100vw, 960px\" \/>\t\t\t\t\t\t\t\t\t\t\t\t\t\t\t<\/div>\n\t\t\t\t<\/div>\n\t\t\t\t<div class=\"elementor-element elementor-element-1bedad7 elementor-widget elementor-widget-text-editor\" data-id=\"1bedad7\" data-element_type=\"widget\" data-e-type=\"widget\" data-widget_type=\"text-editor.default\">\n\t\t\t\t<div class=\"elementor-widget-container\">\n\t\t\t\t\t\t\t\t\t<br><p data-path-to-node=\"0\">Begge udtryk bruges i dag, men valget mellem \u201cdama\u201d og \u201creina\u201d i spansk skaklitteratur markerer overgangen fra middelalderens spil til moderne skak og afspejler en langvarig indsats for at undg\u00e5 sproglig forvirring.<\/p>\n\n<h3 data-path-to-node=\"1\"><b data-path-to-node=\"1\" data-index-in-node=\"0\">1. Den f\u00f8rste litter\u00e6re optr\u00e6den: Middelalderens \u201cReina\u201d<\/b><\/h3>\n<p data-path-to-node=\"2\">I en generel litter\u00e6r forstand dukkede udtrykket \u201creina\u201d (dronning) op i spanskrelateret skakpoesi, l\u00e6nge f\u00f8r det blev det standardiserede navn for brikken p\u00e5 br\u00e6ttet.<\/p>\n\n<ul data-path-to-node=\"3\">\n \t<li>\n<p data-path-to-node=\"3,0,0\"><b data-path-to-node=\"3,0,0\" data-index-in-node=\"0\"><span class=\"citation-89\">11. \u00e5rhundrede (Shegal):<\/span><\/b><span class=\"citation-89\"> Den spanske rabbiner \u201c<\/span><span class=\"citation-89\">Abraham ibn Ezra\u201d<\/span><span class=\"citation-89\"> skrev et digt i slutningen af det 11. \u00e5rhundrede, der omtalte stykket som \u201c<\/span><span class=\"citation-89\">Shegal\u201d<\/span><span class=\"citation-89 citation-end-89\"> (et hebraisk udtryk for dronning).<\/span><\/p>\n\n<div class=\"source-inline-chip-container ng-star-inserted\"><\/div><\/li>\n \t<li>\n<p data-path-to-node=\"3,1,0\"><b data-path-to-node=\"3,1,0\" data-index-in-node=\"0\">Middelalderlig romantik:<\/b><span class=\"citation-88\"> Under indflydelse af Jacobus de Cessolis\u2019 moralske afhandlinger blev stykket ofte omtalt som \u201c<\/span><span class=\"citation-88\">regina\u201d<\/span><span class=\"citation-88\"> p\u00e5 latin og \u201c<\/span><span class=\"citation-88\">reina<\/span><b data-path-to-node=\"3,1,0\" data-index-in-node=\"134\"><span class=\"citation-88\">\u201c<\/span><\/b><span class=\"citation-88\"> p\u00e5 tidlige romanske sprog, selv om det stadig bev\u00e6gede sig med den svage, en-kvadrat diagonale bev\u00e6gelse af \u201c<\/span><span class=\"citation-88\">Alferza<\/span><b data-path-to-node=\"3,1,0\" data-index-in-node=\"246\"><span class=\"citation-88\">\u201c<\/span><\/b><span class=\"citation-88 citation-end-88\">.<\/span><\/p>\n\n<div class=\"source-inline-chip-container ng-star-inserted\"><\/div><\/li>\n<\/ul>\n<h3 data-path-to-node=\"4\"><b data-path-to-node=\"4\" data-index-in-node=\"0\">2. De f\u00f8rste moderne afhandlinger: \u201cDama\u201d som standard<\/b><\/h3>\n<p data-path-to-node=\"5\">Da reglerne blev \u00e6ndret i slutningen af det 15. \u00e5rhundrede for at skabe det magtfulde \u201cubegr\u00e6nsede\u201d stykke, vi kender i dag, var den foretrukne betegnelse i spanske traktater faktisk \u201cDama\u201d, ikke Reina.<\/p>\n\n<ul data-path-to-node=\"6\">\n \t<li>\n<p data-path-to-node=\"6,0,0\"><b data-path-to-node=\"6,0,0\" data-index-in-node=\"0\"><span class=\"citation-87 citation-end-87\">Libre dels jochs partits dels schacs (1495):<\/span><\/b><span class=\"citation-86 citation-end-86\"> Den er skrevet af Francesc Vicent i Valencia og anses for at v\u00e6re den f\u00f8rste trykte bog om moderne skak.<\/span> Den fokuserede p\u00e5 \u201cDama<b data-path-to-node=\"6,0,0\" data-index-in-node=\"162\">\u201c<\/b> (Lady) og krediteres for at have standardiseret de \u201cnye\u201d bev\u00e6gelsesregler.<\/p>\n<p data-path-to-node=\"6,1,0\"><b data-path-to-node=\"6,1,0\" data-index-in-node=\"0\"><span class=\"citation-85 citation-end-85\">Repetici\u00f3n de Amores y Arte de Ajedrez (1497):<\/span><\/b><span class=\"citation-84\"> Luis Ram\u00edrez de Lucena brugte udtrykkeligt udtrykket \u201cDama\u201c til at definere det moderne spil (de la dama). Han brugte sj\u00e6ldent \u201cReina\u201d, fordi spillet ofte blev kaldt \u201cLady's Chess\u201d (ofte forbundet med dronning Isabella I af Castilien).<\/span><\/p>\n<\/li>\n<\/ul>\n<h3 data-path-to-node=\"7\"><b data-path-to-node=\"7\" data-index-in-node=\"0\">3. Da \u201cReina\u201d blev et hyppigt alternativ<\/b><\/h3>\n<p data-path-to-node=\"8\">Skiftet til \u201cReina\u201d i den almindelige spanske skaklitteratur begyndte at forekomme hyppigere i det 16. \u00e5rhundrede, da spillet bev\u00e6gede sig ud over sin f\u00f8rste \u201creformperiode\u201d.<\/p>\n\n<ul data-path-to-node=\"9\">\n \t<li>\n<p data-path-to-node=\"9,0,0\"><b data-path-to-node=\"9,0,0\" data-index-in-node=\"0\">Ruy L\u00f3pez de Segura (1561):<\/b> I sit grundl\u00e6ggende v\u00e6rk, \u201cLibro de la Invenci\u00f3n Liberal y Arte del Juego del Axedrez\u201d, brugte Ruy L\u00f3pez begge termer, selvom \u201cDama<b data-path-to-node=\"9,0,0\" data-index-in-node=\"148\">\u201c<\/b> forblev teknisk dominerende i strategiske beskrivelser.<\/p>\n<\/li>\n \t<li>\n<p id=\"p-rc_22a1b7b1123caa87-52\" data-path-to-node=\"9,1,0\"><b data-path-to-node=\"9,1,0\" data-index-in-node=\"0\">R-konflikten:<\/b> Den prim\u00e6re \u00e5rsag til, at \u201cReina\u201d aldrig helt har erstattet \u201cDama\u201d i teknisk skaklitteratur, er skaknotation. I spansk notation bruger \u201cRey\u201d (konge) bogstavet \u201cR\u201c. For at undg\u00e5 forvirring tildeles dronningen bogstavet \u201cD\u201c for \u201cDama\u201d.<\/p>\n<\/li>\n<\/ul>\t\t\t\t\t\t\t\t<\/div>\n\t\t\t\t<\/div>\n\t\t\t\t\t<\/div>\n\t\t\t\t<\/div>\n\t\t\t\t<\/div>","protected":false},"excerpt":{"rendered":"<p>Spanish chess piece evolution from historical chess (acedrex) toward modern chess (ajedrez) 1. The Linguistic Shift: From X to J The difference between Acedrex and Ajedrez illustrates the phonetic evolution of the Spanish language as it sought to adapt the original Arabic name for the game: Acedrex (The 13th Century):\u00a0This is the primary spelling used [&hellip;]<\/p>\n","protected":false},"author":1,"featured_media":0,"parent":743,"menu_order":0,"comment_status":"closed","ping_status":"closed","template":"","meta":{"footnotes":""},"class_list":["post-756","page","type-page","status-publish","hentry"],"_links":{"self":[{"href":"https:\/\/shatranj.art\/da\/wp-json\/wp\/v2\/pages\/756","targetHints":{"allow":["GET"]}}],"collection":[{"href":"https:\/\/shatranj.art\/da\/wp-json\/wp\/v2\/pages"}],"about":[{"href":"https:\/\/shatranj.art\/da\/wp-json\/wp\/v2\/types\/page"}],"author":[{"embeddable":true,"href":"https:\/\/shatranj.art\/da\/wp-json\/wp\/v2\/users\/1"}],"replies":[{"embeddable":true,"href":"https:\/\/shatranj.art\/da\/wp-json\/wp\/v2\/comments?post=756"}],"version-history":[{"count":53,"href":"https:\/\/shatranj.art\/da\/wp-json\/wp\/v2\/pages\/756\/revisions"}],"predecessor-version":[{"id":1883,"href":"https:\/\/shatranj.art\/da\/wp-json\/wp\/v2\/pages\/756\/revisions\/1883"}],"up":[{"embeddable":true,"href":"https:\/\/shatranj.art\/da\/wp-json\/wp\/v2\/pages\/743"}],"wp:attachment":[{"href":"https:\/\/shatranj.art\/da\/wp-json\/wp\/v2\/media?parent=756"}],"curies":[{"name":"wp","href":"https:\/\/api.w.org\/{rel}","templated":true}]}}