{"id":894,"date":"2026-02-22T08:28:54","date_gmt":"2026-02-22T08:28:54","guid":{"rendered":"https:\/\/shatranj.art\/?page_id=894"},"modified":"2026-02-23T04:42:50","modified_gmt":"2026-02-23T04:42:50","slug":"poster-10","status":"publish","type":"page","link":"https:\/\/shatranj.art\/da\/exhibit\/poster-10\/","title":{"rendered":"plakat 10"},"content":{"rendered":"<div data-elementor-type=\"wp-page\" data-elementor-id=\"894\" class=\"elementor elementor-894\" data-elementor-post-type=\"page\">\n\t\t\t\t<div class=\"elementor-element elementor-element-96a2a82 e-flex e-con-boxed e-con e-parent\" data-id=\"96a2a82\" data-element_type=\"container\" data-e-type=\"container\" data-settings=\"{&quot;background_background&quot;:&quot;classic&quot;}\">\n\t\t\t\t\t<div class=\"e-con-inner\">\n\t\t<div class=\"elementor-element elementor-element-7a9d5df e-con-full e-flex e-con e-child\" data-id=\"7a9d5df\" data-element_type=\"container\" data-e-type=\"container\">\n\t\t\t\t<div class=\"elementor-element elementor-element-4c3a07b elementor-widget__width-initial elementor-widget elementor-widget-text-editor\" data-id=\"4c3a07b\" data-element_type=\"widget\" data-e-type=\"widget\" data-widget_type=\"text-editor.default\">\n\t\t\t\t<div class=\"elementor-widget-container\">\n\t\t\t\t\t\t\t\t\t<p><strong>Et intellektuelt m\u00f8de: Middelalderens kvindelige skakspillere<\/strong><\/p><p>\u00a0<\/p><p>Denne sj\u00e6ldne miniature fra manuskriptet Libro de los Juegos fra 1283 indeholder en af de mest kraftfulde skildringer af kvinder i skakhistorien. Fokuseret p\u00e5 spillet med strategisk dybde i skyggen af et telt repr\u00e6senterer disse to figurer en forening af intellekt, der overskrider datidens sociale og religi\u00f8se gr\u00e6nser. V\u00e6rket afspejler den multikulturelle \u201cConvivencia\u201d i Al Andalus og beviser, at skak ikke kun var et hofligt tidsfordriv, men et universelt udtryksrum, hvor kvinder fremviste deres mentale evner. Det, der er repr\u00e6senteret ved dette bord, er en civiliseret dialog mellem kvinder fra forskellige trosretninger og kulturer, som m\u00f8des i spillets retf\u00e6rdige og strukturerede verden.<\/p>\t\t\t\t\t\t\t\t<\/div>\n\t\t\t\t<\/div>\n\t\t\t\t<div class=\"elementor-element elementor-element-0b75406 elementor-widget__width-initial elementor-widget elementor-widget-image\" data-id=\"0b75406\" data-element_type=\"widget\" data-e-type=\"widget\" data-widget_type=\"image.default\">\n\t\t\t\t<div class=\"elementor-widget-container\">\n\t\t\t\t\t\t\t\t\t\t\t\t\t\t\t<img fetchpriority=\"high\" decoding=\"async\" width=\"800\" height=\"570\" src=\"https:\/\/shatranj.art\/wp-content\/uploads\/2026\/02\/10-1024x730.jpg\" class=\"attachment-large size-large wp-image-900\" alt=\"\" srcset=\"https:\/\/shatranj.art\/wp-content\/uploads\/2026\/02\/10-1024x730.jpg 1024w, https:\/\/shatranj.art\/wp-content\/uploads\/2026\/02\/10-300x214.jpg 300w, https:\/\/shatranj.art\/wp-content\/uploads\/2026\/02\/10-768x548.jpg 768w, https:\/\/shatranj.art\/wp-content\/uploads\/2026\/02\/10.jpg 1474w\" sizes=\"(max-width: 800px) 100vw, 800px\" \/>\t\t\t\t\t\t\t\t\t\t\t\t\t\t\t<\/div>\n\t\t\t\t<\/div>\n\t\t\t\t<div class=\"elementor-element elementor-element-58f2c39 elementor-widget__width-initial elementor-widget elementor-widget-image\" data-id=\"58f2c39\" data-element_type=\"widget\" data-e-type=\"widget\" data-widget_type=\"image.default\">\n\t\t\t\t<div class=\"elementor-widget-container\">\n\t\t\t\t\t\t\t\t\t\t\t\t\t\t\t<img decoding=\"async\" width=\"800\" height=\"450\" src=\"https:\/\/shatranj.art\/wp-content\/uploads\/2026\/02\/10-1-1024x576.jpg\" class=\"attachment-large size-large wp-image-901\" alt=\"\" srcset=\"https:\/\/shatranj.art\/wp-content\/uploads\/2026\/02\/10-1-1024x576.jpg 1024w, https:\/\/shatranj.art\/wp-content\/uploads\/2026\/02\/10-1-300x169.jpg 300w, https:\/\/shatranj.art\/wp-content\/uploads\/2026\/02\/10-1-768x432.jpg 768w, https:\/\/shatranj.art\/wp-content\/uploads\/2026\/02\/10-1.jpg 1534w\" sizes=\"(max-width: 800px) 100vw, 800px\" \/>\t\t\t\t\t\t\t\t\t\t\t\t\t\t\t<\/div>\n\t\t\t\t<\/div>\n\t\t\t\t<div class=\"elementor-element elementor-element-41081fb elementor-widget__width-initial elementor-widget elementor-widget-text-editor\" data-id=\"41081fb\" data-element_type=\"widget\" data-e-type=\"widget\" data-widget_type=\"text-editor.default\">\n\t\t\t\t<div class=\"elementor-widget-container\">\n\t\t\t\t\t\t\t\t\t<p><b>Skakmat mod fordomme: <\/b><b>Den kulturelle bro over Al-Andalus<\/b><\/p><p>\u00a0<\/p><p>Denne sl\u00e5ende scene fra manuskriptet Libro de los Juegos fra 1283 smelter middelalderens multikulturelle stof sammen p\u00e5 et enkelt skakbr\u00e6t. Scenen viser en muslim og en j\u00f8de, der tilsides\u00e6tter religi\u00f8se og sociale barrierer for at deltage i en mental kamp, og den er et vidnesbyrd om skakspillets verdslige og universelle kraft. Skakbrikkerne repr\u00e6senterer den samlede kulturarv fra Middelhavsomr\u00e5det, Nordafrika og Mellem\u00f8sten med abstrakte og geometriske former, der er helt renset for religi\u00f8s ikonografi. Denne holistiske designfilosofi giver spillerne mulighed for udelukkende at fokusere p\u00e5 spillets regler og hinandens intellekt, hvilket g\u00f8r skakbr\u00e6ttet til en virkelig neutral grund. Den civiliserede dialog, der etableres ved dette bord, symboliserer den forenende kraft i h\u00e5ndv\u00e6rk og strategi.<\/p>\t\t\t\t\t\t\t\t<\/div>\n\t\t\t\t<\/div>\n\t\t\t\t<\/div>\n\t\t\t\t\t<\/div>\n\t\t\t\t<\/div>\n\t\t\t\t<\/div>","protected":false},"excerpt":{"rendered":"<p>An Intellectual Encounter: The Female Chess Players of the Middle Ages \u00a0 This rare miniature from the 1283 manuscript Libro de los Juegos features one of the most powerful depictions of women in chess history. Focused on the game with strategic depth under the shade of a tent, these two figures represent a union of [&hellip;]<\/p>\n","protected":false},"author":1,"featured_media":0,"parent":743,"menu_order":0,"comment_status":"closed","ping_status":"closed","template":"","meta":{"footnotes":""},"class_list":["post-894","page","type-page","status-publish","hentry"],"_links":{"self":[{"href":"https:\/\/shatranj.art\/da\/wp-json\/wp\/v2\/pages\/894","targetHints":{"allow":["GET"]}}],"collection":[{"href":"https:\/\/shatranj.art\/da\/wp-json\/wp\/v2\/pages"}],"about":[{"href":"https:\/\/shatranj.art\/da\/wp-json\/wp\/v2\/types\/page"}],"author":[{"embeddable":true,"href":"https:\/\/shatranj.art\/da\/wp-json\/wp\/v2\/users\/1"}],"replies":[{"embeddable":true,"href":"https:\/\/shatranj.art\/da\/wp-json\/wp\/v2\/comments?post=894"}],"version-history":[{"count":7,"href":"https:\/\/shatranj.art\/da\/wp-json\/wp\/v2\/pages\/894\/revisions"}],"predecessor-version":[{"id":1198,"href":"https:\/\/shatranj.art\/da\/wp-json\/wp\/v2\/pages\/894\/revisions\/1198"}],"up":[{"embeddable":true,"href":"https:\/\/shatranj.art\/da\/wp-json\/wp\/v2\/pages\/743"}],"wp:attachment":[{"href":"https:\/\/shatranj.art\/da\/wp-json\/wp\/v2\/media?parent=894"}],"curies":[{"name":"wp","href":"https:\/\/api.w.org\/{rel}","templated":true}]}}