{"id":926,"date":"2026-02-22T09:22:56","date_gmt":"2026-02-22T09:22:56","guid":{"rendered":"https:\/\/shatranj.art\/?page_id=926"},"modified":"2026-02-24T06:48:32","modified_gmt":"2026-02-24T06:48:32","slug":"poster-13","status":"publish","type":"page","link":"https:\/\/shatranj.art\/da\/exhibit\/poster-13\/","title":{"rendered":"plakat 13"},"content":{"rendered":"<div data-elementor-type=\"wp-page\" data-elementor-id=\"926\" class=\"elementor elementor-926\" data-elementor-post-type=\"page\">\n\t\t\t\t<div class=\"elementor-element elementor-element-59c55bb e-flex e-con-boxed e-con e-parent\" data-id=\"59c55bb\" data-element_type=\"container\" data-e-type=\"container\" data-settings=\"{&quot;background_background&quot;:&quot;classic&quot;}\">\n\t\t\t\t\t<div class=\"e-con-inner\">\n\t\t<div class=\"elementor-element elementor-element-3c2b3e8 e-con-full e-flex e-con e-child\" data-id=\"3c2b3e8\" data-element_type=\"container\" data-e-type=\"container\">\n\t\t\t\t<div class=\"elementor-element elementor-element-6632aa9 elementor-widget__width-initial elementor-widget elementor-widget-text-editor\" data-id=\"6632aa9\" data-element_type=\"widget\" data-e-type=\"widget\" data-widget_type=\"text-editor.default\">\n\t\t\t\t<div class=\"elementor-widget-container\">\n\t\t\t\t\t\t\t\t\t<h3><b><span title=\"Spansksproget tekst\"><i lang=\"es\">Biblioteket for de unge<\/i><\/span><\/b>\u00a0(spansk: \u201cBogen om spil\u201d), eller\u00a0<b><span title=\"Gammel spansksproget tekst\"><i lang=\"osp\">Axedrez-bog, data og tabeller<\/i><\/span><\/b>\u00a0(\u201cBog om skak, terninger og borde\u201d, p\u00e5 oldspansk)<\/h3><p>\u00a0<\/p><p>Libro de los Juegos (Spilbogen) blev bestilt af kong Alfonso X af Kastilien i 1283 og anses for at v\u00e6re den mest betydningsfulde europ\u00e6iske middelalderlige afhandling om spil. Manuskriptet fungerer som en vigtig historisk optegnelse, der dokumenterer skakspillets regler og \u00e6stetik gennem detaljerede illustrationer af abstrakte brikdesigns. Ved at pr\u00e6sentere skak som en f\u00e6lles intellektuel udfordring fremh\u00e6ver Alfonsos v\u00e6rk br\u00e6ttet som en universel arena for logik og en afg\u00f8rende bro i spillets internationale historie.<\/p>\t\t\t\t\t\t\t\t<\/div>\n\t\t\t\t<\/div>\n\t\t<div class=\"elementor-element elementor-element-e51b10e e-con-full e-flex e-con e-child\" data-id=\"e51b10e\" data-element_type=\"container\" data-e-type=\"container\">\n\t\t\t\t<div class=\"elementor-element elementor-element-de14a4b elementor-widget-mobile__width-inherit elementor-widget elementor-widget-image\" data-id=\"de14a4b\" data-element_type=\"widget\" data-e-type=\"widget\" data-widget_type=\"image.default\">\n\t\t\t\t<div class=\"elementor-widget-container\">\n\t\t\t\t\t\t\t\t\t\t\t\t\t\t\t<img fetchpriority=\"high\" decoding=\"async\" width=\"800\" height=\"534\" src=\"https:\/\/shatranj.art\/wp-content\/uploads\/2026\/02\/13-2-1024x683.jpg\" class=\"attachment-large size-large wp-image-931\" alt=\"\" srcset=\"https:\/\/shatranj.art\/wp-content\/uploads\/2026\/02\/13-2-1024x683.jpg 1024w, https:\/\/shatranj.art\/wp-content\/uploads\/2026\/02\/13-2-300x200.jpg 300w, https:\/\/shatranj.art\/wp-content\/uploads\/2026\/02\/13-2-768x512.jpg 768w, https:\/\/shatranj.art\/wp-content\/uploads\/2026\/02\/13-2-1536x1024.jpg 1536w, https:\/\/shatranj.art\/wp-content\/uploads\/2026\/02\/13-2.jpg 2008w\" sizes=\"(max-width: 800px) 100vw, 800px\" \/>\t\t\t\t\t\t\t\t\t\t\t\t\t\t\t<\/div>\n\t\t\t\t<\/div>\n\t\t\t\t<div class=\"elementor-element elementor-element-5e3ddb2 elementor-widget-mobile__width-inherit elementor-widget elementor-widget-image\" data-id=\"5e3ddb2\" data-element_type=\"widget\" data-e-type=\"widget\" data-widget_type=\"image.default\">\n\t\t\t\t<div class=\"elementor-widget-container\">\n\t\t\t\t\t\t\t\t\t\t\t\t\t\t\t<img decoding=\"async\" width=\"800\" height=\"509\" src=\"https:\/\/shatranj.art\/wp-content\/uploads\/2026\/02\/13-3-1024x652.jpg\" class=\"attachment-large size-large wp-image-932\" alt=\"\" srcset=\"https:\/\/shatranj.art\/wp-content\/uploads\/2026\/02\/13-3-1024x652.jpg 1024w, https:\/\/shatranj.art\/wp-content\/uploads\/2026\/02\/13-3-300x191.jpg 300w, https:\/\/shatranj.art\/wp-content\/uploads\/2026\/02\/13-3-768x489.jpg 768w, https:\/\/shatranj.art\/wp-content\/uploads\/2026\/02\/13-3.jpg 1205w\" sizes=\"(max-width: 800px) 100vw, 800px\" \/>\t\t\t\t\t\t\t\t\t\t\t\t\t\t\t<\/div>\n\t\t\t\t<\/div>\n\t\t\t\t<\/div>\n\t\t\t\t<div class=\"elementor-element elementor-element-ce25d0f elementor-widget__width-initial elementor-widget elementor-widget-text-editor\" data-id=\"ce25d0f\" data-element_type=\"widget\" data-e-type=\"widget\" data-widget_type=\"text-editor.default\">\n\t\t\t\t<div class=\"elementor-widget-container\">\n\t\t\t\t\t\t\t\t\t<p>Afhandlingen indeholder over 100 skakproblemer og slutspil, omhyggeligt illustreret for at vise spillere, der analyserer komplekse taktiske man\u00f8vrer. Ud over standardskak beskriver bogen sj\u00e6ldne varianter som astronomisk skak og Great Chess, som blev spillet p\u00e5 et 12\u00d712 gitter med ekstra brikker. Den indeholder ogs\u00e5 afsnit om terninger og borde, de middelalderlige forf\u00e6dre til moderne backgammon, hvilket g\u00f8r den til en omfattende encyklop\u00e6di om det 13. \u00e5rhundredes strategi og sociale kultur.<\/p>\t\t\t\t\t\t\t\t<\/div>\n\t\t\t\t<\/div>\n\t\t\t\t<div class=\"elementor-element elementor-element-a8f4139 elementor-widget__width-initial elementor-widget elementor-widget-text-editor\" data-id=\"a8f4139\" data-element_type=\"widget\" data-e-type=\"widget\" data-widget_type=\"text-editor.default\">\n\t\t\t\t<div class=\"elementor-widget-container\">\n\t\t\t\t\t\t\t\t\t<p><b>Dilaram-makkeren: En saga om opofrelse og redning<br \/><\/b><b><\/b><br \/>If\u00f8lge legenden tabte en adelsmand og passioneret skakspiller alt i en kamp med h\u00f8j indsats og satsede i desperation sin yndlingshustru, Dilaram, p\u00e5 det sidste parti. Da kampen n\u00e5ede sit klimaks, faldt adelsmanden i en tilsyneladende h\u00e5bl\u00f8s position. Men Dilaram, som havde fulgt med i spillet, fik \u00f8je p\u00e5 en genial kombination, som ingen andre s\u00e5, og hviskede til sin mand: \u201cOfre dine to t\u00e5rne, men ofr ikke mig!\u201d Styrket af hendes indsigt ofrede adelsmanden begge sine t\u00e5rne efter hinanden for at levere en fantastisk skakmat ved hj\u00e6lp af en springer og en l\u00f8ber (den historiske Alfil).<\/p><p>\u00a0<\/p><p><b>Strategisk brillians<\/b><\/p><p><br \/>Dilaram-mat er et af de \u00e6ldste og mest \u00e6stetisk tiltalende eksempler p\u00e5 \u201cdobbelt t\u00e5rnoffer\u201d i skakhistorien. Denne mansuba (problem) viser, hvordan ofring af tungt materiale (t\u00e5rne) kan f\u00f8re til absolut sejr gennem perfekt koordinering af mindre brikker (springer og l\u00f8ber). Navnet Dilaram betyder \u201cHjertets lethed\u201d p\u00e5 persisk, og i \u00e5rhundreder har denne mat tjent som bevis p\u00e5, at skak ikke bare er et spil med beregninger, men et spil med kunst, f\u00f8lelser og dyb intuition.<\/p>\t\t\t\t\t\t\t\t<\/div>\n\t\t\t\t<\/div>\n\t\t\t\t<\/div>\n\t\t<div class=\"elementor-element elementor-element-2711119 e-con-full e-flex e-con e-child\" data-id=\"2711119\" data-element_type=\"container\" data-e-type=\"container\">\n\t\t\t\t<div class=\"elementor-element elementor-element-89623f5 elementor-widget-mobile__width-inherit elementor-widget elementor-widget-image\" data-id=\"89623f5\" data-element_type=\"widget\" data-e-type=\"widget\" data-widget_type=\"image.default\">\n\t\t\t\t<div class=\"elementor-widget-container\">\n\t\t\t\t\t\t\t\t\t\t\t\t\t\t\t<img decoding=\"async\" width=\"800\" height=\"903\" src=\"https:\/\/shatranj.art\/wp-content\/uploads\/2026\/02\/13-907x1024.jpg\" class=\"attachment-large size-large wp-image-929\" alt=\"\" srcset=\"https:\/\/shatranj.art\/wp-content\/uploads\/2026\/02\/13-907x1024.jpg 907w, https:\/\/shatranj.art\/wp-content\/uploads\/2026\/02\/13-266x300.jpg 266w, https:\/\/shatranj.art\/wp-content\/uploads\/2026\/02\/13-768x867.jpg 768w, https:\/\/shatranj.art\/wp-content\/uploads\/2026\/02\/13.jpg 1186w\" sizes=\"(max-width: 800px) 100vw, 800px\" \/>\t\t\t\t\t\t\t\t\t\t\t\t\t\t\t<\/div>\n\t\t\t\t<\/div>\n\t\t\t\t<div class=\"elementor-element elementor-element-8baa56c elementor-widget-mobile__width-inherit elementor-widget elementor-widget-image\" data-id=\"8baa56c\" data-element_type=\"widget\" data-e-type=\"widget\" data-widget_type=\"image.default\">\n\t\t\t\t<div class=\"elementor-widget-container\">\n\t\t\t\t\t\t\t\t\t\t\t\t\t\t\t<img loading=\"lazy\" decoding=\"async\" width=\"800\" height=\"624\" src=\"https:\/\/shatranj.art\/wp-content\/uploads\/2026\/02\/13-1-1024x799.jpg\" class=\"attachment-large size-large wp-image-930\" alt=\"\" srcset=\"https:\/\/shatranj.art\/wp-content\/uploads\/2026\/02\/13-1-1024x799.jpg 1024w, https:\/\/shatranj.art\/wp-content\/uploads\/2026\/02\/13-1-300x234.jpg 300w, https:\/\/shatranj.art\/wp-content\/uploads\/2026\/02\/13-1-768x599.jpg 768w, https:\/\/shatranj.art\/wp-content\/uploads\/2026\/02\/13-1-1536x1199.jpg 1536w, https:\/\/shatranj.art\/wp-content\/uploads\/2026\/02\/13-1-2048x1598.jpg 2048w\" sizes=\"(max-width: 800px) 100vw, 800px\" \/>\t\t\t\t\t\t\t\t\t\t\t\t\t\t\t<\/div>\n\t\t\t\t<\/div>\n\t\t\t\t<div class=\"elementor-element elementor-element-1cf3c24 elementor-widget-mobile__width-inherit elementor-widget elementor-widget-image\" data-id=\"1cf3c24\" data-element_type=\"widget\" data-e-type=\"widget\" data-widget_type=\"image.default\">\n\t\t\t\t<div class=\"elementor-widget-container\">\n\t\t\t\t\t\t\t\t\t\t\t\t\t\t\t<img loading=\"lazy\" decoding=\"async\" width=\"800\" height=\"558\" src=\"https:\/\/shatranj.art\/wp-content\/uploads\/2026\/02\/dilaram-mate-alfoso-libro-acedrez.jpg\" class=\"attachment-large size-large wp-image-1282\" alt=\"\" srcset=\"https:\/\/shatranj.art\/wp-content\/uploads\/2026\/02\/dilaram-mate-alfoso-libro-acedrez.jpg 1024w, https:\/\/shatranj.art\/wp-content\/uploads\/2026\/02\/dilaram-mate-alfoso-libro-acedrez-300x209.jpg 300w, https:\/\/shatranj.art\/wp-content\/uploads\/2026\/02\/dilaram-mate-alfoso-libro-acedrez-768x536.jpg 768w, https:\/\/shatranj.art\/wp-content\/uploads\/2026\/02\/dilaram-mate-alfoso-libro-acedrez-18x12.jpg 18w\" sizes=\"(max-width: 800px) 100vw, 800px\" \/>\t\t\t\t\t\t\t\t\t\t\t\t\t\t\t<\/div>\n\t\t\t\t<\/div>\n\t\t\t\t<div class=\"elementor-element elementor-element-02d8218 elementor-widget-mobile__width-inherit elementor-widget elementor-widget-image\" data-id=\"02d8218\" data-element_type=\"widget\" data-e-type=\"widget\" data-widget_type=\"image.default\">\n\t\t\t\t<div class=\"elementor-widget-container\">\n\t\t\t\t\t\t\t\t\t\t\t\t\t\t\t<img loading=\"lazy\" decoding=\"async\" width=\"800\" height=\"817\" src=\"https:\/\/shatranj.art\/wp-content\/uploads\/2026\/02\/dilaram-mate-alfonso-font.jpg\" class=\"attachment-large size-large wp-image-1283\" alt=\"\" srcset=\"https:\/\/shatranj.art\/wp-content\/uploads\/2026\/02\/dilaram-mate-alfonso-font.jpg 1003w, https:\/\/shatranj.art\/wp-content\/uploads\/2026\/02\/dilaram-mate-alfonso-font-294x300.jpg 294w, https:\/\/shatranj.art\/wp-content\/uploads\/2026\/02\/dilaram-mate-alfonso-font-768x784.jpg 768w, https:\/\/shatranj.art\/wp-content\/uploads\/2026\/02\/dilaram-mate-alfonso-font-12x12.jpg 12w\" sizes=\"(max-width: 800px) 100vw, 800px\" \/>\t\t\t\t\t\t\t\t\t\t\t\t\t\t\t<\/div>\n\t\t\t\t<\/div>\n\t\t\t\t<\/div>\n\t\t\t\t\t<\/div>\n\t\t\t\t<\/div>\n\t\t\t\t<\/div>","protected":false},"excerpt":{"rendered":"<p>Libro de los juegos\u00a0(Spanish: &#8220;Book of games&#8221;), or\u00a0Libro de axedrez, dados e tablas\u00a0(&#8220;Book of chess, dice and tables&#8221;, in Old Spanish) \u00a0 Commissioned by King Alfonso X of Castile in 1283, the Libro de los Juegos (Book of Games) is considered the most significant medieval European treatise on games. The manuscript serves as a vital [&hellip;]<\/p>\n","protected":false},"author":1,"featured_media":0,"parent":743,"menu_order":0,"comment_status":"closed","ping_status":"closed","template":"","meta":{"footnotes":""},"class_list":["post-926","page","type-page","status-publish","hentry"],"_links":{"self":[{"href":"https:\/\/shatranj.art\/da\/wp-json\/wp\/v2\/pages\/926","targetHints":{"allow":["GET"]}}],"collection":[{"href":"https:\/\/shatranj.art\/da\/wp-json\/wp\/v2\/pages"}],"about":[{"href":"https:\/\/shatranj.art\/da\/wp-json\/wp\/v2\/types\/page"}],"author":[{"embeddable":true,"href":"https:\/\/shatranj.art\/da\/wp-json\/wp\/v2\/users\/1"}],"replies":[{"embeddable":true,"href":"https:\/\/shatranj.art\/da\/wp-json\/wp\/v2\/comments?post=926"}],"version-history":[{"count":16,"href":"https:\/\/shatranj.art\/da\/wp-json\/wp\/v2\/pages\/926\/revisions"}],"predecessor-version":[{"id":1487,"href":"https:\/\/shatranj.art\/da\/wp-json\/wp\/v2\/pages\/926\/revisions\/1487"}],"up":[{"embeddable":true,"href":"https:\/\/shatranj.art\/da\/wp-json\/wp\/v2\/pages\/743"}],"wp:attachment":[{"href":"https:\/\/shatranj.art\/da\/wp-json\/wp\/v2\/media?parent=926"}],"curies":[{"name":"wp","href":"https:\/\/api.w.org\/{rel}","templated":true}]}}