{"id":936,"date":"2026-02-22T10:03:32","date_gmt":"2026-02-22T10:03:32","guid":{"rendered":"https:\/\/shatranj.art\/?page_id=936"},"modified":"2026-02-23T08:46:38","modified_gmt":"2026-02-23T08:46:38","slug":"poster-14","status":"publish","type":"page","link":"https:\/\/shatranj.art\/da\/exhibit\/poster-14\/","title":{"rendered":"plakat 14"},"content":{"rendered":"<div data-elementor-type=\"wp-page\" data-elementor-id=\"936\" class=\"elementor elementor-936\" data-elementor-post-type=\"page\">\n\t\t\t\t<div class=\"elementor-element elementor-element-c355192 e-flex e-con-boxed e-con e-parent\" data-id=\"c355192\" data-element_type=\"container\" data-e-type=\"container\" data-settings=\"{&quot;background_background&quot;:&quot;classic&quot;}\">\n\t\t\t\t\t<div class=\"e-con-inner\">\n\t\t<div class=\"elementor-element elementor-element-5bf7f96 e-con-full e-flex e-con e-child\" data-id=\"5bf7f96\" data-element_type=\"container\" data-e-type=\"container\">\n\t\t\t\t<div class=\"elementor-element elementor-element-82eab3c elementor-widget__width-initial elementor-widget-mobile__width-inherit elementor-widget elementor-widget-image\" data-id=\"82eab3c\" data-element_type=\"widget\" data-e-type=\"widget\" data-widget_type=\"image.default\">\n\t\t\t\t<div class=\"elementor-widget-container\">\n\t\t\t\t\t\t\t\t\t\t\t\t\t\t\t<img fetchpriority=\"high\" decoding=\"async\" width=\"768\" height=\"1024\" src=\"https:\/\/shatranj.art\/wp-content\/uploads\/2026\/02\/14-768x1024.jpg\" class=\"attachment-large size-large wp-image-939\" alt=\"\" srcset=\"https:\/\/shatranj.art\/wp-content\/uploads\/2026\/02\/14-768x1024.jpg 768w, https:\/\/shatranj.art\/wp-content\/uploads\/2026\/02\/14-225x300.jpg 225w, https:\/\/shatranj.art\/wp-content\/uploads\/2026\/02\/14-1152x1536.jpg 1152w, https:\/\/shatranj.art\/wp-content\/uploads\/2026\/02\/14-1536x2048.jpg 1536w, https:\/\/shatranj.art\/wp-content\/uploads\/2026\/02\/14-scaled.jpg 1920w\" sizes=\"(max-width: 768px) 100vw, 768px\" \/>\t\t\t\t\t\t\t\t\t\t\t\t\t\t\t<\/div>\n\t\t\t\t<\/div>\n\t\t\t\t<div class=\"elementor-element elementor-element-f30dc26 elementor-widget__width-initial elementor-widget elementor-widget-text-editor\" data-id=\"f30dc26\" data-element_type=\"widget\" data-e-type=\"widget\" data-widget_type=\"text-editor.default\">\n\t\t\t\t<div class=\"elementor-widget-container\">\n\t\t\t\t\t\t\t\t\t<p><strong>Den intellektuelle arv fra en gorganitisk aristokrat<\/strong><\/p><p>\u00a0<\/p><p>Al-Suli var ikke blot sin tids st\u00f8rste skakmester, han var ogs\u00e5 \u201cnadim\u201d (hofledsager) for de abbasidiske kaliffer, paladshistoriker og en skarpsindig digter. Han blev f\u00f8dt i Gorgan omkring 870 e.Kr., og hans sl\u00e6gt kan spores tilbage til den bef\u00e6stede f\u00e6stning Sul p\u00e5 Dehistans stepper, hvor hans bedstefar, den tyrkiske prins Sul tekin, engang regerede. Denne \u00e6dle arv mindes i dag med en statue ved uafh\u00e6ngighedsmonumentet i Ashgabat, Turkmenistan.<\/p><p>\u00a0<\/p><p>Al-Suli havde rang af \u201cAliya\u201d, den h\u00f8jest opn\u00e5elige titel i skak, og forvandlede spillet til en struktureret videnskabelig arkitektur. I sit banebrydende v\u00e6rk Kitab al-Shatranj var han den f\u00f8rste til systematisk at dokumentere \u00e5bningsformationer (tabiyas) og slutspilsstrategier (mansubas). Den teoretiske ramme, han etablerede, forblev den endelige m\u00e5lestok for mestring og den prim\u00e6re referencekilde i \u00e5rhundreder, indtil fremkomsten af moderne skakregler.<\/p>\t\t\t\t\t\t\t\t<\/div>\n\t\t\t\t<\/div>\n\t\t<div class=\"elementor-element elementor-element-8f27e89 e-con-full e-flex e-con e-child\" data-id=\"8f27e89\" data-element_type=\"container\" data-e-type=\"container\">\n\t\t\t\t<div class=\"elementor-element elementor-element-374a727 elementor-widget-mobile__width-inherit elementor-widget elementor-widget-image\" data-id=\"374a727\" data-element_type=\"widget\" data-e-type=\"widget\" data-widget_type=\"image.default\">\n\t\t\t\t<div class=\"elementor-widget-container\">\n\t\t\t\t\t\t\t\t\t\t\t\t\t\t\t<img decoding=\"async\" width=\"800\" height=\"457\" src=\"https:\/\/shatranj.art\/wp-content\/uploads\/2026\/02\/14-1-1024x585.jpg\" class=\"attachment-large size-large wp-image-940\" alt=\"\" srcset=\"https:\/\/shatranj.art\/wp-content\/uploads\/2026\/02\/14-1-1024x585.jpg 1024w, https:\/\/shatranj.art\/wp-content\/uploads\/2026\/02\/14-1-300x171.jpg 300w, https:\/\/shatranj.art\/wp-content\/uploads\/2026\/02\/14-1-768x439.jpg 768w, https:\/\/shatranj.art\/wp-content\/uploads\/2026\/02\/14-1-1536x877.jpg 1536w, https:\/\/shatranj.art\/wp-content\/uploads\/2026\/02\/14-1-2048x1170.jpg 2048w\" sizes=\"(max-width: 800px) 100vw, 800px\" \/>\t\t\t\t\t\t\t\t\t\t\t\t\t\t\t<\/div>\n\t\t\t\t<\/div>\n\t\t\t\t<div class=\"elementor-element elementor-element-118c953 elementor-widget-mobile__width-inherit elementor-widget elementor-widget-image\" data-id=\"118c953\" data-element_type=\"widget\" data-e-type=\"widget\" data-widget_type=\"image.default\">\n\t\t\t\t<div class=\"elementor-widget-container\">\n\t\t\t\t\t\t\t\t\t\t\t\t\t\t\t<img decoding=\"async\" width=\"800\" height=\"488\" src=\"https:\/\/shatranj.art\/wp-content\/uploads\/2026\/02\/14-2-1024x624.jpg\" class=\"attachment-large size-large wp-image-941\" alt=\"\" srcset=\"https:\/\/shatranj.art\/wp-content\/uploads\/2026\/02\/14-2-1024x624.jpg 1024w, https:\/\/shatranj.art\/wp-content\/uploads\/2026\/02\/14-2-300x183.jpg 300w, https:\/\/shatranj.art\/wp-content\/uploads\/2026\/02\/14-2-768x468.jpg 768w, https:\/\/shatranj.art\/wp-content\/uploads\/2026\/02\/14-2-1536x936.jpg 1536w, https:\/\/shatranj.art\/wp-content\/uploads\/2026\/02\/14-2-2048x1249.jpg 2048w\" sizes=\"(max-width: 800px) 100vw, 800px\" \/>\t\t\t\t\t\t\t\t\t\t\t\t\t\t\t<\/div>\n\t\t\t\t<\/div>\n\t\t\t\t<\/div>\n\t\t\t\t<div class=\"elementor-element elementor-element-bbcc28f elementor-widget__width-initial elementor-widget elementor-widget-text-editor\" data-id=\"bbcc28f\" data-element_type=\"widget\" data-e-type=\"widget\" data-widget_type=\"text-editor.default\">\n\t\t\t\t<div class=\"elementor-widget-container\">\n\t\t\t\t\t\t\t\t\t<p><b>Suli's diamant: Det \u00e5rtusindlange \u201cul\u00f8selige\u201d h\u00f8jdepunkt i strategi<\/b><\/p><p>\u00a0<\/p><p>\u201cDiamanten\u201d blev komponeret i det 10. \u00e5rhundrede af den gorganitiske mester Abu Bakr bin Yahya al-Suli og er den mest legendariske og omdiskuterede g\u00e5de i skakhistorien. P\u00e5 trods af sin absolutte ydre enkelhed - et slutspil med kun en konge og en ferz (den historiske forg\u00e6nger for dronningen) p\u00e5 hver side - forblev denne komposition skakverdenens \u201cul\u00f8selige\u201d Everest i hele tusind \u00e5r. Denne geniale kreation af Al-Suli er en suver\u00e6n man\u00f8vrekunst, der skubber til selve gr\u00e6nserne for historisk skak.<\/p><p>\u00a0<\/p><p><strong>Hemmeligheden i S\u00fcleymaniye-manuskriptet<\/strong><\/p><p>\u00a0<\/p><p>Det vigtigste bevis p\u00e5 denne g\u00e5de findes i den kopi af Kitab Ash-Shatranj, der er bevaret i S\u00fcleymaniye-biblioteket i Istanbul. Selv om siderne i dette specifikke manuskript er intakte, er det tydeligt, at visse stillinger og tr\u00e6k blev forkert eller ufuldst\u00e6ndigt transskriberet fra den oprindelige kilde. Men selv med disse historiske skrivefejl stemmer den delvise l\u00f8sning i teksten perfekt overens med det dybe analytiske arbejde, som stormester Yuri Averbakh udf\u00f8rte i det 20. \u00e5rhundrede. Al-Suli ud\u00f8deliggjorde eksklusiviteten af sit mesterskab med denne trodsige p\u00e5stand:<\/p><p>\u201cIngen skal l\u00f8se den, undtagen dem, jeg har instrueret\u201d<\/p><p>\u00a0<\/p><p><strong>Algoritmernes triumf:<\/strong> <strong>shatranj.ai<\/strong><\/p><p>\u00a0<\/p><p>\u201cDiamanten\u201d, som efterlod menneskesindet i \u00e6refrygt i et \u00e5rtusinde, er nu blevet fuldt belyst af den digitale tidsalders kraft. Inden for rammerne af shatranj.ai-projektet er alle variationer af denne geniale komposition blevet l\u00f8st matematisk ved hj\u00e6lp af dynamiske programmeringsmetoder og moderne algoritmer med aktiverede \u201chash\u201d-funktioner (transponeringstabeller). Denne rejse, der str\u00e6kker sig fra linjerne i S\u00fcleymaniye-manuskripterne til moderne kode, er den ultimative bekr\u00e6ftelse af Al-Sulis tidl\u00f8se strategiske geni og beviser, at det, der engang var forbeholdt mesterens udvalgte elever, nu kan forst\u00e5s gennem den rene logiks sprog.<\/p>\t\t\t\t\t\t\t\t<\/div>\n\t\t\t\t<\/div>\n\t\t\t\t<\/div>\n\t\t\t\t\t<\/div>\n\t\t\t\t<\/div>\n\t\t\t\t<\/div>","protected":false},"excerpt":{"rendered":"<p>The Intellectual Legacy of a Gorganite Aristocrat \u00a0 Al-Suli was not merely the preeminent chess master of his age; he was a &#8220;nadim&#8221; (court companion) to Abbasid Caliphs, a palace historian, and a sharp-witted poet. Born in Gorgan around 870 AD, his lineage traces back to the fortified Fortress of Sul in the Dehistan steppes, [&hellip;]<\/p>\n","protected":false},"author":1,"featured_media":0,"parent":743,"menu_order":0,"comment_status":"closed","ping_status":"closed","template":"","meta":{"footnotes":""},"class_list":["post-936","page","type-page","status-publish","hentry"],"_links":{"self":[{"href":"https:\/\/shatranj.art\/da\/wp-json\/wp\/v2\/pages\/936","targetHints":{"allow":["GET"]}}],"collection":[{"href":"https:\/\/shatranj.art\/da\/wp-json\/wp\/v2\/pages"}],"about":[{"href":"https:\/\/shatranj.art\/da\/wp-json\/wp\/v2\/types\/page"}],"author":[{"embeddable":true,"href":"https:\/\/shatranj.art\/da\/wp-json\/wp\/v2\/users\/1"}],"replies":[{"embeddable":true,"href":"https:\/\/shatranj.art\/da\/wp-json\/wp\/v2\/comments?post=936"}],"version-history":[{"count":31,"href":"https:\/\/shatranj.art\/da\/wp-json\/wp\/v2\/pages\/936\/revisions"}],"predecessor-version":[{"id":1351,"href":"https:\/\/shatranj.art\/da\/wp-json\/wp\/v2\/pages\/936\/revisions\/1351"}],"up":[{"embeddable":true,"href":"https:\/\/shatranj.art\/da\/wp-json\/wp\/v2\/pages\/743"}],"wp:attachment":[{"href":"https:\/\/shatranj.art\/da\/wp-json\/wp\/v2\/media?parent=936"}],"curies":[{"name":"wp","href":"https:\/\/api.w.org\/{rel}","templated":true}]}}