{"id":954,"date":"2026-02-22T15:10:21","date_gmt":"2026-02-22T15:10:21","guid":{"rendered":"https:\/\/shatranj.art\/?page_id=954"},"modified":"2026-02-24T09:18:28","modified_gmt":"2026-02-24T09:18:28","slug":"poster-16","status":"publish","type":"page","link":"https:\/\/shatranj.art\/da\/exhibit\/poster-16\/","title":{"rendered":"plakat 16"},"content":{"rendered":"<div data-elementor-type=\"wp-page\" data-elementor-id=\"954\" class=\"elementor elementor-954\" data-elementor-post-type=\"page\">\n\t\t\t\t<div class=\"elementor-element elementor-element-05751de e-flex e-con-boxed e-con e-parent\" data-id=\"05751de\" data-element_type=\"container\" data-e-type=\"container\" data-settings=\"{&quot;background_background&quot;:&quot;classic&quot;}\">\n\t\t\t\t\t<div class=\"e-con-inner\">\n\t\t<div class=\"elementor-element elementor-element-415f3f4 e-con-full e-flex e-con e-child\" data-id=\"415f3f4\" data-element_type=\"container\" data-e-type=\"container\">\n\t\t\t\t<div class=\"elementor-element elementor-element-ee52ef0 elementor-widget__width-initial elementor-widget elementor-widget-image\" data-id=\"ee52ef0\" data-element_type=\"widget\" data-e-type=\"widget\" data-widget_type=\"image.default\">\n\t\t\t\t<div class=\"elementor-widget-container\">\n\t\t\t\t\t\t\t\t\t\t\t\t\t\t\t<img fetchpriority=\"high\" decoding=\"async\" width=\"723\" height=\"1024\" src=\"https:\/\/shatranj.art\/wp-content\/uploads\/2026\/02\/16-723x1024.jpg\" class=\"attachment-large size-large wp-image-959\" alt=\"\" srcset=\"https:\/\/shatranj.art\/wp-content\/uploads\/2026\/02\/16-723x1024.jpg 723w, https:\/\/shatranj.art\/wp-content\/uploads\/2026\/02\/16-212x300.jpg 212w, https:\/\/shatranj.art\/wp-content\/uploads\/2026\/02\/16-768x1087.jpg 768w, https:\/\/shatranj.art\/wp-content\/uploads\/2026\/02\/16-1085x1536.jpg 1085w, https:\/\/shatranj.art\/wp-content\/uploads\/2026\/02\/16-1447x2048.jpg 1447w, https:\/\/shatranj.art\/wp-content\/uploads\/2026\/02\/16.jpg 1557w\" sizes=\"(max-width: 723px) 100vw, 723px\" \/>\t\t\t\t\t\t\t\t\t\t\t\t\t\t\t<\/div>\n\t\t\t\t<\/div>\n\t\t\t\t<div class=\"elementor-element elementor-element-bc51b4f elementor-widget__width-initial elementor-widget elementor-widget-text-editor\" data-id=\"bc51b4f\" data-element_type=\"widget\" data-e-type=\"widget\" data-widget_type=\"text-editor.default\">\n\t\t\t\t<div class=\"elementor-widget-container\">\n\t\t\t\t\t\t\t\t\t<h3><b>Bucephalus: Den legendariske \u00e5nd fra stepperne og erobringerne<\/b><\/h3><p>Det betyder \u201coksehoved\u201d (Boukephalos) p\u00e5 oldgr\u00e6sk, sandsynligvis p\u00e5 grund af hans brede pande eller et m\u00e6rke p\u00e5 skulderen. Bucephalus er den mest ikoniske stridshest i historien. Legenden fort\u00e6ller, at han blev tilbudt kong Philip II af Philonicus fra Thessalien for den svimlende sum af 13 talenter, men ingen kunne t\u00e6mme hans vilde \u00e5nd. En ung Alexander observerede, at hesten blot var bange for sin egen skygge, og vendte den mod solen for at berolige den. Da kong Philip s\u00e5 dette, erkl\u00e6rede han som bekendt: \u201cO min s\u00f8n, find dig et rige, der er dig selv v\u00e6rdigt, for Makedonien er for lille til dig!\u201d<\/p><p>\u00a0<\/p><p>Fra slagmarker til ud\u00f8delighed<\/p><p>\u00a0<\/p><p>Bucephalus ledsagede Alexander gennem hele hans felttog fra Gr\u00e6kenland til hjertet af Indien. Han bar sin herre gennem de blodigste sammenst\u00f8d, fra Granicus og Issus til Gaugamela og slaget ved Hydaspes. I 326 f.Kr., under det indiske felttog, d\u00f8de han enten af kamps\u00e5r eller alderdom (n\u00e6sten 30 \u00e5r gammel). Til \u00e6re for ham grundlagde Alexander byen Alexandria Bucephala ved bredden af Jhelum-floden i det nuv\u00e6rende Pakistan.<\/p><p>\u00a0<\/p><p>Kulturel arv<\/p><p>\u00a0<\/p><p>I kunst- og litteraturhistorien st\u00e5r Bucephalus som et symbol p\u00e5 magt, loyalitet og skarpt instinkt. I \u00f8stlige traditioner, hvor Alexander ofte identificeres som \u201cIskandar\u201d, skildres Bucephalus som en loyal f\u00f8lgesvend med overnaturlige egenskaber. Han forbliver den sande \u201c\u00e5nd\u201d bag historiens st\u00f8rste erobrer og repr\u00e6senterer et b\u00e5nd, der overskred slagmarken.<\/p>\t\t\t\t\t\t\t\t<\/div>\n\t\t\t\t<\/div>\n\t\t\t\t<\/div>\n\t\t\t\t\t<\/div>\n\t\t\t\t<\/div>\n\t\t\t\t<\/div>","protected":false},"excerpt":{"rendered":"<p>Bucephalus: The Legendary Spirit of the Steppes and Conquests Meaning &#8220;Ox-headed&#8221; (Boukephalos) in Ancient Greek likely due to his broad brow or a branding on his shoulder Bucephalus is the most iconic warhorse in history. Legend tells that he was offered to King Philip II by Philonicus the Thessalian for the staggering sum of 13 [&hellip;]<\/p>\n","protected":false},"author":1,"featured_media":0,"parent":743,"menu_order":0,"comment_status":"closed","ping_status":"closed","template":"","meta":{"footnotes":""},"class_list":["post-954","page","type-page","status-publish","hentry"],"_links":{"self":[{"href":"https:\/\/shatranj.art\/da\/wp-json\/wp\/v2\/pages\/954","targetHints":{"allow":["GET"]}}],"collection":[{"href":"https:\/\/shatranj.art\/da\/wp-json\/wp\/v2\/pages"}],"about":[{"href":"https:\/\/shatranj.art\/da\/wp-json\/wp\/v2\/types\/page"}],"author":[{"embeddable":true,"href":"https:\/\/shatranj.art\/da\/wp-json\/wp\/v2\/users\/1"}],"replies":[{"embeddable":true,"href":"https:\/\/shatranj.art\/da\/wp-json\/wp\/v2\/comments?post=954"}],"version-history":[{"count":13,"href":"https:\/\/shatranj.art\/da\/wp-json\/wp\/v2\/pages\/954\/revisions"}],"predecessor-version":[{"id":1579,"href":"https:\/\/shatranj.art\/da\/wp-json\/wp\/v2\/pages\/954\/revisions\/1579"}],"up":[{"embeddable":true,"href":"https:\/\/shatranj.art\/da\/wp-json\/wp\/v2\/pages\/743"}],"wp:attachment":[{"href":"https:\/\/shatranj.art\/da\/wp-json\/wp\/v2\/media?parent=954"}],"curies":[{"name":"wp","href":"https:\/\/api.w.org\/{rel}","templated":true}]}}