{"id":963,"date":"2026-02-22T15:16:26","date_gmt":"2026-02-22T15:16:26","guid":{"rendered":"https:\/\/shatranj.art\/?page_id=963"},"modified":"2026-02-23T11:10:10","modified_gmt":"2026-02-23T11:10:10","slug":"poster-17","status":"publish","type":"page","link":"https:\/\/shatranj.art\/da\/exhibit\/poster-17\/","title":{"rendered":"plakat 17"},"content":{"rendered":"<div data-elementor-type=\"wp-page\" data-elementor-id=\"963\" class=\"elementor elementor-963\" data-elementor-post-type=\"page\">\n\t\t\t\t<div class=\"elementor-element elementor-element-73ca0e2 e-flex e-con-boxed e-con e-parent\" data-id=\"73ca0e2\" data-element_type=\"container\" data-e-type=\"container\" data-settings=\"{&quot;background_background&quot;:&quot;classic&quot;}\">\n\t\t\t\t\t<div class=\"e-con-inner\">\n\t\t<div class=\"elementor-element elementor-element-4151d56 e-con-full e-flex e-con e-child\" data-id=\"4151d56\" data-element_type=\"container\" data-e-type=\"container\">\n\t\t\t\t<div class=\"elementor-element elementor-element-3b5a1d2 elementor-widget elementor-widget-image\" data-id=\"3b5a1d2\" data-element_type=\"widget\" data-e-type=\"widget\" data-widget_type=\"image.default\">\n\t\t\t\t<div class=\"elementor-widget-container\">\n\t\t\t\t\t\t\t\t\t\t\t\t\t\t\t<img fetchpriority=\"high\" decoding=\"async\" width=\"800\" height=\"378\" src=\"https:\/\/shatranj.art\/wp-content\/uploads\/2026\/02\/15-1-1024x484.jpg\" class=\"attachment-large size-large wp-image-948\" alt=\"\" srcset=\"https:\/\/shatranj.art\/wp-content\/uploads\/2026\/02\/15-1-1024x484.jpg 1024w, https:\/\/shatranj.art\/wp-content\/uploads\/2026\/02\/15-1-300x142.jpg 300w, https:\/\/shatranj.art\/wp-content\/uploads\/2026\/02\/15-1-768x363.jpg 768w, https:\/\/shatranj.art\/wp-content\/uploads\/2026\/02\/15-1-1536x726.jpg 1536w, https:\/\/shatranj.art\/wp-content\/uploads\/2026\/02\/15-1-2048x968.jpg 2048w\" sizes=\"(max-width: 800px) 100vw, 800px\" \/>\t\t\t\t\t\t\t\t\t\t\t\t\t\t\t<\/div>\n\t\t\t\t<\/div>\n\t\t\t\t<div class=\"elementor-element elementor-element-4e7af25 elementor-widget elementor-widget-text-editor\" data-id=\"4e7af25\" data-element_type=\"widget\" data-e-type=\"widget\" data-widget_type=\"text-editor.default\">\n\t\t\t\t<div class=\"elementor-widget-container\">\n\t\t\t\t\t\t\t\t\t<h2><b>Ridderens tur<\/b><\/h2><p><b>Historisk dybde:<\/b><span style=\"font-weight: 400;\"> Springerens tur er en matematisk sekvens, hvor en springer bes\u00f8ger hvert eneste felt p\u00e5 et skakbr\u00e6t pr\u00e6cis \u00e9n gang. Det er b\u00e5de en strategisk udfordring og et klassisk problem inden for fritidsmatematik.<\/span><\/p><p>\u00a0<\/p><p><b>Oprindelse:<\/b><\/p><p>Dette problem er langt fra en moderne opdagelse. De tidligste kendte l\u00f8sninger g\u00e5r tilbage til det 9. \u00e5rhundrede, leveret af mestre fra Bagdad som Al-Adli og As-Suli. I det 9. \u00e5rhundredes indiske litteratur demonstrerede den kashmiriske digter Rudrata desuden denne matematiske \u00e6stetik i sit v\u00e6rk Kavyalankara, hvor han komponerede et digt, der fulgte r\u00e6kkef\u00f8lgen af en ridders tur.<\/p><p>\u00a0<\/p><p><b>Vestlig litteratur:<\/b><\/p><p>I det 13. \u00e5rhundrede pr\u00e6senterede kong Alfonso X af Kastilien komplekse man\u00f8vrer baseret p\u00e5 ridderens bev\u00e6gelse i sin ber\u00f8mte Libro de los Juegos (Book of Games). Men det moderne matematiske grundlag for problemet blev lagt i 1759 af Leonhard Euler, hvis analyse nu er anerkendt som en af hj\u00f8rnestenene i grafteorien.<\/p><p>\u00a0<\/p><p><b>Karakteristika:<\/b><\/p><p><b>Lukket (tilbagevendende) tur:<\/b> Hvis springeren slutter p\u00e5 et felt, der er pr\u00e6cis et springerslag v\u00e6k fra startfeltet, kan den straks begynde turen igen.<\/p><p>\u00a0<\/p><p><b>\u00c5ben tur:<\/b><\/p><p><span style=\"font-weight: 400;\">Hvis springeren bes\u00f8ger alle felter, men ender p\u00e5 et felt, hvorfra den ikke kan n\u00e5 startpunktet i et enkelt tr\u00e6k.<\/span><\/p>\t\t\t\t\t\t\t\t<\/div>\n\t\t\t\t<\/div>\n\t\t\t\t<div class=\"elementor-element elementor-element-14fac00 elementor-widget elementor-widget-image\" data-id=\"14fac00\" data-element_type=\"widget\" data-e-type=\"widget\" data-widget_type=\"image.default\">\n\t\t\t\t<div class=\"elementor-widget-container\">\n\t\t\t\t\t\t\t\t\t\t\t\t\t\t\t<img decoding=\"async\" width=\"800\" height=\"342\" src=\"https:\/\/shatranj.art\/wp-content\/uploads\/2026\/02\/15-1024x438.jpg\" class=\"attachment-large size-large wp-image-950\" alt=\"\" srcset=\"https:\/\/shatranj.art\/wp-content\/uploads\/2026\/02\/15-1024x438.jpg 1024w, https:\/\/shatranj.art\/wp-content\/uploads\/2026\/02\/15-300x128.jpg 300w, https:\/\/shatranj.art\/wp-content\/uploads\/2026\/02\/15-768x328.jpg 768w, https:\/\/shatranj.art\/wp-content\/uploads\/2026\/02\/15-1536x657.jpg 1536w, https:\/\/shatranj.art\/wp-content\/uploads\/2026\/02\/15-2048x875.jpg 2048w\" sizes=\"(max-width: 800px) 100vw, 800px\" \/>\t\t\t\t\t\t\t\t\t\t\t\t\t\t\t<\/div>\n\t\t\t\t<\/div>\n\t\t\t\t<div class=\"elementor-element elementor-element-1e25ada elementor-widget elementor-widget-text-editor\" data-id=\"1e25ada\" data-element_type=\"widget\" data-e-type=\"widget\" data-widget_type=\"text-editor.default\">\n\t\t\t\t<div class=\"elementor-widget-container\">\n\t\t\t\t\t\t\t\t\t<h2><b>Problemet med de 8 dronninger: Dijkstra og f\u00f8dslen af struktureret programmering<\/b><\/h2><p>Problemet blev stillet af Max Bezzel i 1848 og tiltrak sig opm\u00e6rksomhed fra genier som Carl Friedrich Gauss, og i 1970\u201cerne blev det omdannet til et \u201dprogrammeringsmanifest\" af en af den moderne datalogis f\u00e6dre, Edsger W. Dijkstra.<\/p><h3><b>Forbindelsen mellem Dijkstra og DFS<\/b><\/h3><p><span style=\"font-weight: 400;\">I sit banebrydende v\u00e6rk, <\/span><i><span style=\"font-weight: 400;\">Noter om struktureret programmering<\/span><\/i><span style=\"font-weight: 400;\"> (1972) brugte Dijkstra 8 Queens Problem til at demonstrere, hvordan en algoritme systematisk kan konstrueres gennem en proces, han kaldte \u201cstep-wise refinement\u201d.\u201d<\/span><\/p><ul><li style=\"font-weight: 400;\" aria-level=\"1\">DFS og backtracking: Dijkstra definerede metoden med at placere en dronning i en r\u00e6kke og g\u00e5 ned til den n\u00e6ste (Depth-First Search - DFS) og vende tilbage til det forrige trin for at pr\u00f8ve en anden mulighed, n\u00e5r man rammer en blindgyde (Backtracking) som det reneste eksempel p\u00e5 struktureret programmering.<\/li><\/ul><p><b>Kraften i at g\u00e5 tilbage:<\/b><\/p><p>If\u00f8lge Dijkstra repr\u00e6senterer denne tilgang den f\u00f8rste store milep\u00e6l i at forfine \u201ctrial-and-error\u201d-processen til en fejlfri logisk sekvens, som en medarbejder kan bruge til at finde ud af, hvad der sker.<\/p>\t\t\t\t\t\t\t\t<\/div>\n\t\t\t\t<\/div>\n\t\t\t\t<div class=\"elementor-element elementor-element-3aa137e elementor-widget elementor-widget-image\" data-id=\"3aa137e\" data-element_type=\"widget\" data-e-type=\"widget\" data-widget_type=\"image.default\">\n\t\t\t\t<div class=\"elementor-widget-container\">\n\t\t\t\t\t\t\t\t\t\t\t\t\t\t\t<img decoding=\"async\" width=\"800\" height=\"588\" src=\"https:\/\/shatranj.art\/wp-content\/uploads\/2026\/02\/15-2-1024x752.jpg\" class=\"attachment-large size-large wp-image-949\" alt=\"\" srcset=\"https:\/\/shatranj.art\/wp-content\/uploads\/2026\/02\/15-2-1024x752.jpg 1024w, https:\/\/shatranj.art\/wp-content\/uploads\/2026\/02\/15-2-300x220.jpg 300w, https:\/\/shatranj.art\/wp-content\/uploads\/2026\/02\/15-2-768x564.jpg 768w, https:\/\/shatranj.art\/wp-content\/uploads\/2026\/02\/15-2-1536x1128.jpg 1536w, https:\/\/shatranj.art\/wp-content\/uploads\/2026\/02\/15-2-2048x1504.jpg 2048w\" sizes=\"(max-width: 800px) 100vw, 800px\" \/>\t\t\t\t\t\t\t\t\t\t\t\t\t\t\t<\/div>\n\t\t\t\t<\/div>\n\t\t\t\t<div class=\"elementor-element elementor-element-be7cb02 elementor-widget elementor-widget-text-editor\" data-id=\"be7cb02\" data-element_type=\"widget\" data-e-type=\"widget\" data-widget_type=\"text-editor.default\">\n\t\t\t\t<div class=\"elementor-widget-container\">\n\t\t\t\t\t\t\t\t\t<h3><b>Hvede- og skakbr\u00e6tproblemet: Eksponentiel v\u00e6kst<\/b><\/h3><p><b>Legende og oprindelse:<\/b><\/p><p>Historien fort\u00e6ller, at da skakspillets opfinder, Sissa bin Dahir, pr\u00e6senterede spillet for Indiens konge, spurgte kongen ham, hvilken bel\u00f8nning han gerne ville have. Sissa kom med en tilsyneladende beskeden anmodning: \u201cJeg vil have et hvedekorn for det f\u00f8rste felt p\u00e5 skakbr\u00e6ttet, to for det andet, fire for det tredje og for hvert efterf\u00f8lgende felt det dobbelte af det foreg\u00e5ende.\u201d Kongen afviste i f\u00f8rste omgang anmodningen og troede, at det bare var \u201cen h\u00e5ndfuld hvede\u201d, men da udregningen begyndte, stod det klart, at hverken statskassen eller hele verdens hvedelagre ville v\u00e6re tilstr\u00e6kkelige til at opfylde dette krav.<\/p><p><b>Historisk optegnelse: Ibn Khallikan (1256)<\/b><\/p><p>Den f\u00f8rste kendte skriftlige optegnelse af denne ber\u00f8mte historie blev dokumenteret i 1256 af den ber\u00f8mte biograf og historiker Ibn Khallikan. Ibn Khallikan indarbejdede denne begivenhed i sit v\u00e6rk, ikke kun som en fort\u00e6lling, men som bevis p\u00e5, hvordan matematikken skubber til fantasiens gr\u00e6nser.<\/p><p><b>Den matematiske virkelighed:<\/b><\/p><p><span style=\"font-weight: 400;\">Denne anmodning til de 64 felter p\u00e5 skakbr\u00e6ttet er det reneste eksempel p\u00e5 geometrisk progression (eksponentiel v\u00e6kst). Bel\u00f8bet p\u00e5 hvert felt beregnes ved hj\u00e6lp af formlen <strong>2<sup>n-1<\/sup><\/strong> . Ligningen, der giver den samlede m\u00e6ngde hvede, er som f\u00f8lger:<\/span><\/p><p>\u00a0<\/p><div class=\"wheat-formula-box\"><div class=\"wheat-formula\" aria-label=\"S er lig med summen fra i er lig med 0 til 63 af 2 til i, er lig med 2 til 64 minus 1\"><div class=\"formula-wrap\"><span class=\"formula\">S =<\/span><p><span class=\"sigma-block\" aria-label=\"summen fra i er lig med 0 til 63\"><br \/><span class=\"sigma-top\">63<\/span><br \/><span class=\"sigma\">\u2211<\/span><br \/><span class=\"sigma-bottom\"><i>i<\/i>=0<\/span><br \/><\/span><\/p><p><span class=\"formula\">2<sup><i>i<\/i><\/sup> = 2<sup>64<\/sup> - 1<\/span><\/p><\/div><p>Det enorme tal, der kommer ud af denne beregning, er:<\/p><p><b>18,446,744,073,709,551,615<\/b><\/p><p><b>Hvorfor er det s\u00e5 vigtigt?<\/b><\/p><ul><li style=\"font-weight: 400;\" aria-level=\"1\"><b>V\u00e6kstens omfang:<\/b><span style=\"font-weight: 400;\"> Dette tal svarer til cirka 2.000 gange den nuv\u00e6rende samlede \u00e5rlige hvedeproduktion i verden.\u00a0<\/span><\/li><\/ul><p><b>Strategisk lektion:<\/b><span style=\"font-weight: 400;\"> Dette problem er en gammel visdomslektion, der l\u00e6rer ledere og strateger, hvordan sm\u00e5 \u00e6ndringer (\u201cfordobling\u201d) kan forvandles til ukontrollerbare kr\u00e6fter over tid.<\/span><\/p><\/div><\/div>\t\t\t\t\t\t\t\t<\/div>\n\t\t\t\t<\/div>\n\t\t\t\t<\/div>\n\t\t\t\t\t<\/div>\n\t\t\t\t<\/div>\n\t\t\t\t<\/div>","protected":false},"excerpt":{"rendered":"<p>The Knight&#8217;s Tour Historical Depth: The Knight&#8217;s Tour is a mathematical sequence in which a knight visits every single square on a chessboard exactly once. It is both a strategic challenge and a classic problem in recreational mathematics. \u00a0 Origins: This problem is far from a modern discovery. The earliest known solutions date back to [&hellip;]<\/p>\n","protected":false},"author":1,"featured_media":0,"parent":743,"menu_order":0,"comment_status":"closed","ping_status":"closed","template":"","meta":{"footnotes":""},"class_list":["post-963","page","type-page","status-publish","hentry"],"_links":{"self":[{"href":"https:\/\/shatranj.art\/da\/wp-json\/wp\/v2\/pages\/963","targetHints":{"allow":["GET"]}}],"collection":[{"href":"https:\/\/shatranj.art\/da\/wp-json\/wp\/v2\/pages"}],"about":[{"href":"https:\/\/shatranj.art\/da\/wp-json\/wp\/v2\/types\/page"}],"author":[{"embeddable":true,"href":"https:\/\/shatranj.art\/da\/wp-json\/wp\/v2\/users\/1"}],"replies":[{"embeddable":true,"href":"https:\/\/shatranj.art\/da\/wp-json\/wp\/v2\/comments?post=963"}],"version-history":[{"count":22,"href":"https:\/\/shatranj.art\/da\/wp-json\/wp\/v2\/pages\/963\/revisions"}],"predecessor-version":[{"id":1443,"href":"https:\/\/shatranj.art\/da\/wp-json\/wp\/v2\/pages\/963\/revisions\/1443"}],"up":[{"embeddable":true,"href":"https:\/\/shatranj.art\/da\/wp-json\/wp\/v2\/pages\/743"}],"wp:attachment":[{"href":"https:\/\/shatranj.art\/da\/wp-json\/wp\/v2\/media?parent=963"}],"curies":[{"name":"wp","href":"https:\/\/api.w.org\/{rel}","templated":true}]}}