{"id":1016,"date":"2026-02-22T16:17:45","date_gmt":"2026-02-22T16:17:45","guid":{"rendered":"https:\/\/shatranj.art\/?page_id=1016"},"modified":"2026-02-24T09:42:49","modified_gmt":"2026-02-24T09:42:49","slug":"poster-24","status":"publish","type":"page","link":"https:\/\/shatranj.art\/de\/exhibit\/poster-24\/","title":{"rendered":"Poster 24"},"content":{"rendered":"<div data-elementor-type=\"wp-page\" data-elementor-id=\"1016\" class=\"elementor elementor-1016\" data-elementor-post-type=\"page\">\n\t\t\t\t<div class=\"elementor-element elementor-element-cbef851 e-flex e-con-boxed e-con e-parent\" data-id=\"cbef851\" data-element_type=\"container\" data-e-type=\"container\" data-settings=\"{&quot;background_background&quot;:&quot;classic&quot;}\">\n\t\t\t\t\t<div class=\"e-con-inner\">\n\t\t<div class=\"elementor-element elementor-element-919ca16 e-con-full e-flex e-con e-child\" data-id=\"919ca16\" data-element_type=\"container\" data-e-type=\"container\">\n\t\t\t\t<div class=\"elementor-element elementor-element-3a8b40d elementor-widget elementor-widget-image\" data-id=\"3a8b40d\" data-element_type=\"widget\" data-e-type=\"widget\" data-widget_type=\"image.default\">\n\t\t\t\t<div class=\"elementor-widget-container\">\n\t\t\t\t\t\t\t\t\t\t\t\t\t\t\t<img fetchpriority=\"high\" decoding=\"async\" width=\"800\" height=\"534\" src=\"https:\/\/shatranj.art\/wp-content\/uploads\/2026\/02\/21-1024x683.jpg\" class=\"attachment-large size-large wp-image-995\" alt=\"\" srcset=\"https:\/\/shatranj.art\/wp-content\/uploads\/2026\/02\/21-1024x683.jpg 1024w, https:\/\/shatranj.art\/wp-content\/uploads\/2026\/02\/21-300x200.jpg 300w, https:\/\/shatranj.art\/wp-content\/uploads\/2026\/02\/21-768x512.jpg 768w, https:\/\/shatranj.art\/wp-content\/uploads\/2026\/02\/21-1536x1024.jpg 1536w, https:\/\/shatranj.art\/wp-content\/uploads\/2026\/02\/21-2048x1366.jpg 2048w\" sizes=\"(max-width: 800px) 100vw, 800px\" \/>\t\t\t\t\t\t\t\t\t\t\t\t\t\t\t<\/div>\n\t\t\t\t<\/div>\n\t\t\t\t<div class=\"elementor-element elementor-element-07a7613 elementor-widget elementor-widget-text-editor\" data-id=\"07a7613\" data-element_type=\"widget\" data-e-type=\"widget\" data-widget_type=\"text-editor.default\">\n\t\t\t\t<div class=\"elementor-widget-container\">\n\t\t\t\t\t\t\t\t\t<p>Das \u015eAH\u00ce-Schachset ist mehr als nur ein Spiel; es ist eine Br\u00fccke zwischen Kulturen, Epochen und Philosophien. Das Set soll sowohl kaiserliche als auch k\u00f6nigliche Gef\u00fchle hervorrufen und hat seinen Namen von einem Begriff, der auf dem Balkan und in vielen slawischen Sprachen weit verbreitet ist und sich auf das Schachspiel bezieht.<\/p><p>Das Wort \u201c\u015eAH\u00ce\u201d selbst fungiert als k\u00f6nigliches Adjektiv, das \u201cspezifisch f\u00fcr den Schah\u201d bedeutet und ein literarisches Gewicht hat, das f\u00fcr St\u00e4rke, Gro\u00dfartigkeit und strategische Tiefe steht.<\/p><h3><b>Ein Meisterwerk der kulturellen Evolution<\/b><\/h3><p>Dieses Set wurde von dem erfahrenen Schachp\u00e4dagogen und ehemaligen MIT-First-Board-Spieler Tamer Karatekin entworfen und fasst die Geschichte des Spiels auf elegante Weise zusammen. Jede Figur ist so gestaltet, dass sie eine einzigartige historische Erz\u00e4hlung widerspiegelt:<\/p><ul><li style=\"font-weight: 400;\" aria-level=\"1\"><b>G\u00fcl\u015fah (Der K\u00f6nig):<\/b><span style=\"font-weight: 400;\"> Repr\u00e4sentiert die Heiligkeit der Kuppel, die von Bauwerken wie der Hagia Sophia und dem Pantheon inspiriert ist, und das intellektuelle Erbe der Kopfbedeckung.<\/span><\/li><li style=\"font-weight: 400;\" aria-level=\"1\"><b>Sokol (Die K\u00f6nigin\/der Wesir):<\/b><span style=\"font-weight: 400;\"> Benannt nach dem milit\u00e4rischen Symbol des Falken und inspiriert durch das Zwiebelkuppel-Finale und das Helmdesign des \u00f6sterreichischen Schachspiels, symbolisiert es milit\u00e4rische Autorit\u00e4t und die Weisheit des \u201cWesirs\u201d. Sokolovichi war die Geburtsstadt des einflussreichsten Gro\u00dfwesirs des Osmanischen Reiches, Sokollu Mehmet Pasha.<\/span><\/li><li style=\"font-weight: 400;\" aria-level=\"1\"><b>Bukefal (Der Ritter):<\/b><span style=\"font-weight: 400;\"> Benannt nach dem legend\u00e4ren Pferd Alexanders des Gro\u00dfen, das den wechselseitigen Austausch von Kulturen zwischen Ost und West symbolisiert.<\/span><\/li><li style=\"font-weight: 400;\" aria-level=\"1\"><b>Shahrukh (The Rook):<\/b><span style=\"font-weight: 400;\"> Eine gro\u00dfartige Synthese der milit\u00e4rischen Entwicklung, die Elemente des Kriegswagens, des Turms, der Kanone und des Schiffs enth\u00e4lt. Der Schachmeister und Feldherr Timur gab seinem Sohn den Namen Shahrukh, da die Nachricht von seiner Geburt w\u00e4hrend eines Schachspiels eintraf.<\/span><\/li><li style=\"font-weight: 400;\" aria-level=\"1\"><b>Abul-Abbas (Der Bischof\/Elephant):<\/b><span style=\"font-weight: 400;\"> Spiegelt die ikonische Reise des Elefanten wider, der Karl dem Gro\u00dfen geschenkt wurde, und zeichnet die Wanderung des Schachs \u00fcber drei Kontinente nach.<\/span><\/li><li style=\"font-weight: 400;\" aria-level=\"1\"><b>R\u00e9gence-Philidor (Das Pfand):<\/b><span style=\"font-weight: 400;\"> Inspiriert von den Pariser Caf\u00e9s der Aufkl\u00e4rungszeit und Philidors ber\u00fchmter Maxime: \u201cDie Bauern sind die Seele des Schachs\u201d.<\/span><\/li><\/ul>\t\t\t\t\t\t\t\t<\/div>\n\t\t\t\t<\/div>\n\t\t\t\t<div class=\"elementor-element elementor-element-52a94ef elementor-widget elementor-widget-text-editor\" data-id=\"52a94ef\" data-element_type=\"widget\" data-e-type=\"widget\" data-widget_type=\"text-editor.default\">\n\t\t\t\t<div class=\"elementor-widget-container\">\n\t\t\t\t\t\t\t\t\t<h3><b>Aufbau und Zweck<\/b><\/h3><p>Das \u015eAH\u00ce-Set wurde sorgf\u00e4ltig vorbereitet, um sowohl als k\u00fcnstlerisches Ausstellungsst\u00fcck als auch als funktionales Werkzeug f\u00fcr Unterricht und Turniere zu dienen. Seine Design-Philosophie basiert auf kultureller und spiritueller Integration, so dass es Spieler auf der ganzen Welt anspricht.<\/p><p><b>Ein Erbe der Unterst\u00fctzung:<\/b><\/p><p>Die Produktion dieses Sets wurde durch die Unterst\u00fctzung des Massachusetts Cultural Council und des Jugendprogramms der Europ\u00e4ischen Union erm\u00f6glicht.<\/p>\t\t\t\t\t\t\t\t<\/div>\n\t\t\t\t<\/div>\n\t\t\t\t<\/div>\n\t\t\t\t\t<\/div>\n\t\t\t\t<\/div>\n\t\t\t\t<\/div>","protected":false},"excerpt":{"rendered":"<p>The \u015eAH\u00ce Chess Set is more than just a game; it is a bridge between cultures, eras, and philosophies. Designed to evoke both imperial and royal sensations, the set draws its name from a term widely used in the Balkans and many Slavic languages to refer to the game of chess. The word &#8220;\u015eAH\u00ce&#8221; itself [&hellip;]<\/p>\n","protected":false},"author":1,"featured_media":0,"parent":743,"menu_order":0,"comment_status":"closed","ping_status":"closed","template":"","meta":{"footnotes":""},"class_list":["post-1016","page","type-page","status-publish","hentry"],"_links":{"self":[{"href":"https:\/\/shatranj.art\/de\/wp-json\/wp\/v2\/pages\/1016","targetHints":{"allow":["GET"]}}],"collection":[{"href":"https:\/\/shatranj.art\/de\/wp-json\/wp\/v2\/pages"}],"about":[{"href":"https:\/\/shatranj.art\/de\/wp-json\/wp\/v2\/types\/page"}],"author":[{"embeddable":true,"href":"https:\/\/shatranj.art\/de\/wp-json\/wp\/v2\/users\/1"}],"replies":[{"embeddable":true,"href":"https:\/\/shatranj.art\/de\/wp-json\/wp\/v2\/comments?post=1016"}],"version-history":[{"count":19,"href":"https:\/\/shatranj.art\/de\/wp-json\/wp\/v2\/pages\/1016\/revisions"}],"predecessor-version":[{"id":1601,"href":"https:\/\/shatranj.art\/de\/wp-json\/wp\/v2\/pages\/1016\/revisions\/1601"}],"up":[{"embeddable":true,"href":"https:\/\/shatranj.art\/de\/wp-json\/wp\/v2\/pages\/743"}],"wp:attachment":[{"href":"https:\/\/shatranj.art\/de\/wp-json\/wp\/v2\/media?parent=1016"}],"curies":[{"name":"wp","href":"https:\/\/api.w.org\/{rel}","templated":true}]}}