{"id":1510,"date":"2026-02-24T07:22:35","date_gmt":"2026-02-24T07:22:35","guid":{"rendered":"https:\/\/shatranj.art\/?page_id=1510"},"modified":"2026-02-24T07:36:00","modified_gmt":"2026-02-24T07:36:00","slug":"poster-39","status":"publish","type":"page","link":"https:\/\/shatranj.art\/de\/exhibit\/poster-39\/","title":{"rendered":"Poster-39"},"content":{"rendered":"<div data-elementor-type=\"wp-page\" data-elementor-id=\"1510\" class=\"elementor elementor-1510\" data-elementor-post-type=\"page\">\n\t\t\t\t<div class=\"elementor-element elementor-element-1426eb0 e-flex e-con-boxed e-con e-parent\" data-id=\"1426eb0\" data-element_type=\"container\" data-e-type=\"container\" data-settings=\"{&quot;background_background&quot;:&quot;classic&quot;}\">\n\t\t\t\t\t<div class=\"e-con-inner\">\n\t\t<div class=\"elementor-element elementor-element-d76d2b5 e-con-full e-flex e-con e-child\" data-id=\"d76d2b5\" data-element_type=\"container\" data-e-type=\"container\">\n\t\t\t\t<div class=\"elementor-element elementor-element-e675f73 elementor-widget elementor-widget-image\" data-id=\"e675f73\" data-element_type=\"widget\" data-e-type=\"widget\" data-widget_type=\"image.default\">\n\t\t\t\t<div class=\"elementor-widget-container\">\n\t\t\t\t\t\t\t\t\t\t\t\t\t\t\t<img fetchpriority=\"high\" decoding=\"async\" width=\"1200\" height=\"942\" src=\"https:\/\/shatranj.art\/wp-content\/uploads\/2026\/02\/Ben-Franklin-Chess-scaled-1200x942-1.jpeg\" class=\"attachment-full size-full wp-image-1513\" alt=\"\" srcset=\"https:\/\/shatranj.art\/wp-content\/uploads\/2026\/02\/Ben-Franklin-Chess-scaled-1200x942-1.jpeg 1200w, https:\/\/shatranj.art\/wp-content\/uploads\/2026\/02\/Ben-Franklin-Chess-scaled-1200x942-1-300x236.jpeg 300w, https:\/\/shatranj.art\/wp-content\/uploads\/2026\/02\/Ben-Franklin-Chess-scaled-1200x942-1-1024x804.jpeg 1024w, https:\/\/shatranj.art\/wp-content\/uploads\/2026\/02\/Ben-Franklin-Chess-scaled-1200x942-1-768x603.jpeg 768w, https:\/\/shatranj.art\/wp-content\/uploads\/2026\/02\/Ben-Franklin-Chess-scaled-1200x942-1-15x12.jpeg 15w\" sizes=\"(max-width: 1200px) 100vw, 1200px\" \/>\t\t\t\t\t\t\t\t\t\t\t\t\t\t\t<\/div>\n\t\t\t\t<\/div>\n\t\t\t\t<div class=\"elementor-element elementor-element-225c171 elementor-widget elementor-widget-text-editor\" data-id=\"225c171\" data-element_type=\"widget\" data-e-type=\"widget\" data-widget_type=\"text-editor.default\">\n\t\t\t\t<div class=\"elementor-widget-container\">\n\t\t\t\t\t\t\t\t\t<h3 data-path-to-node=\"0\"><span class=\"citation-214 citation-end-214\">\u201cDie Moral des Schachspiels\u201d von Benjamin Franklin<\/span><\/h3><p data-path-to-node=\"0\"><span class=\"citation-214 citation-end-214\"><br \/><br \/>Benjamin Franklins Aufsatz \u201cDie Moral des Schachspiels\u201d aus dem Jahr 1786 definierte das Spiel als ein wichtiges Instrument f\u00fcr die pers\u00f6nliche Entwicklung und intellektuelle Tugend.<\/span> <span class=\"citation-213 citation-end-213\">F\u00fcr Franklin war Schach mehr als nur ein Zeitvertreib; es war eine \u00dcbung in Voraussicht, Umsicht und Vorsicht - Qualit\u00e4ten, die er f\u00fcr den Erfolg sowohl im Privatleben als auch in der \u00f6ffentlichen Diplomatie f\u00fcr unerl\u00e4sslich hielt.<\/span> <span class=\"citation-212 citation-end-212\">W\u00e4hrend des Zeitalters der Aufkl\u00e4rung besuchte Franklin ber\u00fchmte Schachcaf\u00e9s wie das Caf\u00e9 de la R\u00e9gence in Paris.<\/span> Diese R\u00e4ume dienten als die urspr\u00fcnglichen sozialen Netzwerke der Epoche, in denen das Spiel rigorose Debatten und den Austausch revolution\u00e4rer Ideen erm\u00f6glichte und eine Br\u00fccke zwischen den Welten der Wissenschaft, Politik und Philosophie schlug.<\/p><p data-path-to-node=\"0\">\u00a0<\/p><p data-path-to-node=\"0\">Franklins Faszination f\u00fcr die intellektuellen Grenzen des Spiels f\u00fchrte zu einer historischen Begegnung mit dem Mechanischen T\u00fcrken, dem ber\u00fchmtesten schachspielenden Automaten der Welt. W\u00e4hrend einer Partie in Paris im Jahr 1783 testete Franklin seine F\u00e4higkeiten gegen die Maschine, die die Besessenheit der Aufkl\u00e4rung von der mechanischen Vernunft veranschaulichte. Der T\u00fcrke reiste schlie\u00dflich in die Vereinigten Staaten und fand sein endg\u00fcltiges Zuhause im Peale Museum (und sp\u00e4ter im Chinesischen Museum) in Philadelphia. Dort blieb er jahrzehntelang ein fester Bestandteil der wissenschaftlichen Kultur Pennsylvanias, bevor er 1854 bei einem Brand verloren ging. Dieses Verm\u00e4chtnis menschlichen Erfindungsreichtums und maschineller Intelligenz bleibt eine grundlegende Geschichte f\u00fcr exhibitions, die die \u00dcberschneidung von Geschichte, Spielen und der Entwicklung von Intelligenz erforschen.<br \/><br \/><br \/><\/p><p data-path-to-node=\"0\">Das Foto zeigt Benjamin Franklin beim Schachspiel. Kunstwerk von Edward Harrison May, 1867<\/p>\t\t\t\t\t\t\t\t<\/div>\n\t\t\t\t<\/div>\n\t\t\t\t<\/div>\n\t\t\t\t\t<\/div>\n\t\t\t\t<\/div>\n\t\t\t\t<\/div>","protected":false},"excerpt":{"rendered":"<p>&#8220;The Morals of Chess&#8221; by Benjamin Franklin Benjamin Franklin\u2019s 1786 essay, &#8220;The Morals of Chess,&#8221; redefined the game as a vital tool for personal development and intellectual virtue. Franklin believed that chess was more than a pastime; it was an exercise in foresight, circumspection, and caution\u2014qualities he deemed essential for success in both private life [&hellip;]<\/p>\n","protected":false},"author":1,"featured_media":0,"parent":743,"menu_order":0,"comment_status":"closed","ping_status":"closed","template":"","meta":{"footnotes":""},"class_list":["post-1510","page","type-page","status-publish","hentry"],"_links":{"self":[{"href":"https:\/\/shatranj.art\/de\/wp-json\/wp\/v2\/pages\/1510","targetHints":{"allow":["GET"]}}],"collection":[{"href":"https:\/\/shatranj.art\/de\/wp-json\/wp\/v2\/pages"}],"about":[{"href":"https:\/\/shatranj.art\/de\/wp-json\/wp\/v2\/types\/page"}],"author":[{"embeddable":true,"href":"https:\/\/shatranj.art\/de\/wp-json\/wp\/v2\/users\/1"}],"replies":[{"embeddable":true,"href":"https:\/\/shatranj.art\/de\/wp-json\/wp\/v2\/comments?post=1510"}],"version-history":[{"count":4,"href":"https:\/\/shatranj.art\/de\/wp-json\/wp\/v2\/pages\/1510\/revisions"}],"predecessor-version":[{"id":1516,"href":"https:\/\/shatranj.art\/de\/wp-json\/wp\/v2\/pages\/1510\/revisions\/1516"}],"up":[{"embeddable":true,"href":"https:\/\/shatranj.art\/de\/wp-json\/wp\/v2\/pages\/743"}],"wp:attachment":[{"href":"https:\/\/shatranj.art\/de\/wp-json\/wp\/v2\/media?parent=1510"}],"curies":[{"name":"wp","href":"https:\/\/api.w.org\/{rel}","templated":true}]}}