{"id":1543,"date":"2026-02-24T08:36:27","date_gmt":"2026-02-24T08:36:27","guid":{"rendered":"https:\/\/shatranj.art\/?page_id=1543"},"modified":"2026-02-24T08:53:53","modified_gmt":"2026-02-24T08:53:53","slug":"poster-41","status":"publish","type":"page","link":"https:\/\/shatranj.art\/de\/exhibit\/poster-41\/","title":{"rendered":"Poster-41"},"content":{"rendered":"<div data-elementor-type=\"wp-page\" data-elementor-id=\"1543\" class=\"elementor elementor-1543\" data-elementor-post-type=\"page\">\n\t\t\t\t<div class=\"elementor-element elementor-element-7a8daa7 e-flex e-con-boxed e-con e-parent\" data-id=\"7a8daa7\" data-element_type=\"container\" data-e-type=\"container\" data-settings=\"{&quot;background_background&quot;:&quot;classic&quot;}\">\n\t\t\t\t\t<div class=\"e-con-inner\">\n\t\t<div class=\"elementor-element elementor-element-26be55b e-con-full e-flex e-con e-child\" data-id=\"26be55b\" data-element_type=\"container\" data-e-type=\"container\">\n\t\t\t\t<div class=\"elementor-element elementor-element-3278af1 elementor-widget elementor-widget-image\" data-id=\"3278af1\" data-element_type=\"widget\" data-e-type=\"widget\" data-widget_type=\"image.default\">\n\t\t\t\t<div class=\"elementor-widget-container\">\n\t\t\t\t\t\t\t\t\t\t\t\t\t\t\t<img fetchpriority=\"high\" decoding=\"async\" width=\"1280\" height=\"960\" src=\"https:\/\/shatranj.art\/wp-content\/uploads\/2026\/02\/Sahi_Cannon_at_Fort_Nelson_UK.jpg\" class=\"attachment-full size-full wp-image-1545\" alt=\"\" srcset=\"https:\/\/shatranj.art\/wp-content\/uploads\/2026\/02\/Sahi_Cannon_at_Fort_Nelson_UK.jpg 1280w, https:\/\/shatranj.art\/wp-content\/uploads\/2026\/02\/Sahi_Cannon_at_Fort_Nelson_UK-300x225.jpg 300w, https:\/\/shatranj.art\/wp-content\/uploads\/2026\/02\/Sahi_Cannon_at_Fort_Nelson_UK-1024x768.jpg 1024w, https:\/\/shatranj.art\/wp-content\/uploads\/2026\/02\/Sahi_Cannon_at_Fort_Nelson_UK-768x576.jpg 768w, https:\/\/shatranj.art\/wp-content\/uploads\/2026\/02\/Sahi_Cannon_at_Fort_Nelson_UK-16x12.jpg 16w\" sizes=\"(max-width: 1280px) 100vw, 1280px\" \/>\t\t\t\t\t\t\t\t\t\t\t\t\t\t\t<\/div>\n\t\t\t\t<\/div>\n\t\t\t\t<div class=\"elementor-element elementor-element-6723efb elementor-widget elementor-widget-text-editor\" data-id=\"6723efb\" data-element_type=\"widget\" data-e-type=\"widget\" data-widget_type=\"text-editor.default\">\n\t\t\t\t<div class=\"elementor-widget-container\">\n\t\t\t\t\t\t\t\t\t<h3><b>Die Urspr\u00fcnge des Wortes \u015eAH\u00ce und sein Zusammenhang mit der Entwicklung des Schachs\u00a0<\/b><\/h3><p>SHAH (\u015eAH) ist ein in vielen slawischen Sprachen verwendeter Begriff f\u00fcr Schach. Das deutsche Wort \u201cschach\u201d, das franz\u00f6sische \u201c\u00e9checs\u201d und das englische \u201cchess\u201d sind alle phonetisch von dem Wort \u201cshah\u201d abgeleitet. Der Begriff \u201c\u015eAH\u00ce\u201d als Adjektiv bedeutet k\u00f6niglich oder speziell f\u00fcr den Schah. Es wird auch in literarischen Texten verwendet, um stark und pr\u00e4chtig zu bedeuten.<\/p><p>\u00a0<\/p><p>Die vom ungarischen Ingenieur Orban entworfene \u015eAH\u00ce-Kanone spielte eine entscheidende Rolle beim Durchbrechen der massiven Mauern und T\u00fcrme von Konstantinopel w\u00e4hrend der Belagerung durch Fatih Sultan Mehmed im Jahr 1453 und symbolisierte einen revolution\u00e4ren Wandel in der Belagerungskriegsf\u00fchrung.<\/p><p>\u00a0<\/p><p>Drei Jahrhunderte nach der Eroberung Istanbuls, w\u00e4hrend der Dardanellen-Operation im Jahr 1807, wurde eine weitere jahrhundertealte \u015eAH\u00ce-Kanone auf britische Schiffe abgefeuert, was zu erheblichen Verlusten f\u00fchrte. Der osmanische Sultan Abd\u00fclaziz schenkte diese Kanone im Jahr 1866 K\u00f6nigin Victoria. Das obige Foto der \u015eAH\u00ce-Kanone stammt aus Fort Nelson im Vereinigten K\u00f6nigreich.<\/p><p>\u00a0<\/p><p>Der Name \u015eAH\u00ce symbolisiert die Entwicklung der Turmfigur in verschiedenen Sprachen vom Kriegswagen zum Turm, von der Kanone zum Schiff, was die Entwicklung des Schachs widerspiegelt.<\/p><p>\u00a0<\/p><p>Das \u015eAH\u00ce-Schachset wurde von Tamer Karatekin entworfen, einem ehemaligen ersten Brettspieler der Schachmannschaft des Massachusetts Institute of Technology und einem erfahrenen Schachp\u00e4dagogen. Es stellt auf elegante Weise die Geschichte und Entwicklung des Schachs dar und ist sowohl f\u00fcr den Unterricht als auch f\u00fcr Turniere geeignet. Es ist so konzipiert, dass es kulturell und spirituell integrativ ist. Die Produktion wurde durch Zusch\u00fcsse des Massachusetts Cultural Council und des Erasmus+ Jugendprogramms der Europ\u00e4ischen Union unterst\u00fctzt.<\/p><p>\u00a0<\/p><p>Erfahren Sie mehr \u00fcber die Geschichte des \u015eAH\u00ce-Designs unter:\u00a0 \u00a0<a href=\"http:\/\/www.shahimasterset.com\/\">www.shahimasterset.com<\/a><\/p><p>Sehen Sie sich auch unsere verwandten Projekte an:<br \/>Schachbasierter KI-Lehrplan: <a href=\"http:\/\/www.shatranj.ai\/\">shatranj.ai<\/a><\/p><p>Ausstellung historischer Gedankenspiele: <a href=\"https:\/\/shatranj.art\/de\/\">shatranj.art<\/a><\/p>\t\t\t\t\t\t\t\t<\/div>\n\t\t\t\t<\/div>\n\t\t\t\t<div class=\"elementor-element elementor-element-7946825 elementor-widget elementor-widget-image\" data-id=\"7946825\" data-element_type=\"widget\" data-e-type=\"widget\" data-widget_type=\"image.default\">\n\t\t\t\t<div class=\"elementor-widget-container\">\n\t\t\t\t\t\t\t\t\t\t\t\t\t\t\t<img decoding=\"async\" width=\"559\" height=\"397\" src=\"https:\/\/shatranj.art\/wp-content\/uploads\/2026\/02\/shahi-engish-brochure-A6-page1.png\" class=\"attachment-full size-full wp-image-1548\" alt=\"\" srcset=\"https:\/\/shatranj.art\/wp-content\/uploads\/2026\/02\/shahi-engish-brochure-A6-page1.png 559w, https:\/\/shatranj.art\/wp-content\/uploads\/2026\/02\/shahi-engish-brochure-A6-page1-300x213.png 300w, https:\/\/shatranj.art\/wp-content\/uploads\/2026\/02\/shahi-engish-brochure-A6-page1-18x12.png 18w\" sizes=\"(max-width: 559px) 100vw, 559px\" \/>\t\t\t\t\t\t\t\t\t\t\t\t\t\t\t<\/div>\n\t\t\t\t<\/div>\n\t\t\t\t<\/div>\n\t\t\t\t\t<\/div>\n\t\t\t\t<\/div>\n\t\t\t\t<\/div>","protected":false},"excerpt":{"rendered":"<p>The origins of the \u015eAH\u00ce\u00a0 word and its connection to the evolution of chess\u00a0 SHAH (\u015eAH) is a term used in many Slavic languages for chess. The German word &#8220;schach,&#8221; French &#8220;\u00e9checs,&#8221; and English &#8220;chess&#8221; are all phonetically derived from the word &#8220;shah.&#8221; The term &#8220;\u015eAH\u00ce&#8221; as an adjective means royal or specific to the [&hellip;]<\/p>\n","protected":false},"author":1,"featured_media":0,"parent":743,"menu_order":0,"comment_status":"closed","ping_status":"closed","template":"","meta":{"footnotes":""},"class_list":["post-1543","page","type-page","status-publish","hentry"],"_links":{"self":[{"href":"https:\/\/shatranj.art\/de\/wp-json\/wp\/v2\/pages\/1543","targetHints":{"allow":["GET"]}}],"collection":[{"href":"https:\/\/shatranj.art\/de\/wp-json\/wp\/v2\/pages"}],"about":[{"href":"https:\/\/shatranj.art\/de\/wp-json\/wp\/v2\/types\/page"}],"author":[{"embeddable":true,"href":"https:\/\/shatranj.art\/de\/wp-json\/wp\/v2\/users\/1"}],"replies":[{"embeddable":true,"href":"https:\/\/shatranj.art\/de\/wp-json\/wp\/v2\/comments?post=1543"}],"version-history":[{"count":10,"href":"https:\/\/shatranj.art\/de\/wp-json\/wp\/v2\/pages\/1543\/revisions"}],"predecessor-version":[{"id":1557,"href":"https:\/\/shatranj.art\/de\/wp-json\/wp\/v2\/pages\/1543\/revisions\/1557"}],"up":[{"embeddable":true,"href":"https:\/\/shatranj.art\/de\/wp-json\/wp\/v2\/pages\/743"}],"wp:attachment":[{"href":"https:\/\/shatranj.art\/de\/wp-json\/wp\/v2\/media?parent=1543"}],"curies":[{"name":"wp","href":"https:\/\/api.w.org\/{rel}","templated":true}]}}