{"id":756,"date":"2026-02-21T09:44:01","date_gmt":"2026-02-21T09:44:01","guid":{"rendered":"https:\/\/shatranj.art\/?page_id=756"},"modified":"2026-03-02T06:56:13","modified_gmt":"2026-03-02T06:56:13","slug":"poster-1","status":"publish","type":"page","link":"https:\/\/shatranj.art\/de\/exhibit\/poster-1\/","title":{"rendered":"Poster 1"},"content":{"rendered":"<div data-elementor-type=\"wp-page\" data-elementor-id=\"756\" class=\"elementor elementor-756\" data-elementor-post-type=\"page\">\n\t\t\t\t<div class=\"elementor-element elementor-element-5b2de3e e-flex e-con-boxed e-con e-parent\" data-id=\"5b2de3e\" data-element_type=\"container\" data-e-type=\"container\" data-settings=\"{&quot;background_background&quot;:&quot;classic&quot;}\">\n\t\t\t\t\t<div class=\"e-con-inner\">\n\t\t\t\t<div class=\"elementor-element elementor-element-2eb0d79 elementor-widget__width-initial elementor-widget elementor-widget-heading\" data-id=\"2eb0d79\" data-element_type=\"widget\" data-e-type=\"widget\" data-widget_type=\"heading.default\">\n\t\t\t\t<div class=\"elementor-widget-container\">\n\t\t\t\t\t<h1 class=\"elementor-heading-title elementor-size-default\">Entwicklung der spanischen Schachfigur vom historischen Schach (acedrex) zum modernen Schach (ajedrez)<\/h1>\t\t\t\t<\/div>\n\t\t\t\t<\/div>\n\t\t\t\t<div class=\"elementor-element elementor-element-c101d50 elementor-widget elementor-widget-image\" data-id=\"c101d50\" data-element_type=\"widget\" data-e-type=\"widget\" data-widget_type=\"image.default\">\n\t\t\t\t<div class=\"elementor-widget-container\">\n\t\t\t\t\t\t\t\t\t\t\t\t\t\t\t<img fetchpriority=\"high\" decoding=\"async\" width=\"543\" height=\"755\" src=\"https:\/\/shatranj.art\/wp-content\/uploads\/2026\/02\/f82v-Grant-Acedrex.jpg\" class=\"attachment-full size-full wp-image-840\" alt=\"\" srcset=\"https:\/\/shatranj.art\/wp-content\/uploads\/2026\/02\/f82v-Grant-Acedrex.jpg 543w, https:\/\/shatranj.art\/wp-content\/uploads\/2026\/02\/f82v-Grant-Acedrex-216x300.jpg 216w\" sizes=\"(max-width: 543px) 100vw, 543px\" \/>\t\t\t\t\t\t\t\t\t\t\t\t\t\t\t<\/div>\n\t\t\t\t<\/div>\n\t\t\t\t<div class=\"elementor-element elementor-element-51d15d1 elementor-widget elementor-widget-text-editor\" data-id=\"51d15d1\" data-element_type=\"widget\" data-e-type=\"widget\" data-widget_type=\"text-editor.default\">\n\t\t\t\t<div class=\"elementor-widget-container\">\n\t\t\t\t\t\t\t\t\t<h3 data-path-to-node=\"2\"><b data-path-to-node=\"2\" data-index-in-node=\"0\">1. Die Sprachverschiebung: Von X zu J<\/b><\/h3><p data-path-to-node=\"3\">Der Unterschied zwischen Acedrex und Ajedrez verdeutlicht die phonetische Entwicklung der spanischen Sprache bei der Anpassung des urspr\u00fcnglichen arabischen Namens f\u00fcr das Spiel:<\/p><ul data-path-to-node=\"4\"><li><p data-path-to-node=\"4,0,0\"><b data-path-to-node=\"4,0,0\" data-index-in-node=\"0\">A<\/b><strong>cedrex (Das 13. Jahrhundert):\u00a0<\/strong>Dies ist die prim\u00e4re Schreibweise, die im Traktat von K\u00f6nig Alfons X. aus dem Jahr 1283 verwendet wird, <i data-path-to-node=\"4,0,0\" data-index-in-node=\"97\">Libro del Acedrex<\/i>. Zu dieser Zeit wurden das \u201cc\u201d (vor dem \u201ce\u201d) und das \u201cx\u201d verwendet, um den aus dem Arabischen \u00fcbernommenen \u201csh\u201d-Laut phonetisch zu erfassen <i data-path-to-node=\"4,0,0\" data-index-in-node=\"234\">Shatranj<\/i>.<\/p><\/li><li><p data-path-to-node=\"4,1,0\"><b data-path-to-node=\"4,1,0\" data-index-in-node=\"0\">Ajedrez (Das 15. Jahrhundert):<\/b> Im Laufe der Entwicklung der Sprache wandelte sich das \u201csch\u201d in das moderne, gutturale \u201cj\u201d (das <i data-path-to-node=\"4,1,0\" data-index-in-node=\"112\">jota<\/i>). Als Luis Ram\u00edrez de Lucena 1497 sein bahnbrechendes Werk ver\u00f6ffentlichte, hatte sich die Schreibweise bereits der modernen Form angen\u00e4hert.<\/p><\/li><\/ul>\t\t\t\t\t\t\t\t<\/div>\n\t\t\t\t<\/div>\n\t\t\t\t<div class=\"elementor-element elementor-element-868b6ed elementor-widget elementor-widget-image\" data-id=\"868b6ed\" data-element_type=\"widget\" data-e-type=\"widget\" data-widget_type=\"image.default\">\n\t\t\t\t<div class=\"elementor-widget-container\">\n\t\t\t\t\t\t\t\t\t\t\t\t\t\t\t<img decoding=\"async\" width=\"2560\" height=\"2560\" src=\"https:\/\/shatranj.art\/wp-content\/uploads\/2026\/02\/elephant-move-board-scaled.jpg\" class=\"attachment-full size-full wp-image-839\" alt=\"\" srcset=\"https:\/\/shatranj.art\/wp-content\/uploads\/2026\/02\/elephant-move-board-scaled.jpg 2560w, https:\/\/shatranj.art\/wp-content\/uploads\/2026\/02\/elephant-move-board-300x300.jpg 300w, https:\/\/shatranj.art\/wp-content\/uploads\/2026\/02\/elephant-move-board-1024x1024.jpg 1024w, https:\/\/shatranj.art\/wp-content\/uploads\/2026\/02\/elephant-move-board-150x150.jpg 150w, https:\/\/shatranj.art\/wp-content\/uploads\/2026\/02\/elephant-move-board-768x768.jpg 768w, https:\/\/shatranj.art\/wp-content\/uploads\/2026\/02\/elephant-move-board-1536x1536.jpg 1536w, https:\/\/shatranj.art\/wp-content\/uploads\/2026\/02\/elephant-move-board-2048x2048.jpg 2048w\" sizes=\"(max-width: 2560px) 100vw, 2560px\" \/>\t\t\t\t\t\t\t\t\t\t\t\t\t\t\t<\/div>\n\t\t\t\t<\/div>\n\t\t\t\t<div class=\"elementor-element elementor-element-0a642b0 elementor-widget elementor-widget-text-editor\" data-id=\"0a642b0\" data-element_type=\"widget\" data-e-type=\"widget\" data-widget_type=\"text-editor.default\">\n\t\t\t\t<div class=\"elementor-widget-container\">\n\t\t\t\t\t\t\t\t\t<br><h3 data-path-to-node=\"0\"><b data-path-to-node=\"0\" data-index-in-node=\"0\">2. Die mechanische Verschiebung: \u201cEl Viejo\u201d vs. \u201cDe la Dama\u201d<\/b><\/h3>\n<p data-path-to-node=\"1\">W\u00e4hrend sich der phonetische Name \u00e4nderte, erfuhren die Regeln eine revolution\u00e4re Machterweiterung, die das Tempo des Spiels v\u00f6llig ver\u00e4nderte. Dieser \u00dcbergang l\u00e4sst sich am besten anhand der beiden in Lucenas Werk von 1497 beschriebenen Systeme beschreiben:<\/p>\n\n<ul data-path-to-node=\"2\">\n \t<li>\n<p data-path-to-node=\"2,0,0\"><b data-path-to-node=\"2,0,0\" data-index-in-node=\"0\">El Viejo (Der alte Weg):<\/b> Dies entspricht den traditionellen mittelalterlichen Regeln von Acedrex, bei denen das Spiel ein langsamer Positionskampf war. In diesem System war die Figur, die wir heute Dama nennen, die Alferza (die Beraterin des K\u00f6nigs), die sich nur ein Feld diagonal bewegen durfte. Gleichzeitig war der traditionelle Alfil darauf beschr\u00e4nkt, genau zwei Felder diagonal zu springen und dabei andere Figuren zu \u00fcberspringen.<\/p>\n<\/li>\n \t<li>\n<p data-path-to-node=\"2,1,0\"><b data-path-to-node=\"2,1,0\" data-index-in-node=\"0\">De la Dama (Der moderne Weg):<\/b> Dieser \u201cneue\u201d Spielstil verwandelte das Schachspiel in eine \u201cschnelle, taktische und explosive\u201d Begegnung. Unter diesen Regeln wurde das Alferza durch das \u201cDama\u201d ersetzt, das eine unbegrenzte Reichweite in alle Richtungen erhielt. Das moderne Alfil entwickelte sich ebenfalls zu einem uneingeschr\u00e4nkten diagonalen L\u00e4ufer und \u00fcbernahm die kraftvolle Bewegung, die einst experimentellen Figuren wie dem Krokodil vorbehalten war.<\/p>\n<\/li>\n<\/ul>\t\t\t\t\t\t\t\t<\/div>\n\t\t\t\t<\/div>\n\t\t\t\t<div class=\"elementor-element elementor-element-b676e1c elementor-widget elementor-widget-text-editor\" data-id=\"b676e1c\" data-element_type=\"widget\" data-e-type=\"widget\" data-widget_type=\"text-editor.default\">\n\t\t\t\t<div class=\"elementor-widget-container\">\n\t\t\t\t\t\t\t\t\t<h3 data-path-to-node=\"0\"><b data-path-to-node=\"0\" data-index-in-node=\"0\">Der \u00dcbergang vom Krokodil zum Elefanten<\/b><\/h3>\t\t\t\t\t\t\t\t<\/div>\n\t\t\t\t<\/div>\n\t\t\t\t<div class=\"elementor-element elementor-element-2320411 elementor-widget elementor-widget-image\" data-id=\"2320411\" data-element_type=\"widget\" data-e-type=\"widget\" data-widget_type=\"image.default\">\n\t\t\t\t<div class=\"elementor-widget-container\">\n\t\t\t\t\t\t\t\t\t\t\t\t\t\t\t<img decoding=\"async\" width=\"640\" height=\"640\" src=\"https:\/\/shatranj.art\/wp-content\/uploads\/2026\/02\/cathedral-crocodile.jpg\" class=\"attachment-full size-full wp-image-864\" alt=\"\" srcset=\"https:\/\/shatranj.art\/wp-content\/uploads\/2026\/02\/cathedral-crocodile.jpg 640w, https:\/\/shatranj.art\/wp-content\/uploads\/2026\/02\/cathedral-crocodile-300x300.jpg 300w, https:\/\/shatranj.art\/wp-content\/uploads\/2026\/02\/cathedral-crocodile-150x150.jpg 150w\" sizes=\"(max-width: 640px) 100vw, 640px\" \/>\t\t\t\t\t\t\t\t\t\t\t\t\t\t\t<\/div>\n\t\t\t\t<\/div>\n\t\t\t\t<div class=\"elementor-element elementor-element-9760248 elementor-widget elementor-widget-image\" data-id=\"9760248\" data-element_type=\"widget\" data-e-type=\"widget\" data-widget_type=\"image.default\">\n\t\t\t\t<div class=\"elementor-widget-container\">\n\t\t\t\t\t\t\t\t\t\t\t\t\t\t\t<img loading=\"lazy\" decoding=\"async\" width=\"426\" height=\"640\" src=\"https:\/\/shatranj.art\/wp-content\/uploads\/2026\/02\/wooden-crocodile-seville-with-elephant-tusk.jpg\" class=\"attachment-full size-full wp-image-860\" alt=\"\" srcset=\"https:\/\/shatranj.art\/wp-content\/uploads\/2026\/02\/wooden-crocodile-seville-with-elephant-tusk.jpg 426w, https:\/\/shatranj.art\/wp-content\/uploads\/2026\/02\/wooden-crocodile-seville-with-elephant-tusk-200x300.jpg 200w\" sizes=\"(max-width: 426px) 100vw, 426px\" \/>\t\t\t\t\t\t\t\t\t\t\t\t\t\t\t<\/div>\n\t\t\t\t<\/div>\n\t\t\t\t<div class=\"elementor-element elementor-element-12b9be7 elementor-widget elementor-widget-text-editor\" data-id=\"12b9be7\" data-element_type=\"widget\" data-e-type=\"widget\" data-widget_type=\"text-editor.default\">\n\t\t\t\t<div class=\"elementor-widget-container\">\n\t\t\t\t\t\t\t\t\t<br><p data-path-to-node=\"0\">Der \u00dcbergang der \u201cunbegrenzten diagonalen\u201d Bewegung zum Namen \u201cAlfil\u201d in der spanischen Literatur markiert einen entscheidenden \u00dcbergang vom mittelalterlichen \u201cShatranj\u201d zum modernen Schach. Im \u201cLibro de los Juegos (1283)\u201d von K\u00f6nig Alfonso X. wurde der unbegrenzte Diagonalzug erstmals durch eine bestimmte Figur namens Krokodil (<i data-path-to-node=\"0\" data-index-in-node=\"298\">Cocodrilo<\/i>), wurde der Name \u201cAlfil\u201d erst gegen Ende des 15. Jahrhunderts wieder auf diese Bewegung im Standardspiel 8\u00d78 angewandt.<\/p>\n\n<h3 data-path-to-node=\"1\"><b data-path-to-node=\"1\" data-index-in-node=\"0\">1. Das \u201cKrokodil\u201d im Buch von Alfonso (1283)<\/b><\/h3>\n<p data-path-to-node=\"2\">Im \u201cLibro de los Juegos\" von Alfonso X.<i data-path-to-node=\"2\" data-index-in-node=\"15\">\u201c<\/i>, Das Standard-Alfil war immer noch die traditionelle mittelalterliche Figur, die genau zwei Felder diagonal \u00fcbersprang. Alfonso enthielt jedoch eine erweiterte 12\u00d712-Variante namens \u201cGrande Acedrex<b data-path-to-node=\"2\" data-index-in-node=\"199\">\u201c<\/b> (Great Chess), die eine neue Figur mit dem Namen \u201cKrokodil\u201d enthielt (<i data-path-to-node=\"2\" data-index-in-node=\"278\">Cocodrilo<\/i>).<\/p>\n\n<ul data-path-to-node=\"3\">\n \t<li>\n<p data-path-to-node=\"3,0,0\"><b data-path-to-node=\"3,0,0\" data-index-in-node=\"0\">Die Bewegung:<\/b> Das Krokodil bewegte sich genau wie die moderne Spielfigur - es glitt beliebig weit entlang ungehinderter Diagonalen.<\/p>\n<\/li>\n \t<li>\n<p data-path-to-node=\"3,1,0\"><b data-path-to-node=\"3,1,0\" data-index-in-node=\"0\">Die Inspiration:<\/b> Historiker bringen diesen Namen mit einem ber\u00fchmten diplomatischen Geschenk in Verbindung: ein lebendes Krokodil, das der Sultan von \u00c4gypten 1260 an Alfons X. schickte, um der K\u00f6nigstochter einen Heiratsantrag zu machen. Ein lebensgro\u00dfes Holzmodell dieses Krokodils, bekannt als \u201cLagarto<i data-path-to-node=\"3,1,0\" data-index-in-node=\"198\">\u201c<\/i>, h\u00e4ngt noch heute in der Kathedrale von Sevilla.<\/p>\n<\/li>\n<\/ul>\n<h3 data-path-to-node=\"4\"><b data-path-to-node=\"4\" data-index-in-node=\"0\">2. Die Umstellung auf \u201cAlfil\u201d im 15. Jahrhundert<\/b><\/h3>\n<p data-path-to-node=\"5\">Der Name \u201cAlfil\u201d wurde nach der \u201cValencianischen Reform\u201d um 1475 offiziell f\u00fcr die unbegrenzte Diagonalbewegung im Standard 8\u00d78-Spiel verwendet.<\/p>\n\n<ul data-path-to-node=\"6\">\n \t<li>\n<p data-path-to-node=\"6,0,0\"><b data-path-to-node=\"6,0,0\" data-index-in-node=\"0\">Scachs d'amor (um 1475):<\/b> Dieses valencianische Gedicht ist das erste literarische Werk, das die modernen Schachregeln beschreibt. Es gibt dieser Figur ausdr\u00fccklich eine \u201cdynamischere Rolle\u201d, indem es so viele Felder wie m\u00f6glich diagonal bewegt. In dem Gedicht werden diese Figuren bereits als \u201cAlfil\u201d (auf valencianisch\/katalanisch) bezeichnet, was zeigt, dass der Name in dieser Zeit vom alten \u201cSpringer\u201d auf den neuen \u201cL\u00e4ufer\u201d \u00fcbertragen wurde.<\/p>\n<\/li>\n \t<li>\n<p data-path-to-node=\"6,1,0\"><b data-path-to-node=\"6,1,0\" data-index-in-node=\"0\">Libre dels jochs partits dels schacs (1495):<\/b> Dieses verlorene Buch wurde von Francesc Vicent geschrieben und gilt als die erste Abhandlung \u00fcber das moderne Schach. Es wird angenommen, dass es den Namen \u201cAlfil\u201d f\u00fcr die neue Bewegung auf der iberischen Halbinsel standardisiert hat.<\/p>\n<\/li>\n<\/ul>\n<h3 data-path-to-node=\"7\"><b data-path-to-node=\"7\" data-index-in-node=\"0\">3. Erstes Auftauchen in der kastilischen (spanischen) Literatur<\/b><\/h3>\n<p data-path-to-node=\"8\">Wenn man speziell nach kastilischer (spanischer) und nicht valencianischer Literatur sucht, findet man die erste definitive Verwendung von \u201cAlfil\u201d f\u00fcr den modernen Umzug in:<\/p>\n\n<ul data-path-to-node=\"9\">\n \t<li>\n<p data-path-to-node=\"9,0,0\"><b data-path-to-node=\"9,0,0\" data-index-in-node=\"0\">Repetici\u00f3n de Amores y Arte de Ajedrez (1497):<\/b> Geschrieben von Luis Ram\u00edrez de Lucena, ist dies das \u00e4lteste erhaltene gedruckte Buch \u00fcber modernes Schach in Kastilisch.<\/p>\n<\/li>\n \t<li>\n<p data-path-to-node=\"9,1,0\">Lucena bezeichnet das St\u00fcck als Alfil (oder Arfil) und unterscheidet zwischen den \u201cneuen\u201d Regeln (de la dama) und den \u201calten\u201d Regeln (el viejo). Er best\u00e4tigt, dass der \u201cneue Alfil\u201d nun quer zur Diagonale verl\u00e4uft und somit die Bewegung, die urspr\u00fcnglich Alfonsos \u201cKrokodil\u201d zugeordnet war, \u00fcbernimmt.<\/p>\n<\/li>\n<\/ul>\t\t\t\t\t\t\t\t<\/div>\n\t\t\t\t<\/div>\n\t\t\t\t<div class=\"elementor-element elementor-element-ab774ba elementor-widget elementor-widget-text-editor\" data-id=\"ab774ba\" data-element_type=\"widget\" data-e-type=\"widget\" data-widget_type=\"text-editor.default\">\n\t\t\t\t<div class=\"elementor-widget-container\">\n\t\t\t\t\t\t\t\t\t<h3 data-path-to-node=\"0\"><b data-path-to-node=\"0\" data-index-in-node=\"0\">Von Alferza zu Dama (Dame) und Reina (K\u00f6nigin)<\/b><\/h3>\t\t\t\t\t\t\t\t<\/div>\n\t\t\t\t<\/div>\n\t\t\t\t<div class=\"elementor-element elementor-element-d8494e7 elementor-widget elementor-widget-image\" data-id=\"d8494e7\" data-element_type=\"widget\" data-e-type=\"widget\" data-widget_type=\"image.default\">\n\t\t\t\t<div class=\"elementor-widget-container\">\n\t\t\t\t\t\t\t\t\t\t\t\t\t\t\t<img loading=\"lazy\" decoding=\"async\" width=\"960\" height=\"1109\" src=\"https:\/\/shatranj.art\/wp-content\/uploads\/2026\/02\/Spanish_-_Chess_Piece_of_a_Queen_-_Walters_71145_-_Three_Quarter.jpg\" class=\"attachment-full size-full wp-image-845\" alt=\"\" srcset=\"https:\/\/shatranj.art\/wp-content\/uploads\/2026\/02\/Spanish_-_Chess_Piece_of_a_Queen_-_Walters_71145_-_Three_Quarter.jpg 960w, https:\/\/shatranj.art\/wp-content\/uploads\/2026\/02\/Spanish_-_Chess_Piece_of_a_Queen_-_Walters_71145_-_Three_Quarter-260x300.jpg 260w, https:\/\/shatranj.art\/wp-content\/uploads\/2026\/02\/Spanish_-_Chess_Piece_of_a_Queen_-_Walters_71145_-_Three_Quarter-886x1024.jpg 886w, https:\/\/shatranj.art\/wp-content\/uploads\/2026\/02\/Spanish_-_Chess_Piece_of_a_Queen_-_Walters_71145_-_Three_Quarter-768x887.jpg 768w\" sizes=\"(max-width: 960px) 100vw, 960px\" \/>\t\t\t\t\t\t\t\t\t\t\t\t\t\t\t<\/div>\n\t\t\t\t<\/div>\n\t\t\t\t<div class=\"elementor-element elementor-element-1bedad7 elementor-widget elementor-widget-text-editor\" data-id=\"1bedad7\" data-element_type=\"widget\" data-e-type=\"widget\" data-widget_type=\"text-editor.default\">\n\t\t\t\t<div class=\"elementor-widget-container\">\n\t\t\t\t\t\t\t\t\t<br><p data-path-to-node=\"0\">Obwohl beide Begriffe heute verwendet werden, markiert die Wahl zwischen \u201cdama\u201d und \u201creina\u201d in der spanischen Schachliteratur den \u00dcbergang vom mittelalterlichen Spiel zum modernen Schach und spiegelt ein langj\u00e4hriges Bem\u00fchen wider, sprachliche Verwirrung zu vermeiden.<\/p>\n\n<h3 data-path-to-node=\"1\"><b data-path-to-node=\"1\" data-index-in-node=\"0\">1. Das erste literarische Auftauchen: Die mittelalterliche \u201cReina\u201d<\/b><\/h3>\n<p data-path-to-node=\"2\">In einem allgemeinen literarischen Sinn taucht der Begriff \u201creina\u201d (K\u00f6nigin) in spanischsprachiger Schachdichtung auf, lange bevor er zur Standardbezeichnung f\u00fcr die Figur auf dem Brett wurde.<\/p>\n\n<ul data-path-to-node=\"3\">\n \t<li>\n<p data-path-to-node=\"3,0,0\"><b data-path-to-node=\"3,0,0\" data-index-in-node=\"0\"><span class=\"citation-89\">11. Jahrhundert (Schegal):<\/span><\/b><span class=\"citation-89\"> Der spanische Rabbi \u201c<\/span><span class=\"citation-89\">Abraham ibn Esra\u201d<\/span><span class=\"citation-89\"> schrieb Ende des 11. Jahrhunderts ein Gedicht, in dem das St\u00fcck als \u201c<\/span><span class=\"citation-89\">Schegal\u201d<\/span><span class=\"citation-89 citation-end-89\"> (ein hebr\u00e4ischer Begriff f\u00fcr K\u00f6nigin).<\/span><\/p>\n\n<div class=\"source-inline-chip-container ng-star-inserted\"><\/div><\/li>\n \t<li>\n<p data-path-to-node=\"3,1,0\"><b data-path-to-node=\"3,1,0\" data-index-in-node=\"0\">Mittelalterliche Romantik:<\/b><span class=\"citation-88\"> Unter dem Einfluss der moralischen Abhandlungen von Jacobus de Cessolis wurde das St\u00fcck oft als \u2019<\/span><span class=\"citation-88\">regina\u201d<\/span><span class=\"citation-88\"> auf Latein und \u201c<\/span><span class=\"citation-88\">reina<\/span><b data-path-to-node=\"3,1,0\" data-index-in-node=\"134\"><span class=\"citation-88\">\u201c<\/span><\/b><span class=\"citation-88\"> in den fr\u00fchen romanischen Sprachen, auch wenn es sich noch mit der schwachen, einfeldrigen Diagonalbewegung des \u201c<\/span><span class=\"citation-88\">Alferza<\/span><b data-path-to-node=\"3,1,0\" data-index-in-node=\"246\"><span class=\"citation-88\">\u201c<\/span><\/b><span class=\"citation-88 citation-end-88\">.<\/span><\/p>\n\n<div class=\"source-inline-chip-container ng-star-inserted\"><\/div><\/li>\n<\/ul>\n<h3 data-path-to-node=\"4\"><b data-path-to-node=\"4\" data-index-in-node=\"0\">2. Die ersten modernen Abhandlungen: Die \u201cDama\u201d als Standard<\/b><\/h3>\n<p data-path-to-node=\"5\">Als die Regeln im sp\u00e4ten 15. Jahrhundert ge\u00e4ndert wurden, um das m\u00e4chtige \u201cunbegrenzte\u201d St\u00fcck zu schaffen, das wir heute kennen, lautete die bevorzugte Bezeichnung in spanischen Abhandlungen tats\u00e4chlich \u201cDama\u201d und nicht \"Reina\".<\/p>\n\n<ul data-path-to-node=\"6\">\n \t<li>\n<p data-path-to-node=\"6,0,0\"><b data-path-to-node=\"6,0,0\" data-index-in-node=\"0\"><span class=\"citation-87 citation-end-87\">Libre dels jochs partits dels schacs (1495):<\/span><\/b><span class=\"citation-86 citation-end-86\"> Geschrieben von Francesc Vicent in Valencia, gilt dies als das erste gedruckte Buch \u00fcber modernes Schach.<\/span> Sie konzentrierte sich auf die \u201cDama<b data-path-to-node=\"6,0,0\" data-index-in-node=\"162\">\u201c<\/b> (Lady) und wird f\u00fcr die Vereinheitlichung der \u201cneuen\u201d Bewegungsregeln verantwortlich gemacht.<\/p>\n<p data-path-to-node=\"6,1,0\"><b data-path-to-node=\"6,1,0\" data-index-in-node=\"0\"><span class=\"citation-85 citation-end-85\">Repetici\u00f3n de Amores y Arte de Ajedrez (1497):<\/span><\/b><span class=\"citation-84\"> Luis Ram\u00edrez de Lucena verwendete ausdr\u00fccklich den Begriff \u201cDama\u201c, um das moderne Spiel (de la dama) zu definieren. Er verwendete selten \u201cReina\u201d, da das Spiel oft als \u201cSchach der Dame\u201d bezeichnet wurde (oft in Verbindung mit K\u00f6nigin Isabella I. von Kastilien).<\/span><\/p>\n<\/li>\n<\/ul>\n<h3 data-path-to-node=\"7\"><b data-path-to-node=\"7\" data-index-in-node=\"0\">3. Als \u201cReina\u201d zu einer h\u00e4ufigen Alternative wurde<\/b><\/h3>\n<p data-path-to-node=\"8\">Im 16. Jahrhundert, als das Spiel seine anf\u00e4ngliche \u201cReform\u201d-Phase hinter sich gelassen hatte, wurde der Begriff \u201cReina\u201d in der spanischen Schachliteratur immer h\u00e4ufiger verwendet.<\/p>\n\n<ul data-path-to-node=\"9\">\n \t<li>\n<p data-path-to-node=\"9,0,0\"><b data-path-to-node=\"9,0,0\" data-index-in-node=\"0\">Ruy L\u00f3pez de Segura (1561):<\/b> In seinem grundlegenden Werk \u201cLibro de la Invenci\u00f3n Liberal y Arte del Juego del Axedrez\u201d verwendet Ruy L\u00f3pez beide Begriffe, obwohl \u201cDama<b data-path-to-node=\"9,0,0\" data-index-in-node=\"148\">\u201c<\/b> blieb in den strategischen Beschreibungen technisch dominant.<\/p>\n<\/li>\n \t<li>\n<p id=\"p-rc_22a1b7b1123caa87-52\" data-path-to-node=\"9,1,0\"><b data-path-to-node=\"9,1,0\" data-index-in-node=\"0\">Der \u201cR\u201d-Konflikt:<\/b> Der Hauptgrund daf\u00fcr, dass \u201cReina\u201d \u201cDama\u201d in der Schachfachliteratur nie vollst\u00e4ndig ersetzt hat, ist die Schachnotation. In der spanischen Notation wird f\u00fcr \u201cRey\u201d (K\u00f6nig) der Buchstabe \u201cR\u201c verwendet. Um Verwechslungen zu vermeiden, wird die Dame mit dem Buchstaben \u201cD\u201c f\u00fcr \u201cDama\u201d bezeichnet.<\/p>\n<\/li>\n<\/ul>\t\t\t\t\t\t\t\t<\/div>\n\t\t\t\t<\/div>\n\t\t\t\t\t<\/div>\n\t\t\t\t<\/div>\n\t\t\t\t<\/div>","protected":false},"excerpt":{"rendered":"<p>Spanish chess piece evolution from historical chess (acedrex) toward modern chess (ajedrez) 1. The Linguistic Shift: From X to J The difference between Acedrex and Ajedrez illustrates the phonetic evolution of the Spanish language as it sought to adapt the original Arabic name for the game: Acedrex (The 13th Century):\u00a0This is the primary spelling used [&hellip;]<\/p>\n","protected":false},"author":1,"featured_media":0,"parent":743,"menu_order":0,"comment_status":"closed","ping_status":"closed","template":"","meta":{"footnotes":""},"class_list":["post-756","page","type-page","status-publish","hentry"],"_links":{"self":[{"href":"https:\/\/shatranj.art\/de\/wp-json\/wp\/v2\/pages\/756","targetHints":{"allow":["GET"]}}],"collection":[{"href":"https:\/\/shatranj.art\/de\/wp-json\/wp\/v2\/pages"}],"about":[{"href":"https:\/\/shatranj.art\/de\/wp-json\/wp\/v2\/types\/page"}],"author":[{"embeddable":true,"href":"https:\/\/shatranj.art\/de\/wp-json\/wp\/v2\/users\/1"}],"replies":[{"embeddable":true,"href":"https:\/\/shatranj.art\/de\/wp-json\/wp\/v2\/comments?post=756"}],"version-history":[{"count":53,"href":"https:\/\/shatranj.art\/de\/wp-json\/wp\/v2\/pages\/756\/revisions"}],"predecessor-version":[{"id":1883,"href":"https:\/\/shatranj.art\/de\/wp-json\/wp\/v2\/pages\/756\/revisions\/1883"}],"up":[{"embeddable":true,"href":"https:\/\/shatranj.art\/de\/wp-json\/wp\/v2\/pages\/743"}],"wp:attachment":[{"href":"https:\/\/shatranj.art\/de\/wp-json\/wp\/v2\/media?parent=756"}],"curies":[{"name":"wp","href":"https:\/\/api.w.org\/{rel}","templated":true}]}}