{"id":936,"date":"2026-02-22T10:03:32","date_gmt":"2026-02-22T10:03:32","guid":{"rendered":"https:\/\/shatranj.art\/?page_id=936"},"modified":"2026-02-23T08:46:38","modified_gmt":"2026-02-23T08:46:38","slug":"poster-14","status":"publish","type":"page","link":"https:\/\/shatranj.art\/de\/exhibit\/poster-14\/","title":{"rendered":"Poster 14"},"content":{"rendered":"<div data-elementor-type=\"wp-page\" data-elementor-id=\"936\" class=\"elementor elementor-936\" data-elementor-post-type=\"page\">\n\t\t\t\t<div class=\"elementor-element elementor-element-c355192 e-flex e-con-boxed e-con e-parent\" data-id=\"c355192\" data-element_type=\"container\" data-e-type=\"container\" data-settings=\"{&quot;background_background&quot;:&quot;classic&quot;}\">\n\t\t\t\t\t<div class=\"e-con-inner\">\n\t\t<div class=\"elementor-element elementor-element-5bf7f96 e-con-full e-flex e-con e-child\" data-id=\"5bf7f96\" data-element_type=\"container\" data-e-type=\"container\">\n\t\t\t\t<div class=\"elementor-element elementor-element-82eab3c elementor-widget__width-initial elementor-widget-mobile__width-inherit elementor-widget elementor-widget-image\" data-id=\"82eab3c\" data-element_type=\"widget\" data-e-type=\"widget\" data-widget_type=\"image.default\">\n\t\t\t\t<div class=\"elementor-widget-container\">\n\t\t\t\t\t\t\t\t\t\t\t\t\t\t\t<img fetchpriority=\"high\" decoding=\"async\" width=\"768\" height=\"1024\" src=\"https:\/\/shatranj.art\/wp-content\/uploads\/2026\/02\/14-768x1024.jpg\" class=\"attachment-large size-large wp-image-939\" alt=\"\" srcset=\"https:\/\/shatranj.art\/wp-content\/uploads\/2026\/02\/14-768x1024.jpg 768w, https:\/\/shatranj.art\/wp-content\/uploads\/2026\/02\/14-225x300.jpg 225w, https:\/\/shatranj.art\/wp-content\/uploads\/2026\/02\/14-1152x1536.jpg 1152w, https:\/\/shatranj.art\/wp-content\/uploads\/2026\/02\/14-1536x2048.jpg 1536w, https:\/\/shatranj.art\/wp-content\/uploads\/2026\/02\/14-scaled.jpg 1920w\" sizes=\"(max-width: 768px) 100vw, 768px\" \/>\t\t\t\t\t\t\t\t\t\t\t\t\t\t\t<\/div>\n\t\t\t\t<\/div>\n\t\t\t\t<div class=\"elementor-element elementor-element-f30dc26 elementor-widget__width-initial elementor-widget elementor-widget-text-editor\" data-id=\"f30dc26\" data-element_type=\"widget\" data-e-type=\"widget\" data-widget_type=\"text-editor.default\">\n\t\t\t\t<div class=\"elementor-widget-container\">\n\t\t\t\t\t\t\t\t\t<p><strong>Das intellektuelle Verm\u00e4chtnis eines gorganitischen Aristokraten<\/strong><\/p><p>\u00a0<\/p><p>Al-Suli war nicht nur der herausragende Schachmeister seiner Zeit, er war auch ein \u201cnadim\u201d (Hofbegleiter) der abbasidischen Kalifen, ein Palasthistoriker und ein scharfsinniger Dichter. Er wurde um 870 n. Chr. in Gorgan geboren und seine Abstammung geht auf die befestigte Festung Sul in der Steppe von Dehistan zur\u00fcck, wo sein Gro\u00dfvater, der t\u00fcrkische F\u00fcrst Sul tekin, einst regierte. An dieses edle Erbe erinnert heute eine Statue am Unabh\u00e4ngigkeitsdenkmal in Aschgabat, Turkmenistan.<\/p><p>\u00a0<\/p><p>Al-Suli, der den Rang eines \u201cAliya\u201d, des h\u00f6chsten zu erreichenden Titels im Schach, innehatte, verwandelte das Spiel in eine strukturierte wissenschaftliche Architektur. In seinem bahnbrechenden Werk Kitab al-Shatranj war er der erste, der systematisch Er\u00f6ffnungsformationen (tabiyas) und Endspielstrategien (mansubas) dokumentierte. Der von ihm geschaffene theoretische Rahmen blieb der endg\u00fcltige Ma\u00dfstab f\u00fcr die Beherrschung des Spiels und die wichtigste Referenzquelle f\u00fcr Jahrhunderte, bis zur Entstehung der modernen Schachregeln.<\/p>\t\t\t\t\t\t\t\t<\/div>\n\t\t\t\t<\/div>\n\t\t<div class=\"elementor-element elementor-element-8f27e89 e-con-full e-flex e-con e-child\" data-id=\"8f27e89\" data-element_type=\"container\" data-e-type=\"container\">\n\t\t\t\t<div class=\"elementor-element elementor-element-374a727 elementor-widget-mobile__width-inherit elementor-widget elementor-widget-image\" data-id=\"374a727\" data-element_type=\"widget\" data-e-type=\"widget\" data-widget_type=\"image.default\">\n\t\t\t\t<div class=\"elementor-widget-container\">\n\t\t\t\t\t\t\t\t\t\t\t\t\t\t\t<img decoding=\"async\" width=\"800\" height=\"457\" src=\"https:\/\/shatranj.art\/wp-content\/uploads\/2026\/02\/14-1-1024x585.jpg\" class=\"attachment-large size-large wp-image-940\" alt=\"\" srcset=\"https:\/\/shatranj.art\/wp-content\/uploads\/2026\/02\/14-1-1024x585.jpg 1024w, https:\/\/shatranj.art\/wp-content\/uploads\/2026\/02\/14-1-300x171.jpg 300w, https:\/\/shatranj.art\/wp-content\/uploads\/2026\/02\/14-1-768x439.jpg 768w, https:\/\/shatranj.art\/wp-content\/uploads\/2026\/02\/14-1-1536x877.jpg 1536w, https:\/\/shatranj.art\/wp-content\/uploads\/2026\/02\/14-1-2048x1170.jpg 2048w\" sizes=\"(max-width: 800px) 100vw, 800px\" \/>\t\t\t\t\t\t\t\t\t\t\t\t\t\t\t<\/div>\n\t\t\t\t<\/div>\n\t\t\t\t<div class=\"elementor-element elementor-element-118c953 elementor-widget-mobile__width-inherit elementor-widget elementor-widget-image\" data-id=\"118c953\" data-element_type=\"widget\" data-e-type=\"widget\" data-widget_type=\"image.default\">\n\t\t\t\t<div class=\"elementor-widget-container\">\n\t\t\t\t\t\t\t\t\t\t\t\t\t\t\t<img decoding=\"async\" width=\"800\" height=\"488\" src=\"https:\/\/shatranj.art\/wp-content\/uploads\/2026\/02\/14-2-1024x624.jpg\" class=\"attachment-large size-large wp-image-941\" alt=\"\" srcset=\"https:\/\/shatranj.art\/wp-content\/uploads\/2026\/02\/14-2-1024x624.jpg 1024w, https:\/\/shatranj.art\/wp-content\/uploads\/2026\/02\/14-2-300x183.jpg 300w, https:\/\/shatranj.art\/wp-content\/uploads\/2026\/02\/14-2-768x468.jpg 768w, https:\/\/shatranj.art\/wp-content\/uploads\/2026\/02\/14-2-1536x936.jpg 1536w, https:\/\/shatranj.art\/wp-content\/uploads\/2026\/02\/14-2-2048x1249.jpg 2048w\" sizes=\"(max-width: 800px) 100vw, 800px\" \/>\t\t\t\t\t\t\t\t\t\t\t\t\t\t\t<\/div>\n\t\t\t\t<\/div>\n\t\t\t\t<\/div>\n\t\t\t\t<div class=\"elementor-element elementor-element-bbcc28f elementor-widget__width-initial elementor-widget elementor-widget-text-editor\" data-id=\"bbcc28f\" data-element_type=\"widget\" data-e-type=\"widget\" data-widget_type=\"text-editor.default\">\n\t\t\t\t<div class=\"elementor-widget-container\">\n\t\t\t\t\t\t\t\t\t<p><b>Suli's Diamant: Der jahrtausendelange \u201cunl\u00f6sbare\u201d Gipfel der Strategie<\/b><\/p><p>\u00a0<\/p><p>Das im 10. Jahrhundert von dem gorganitischen Meister Abu Bakr bin Yahya al-Suli komponierte \u201cDiamant\u201d ist das legend\u00e4rste und meistdiskutierte R\u00e4tsel in der Geschichte des Schachs. Trotz seiner absoluten \u00e4u\u00dferlichen Einfachheit - ein Endspiel mit nur einem K\u00f6nig und einem Ferz (dem historischen Vorg\u00e4nger der Dame) auf jeder Seite - blieb diese Komposition f\u00fcr volle tausend Jahre der \u201cunl\u00f6sbare\u201d Everest der Schachwelt. Diese brillante Sch\u00f6pfung von Al-Suli ist eine \u00fcberragende Man\u00f6verkunst, die die Grenzen des historischen Schachs sprengt.<\/p><p>\u00a0<\/p><p><strong>Das Geheimnis des S\u00fcleymaniye-Manuskripts<\/strong><\/p><p>\u00a0<\/p><p>Die wichtigste Aufzeichnung dieses R\u00e4tsels findet sich in der Kopie des Kitab Ash-Shatranj, die in der S\u00fcleymaniye-Bibliothek in Istanbul aufbewahrt wird. Die Seiten dieses Manuskripts sind zwar intakt, aber es ist offensichtlich, dass bestimmte Stellungen und Z\u00fcge falsch oder unvollst\u00e4ndig von der Originalquelle abgeschrieben wurden. Doch selbst mit diesen historischen Schreibfehlern stimmt die im Text enthaltene Teill\u00f6sung perfekt mit der tiefgr\u00fcndigen analytischen Arbeit \u00fcberein, die Gro\u00dfmeister Yuri Averbakh im 20. Mit dieser trotzigen Behauptung verewigte Al-Suli die Exklusivit\u00e4t seiner Meisterschaft:<\/p><p>\u201cNiemand soll es l\u00f6sen, au\u00dfer denen, die ich unterrichtet habe\u201d<\/p><p>\u00a0<\/p><p><strong>Der Siegeszug der Algorithmen:<\/strong> <strong>shatranj.ai<\/strong><\/p><p>\u00a0<\/p><p>Der \u201cDiamant\u201d, der die Menschen ein Jahrtausend lang in Erstaunen versetzte, ist nun durch die Macht des digitalen Zeitalters vollst\u00e4ndig erleuchtet worden. Im Rahmen des Projekts shatranj.ai wurden mit Hilfe dynamischer Programmiermethoden und moderner Algorithmen mit aktivierten \u201cHash\u201d-Funktionen (Transpositionstabellen) alle Varianten dieser genialen Komposition mathematisch aufgel\u00f6st. Diese Reise, die von den Zeilen der S\u00fcleymaniye-Manuskripte bis zum modernen Code reicht, ist der ultimative Beweis f\u00fcr Al-Sulis zeitloses strategisches Genie und beweist, dass das, was einst den auserw\u00e4hlten Sch\u00fclern des Meisters vorbehalten war, nun durch die Sprache der reinen Logik verstanden werden kann.<\/p>\t\t\t\t\t\t\t\t<\/div>\n\t\t\t\t<\/div>\n\t\t\t\t<\/div>\n\t\t\t\t\t<\/div>\n\t\t\t\t<\/div>\n\t\t\t\t<\/div>","protected":false},"excerpt":{"rendered":"<p>The Intellectual Legacy of a Gorganite Aristocrat \u00a0 Al-Suli was not merely the preeminent chess master of his age; he was a &#8220;nadim&#8221; (court companion) to Abbasid Caliphs, a palace historian, and a sharp-witted poet. Born in Gorgan around 870 AD, his lineage traces back to the fortified Fortress of Sul in the Dehistan steppes, [&hellip;]<\/p>\n","protected":false},"author":1,"featured_media":0,"parent":743,"menu_order":0,"comment_status":"closed","ping_status":"closed","template":"","meta":{"footnotes":""},"class_list":["post-936","page","type-page","status-publish","hentry"],"_links":{"self":[{"href":"https:\/\/shatranj.art\/de\/wp-json\/wp\/v2\/pages\/936","targetHints":{"allow":["GET"]}}],"collection":[{"href":"https:\/\/shatranj.art\/de\/wp-json\/wp\/v2\/pages"}],"about":[{"href":"https:\/\/shatranj.art\/de\/wp-json\/wp\/v2\/types\/page"}],"author":[{"embeddable":true,"href":"https:\/\/shatranj.art\/de\/wp-json\/wp\/v2\/users\/1"}],"replies":[{"embeddable":true,"href":"https:\/\/shatranj.art\/de\/wp-json\/wp\/v2\/comments?post=936"}],"version-history":[{"count":31,"href":"https:\/\/shatranj.art\/de\/wp-json\/wp\/v2\/pages\/936\/revisions"}],"predecessor-version":[{"id":1351,"href":"https:\/\/shatranj.art\/de\/wp-json\/wp\/v2\/pages\/936\/revisions\/1351"}],"up":[{"embeddable":true,"href":"https:\/\/shatranj.art\/de\/wp-json\/wp\/v2\/pages\/743"}],"wp:attachment":[{"href":"https:\/\/shatranj.art\/de\/wp-json\/wp\/v2\/media?parent=936"}],"curies":[{"name":"wp","href":"https:\/\/api.w.org\/{rel}","templated":true}]}}