{"id":945,"date":"2026-02-22T14:34:32","date_gmt":"2026-02-22T14:34:32","guid":{"rendered":"https:\/\/shatranj.art\/?page_id=945"},"modified":"2026-02-23T10:43:41","modified_gmt":"2026-02-23T10:43:41","slug":"poster-15","status":"publish","type":"page","link":"https:\/\/shatranj.art\/de\/exhibit\/poster-15\/","title":{"rendered":"Poster 15"},"content":{"rendered":"<div data-elementor-type=\"wp-page\" data-elementor-id=\"945\" class=\"elementor elementor-945\" data-elementor-post-type=\"page\">\n\t\t\t\t<div class=\"elementor-element elementor-element-8fd0c1a e-flex e-con-boxed e-con e-parent\" data-id=\"8fd0c1a\" data-element_type=\"container\" data-e-type=\"container\" data-settings=\"{&quot;background_background&quot;:&quot;classic&quot;}\">\n\t\t\t\t\t<div class=\"e-con-inner\">\n\t\t<div class=\"elementor-element elementor-element-a491ef7 e-con-full e-flex e-con e-child\" data-id=\"a491ef7\" data-element_type=\"container\" data-e-type=\"container\">\n\t\t\t\t<div class=\"elementor-element elementor-element-25c1e59 elementor-widget elementor-widget-image\" data-id=\"25c1e59\" data-element_type=\"widget\" data-e-type=\"widget\" data-widget_type=\"image.default\">\n\t\t\t\t<div class=\"elementor-widget-container\">\n\t\t\t\t\t\t\t\t\t\t\t\t\t\t\t<img fetchpriority=\"high\" decoding=\"async\" width=\"2400\" height=\"1350\" src=\"https:\/\/shatranj.art\/wp-content\/uploads\/2026\/02\/17.jpg\" class=\"attachment-full size-full wp-image-965\" alt=\"\" srcset=\"https:\/\/shatranj.art\/wp-content\/uploads\/2026\/02\/17.jpg 2400w, https:\/\/shatranj.art\/wp-content\/uploads\/2026\/02\/17-300x169.jpg 300w, https:\/\/shatranj.art\/wp-content\/uploads\/2026\/02\/17-1024x576.jpg 1024w, https:\/\/shatranj.art\/wp-content\/uploads\/2026\/02\/17-768x432.jpg 768w, https:\/\/shatranj.art\/wp-content\/uploads\/2026\/02\/17-1536x864.jpg 1536w, https:\/\/shatranj.art\/wp-content\/uploads\/2026\/02\/17-2048x1152.jpg 2048w\" sizes=\"(max-width: 2400px) 100vw, 2400px\" \/>\t\t\t\t\t\t\t\t\t\t\t\t\t\t\t<\/div>\n\t\t\t\t<\/div>\n\t\t\t\t<div class=\"elementor-element elementor-element-ede708d elementor-widget elementor-widget-text-editor\" data-id=\"ede708d\" data-element_type=\"widget\" data-e-type=\"widget\" data-widget_type=\"text-editor.default\">\n\t\t\t\t<div class=\"elementor-widget-container\">\n\t\t\t\t\t\t\t\t\t<h3><b>Traditionelle t\u00fcrkische Damespiele: Das strategische Erbe von Urfa<\/b><\/h3><p>Das stille Duell der Kaffeeh\u00e4user T\u00fcrkisches Damespiel (Dama) ist eine anatolische intellektuelle Disziplin, die sich durch ihre einzigartigen Regeln von ihren westlichen Pendants unterscheidet. In dieser Version bewegen sich die Figuren orthogonal vorw\u00e4rts und seitw\u00e4rts statt diagonal, wodurch eine lineare und weitaus aggressivere strategische Landschaft entsteht. In antiken St\u00e4dten wie \u015eanl\u0131urfa ist Dama nicht nur ein Wettkampf zwischen zwei Spielern, sondern ein kollektives soziales Ritual, begleitet vom Duft des aufgegossenen Tees, den Kommentaren der Zuschauer und stundenlangen, tiefgr\u00fcndigen Analysen.<\/p><p>Die Kultur der Meisterschaft und des Weitblicks In der Dama-Kultur von Urfa wird die Gr\u00f6\u00dfe eines Spielers nicht nur an seinen Siegen gemessen, sondern auch daran, wie viele Z\u00fcge er \u201cvoraussehen\u201d kann. Der symmetrische Kampf der sechzehn Spielfiguren erreicht seinen H\u00f6hepunkt, wenn eine einzige Figur die letzte Reihe erreicht und zum \u201cDama\u201d (K\u00f6nig) wird, der das gesamte Brett beherrscht. Trotz der digitalen Flut des 21. Jahrhunderts bleibt diese Tradition eine lebendige Lektion in Geduld und Voraussicht, die \u00fcber Generationen in den historischen Basaren von Urfa weitergegeben wird.\u00a0<\/p>\t\t\t\t\t\t\t\t<\/div>\n\t\t\t\t<\/div>\n\t\t\t\t<\/div>\n\t\t\t\t\t<\/div>\n\t\t\t\t<\/div>\n\t\t\t\t<\/div>","protected":false},"excerpt":{"rendered":"<p>Traditional Turkish Draughts: The Strategic Heritage of Urfa The Silent Duel of the Coffeehouses Turkish Draughts (Dama) is an Anatolian intellectual discipline that stands apart from its Western counterparts through its unique rules. In this version, pieces move orthogonally forwards and sideways rather than diagonally, creating a linear and far more aggressive strategic landscape. In [&hellip;]<\/p>\n","protected":false},"author":1,"featured_media":0,"parent":743,"menu_order":0,"comment_status":"closed","ping_status":"closed","template":"","meta":{"footnotes":""},"class_list":["post-945","page","type-page","status-publish","hentry"],"_links":{"self":[{"href":"https:\/\/shatranj.art\/de\/wp-json\/wp\/v2\/pages\/945","targetHints":{"allow":["GET"]}}],"collection":[{"href":"https:\/\/shatranj.art\/de\/wp-json\/wp\/v2\/pages"}],"about":[{"href":"https:\/\/shatranj.art\/de\/wp-json\/wp\/v2\/types\/page"}],"author":[{"embeddable":true,"href":"https:\/\/shatranj.art\/de\/wp-json\/wp\/v2\/users\/1"}],"replies":[{"embeddable":true,"href":"https:\/\/shatranj.art\/de\/wp-json\/wp\/v2\/comments?post=945"}],"version-history":[{"count":25,"href":"https:\/\/shatranj.art\/de\/wp-json\/wp\/v2\/pages\/945\/revisions"}],"predecessor-version":[{"id":1429,"href":"https:\/\/shatranj.art\/de\/wp-json\/wp\/v2\/pages\/945\/revisions\/1429"}],"up":[{"embeddable":true,"href":"https:\/\/shatranj.art\/de\/wp-json\/wp\/v2\/pages\/743"}],"wp:attachment":[{"href":"https:\/\/shatranj.art\/de\/wp-json\/wp\/v2\/media?parent=945"}],"curies":[{"name":"wp","href":"https:\/\/api.w.org\/{rel}","templated":true}]}}